{"id":5751,"date":"2026-01-14T13:08:28","date_gmt":"2026-01-14T13:08:28","guid":{"rendered":"https:\/\/turkishtrade.co\/product\/men-s-cap-toe-derby-shoes\/"},"modified":"2026-04-09T19:25:09","modified_gmt":"2026-04-09T19:25:09","slug":"mens-cap-toe-derby-shoes-3","status":"publish","type":"product","link":"https:\/\/turkishtrade.co\/es\/shop\/mens-cap-toe-derby-shoes-3\/","title":{"rendered":"Zapatos Derby con puntera de piel de primera calidad para hombre"},"content":{"rendered":"<p><strong>Zapatos Derby con puntera de ca\u00f1a para hombre<\/strong><\/p>\n<p>Eleve su colecci\u00f3n de calzado con nuestra exquisita colecci\u00f3n de <strong>Zapatos Derby con puntera de ca\u00f1a para hombre<\/strong>. Dise\u00f1ados para el caballero exigente, estos zapatos combinan a la perfecci\u00f3n la sofisticaci\u00f3n cl\u00e1sica con la comodidad contempor\u00e1nea, convirti\u00e9ndolos en un complemento indispensable tanto para su atuendo formal como informal. Cada par de estos lujosos <strong>Zapatos Derby con puntera de ca\u00f1a para hombre<\/strong> es un testimonio de artesan\u00eda superior y estilo duradero, que garantiza que siempre cause una impresi\u00f3n distinguida.<\/p>\n<p><h3>Calidad y artesan\u00eda incomparables<\/h3>\n<\/p>\n<p>En el centro de estos excepcionales <strong>Zapatos Derby con puntera de ca\u00f1a para hombre<\/strong> yace un compromiso con los materiales de primera calidad. La superficie exterior est\u00e1 meticulosamente elaborada con <strong>piel de becerro de primera calidad<\/strong>, El zapato ofrece una est\u00e9tica refinada con una sofisticada combinaci\u00f3n de acabados lisos y ricamente texturizados, especialmente evidentes en la distintiva puntera.<\/p>\n<p>Esta elecci\u00f3n de material no s\u00f3lo proporciona un aspecto lujoso, sino que tambi\u00e9n garantiza la durabilidad y una hermosa p\u00e1tina con el paso del tiempo. El interior es suave y flexible <strong>forro de piel de cabra<\/strong>, La transpirabilidad y el confort inigualable a cada paso hacen de estas botas el accesorio ideal. <strong>Zapatos Derby con puntera de ca\u00f1a para hombre<\/strong> para un uso prolongado.<\/p>\n<p>La base de estos elegantes zapatos es una ligera y flexible <strong>Suela de EVA<\/strong>, complementado con un tac\u00f3n cl\u00e1sico de 1-3 cm, que ofrece tanto estabilidad como una zancada c\u00f3moda.<\/p>\n<p><h3>Estilo vers\u00e1til para cualquier ocasi\u00f3n<\/h3>\n<\/p>\n<p>Nuestra <strong>Zapatos Derby con puntera de ca\u00f1a para hombre<\/strong> son el ep\u00edtome de la elegancia vers\u00e1til. Su dise\u00f1o atemporal de puntera redondeada, combinado con el cl\u00e1sico cord\u00f3n derby, los hace perfectos para una amplia gama de eventos. Tanto si acudes a una reuni\u00f3n de negocios importante como a una gala formal o simplemente buscas un look elegante e informal, con estos zapatos causar\u00e1s una impresi\u00f3n duradera.<\/p>\n<p>Disponibles en una sofisticada paleta que incluye el cl\u00e1sico negro, el azul marino intenso y el marr\u00f3n intenso, hay un par de <strong>Zapatos Derby con puntera de ca\u00f1a para hombre<\/strong> para complementar cualquier atuendo y estilo personal. Las tallas van de la 39 a la 45, lo que garantiza un ajuste perfecto para una amplia gama de clientes.<\/p>\n<p><h3>Oportunidad de venta al por mayor para las empresas<\/h3>\n<\/p>\n<p>Para los minoristas y las empresas que buscan calzado de alta calidad y con estilo, nuestros <strong>Zapatos Derby con puntera de ca\u00f1a para hombre<\/strong> est\u00e1n disponibles para su compra al por mayor. Ofrecemos atractivos precios al por mayor con una cantidad m\u00ednima de pedido de 8 pares, lo que le permite abastecerse de estos codiciados art\u00edculos. Disfrute de un procesamiento de pedidos eficiente y un plazo de entrega de aproximadamente 12 d\u00edas m\u00e1s gastos de env\u00edo.<\/p>\n<p>P\u00f3ngase en contacto con nosotros para obtener precios detallados y saber c\u00f3mo estos <strong>Zapatos Derby con puntera de ca\u00f1a para hombre<\/strong> puede mejorar su oferta de productos y satisfacer el deseo de su clientela de un calzado sofisticado y de alta calidad.<\/p>","protected":false},"excerpt":{"rendered":"<ul>\n<li>Lujoso exterior de piel de becerro, con acabados lisos y texturizados distintivos<\/li>\n<li>Forro de piel de cabra suave y transpirable para una mayor comodidad de uso<\/li>\n<li>Suela de EVA duradera y ligera con una sutil altura de tac\u00f3n cl\u00e1sica de 1-3 cm.<\/li>\n<li>Cl\u00e1sico dise\u00f1o derby con puntera de cordones para una elegancia y versatilidad atemporales<\/li>\n<li>Disponible en una amplia gama de tallas, de la 39 a la 45.<\/li>\n<li>Sofisticado\n<li>Ideal para pedidos al por mayor y a granel con una cantidad m\u00ednima de 8 pares<\/li>\n<li>Entrega eficaz en un plazo aproximado de 12 d\u00edas m\u00e1s el tiempo de env\u00edo est\u00e1ndar<\/li>\n<li>Los socios comerciales pueden solicitar informaci\u00f3n sobre precios al por mayor.<\/li>\n<\/ul>","protected":false},"featured_media":3765,"template":"","meta":{"_acf_changed":false,"_uag_custom_page_level_css":"","site-sidebar-layout":"default","site-content-layout":"","ast-site-content-layout":"default","site-content-style":"default","site-sidebar-style":"default","ast-global-header-display":"","ast-banner-title-visibility":"","ast-main-header-display":"","ast-hfb-above-header-display":"","ast-hfb-below-header-display":"","ast-hfb-mobile-header-display":"","site-post-title":"","ast-breadcrumbs-content":"","ast-featured-img":"","footer-sml-layout":"","ast-disable-related-posts":"","theme-transparent-header-meta":"","adv-header-id-meta":"","stick-header-meta":"","header-above-stick-meta":"","header-main-stick-meta":"","header-below-stick-meta":"","astra-migrate-meta-layouts":"default","ast-page-background-enabled":"default","ast-page-background-meta":{"desktop":{"background-color":"var(--ast-global-color-4)","background-image":"","background-repeat":"repeat","background-position":"center center","background-size":"auto","background-attachment":"scroll","background-type":"","background-media":"","overlay-type":"","overlay-color":"","overlay-opacity":"","overlay-gradient":""},"tablet":{"background-color":"","background-image":"","background-repeat":"repeat","background-position":"center center","background-size":"auto","background-attachment":"scroll","background-type":"","background-media":"","overlay-type":"","overlay-color":"","overlay-opacity":"","overlay-gradient":""},"mobile":{"background-color":"","background-image":"","background-repeat":"repeat","background-position":"center center","background-size":"auto","background-attachment":"scroll","background-type":"","background-media":"","overlay-type":"","overlay-color":"","overlay-opacity":"","overlay-gradient":""}},"ast-content-background-meta":{"desktop":{"background-color":"var(--ast-global-color-5)","background-image":"","background-repeat":"repeat","background-position":"center center","background-size":"auto","background-attachment":"scroll","background-type":"","background-media":"","overlay-type":"","overlay-color":"","overlay-opacity":"","overlay-gradient":""},"tablet":{"background-color":"var(--ast-global-color-5)","background-image":"","background-repeat":"repeat","background-position":"center center","background-size":"auto","background-attachment":"scroll","background-type":"","background-media":"","overlay-type":"","overlay-color":"","overlay-opacity":"","overlay-gradient":""},"mobile":{"background-color":"var(--ast-global-color-5)","background-image":"","background-repeat":"repeat","background-position":"center center","background-size":"auto","background-attachment":"scroll","background-type":"","background-media":"","overlay-type":"","overlay-color":"","overlay-opacity":"","overlay-gradient":""}}},"product_brand":[],"product_cat":[47,430,40],"product_tag":[407,613,202,458,809,212,284,438,251,437,227,614,362,280,281],"class_list":{"0":"post-5751","1":"product","2":"type-product","3":"status-publish","4":"has-post-thumbnail","6":"product_cat-classic","7":"product_cat-men","8":"product_cat-mens-shoes","9":"product_tag-black-derby-shoes","10":"product_tag-brown-derby-shoes","11":"product_tag-calf-leather","12":"product_tag-cap-toe-shoes","13":"product_tag-classic-mens-footwear","14":"product_tag-derby-shoes","15":"product_tag-dress-shoes","16":"product_tag-eva-sole","17":"product_tag-formal-shoes","18":"product_tag-goat-leather","19":"product_tag-leather-shoes","20":"product_tag-navy-derby-shoes","21":"product_tag-premium-footwear","22":"product_tag-smart-casual-shoes","23":"product_tag-wholesale-shoes","24":"desktop-align-center","25":"tablet-align-center","26":"mobile-align-center","28":"first","29":"instock","30":"shipping-taxable","31":"purchasable","32":"product-type-variable","33":"has-default-attributes"},"acf":[],"uagb_featured_image_src":{"full":["https:\/\/turkishtrade.co\/wp-content\/uploads\/2026\/01\/2400EJOMN00342-DARK-BROWN-X_12583-1-usd.png",453,250,false],"thumbnail":["https:\/\/turkishtrade.co\/wp-content\/uploads\/2026\/01\/2400EJOMN00342-DARK-BROWN-X_12583-1-usd-150x150.png",150,150,true],"medium":["https:\/\/turkishtrade.co\/wp-content\/uploads\/2026\/01\/2400EJOMN00342-DARK-BROWN-X_12583-1-usd-300x166.png",300,166,true],"medium_large":["https:\/\/turkishtrade.co\/wp-content\/uploads\/2026\/01\/2400EJOMN00342-DARK-BROWN-X_12583-1-usd.png",453,250,false],"large":["https:\/\/turkishtrade.co\/wp-content\/uploads\/2026\/01\/2400EJOMN00342-DARK-BROWN-X_12583-1-usd.png",453,250,false],"1536x1536":["https:\/\/turkishtrade.co\/wp-content\/uploads\/2026\/01\/2400EJOMN00342-DARK-BROWN-X_12583-1-usd.png",453,250,false],"2048x2048":["https:\/\/turkishtrade.co\/wp-content\/uploads\/2026\/01\/2400EJOMN00342-DARK-BROWN-X_12583-1-usd.png",453,250,false],"trp-custom-language-flag":["https:\/\/turkishtrade.co\/wp-content\/uploads\/2026\/01\/2400EJOMN00342-DARK-BROWN-X_12583-1-usd-18x10.png",18,10,true],"woocommerce_thumbnail":["https:\/\/turkishtrade.co\/wp-content\/uploads\/2026\/01\/2400EJOMN00342-DARK-BROWN-X_12583-1-usd-400x250.png",400,250,true],"woocommerce_single":["https:\/\/turkishtrade.co\/wp-content\/uploads\/2026\/01\/2400EJOMN00342-DARK-BROWN-X_12583-1-usd.png",453,250,false],"woocommerce_gallery_thumbnail":["https:\/\/turkishtrade.co\/wp-content\/uploads\/2026\/01\/2400EJOMN00342-DARK-BROWN-X_12583-1-usd-100x100.png",100,100,true]},"uagb_author_info":{"display_name":"yaser olabi","author_link":"https:\/\/turkishtrade.co\/es\/author\/"},"uagb_comment_info":0,"uagb_excerpt":"Luxurious calf leather outer, featuring smooth and distinctive textured finishes Soft and breathable goat leather lining for ultimate comfort during wear Durable yet lightweight EVA sole with a subtle 1-3 cm classic heel height Classic lace-up cap toe derby design for timeless elegance and versatility Available in an extensive size range from 39 to 45&hellip;","_links":{"self":[{"href":"https:\/\/turkishtrade.co\/es\/wp-json\/wp\/v2\/product\/5751","targetHints":{"allow":["GET"]}}],"collection":[{"href":"https:\/\/turkishtrade.co\/es\/wp-json\/wp\/v2\/product"}],"about":[{"href":"https:\/\/turkishtrade.co\/es\/wp-json\/wp\/v2\/types\/product"}],"wp:featuredmedia":[{"embeddable":true,"href":"https:\/\/turkishtrade.co\/es\/wp-json\/wp\/v2\/media\/3765"}],"wp:attachment":[{"href":"https:\/\/turkishtrade.co\/es\/wp-json\/wp\/v2\/media?parent=5751"}],"wp:term":[{"taxonomy":"product_brand","embeddable":true,"href":"https:\/\/turkishtrade.co\/es\/wp-json\/wp\/v2\/product_brand?post=5751"},{"taxonomy":"product_cat","embeddable":true,"href":"https:\/\/turkishtrade.co\/es\/wp-json\/wp\/v2\/product_cat?post=5751"},{"taxonomy":"product_tag","embeddable":true,"href":"https:\/\/turkishtrade.co\/es\/wp-json\/wp\/v2\/product_tag?post=5751"}],"curies":[{"name":"wp","href":"https:\/\/api.w.org\/{rel}","templated":true}]}}