{"id":5742,"date":"2026-01-14T13:02:25","date_gmt":"2026-01-14T13:02:25","guid":{"rendered":"https:\/\/turkishtrade.co\/product\/mens-genuine-leather-casual-shoes\/"},"modified":"2026-04-09T19:25:24","modified_gmt":"2026-04-09T19:25:24","slug":"mens-genuine-leather-casual-shoes","status":"publish","type":"product","link":"https:\/\/turkishtrade.co\/es\/shop\/mens-genuine-leather-casual-shoes\/","title":{"rendered":"Zapatos casuales con cordones de piel aut\u00e9ntica de primera calidad para hombre"},"content":{"rendered":"<p><strong>Zapatos casuales de cuero aut\u00e9ntico para hombre<\/strong><\/p>\n<p>Sum\u00e9rjase en un confort incomparable y un estilo atemporal con nuestro exquisito <strong>Zapatos casuales de cuero aut\u00e9ntico para hombre<\/strong>. Dise\u00f1adas para el caballero moderno que valora tanto la sofisticaci\u00f3n como la durabilidad, estas <strong>zapatos casuales de cuero genuino para hombre<\/strong> son un b\u00e1sico para cualquier armario exigente. Cada par se elabora meticulosamente para ofrecer una experiencia de uso excepcional, combinando la artesan\u00eda zapatera tradicional con el dise\u00f1o contempor\u00e1neo.<\/p>\n<p>Nuestra colecci\u00f3n de <strong>zapatos casuales de cuero genuino para hombre<\/strong> combina lo mejor de la est\u00e9tica cl\u00e1sica con la tecnolog\u00eda de confort m\u00e1s moderna, para que te veas y te sientas lo mejor posible a cada paso que des.<\/p>\n<p><h3>Materiales de primera calidad para una mayor comodidad y durabilidad<\/h3>\n<\/p>\n<p>La superficie exterior de estos notables <strong>zapatos casuales de cuero genuino para hombre<\/strong> est\u00e1 fabricado meticulosamente con piel de becerro de primera calidad, famosa por su textura flexible y su robusta resistencia. Esta piel de alta calidad no s\u00f3lo proporciona un aspecto distinguido, sino que tambi\u00e9n se amolda a su pie con el tiempo, garantizando un ajuste personalizado, como un guante. Como complemento, el interior est\u00e1 suntuosamente forrado con suave piel de cabra, que ofrece una transpirabilidad superior y un tacto lujoso sobre la piel, evitando molestias incluso tras un uso prolongado.<\/p>\n<p>La base de estos elegantes <strong>zapatos casuales de cuero genuino para hombre<\/strong> es una suela de EVA ligera pero incre\u00edblemente resistente. Este innovador material garantiza una excelente amortiguaci\u00f3n y una flexibilidad sin igual, haciendo que cada zancada se sienta sin esfuerzo. Tanto si te desplazas por las bulliciosas calles de la ciudad como si disfrutas de una relajada salida de fin de semana, estas vers\u00e1tiles <strong>zapatos casuales de cuero genuino para hombre<\/strong> prometen comodidad y sujeci\u00f3n durante todo el d\u00eda.<\/p>\n<p>Experimente la gran diferencia que marcan la verdadera artesan\u00eda y los materiales superiores con nuestros excepcionales <strong>zapatos casuales de cuero genuino para hombre<\/strong>.<\/p>\n<p><h3>Estilo vers\u00e1til para cualquier ocasi\u00f3n<\/h3>\n<\/p>\n<p>Nuestra <strong>zapatos casuales de cuero genuino para hombre<\/strong> son el ep\u00edtome del calzado vers\u00e1til, que pasa sin esfuerzo de la elegancia informal a la relajada. Su dise\u00f1o refinado, con un sutil detalle de cordones, los hace adecuados para una amplia gama de ocasiones y atuendos. Combina estos elegantes <strong>zapatos casuales de cuero genuino para hombre<\/strong> con unos pantalones de sastrer\u00eda y una americana elegante para un look business casual sofisticado, o bien con unos vaqueros oscuros o unos chinos y un polo para un elegante conjunto de fin de semana.<\/p>\n<p>Los tonos ricos y profundos de la piel de alta calidad a\u00f1aden un toque instant\u00e1neo de discreta elegancia que elevar\u00e1 al instante cualquier atuendo. Disponibles en una amplia gama de tallas, de la 39 a la 45, encontrar el ajuste perfecto es sencillo y c\u00f3modo. Tambi\u00e9n entendemos las necesidades de las empresas y los minoristas, por lo que ofrecemos estos excepcionales <strong>zapatos casuales de cuero genuino para hombre<\/strong> para la compra al por mayor con un pedido m\u00ednimo de 8 pares, garantizando que su inventario est\u00e9 siempre abastecido con calzado de calidad, elegante y demandado.<\/p>","protected":false},"excerpt":{"rendered":"<ul>\n<li>Fabricado con piel de ternero aut\u00e9ntica de primera calidad en el exterior y suave forro de piel de cabra<\/li>\n<li>Suela de EVA ligera y c\u00f3moda para llevarla todo el d\u00eda<\/li>\n<li>Elegante dise\u00f1o con cordones, perfecto para conjuntos informales y elegantes<\/li>\n<li>Disponible en una amplia gama de tallas: 39, 40, 41, 42, 43, 44, 45<\/li>\n<li>Pedidos al por mayor disponibles con un m\u00ednimo de 8 pares por pedido<\/li>\n<\/ul>","protected":false},"featured_media":3850,"template":"","meta":{"_acf_changed":false,"_uag_custom_page_level_css":"","site-sidebar-layout":"default","site-content-layout":"","ast-site-content-layout":"default","site-content-style":"default","site-sidebar-style":"default","ast-global-header-display":"","ast-banner-title-visibility":"","ast-main-header-display":"","ast-hfb-above-header-display":"","ast-hfb-below-header-display":"","ast-hfb-mobile-header-display":"","site-post-title":"","ast-breadcrumbs-content":"","ast-featured-img":"","footer-sml-layout":"","ast-disable-related-posts":"","theme-transparent-header-meta":"","adv-header-id-meta":"","stick-header-meta":"","header-above-stick-meta":"","header-main-stick-meta":"","header-below-stick-meta":"","astra-migrate-meta-layouts":"default","ast-page-background-enabled":"default","ast-page-background-meta":{"desktop":{"background-color":"var(--ast-global-color-4)","background-image":"","background-repeat":"repeat","background-position":"center center","background-size":"auto","background-attachment":"scroll","background-type":"","background-media":"","overlay-type":"","overlay-color":"","overlay-opacity":"","overlay-gradient":""},"tablet":{"background-color":"","background-image":"","background-repeat":"repeat","background-position":"center center","background-size":"auto","background-attachment":"scroll","background-type":"","background-media":"","overlay-type":"","overlay-color":"","overlay-opacity":"","overlay-gradient":""},"mobile":{"background-color":"","background-image":"","background-repeat":"repeat","background-position":"center center","background-size":"auto","background-attachment":"scroll","background-type":"","background-media":"","overlay-type":"","overlay-color":"","overlay-opacity":"","overlay-gradient":""}},"ast-content-background-meta":{"desktop":{"background-color":"var(--ast-global-color-5)","background-image":"","background-repeat":"repeat","background-position":"center center","background-size":"auto","background-attachment":"scroll","background-type":"","background-media":"","overlay-type":"","overlay-color":"","overlay-opacity":"","overlay-gradient":""},"tablet":{"background-color":"var(--ast-global-color-5)","background-image":"","background-repeat":"repeat","background-position":"center center","background-size":"auto","background-attachment":"scroll","background-type":"","background-media":"","overlay-type":"","overlay-color":"","overlay-opacity":"","overlay-gradient":""},"mobile":{"background-color":"var(--ast-global-color-5)","background-image":"","background-repeat":"repeat","background-position":"center center","background-size":"auto","background-attachment":"scroll","background-type":"","background-media":"","overlay-type":"","overlay-color":"","overlay-opacity":"","overlay-gradient":""}}},"product_brand":[],"product_cat":[48,47,49,430,40],"product_tag":[202,308,290,1039,438,437,649,198,1038,286,362,380,262],"class_list":{"0":"post-5742","1":"product","2":"type-product","3":"status-publish","4":"has-post-thumbnail","6":"product_cat-casual","7":"product_cat-classic","8":"product_cat-loafer","9":"product_cat-men","10":"product_cat-mens-shoes","11":"product_tag-calf-leather","12":"product_tag-casual-lace-up-shoes","13":"product_tag-comfortable-mens-shoes","14":"product_tag-durable-leather-shoes","15":"product_tag-eva-sole","16":"product_tag-goat-leather","17":"product_tag-leather-derby-shoes","18":"product_tag-mens-fashion","19":"product_tag-mens-genuine-leather-casual-shoes","20":"product_tag-mens-leather-shoes","21":"product_tag-premium-footwear","22":"product_tag-smart-casual-footwear","23":"product_tag-wholesale-mens-shoes","24":"desktop-align-center","25":"tablet-align-center","26":"mobile-align-center","28":"first","29":"instock","30":"shipping-taxable","31":"purchasable","32":"product-type-variable","33":"has-default-attributes"},"acf":[],"uagb_featured_image_src":{"full":["https:\/\/turkishtrade.co\/wp-content\/uploads\/2026\/01\/2400EJOMN00242-BURGUNDEY-X_434_1-150-USD.png",453,250,false],"thumbnail":["https:\/\/turkishtrade.co\/wp-content\/uploads\/2026\/01\/2400EJOMN00242-BURGUNDEY-X_434_1-150-USD-150x150.png",150,150,true],"medium":["https:\/\/turkishtrade.co\/wp-content\/uploads\/2026\/01\/2400EJOMN00242-BURGUNDEY-X_434_1-150-USD-300x166.png",300,166,true],"medium_large":["https:\/\/turkishtrade.co\/wp-content\/uploads\/2026\/01\/2400EJOMN00242-BURGUNDEY-X_434_1-150-USD.png",453,250,false],"large":["https:\/\/turkishtrade.co\/wp-content\/uploads\/2026\/01\/2400EJOMN00242-BURGUNDEY-X_434_1-150-USD.png",453,250,false],"1536x1536":["https:\/\/turkishtrade.co\/wp-content\/uploads\/2026\/01\/2400EJOMN00242-BURGUNDEY-X_434_1-150-USD.png",453,250,false],"2048x2048":["https:\/\/turkishtrade.co\/wp-content\/uploads\/2026\/01\/2400EJOMN00242-BURGUNDEY-X_434_1-150-USD.png",453,250,false],"trp-custom-language-flag":["https:\/\/turkishtrade.co\/wp-content\/uploads\/2026\/01\/2400EJOMN00242-BURGUNDEY-X_434_1-150-USD-18x10.png",18,10,true],"woocommerce_thumbnail":["https:\/\/turkishtrade.co\/wp-content\/uploads\/2026\/01\/2400EJOMN00242-BURGUNDEY-X_434_1-150-USD-400x250.png",400,250,true],"woocommerce_single":["https:\/\/turkishtrade.co\/wp-content\/uploads\/2026\/01\/2400EJOMN00242-BURGUNDEY-X_434_1-150-USD.png",453,250,false],"woocommerce_gallery_thumbnail":["https:\/\/turkishtrade.co\/wp-content\/uploads\/2026\/01\/2400EJOMN00242-BURGUNDEY-X_434_1-150-USD-100x100.png",100,100,true]},"uagb_author_info":{"display_name":"yaser olabi","author_link":"https:\/\/turkishtrade.co\/es\/author\/"},"uagb_comment_info":0,"uagb_excerpt":"Crafted from premium genuine calf leather outer and soft goat leather lining Lightweight and comfortable EVA sole for all-day wear Stylish lace-up design, perfect for casual and smart-casual outfits Available in a wide range of sizes: 39, 40, 41, 42, 43, 44, 45 Bulk orders available with a minimum of 8 pairs per order","_links":{"self":[{"href":"https:\/\/turkishtrade.co\/es\/wp-json\/wp\/v2\/product\/5742","targetHints":{"allow":["GET"]}}],"collection":[{"href":"https:\/\/turkishtrade.co\/es\/wp-json\/wp\/v2\/product"}],"about":[{"href":"https:\/\/turkishtrade.co\/es\/wp-json\/wp\/v2\/types\/product"}],"wp:featuredmedia":[{"embeddable":true,"href":"https:\/\/turkishtrade.co\/es\/wp-json\/wp\/v2\/media\/3850"}],"wp:attachment":[{"href":"https:\/\/turkishtrade.co\/es\/wp-json\/wp\/v2\/media?parent=5742"}],"wp:term":[{"taxonomy":"product_brand","embeddable":true,"href":"https:\/\/turkishtrade.co\/es\/wp-json\/wp\/v2\/product_brand?post=5742"},{"taxonomy":"product_cat","embeddable":true,"href":"https:\/\/turkishtrade.co\/es\/wp-json\/wp\/v2\/product_cat?post=5742"},{"taxonomy":"product_tag","embeddable":true,"href":"https:\/\/turkishtrade.co\/es\/wp-json\/wp\/v2\/product_tag?post=5742"}],"curies":[{"name":"wp","href":"https:\/\/api.w.org\/{rel}","templated":true}]}}