{"id":5730,"date":"2026-01-14T13:01:07","date_gmt":"2026-01-14T13:01:07","guid":{"rendered":"https:\/\/turkishtrade.co\/product\/men-chunky-sole-leather-derby\/"},"modified":"2026-04-09T19:25:47","modified_gmt":"2026-04-09T19:25:47","slug":"mens-chunky-sole-leather-derby-4","status":"publish","type":"product","link":"https:\/\/turkishtrade.co\/es\/shop\/mens-chunky-sole-leather-derby-4\/","title":{"rendered":"Zapatos Derby de piel con suela gruesa para hombre de primera calidad"},"content":{"rendered":"<p><strong>Derby de piel con suela gruesa para hombre<\/strong><\/p>\n<p>Ad\u00e9ntrese en un estilo sofisticado y una comodidad inigualable con nuestros zapatos Derby de piel con suela gruesa para hombre de primera calidad. Dise\u00f1ados para el individuo exigente que aprecia tanto la est\u00e9tica cl\u00e1sica como el atractivo moderno, estos zapatos son una mezcla perfecta de tradici\u00f3n y tendencia. Cada par de estos excepcionales <b>derby de cuero con suela gruesa para hombre<\/b> est\u00e1 meticulosamente elaborado para garantizar una experiencia de calzado superior, por lo que es una adici\u00f3n esencial a cualquier colecci\u00f3n curada.<\/p>\n<p><h3>Artesan\u00eda inigualable y materiales de primera calidad<\/h3>\n<\/p>\n<p>Nuestra <b>derby de cuero con suela gruesa para hombre<\/b> est\u00e1n fabricados con los mejores materiales. El exterior est\u00e1 confeccionado en piel de ternero de alta calidad, famosa por su textura flexible, su durabilidad y su elegante acabado, que le confieren un aspecto distinguido que envejece a la perfecci\u00f3n. En el interior, sus pies se acunar\u00e1n en la lujosa suavidad del forro de aut\u00e9ntica piel de cabra, que garantiza la transpirabilidad y la comodidad durante todo el d\u00eda.<\/p>\n<p>Esta combinaci\u00f3n de pieles de primera calidad dice mucho de la calidad y la atenci\u00f3n al detalle que se invierte en cada uno de estos pares. <b>derby de cuero con suela gruesa para hombre<\/b> zapatos.<\/p>\n<p><h3>El confort moderno se combina con el estilo cl\u00e1sico<\/h3>\n<\/p>\n<p>M\u00e1s all\u00e1 de su impresionante aspecto, estos <b>derby de cuero con suela gruesa para hombre<\/b> est\u00e1n dise\u00f1adas para ofrecer comodidad. La caracter\u00edstica m\u00e1s destacada es la suela de EVA, robusta pero incre\u00edblemente ligera. Este innovador material proporciona una excelente amortiguaci\u00f3n y sujeci\u00f3n, por lo que estas zapatillas son ideales para un uso prolongado sin sacrificar el estilo.<\/p>\n<p>Los cl\u00e1sicos detalles de estilo brogue en el empeine rinden homenaje al dise\u00f1o atemporal, mientras que la suela gruesa contempor\u00e1nea a\u00f1ade un toque distintivo y de moda, garantizando que estas <b>derby de cuero con suela gruesa para hombre<\/b> destacan entre la multitud.<\/p>\n<p>Disponibles en tonos vers\u00e1tiles como el negro elegante, el marr\u00f3n intenso y el azul sofisticado, hay un par para complementar cada armario.<\/p>\n<p><h3>Ideal para socios mayoristas y minoristas<\/h3>\n<\/p>\n<p>Para los minoristas y las empresas que desean ofrecer calzado de alta calidad y con estilo, nuestros <b>derby de cuero con suela gruesa para hombre<\/b> presenta una oportunidad excepcional. Con una cantidad m\u00ednima de pedido de s\u00f3lo 8 pares, estos zapatos de primera calidad son accesibles para empresas de diversos tama\u00f1os. Nos enorgullecemos de una producci\u00f3n y entrega eficientes, que garantizan que su pedido llegue en un plazo de 12 d\u00edas m\u00e1s gastos de env\u00edo.<\/p>\n<p>Ofrezca a sus clientes la mezcla perfecta de elegancia cl\u00e1sica, comodidad moderna y artesan\u00eda duradera que se encuentra en cada par de estos fant\u00e1sticos productos. <b>derby de cuero con suela gruesa para hombre<\/b> calzado. Mejore su inventario y satisfaga la demanda de calzado de lujo para hombre que realmente marca la diferencia.<\/p>","protected":false},"excerpt":{"rendered":"<ul>\n<li>Confeccionados con un lujoso exterior de piel de ternero y un suave interior de piel de cabra para el m\u00e1ximo confort.<\/li>\n<li>Incorpora una suela de EVA moderna, duradera y ligera para una sujeci\u00f3n superior.<\/li>\n<li>Un cl\u00e1sico estilo derby brogue combinado con una suela gruesa contempor\u00e1nea para un uso vers\u00e1til.<\/li>\n<li>Disponible en una amplia gama de tallas, de la 39 a la 45.<\/li>\n<li>Cantidad m\u00ednima de pedido: 8 pares, ideal para socios mayoristas y minoristas.<\/li>\n<li>Plazo de entrega eficaz: 12 d\u00edas m\u00e1s gastos de env\u00edo.<\/li>\n<\/ul>","protected":false},"featured_media":3841,"template":"","meta":{"_acf_changed":false,"_uag_custom_page_level_css":"","site-sidebar-layout":"default","site-content-layout":"","ast-site-content-layout":"default","site-content-style":"default","site-sidebar-style":"default","ast-global-header-display":"","ast-banner-title-visibility":"","ast-main-header-display":"","ast-hfb-above-header-display":"","ast-hfb-below-header-display":"","ast-hfb-mobile-header-display":"","site-post-title":"","ast-breadcrumbs-content":"","ast-featured-img":"","footer-sml-layout":"","ast-disable-related-posts":"","theme-transparent-header-meta":"","adv-header-id-meta":"","stick-header-meta":"","header-above-stick-meta":"","header-main-stick-meta":"","header-below-stick-meta":"","astra-migrate-meta-layouts":"default","ast-page-background-enabled":"default","ast-page-background-meta":{"desktop":{"background-color":"var(--ast-global-color-4)","background-image":"","background-repeat":"repeat","background-position":"center center","background-size":"auto","background-attachment":"scroll","background-type":"","background-media":"","overlay-type":"","overlay-color":"","overlay-opacity":"","overlay-gradient":""},"tablet":{"background-color":"","background-image":"","background-repeat":"repeat","background-position":"center center","background-size":"auto","background-attachment":"scroll","background-type":"","background-media":"","overlay-type":"","overlay-color":"","overlay-opacity":"","overlay-gradient":""},"mobile":{"background-color":"","background-image":"","background-repeat":"repeat","background-position":"center center","background-size":"auto","background-attachment":"scroll","background-type":"","background-media":"","overlay-type":"","overlay-color":"","overlay-opacity":"","overlay-gradient":""}},"ast-content-background-meta":{"desktop":{"background-color":"var(--ast-global-color-5)","background-image":"","background-repeat":"repeat","background-position":"center center","background-size":"auto","background-attachment":"scroll","background-type":"","background-media":"","overlay-type":"","overlay-color":"","overlay-opacity":"","overlay-gradient":""},"tablet":{"background-color":"var(--ast-global-color-5)","background-image":"","background-repeat":"repeat","background-position":"center center","background-size":"auto","background-attachment":"scroll","background-type":"","background-media":"","overlay-type":"","overlay-color":"","overlay-opacity":"","overlay-gradient":""},"mobile":{"background-color":"var(--ast-global-color-5)","background-image":"","background-repeat":"repeat","background-position":"center center","background-size":"auto","background-attachment":"scroll","background-type":"","background-media":"","overlay-type":"","overlay-color":"","overlay-opacity":"","overlay-gradient":""}}},"product_brand":[],"product_cat":[48,47,49,430,40],"product_tag":[654,202,449,436,145,272,212,438,251,437,227,681,254],"class_list":{"0":"post-5730","1":"product","2":"type-product","3":"status-publish","4":"has-post-thumbnail","6":"product_cat-casual","7":"product_cat-classic","8":"product_cat-loafer","9":"product_cat-men","10":"product_cat-mens-shoes","11":"product_tag-brogue-shoes","12":"product_tag-calf-leather","13":"product_tag-casual-shoes","14":"product_tag-chunky-sole","15":"product_tag-classic-shoes","16":"product_tag-comfort-shoes","17":"product_tag-derby-shoes","18":"product_tag-eva-sole","19":"product_tag-formal-shoes","20":"product_tag-goat-leather","21":"product_tag-leather-shoes","22":"product_tag-mens-derby","23":"product_tag-wholesale-footwear","24":"desktop-align-center","25":"tablet-align-center","26":"mobile-align-center","28":"first","29":"instock","30":"shipping-taxable","31":"purchasable","32":"product-type-variable","33":"has-default-attributes"},"acf":[],"uagb_featured_image_src":{"full":["https:\/\/turkishtrade.co\/wp-content\/uploads\/2026\/01\/2400EJOMN00238-DARK-BLUE-DKS_435-150-USD-4-USD.png",453,250,false],"thumbnail":["https:\/\/turkishtrade.co\/wp-content\/uploads\/2026\/01\/2400EJOMN00238-DARK-BLUE-DKS_435-150-USD-4-USD-150x150.png",150,150,true],"medium":["https:\/\/turkishtrade.co\/wp-content\/uploads\/2026\/01\/2400EJOMN00238-DARK-BLUE-DKS_435-150-USD-4-USD-300x166.png",300,166,true],"medium_large":["https:\/\/turkishtrade.co\/wp-content\/uploads\/2026\/01\/2400EJOMN00238-DARK-BLUE-DKS_435-150-USD-4-USD.png",453,250,false],"large":["https:\/\/turkishtrade.co\/wp-content\/uploads\/2026\/01\/2400EJOMN00238-DARK-BLUE-DKS_435-150-USD-4-USD.png",453,250,false],"1536x1536":["https:\/\/turkishtrade.co\/wp-content\/uploads\/2026\/01\/2400EJOMN00238-DARK-BLUE-DKS_435-150-USD-4-USD.png",453,250,false],"2048x2048":["https:\/\/turkishtrade.co\/wp-content\/uploads\/2026\/01\/2400EJOMN00238-DARK-BLUE-DKS_435-150-USD-4-USD.png",453,250,false],"trp-custom-language-flag":["https:\/\/turkishtrade.co\/wp-content\/uploads\/2026\/01\/2400EJOMN00238-DARK-BLUE-DKS_435-150-USD-4-USD-18x10.png",18,10,true],"woocommerce_thumbnail":["https:\/\/turkishtrade.co\/wp-content\/uploads\/2026\/01\/2400EJOMN00238-DARK-BLUE-DKS_435-150-USD-4-USD-400x250.png",400,250,true],"woocommerce_single":["https:\/\/turkishtrade.co\/wp-content\/uploads\/2026\/01\/2400EJOMN00238-DARK-BLUE-DKS_435-150-USD-4-USD.png",453,250,false],"woocommerce_gallery_thumbnail":["https:\/\/turkishtrade.co\/wp-content\/uploads\/2026\/01\/2400EJOMN00238-DARK-BLUE-DKS_435-150-USD-4-USD-100x100.png",100,100,true]},"uagb_author_info":{"display_name":"yaser olabi","author_link":"https:\/\/turkishtrade.co\/es\/author\/"},"uagb_comment_info":0,"uagb_excerpt":"Crafted with a luxurious calf leather exterior and soft goat leather interior for ultimate comfort. Features a modern, durable, and lightweight EVA sole for superior support. Classic derby brogue styling combined with a contemporary chunky sole for versatile wear. Available in a comprehensive size range from 39 to 45. Minimum order quantity: 8 pairs, ideal&hellip;","_links":{"self":[{"href":"https:\/\/turkishtrade.co\/es\/wp-json\/wp\/v2\/product\/5730","targetHints":{"allow":["GET"]}}],"collection":[{"href":"https:\/\/turkishtrade.co\/es\/wp-json\/wp\/v2\/product"}],"about":[{"href":"https:\/\/turkishtrade.co\/es\/wp-json\/wp\/v2\/types\/product"}],"wp:featuredmedia":[{"embeddable":true,"href":"https:\/\/turkishtrade.co\/es\/wp-json\/wp\/v2\/media\/3841"}],"wp:attachment":[{"href":"https:\/\/turkishtrade.co\/es\/wp-json\/wp\/v2\/media?parent=5730"}],"wp:term":[{"taxonomy":"product_brand","embeddable":true,"href":"https:\/\/turkishtrade.co\/es\/wp-json\/wp\/v2\/product_brand?post=5730"},{"taxonomy":"product_cat","embeddable":true,"href":"https:\/\/turkishtrade.co\/es\/wp-json\/wp\/v2\/product_cat?post=5730"},{"taxonomy":"product_tag","embeddable":true,"href":"https:\/\/turkishtrade.co\/es\/wp-json\/wp\/v2\/product_tag?post=5730"}],"curies":[{"name":"wp","href":"https:\/\/api.w.org\/{rel}","templated":true}]}}