{"id":5726,"date":"2026-01-14T13:00:39","date_gmt":"2026-01-14T13:00:39","guid":{"rendered":"https:\/\/turkishtrade.co\/product\/men-s-leather-casual-shoes\/"},"modified":"2026-04-09T19:25:56","modified_gmt":"2026-04-09T19:25:56","slug":"mens-leather-casual-shoes-4","status":"publish","type":"product","link":"https:\/\/turkishtrade.co\/es\/shop\/mens-leather-casual-shoes-4\/","title":{"rendered":"Zapatos casuales de piel de primera calidad para hombre con suela de EVA"},"content":{"rendered":"<p><strong>zapatos casual de cuero para hombre<\/strong><\/p>\n<p>Descubra la combinaci\u00f3n perfecta de estilo, comodidad y durabilidad con nuestra exquisita colecci\u00f3n de <strong>zapatos casual de cuero para hombre<\/strong>. Dise\u00f1ados para el hombre moderno que valora tanto la est\u00e9tica como la practicidad, estos zapatos son un complemento esencial para cualquier armario. Cada par de nuestros zapatos informales de piel para hombre se elabora meticulosamente utilizando solo los mejores materiales, lo que garantiza un producto que no solo tiene un aspecto magn\u00edfico, sino que tambi\u00e9n resiste el paso del tiempo.<\/p>\n<p><h3>Confort inigualable y materiales de calidad<\/h3>\n<\/p>\n<p>El exterior de estos excepcionales <strong>zapatos casual de cuero para hombre<\/strong> est\u00e1n fabricados en aut\u00e9ntica piel de ternero de primera calidad. Esta elecci\u00f3n de material ofrece un aspecto sofisticado al tiempo que proporciona una resistencia superior al desgaste, lo que los hace ideales para el uso diario. La textura natural y el rico acabado de la piel de ternero a\u00f1aden un toque de elegancia que eleva tu atuendo informal.<\/p>\n<p>Como complemento al robusto exterior, el interior est\u00e1 forrado con suave y flexible piel de cabra. Este lujoso forro interior garantiza la transpirabilidad y proporciona una experiencia incre\u00edblemente c\u00f3moda, acunando tus pies con suavidad durante todo el d\u00eda. Tanto si te mueves por las calles de la ciudad como si disfrutas de un relajado fin de semana, estas <strong>zapatos casual de cuero para hombre<\/strong> mantendr\u00e1n tus pies frescos y apoyados.<\/p>\n<p><h3>Dise\u00f1ado para la versatilidad cotidiana<\/h3>\n<\/p>\n<p>Nuestra <strong>zapatos casual de cuero para hombre<\/strong> est\u00e1n construidas sobre una suela de EVA ligera pero resistente. Esta innovadora tecnolog\u00eda de suela ofrece una excelente amortiguaci\u00f3n y flexibilidad, absorbiendo el impacto a cada paso y garantizando una zancada c\u00f3moda. El tac\u00f3n de 1-3 cm proporciona una sutil elevaci\u00f3n manteniendo la est\u00e9tica casual, perfecta para llevarlas todo el d\u00eda sin fatiga.<\/p>\n<p>El agarre robusto y texturizado de la suela de EVA tambi\u00e9n garantiza una tracci\u00f3n fiable en diversas superficies, lo que se suma a la practicidad de estos vers\u00e1tiles zapatos. <strong>zapatos casual de cuero para hombre<\/strong>. Disponibles en una sofisticada paleta de negro cl\u00e1sico, marr\u00f3n oscuro intenso y tostado c\u00e1lido, estos zapatos ofrecen versatilidad para combinar con cualquier atuendo, desde elegantes pantalones informales hasta vaqueros relajados.<\/p>\n<p><h3>La opci\u00f3n ideal para pedidos al por mayor<\/h3>\n<\/p>\n<p>Entendemos las necesidades de nuestros socios B2B y ofrecemos estos productos de alta calidad <strong>zapatos casual de cuero para hombre<\/strong> para la venta al por mayor. Con una cantidad m\u00ednima de pedido de s\u00f3lo 8 pares, las empresas pueden abastecerse f\u00e1cilmente de una gama de tallas (UE 39-45) y colores para satisfacer la demanda de los clientes. Nuestro eficaz proceso de producci\u00f3n y entrega garantiza que su pedido de <strong>zapatos casual de cuero para hombre<\/strong> se env\u00eda r\u00e1pidamente, con un plazo de entrega t\u00edpico de 12 d\u00edas m\u00e1s gastos de env\u00edo.<\/p>\n<p>Invierta en nuestros duraderos y elegantes <strong>zapatos casual de cuero para hombre<\/strong> y proporcione a sus clientes un calzado que combina un dise\u00f1o atemporal con un confort y una calidad duraderos. No son solo zapatos; son una inversi\u00f3n en estilo y confort duraderos para todo hombre.<\/p>","protected":false},"excerpt":{"rendered":"<ul>\n<li>El exterior est\u00e1 fabricado en piel de ternero aut\u00e9ntica de primera calidad para ofrecer una durabilidad excepcional.<\/li>\n<li>El lujoso forro interior de piel de cabra garantiza el m\u00e1ximo confort y transpirabilidad.<\/li>\n<li>Suela de EVA ligera y flexible con un tac\u00f3n de 1-3 cm para llevarlas todo el d\u00eda.<\/li>\n<li>Disponible en los vers\u00e1tiles tonos negro, marr\u00f3n oscuro y tostado para adaptarse a cualquier estilo.<\/li>\n<li>Amplia gama de tallas desde EU 39-45 para un ajuste perfecto.<\/li>\n<li>Cantidad m\u00ednima de pedido: 8 pares, ideal para mayoristas y socios B2B.<\/li>\n<\/ul>","protected":false},"featured_media":3838,"template":"","meta":{"_acf_changed":false,"_uag_custom_page_level_css":"","site-sidebar-layout":"default","site-content-layout":"","ast-site-content-layout":"default","site-content-style":"default","site-sidebar-style":"default","ast-global-header-display":"","ast-banner-title-visibility":"","ast-main-header-display":"","ast-hfb-above-header-display":"","ast-hfb-below-header-display":"","ast-hfb-mobile-header-display":"","site-post-title":"","ast-breadcrumbs-content":"","ast-featured-img":"","footer-sml-layout":"","ast-disable-related-posts":"","theme-transparent-header-meta":"","adv-header-id-meta":"","stick-header-meta":"","header-above-stick-meta":"","header-main-stick-meta":"","header-below-stick-meta":"","astra-migrate-meta-layouts":"default","ast-page-background-enabled":"default","ast-page-background-meta":{"desktop":{"background-color":"var(--ast-global-color-4)","background-image":"","background-repeat":"repeat","background-position":"center center","background-size":"auto","background-attachment":"scroll","background-type":"","background-media":"","overlay-type":"","overlay-color":"","overlay-opacity":"","overlay-gradient":""},"tablet":{"background-color":"","background-image":"","background-repeat":"repeat","background-position":"center center","background-size":"auto","background-attachment":"scroll","background-type":"","background-media":"","overlay-type":"","overlay-color":"","overlay-opacity":"","overlay-gradient":""},"mobile":{"background-color":"","background-image":"","background-repeat":"repeat","background-position":"center center","background-size":"auto","background-attachment":"scroll","background-type":"","background-media":"","overlay-type":"","overlay-color":"","overlay-opacity":"","overlay-gradient":""}},"ast-content-background-meta":{"desktop":{"background-color":"var(--ast-global-color-5)","background-image":"","background-repeat":"repeat","background-position":"center center","background-size":"auto","background-attachment":"scroll","background-type":"","background-media":"","overlay-type":"","overlay-color":"","overlay-opacity":"","overlay-gradient":""},"tablet":{"background-color":"var(--ast-global-color-5)","background-image":"","background-repeat":"repeat","background-position":"center center","background-size":"auto","background-attachment":"scroll","background-type":"","background-media":"","overlay-type":"","overlay-color":"","overlay-opacity":"","overlay-gradient":""},"mobile":{"background-color":"var(--ast-global-color-5)","background-image":"","background-repeat":"repeat","background-position":"center center","background-size":"auto","background-attachment":"scroll","background-type":"","background-media":"","overlay-type":"","overlay-color":"","overlay-opacity":"","overlay-gradient":""}}},"product_brand":[],"product_cat":[48,47,49,430,40],"product_tag":[196,292,200,202,241,222,439,438,459,437,227,1034,198,1033,526,281],"class_list":{"0":"post-5726","1":"product","2":"type-product","3":"status-publish","4":"has-post-thumbnail","6":"product_cat-casual","7":"product_cat-classic","8":"product_cat-loafer","9":"product_cat-men","10":"product_cat-mens-shoes","11":"product_tag-black-leather-shoes","12":"product_tag-brown-leather-shoes","13":"product_tag-business-casual","14":"product_tag-calf-leather","15":"product_tag-casual-footwear","16":"product_tag-comfortable-shoes","17":"product_tag-durable-shoes","18":"product_tag-eva-sole","19":"product_tag-everyday-shoes","20":"product_tag-goat-leather","21":"product_tag-leather-shoes","22":"product_tag-mens-casual","23":"product_tag-mens-fashion","24":"product_tag-mens-leather-casual-shoes","25":"product_tag-tan-leather-shoes","26":"product_tag-wholesale-shoes","27":"desktop-align-center","28":"tablet-align-center","29":"mobile-align-center","31":"first","32":"instock","33":"shipping-taxable","34":"purchasable","35":"product-type-variable","36":"has-default-attributes"},"acf":[],"uagb_featured_image_src":{"full":["https:\/\/turkishtrade.co\/wp-content\/uploads\/2026\/01\/2400EJOMN00237-CAMEL-DKS_433-4-USD.png",453,250,false],"thumbnail":["https:\/\/turkishtrade.co\/wp-content\/uploads\/2026\/01\/2400EJOMN00237-CAMEL-DKS_433-4-USD-150x150.png",150,150,true],"medium":["https:\/\/turkishtrade.co\/wp-content\/uploads\/2026\/01\/2400EJOMN00237-CAMEL-DKS_433-4-USD-300x166.png",300,166,true],"medium_large":["https:\/\/turkishtrade.co\/wp-content\/uploads\/2026\/01\/2400EJOMN00237-CAMEL-DKS_433-4-USD.png",453,250,false],"large":["https:\/\/turkishtrade.co\/wp-content\/uploads\/2026\/01\/2400EJOMN00237-CAMEL-DKS_433-4-USD.png",453,250,false],"1536x1536":["https:\/\/turkishtrade.co\/wp-content\/uploads\/2026\/01\/2400EJOMN00237-CAMEL-DKS_433-4-USD.png",453,250,false],"2048x2048":["https:\/\/turkishtrade.co\/wp-content\/uploads\/2026\/01\/2400EJOMN00237-CAMEL-DKS_433-4-USD.png",453,250,false],"trp-custom-language-flag":["https:\/\/turkishtrade.co\/wp-content\/uploads\/2026\/01\/2400EJOMN00237-CAMEL-DKS_433-4-USD-18x10.png",18,10,true],"woocommerce_thumbnail":["https:\/\/turkishtrade.co\/wp-content\/uploads\/2026\/01\/2400EJOMN00237-CAMEL-DKS_433-4-USD-400x250.png",400,250,true],"woocommerce_single":["https:\/\/turkishtrade.co\/wp-content\/uploads\/2026\/01\/2400EJOMN00237-CAMEL-DKS_433-4-USD.png",453,250,false],"woocommerce_gallery_thumbnail":["https:\/\/turkishtrade.co\/wp-content\/uploads\/2026\/01\/2400EJOMN00237-CAMEL-DKS_433-4-USD-100x100.png",100,100,true]},"uagb_author_info":{"display_name":"yaser olabi","author_link":"https:\/\/turkishtrade.co\/es\/author\/"},"uagb_comment_info":0,"uagb_excerpt":"Crafted from premium genuine calf leather exterior for exceptional durability. Luxurious goat leather interior lining ensures ultimate comfort and breathability. Lightweight and flexible EVA sole with a 1-3 cm heel for all-day wear. Available in versatile shades of Black, Dark Brown, and Tan to suit any style. Comprehensive size range from EU 39-45 for a&hellip;","_links":{"self":[{"href":"https:\/\/turkishtrade.co\/es\/wp-json\/wp\/v2\/product\/5726","targetHints":{"allow":["GET"]}}],"collection":[{"href":"https:\/\/turkishtrade.co\/es\/wp-json\/wp\/v2\/product"}],"about":[{"href":"https:\/\/turkishtrade.co\/es\/wp-json\/wp\/v2\/types\/product"}],"wp:featuredmedia":[{"embeddable":true,"href":"https:\/\/turkishtrade.co\/es\/wp-json\/wp\/v2\/media\/3838"}],"wp:attachment":[{"href":"https:\/\/turkishtrade.co\/es\/wp-json\/wp\/v2\/media?parent=5726"}],"wp:term":[{"taxonomy":"product_brand","embeddable":true,"href":"https:\/\/turkishtrade.co\/es\/wp-json\/wp\/v2\/product_brand?post=5726"},{"taxonomy":"product_cat","embeddable":true,"href":"https:\/\/turkishtrade.co\/es\/wp-json\/wp\/v2\/product_cat?post=5726"},{"taxonomy":"product_tag","embeddable":true,"href":"https:\/\/turkishtrade.co\/es\/wp-json\/wp\/v2\/product_tag?post=5726"}],"curies":[{"name":"wp","href":"https:\/\/api.w.org\/{rel}","templated":true}]}}