{"id":5721,"date":"2026-01-14T12:59:50","date_gmt":"2026-01-14T12:59:50","guid":{"rendered":"https:\/\/turkishtrade.co\/product\/mens-brown-suede-derby-shoes\/"},"modified":"2026-04-09T19:26:05","modified_gmt":"2026-04-09T19:26:05","slug":"mens-brown-suede-derby-shoes","status":"publish","type":"product","link":"https:\/\/turkishtrade.co\/es\/shop\/mens-brown-suede-derby-shoes\/","title":{"rendered":"Zapatos Derby de ante marr\u00f3n de primera calidad para hombre"},"content":{"rendered":"<p><strong>Zapatos Derby de ante marr\u00f3n para hombre<\/strong><\/p>\n<p>Eleve su colecci\u00f3n de calzado con nuestros exquisitos <strong>Zapatos Derby de ante marr\u00f3n de primera calidad para hombre<\/strong>. Dise\u00f1ados para el caballero moderno que valora tanto el estilo como la comodidad, estos sofisticados zapatos con cordones son un testimonio de artesan\u00eda superior y dise\u00f1o atemporal. Perfectos para una amplia gama de ocasiones, desde reuniones informales elegantes a entornos informales de negocios m\u00e1s pulidos, estos... <strong>zapatos Derby de ante marr\u00f3n para hombre<\/strong> ofrecen una versatilidad sin igual y un aspecto distinguido que complementa sin esfuerzo cualquier conjunto.<\/p>\n<p><h3>Artesan\u00eda y materiales incomparables<\/h3>\n<\/p>\n<p>Cada par de estas <strong>zapatos Derby de ante marr\u00f3n<\/strong> comienza con un exterior de aut\u00e9ntica piel de vacuno de primera calidad. Este ante de alta calidad no s\u00f3lo proporciona una textura rica y lujosa y una est\u00e9tica atractiva, sino que tambi\u00e9n garantiza una durabilidad y una resistencia al desgaste excepcionales. La transpirabilidad natural del exterior contribuye a una experiencia c\u00f3moda durante todo el d\u00eda.<\/p>\n<p>El forro interior de piel de cabra, incre\u00edblemente suave y flexible, complementa la robusta superficie exterior. Esta elecci\u00f3n de material interior garantiza la m\u00e1xima comodidad contra el pie, evitando la irritaci\u00f3n y permitiendo una absorci\u00f3n superior de la humedad, haciendo que estas <strong>zapatos Derby de ante<\/strong> un placer llevarlo durante largos periodos.<\/p>\n<p><h3>La comodidad se une al estilo cl\u00e1sico<\/h3>\n<\/p>\n<p>La comodidad es primordial, y estas <strong>zapatos Derby de ante marr\u00f3n para hombre<\/strong> con su avanzada suela de EVA. Ligera pero incre\u00edblemente resistente, la suela de EVA proporciona una excelente amortiguaci\u00f3n y absorci\u00f3n de impactos, garantizando una zancada c\u00f3moda a cada paso. La altura cl\u00e1sica del tac\u00f3n de 1 a 3 cm a\u00f1ade la elevaci\u00f3n justa para un perfil refinado sin comprometer la estabilidad ni la comodidad durante todo el d\u00eda.<\/p>\n<p>La combinaci\u00f3n de la suela de apoyo y el dise\u00f1o ergon\u00f3mico hace que estas <strong>Zapatos Derby<\/strong> una elecci\u00f3n ideal para personas activas que buscan comodidad sin sacrificar un \u00e1pice de estilo.<\/p>\n<p><h3>Un b\u00e1sico vers\u00e1til para el armario<\/h3>\n<\/p>\n<p>El cl\u00e1sico dise\u00f1o Derby, caracterizado por su sistema de cordones abiertos, ofrece tanto un ajuste seguro como una est\u00e9tica adaptable. Tanto si se combinan con pantalones de sastrer\u00eda, chinos o incluso vaqueros de primera calidad, estos <strong>zapatos Derby de ante marr\u00f3n para hombre<\/strong> mejoran tu look al instante. Su vers\u00e1til tono marr\u00f3n hace que sean f\u00e1ciles de integrar en los armarios existentes, aportando un toque sofisticado tanto a los conjuntos de trabajo como a los de fin de semana.<\/p>\n<p>Invierte en un par que te permita pasar de una reuni\u00f3n matutina a un evento social nocturno, siempre con un aire de discreta elegancia.<\/p>\n<p><h3>Pedidos al por mayor para minoristas<\/h3>\n<\/p>\n<p>Para los minoristas y las empresas que buscan calzado de alta calidad, nuestro <strong>zapatos Derby de ante marr\u00f3n para hombre<\/strong> est\u00e1n disponibles para su compra al por mayor. Requerimos un pedido m\u00ednimo de 8 pares, para que pueda abastecerse de este art\u00edculo tan popular y elegante. Nuestra eficiente producci\u00f3n y log\u00edstica garantizan un plazo de entrega de aproximadamente 12 d\u00edas, m\u00e1s gastos de env\u00edo, lo que le permite recibir r\u00e1pidamente su pedido y satisfacer la demanda de los clientes.<\/p>\n<p>Ofrezca a su clientela el lujo y la comodidad de estos excepcionales <strong>zapatos Derby de ante marr\u00f3n<\/strong> y mejore hoy mismo su oferta de productos.<\/p>","protected":false},"excerpt":{"rendered":"<ul>\n<li><strong>Materiales de primera calidad:<\/strong> Fabricado con piel de vacuno aut\u00e9ntica en el exterior y suave piel de cabra en el interior.<\/li>\n<li><strong>Suela de confort:<\/strong> Incorpora una suela de EVA ligera y duradera para ofrecer comodidad durante todo el d\u00eda.<\/li>\n<li><strong>Dise\u00f1o cl\u00e1sico:<\/strong> Estilo Derby atemporal con cordones y un c\u00f3modo tac\u00f3n de 1-3 cm.<\/li>\n<li><strong>Amplia gama de tama\u00f1os:<\/strong> Disponible en las tallas 39, 40, 41, 42, 43, 44 y 45.<\/li>\n<li><strong>Se aceptan pedidos al por mayor:<\/strong> Pedido m\u00ednimo de 8 pares. Entrega en 12 d\u00edas + gastos de env\u00edo.<\/li>\n<\/ul>","protected":false},"featured_media":3833,"template":"","meta":{"_acf_changed":false,"_uag_custom_page_level_css":"","site-sidebar-layout":"default","site-content-layout":"","ast-site-content-layout":"default","site-content-style":"default","site-sidebar-style":"default","ast-global-header-display":"","ast-banner-title-visibility":"","ast-main-header-display":"","ast-hfb-above-header-display":"","ast-hfb-below-header-display":"","ast-hfb-mobile-header-display":"","site-post-title":"","ast-breadcrumbs-content":"","ast-featured-img":"","footer-sml-layout":"","ast-disable-related-posts":"","theme-transparent-header-meta":"","adv-header-id-meta":"","stick-header-meta":"","header-above-stick-meta":"","header-main-stick-meta":"","header-below-stick-meta":"","astra-migrate-meta-layouts":"default","ast-page-background-enabled":"default","ast-page-background-meta":{"desktop":{"background-color":"var(--ast-global-color-4)","background-image":"","background-repeat":"repeat","background-position":"center center","background-size":"auto","background-attachment":"scroll","background-type":"","background-media":"","overlay-type":"","overlay-color":"","overlay-opacity":"","overlay-gradient":""},"tablet":{"background-color":"","background-image":"","background-repeat":"repeat","background-position":"center center","background-size":"auto","background-attachment":"scroll","background-type":"","background-media":"","overlay-type":"","overlay-color":"","overlay-opacity":"","overlay-gradient":""},"mobile":{"background-color":"","background-image":"","background-repeat":"repeat","background-position":"center center","background-size":"auto","background-attachment":"scroll","background-type":"","background-media":"","overlay-type":"","overlay-color":"","overlay-opacity":"","overlay-gradient":""}},"ast-content-background-meta":{"desktop":{"background-color":"var(--ast-global-color-5)","background-image":"","background-repeat":"repeat","background-position":"center center","background-size":"auto","background-attachment":"scroll","background-type":"","background-media":"","overlay-type":"","overlay-color":"","overlay-opacity":"","overlay-gradient":""},"tablet":{"background-color":"var(--ast-global-color-5)","background-image":"","background-repeat":"repeat","background-position":"center center","background-size":"auto","background-attachment":"scroll","background-type":"","background-media":"","overlay-type":"","overlay-color":"","overlay-opacity":"","overlay-gradient":""},"mobile":{"background-color":"var(--ast-global-color-5)","background-image":"","background-repeat":"repeat","background-position":"center center","background-size":"auto","background-attachment":"scroll","background-type":"","background-media":"","overlay-type":"","overlay-color":"","overlay-opacity":"","overlay-gradient":""}}},"product_brand":[],"product_cat":[48,47,49,430,40],"product_tag":[218,449,644,1029,212,438,556,227,198,283,281],"class_list":{"0":"post-5721","1":"product","2":"type-product","3":"status-publish","4":"has-post-thumbnail","6":"product_cat-casual","7":"product_cat-classic","8":"product_cat-loafer","9":"product_cat-men","10":"product_cat-mens-shoes","11":"product_tag-brown-shoes","12":"product_tag-casual-shoes","13":"product_tag-classic-footwear","14":"product_tag-cowhide-leather","15":"product_tag-derby-shoes","16":"product_tag-eva-sole","17":"product_tag-goatskin-lining","18":"product_tag-leather-shoes","19":"product_tag-mens-fashion","20":"product_tag-suede-shoes","21":"product_tag-wholesale-shoes","22":"desktop-align-center","23":"tablet-align-center","24":"mobile-align-center","26":"first","27":"instock","28":"shipping-taxable","29":"purchasable","30":"product-type-variable","31":"has-default-attributes"},"acf":[],"uagb_featured_image_src":{"full":["https:\/\/turkishtrade.co\/wp-content\/uploads\/2026\/01\/2400EJOMN00235-BROWN-X_621.png",453,250,false],"thumbnail":["https:\/\/turkishtrade.co\/wp-content\/uploads\/2026\/01\/2400EJOMN00235-BROWN-X_621-150x150.png",150,150,true],"medium":["https:\/\/turkishtrade.co\/wp-content\/uploads\/2026\/01\/2400EJOMN00235-BROWN-X_621-300x166.png",300,166,true],"medium_large":["https:\/\/turkishtrade.co\/wp-content\/uploads\/2026\/01\/2400EJOMN00235-BROWN-X_621.png",453,250,false],"large":["https:\/\/turkishtrade.co\/wp-content\/uploads\/2026\/01\/2400EJOMN00235-BROWN-X_621.png",453,250,false],"1536x1536":["https:\/\/turkishtrade.co\/wp-content\/uploads\/2026\/01\/2400EJOMN00235-BROWN-X_621.png",453,250,false],"2048x2048":["https:\/\/turkishtrade.co\/wp-content\/uploads\/2026\/01\/2400EJOMN00235-BROWN-X_621.png",453,250,false],"trp-custom-language-flag":["https:\/\/turkishtrade.co\/wp-content\/uploads\/2026\/01\/2400EJOMN00235-BROWN-X_621-18x10.png",18,10,true],"woocommerce_thumbnail":["https:\/\/turkishtrade.co\/wp-content\/uploads\/2026\/01\/2400EJOMN00235-BROWN-X_621-400x250.png",400,250,true],"woocommerce_single":["https:\/\/turkishtrade.co\/wp-content\/uploads\/2026\/01\/2400EJOMN00235-BROWN-X_621.png",453,250,false],"woocommerce_gallery_thumbnail":["https:\/\/turkishtrade.co\/wp-content\/uploads\/2026\/01\/2400EJOMN00235-BROWN-X_621-100x100.png",100,100,true]},"uagb_author_info":{"display_name":"yaser olabi","author_link":"https:\/\/turkishtrade.co\/es\/author\/"},"uagb_comment_info":0,"uagb_excerpt":"Premium Materials: Crafted with genuine cowhide leather exterior and soft goatskin interior. Comfort Sole: Features a lightweight and durable EVA sole for all-day comfort. Classic Design: Timeless Derby lace-up style with a comfortable 1-3 cm heel. Wide Size Range: Available in sizes 39, 40, 41, 42, 43, 44, 45. Bulk Orders Welcome: Minimum order of&hellip;","_links":{"self":[{"href":"https:\/\/turkishtrade.co\/es\/wp-json\/wp\/v2\/product\/5721","targetHints":{"allow":["GET"]}}],"collection":[{"href":"https:\/\/turkishtrade.co\/es\/wp-json\/wp\/v2\/product"}],"about":[{"href":"https:\/\/turkishtrade.co\/es\/wp-json\/wp\/v2\/types\/product"}],"wp:featuredmedia":[{"embeddable":true,"href":"https:\/\/turkishtrade.co\/es\/wp-json\/wp\/v2\/media\/3833"}],"wp:attachment":[{"href":"https:\/\/turkishtrade.co\/es\/wp-json\/wp\/v2\/media?parent=5721"}],"wp:term":[{"taxonomy":"product_brand","embeddable":true,"href":"https:\/\/turkishtrade.co\/es\/wp-json\/wp\/v2\/product_brand?post=5721"},{"taxonomy":"product_cat","embeddable":true,"href":"https:\/\/turkishtrade.co\/es\/wp-json\/wp\/v2\/product_cat?post=5721"},{"taxonomy":"product_tag","embeddable":true,"href":"https:\/\/turkishtrade.co\/es\/wp-json\/wp\/v2\/product_tag?post=5721"}],"curies":[{"name":"wp","href":"https:\/\/api.w.org\/{rel}","templated":true}]}}