{"id":5719,"date":"2026-01-14T12:59:33","date_gmt":"2026-01-14T12:59:33","guid":{"rendered":"https:\/\/turkishtrade.co\/product\/mens-black-calf-suede-derby-shoes\/"},"modified":"2026-04-09T19:26:07","modified_gmt":"2026-04-09T19:26:07","slug":"mens-black-calf-suede-derby-shoes","status":"publish","type":"product","link":"https:\/\/turkishtrade.co\/es\/shop\/mens-black-calf-suede-derby-shoes\/","title":{"rendered":"Zapatos Derby de hombre en ante de becerro negro con suela de EVA"},"content":{"rendered":"<p><strong>Zapatos Derby de ante de becerro negro para hombre<\/strong><\/p>\n<p>Sum\u00e9rjase en un confort incomparable y un estilo cl\u00e1sico con nuestro exquisito <strong>Zapatos Derby de ante de becerro negro para hombre<\/strong>. Dise\u00f1ados para el hombre moderno que valora tanto la elegancia como la comodidad en el d\u00eda a d\u00eda, estos zapatos son un testimonio de artesan\u00eda superior y materiales de alta calidad. Ya sea para un d\u00eda de paseo o para un look de oficina elegante e informal, estos... <strong>Zapatos Derby de ante de becerro negro para hombre<\/strong> elevar\u00e1 tu vestuario sin esfuerzo.<\/p>\n<p><h3>Fabricado para ofrecer comodidad y durabilidad<\/h3>\n<\/p>\n<p>Cada par de estas <strong>Zapatos Derby de ante de becerro negro para hombre<\/strong> est\u00e1n meticulosamente confeccionadas con un exterior de aut\u00e9ntica piel de ante de ternero, que aporta un tacto lujoso y un acabado sofisticado. El tono negro intenso garantiza su versatilidad, por lo que combinan a la perfecci\u00f3n con una amplia gama de atuendos. En el interior, tus pies experimentar\u00e1n un confort supremo gracias al suave forro de piel de cabra, que ofrece transpirabilidad y una sensaci\u00f3n de felpa a cada paso.<\/p>\n<p>El tac\u00f3n cl\u00e1sico de 1-3 cm de altura consigue el equilibrio perfecto entre estilo tradicional y comodidad moderna, garantizando que estos zapatos sean adecuados para un uso prolongado.<\/p>\n<p><h3>Suela ligera de EVA para uso diario<\/h3>\n<\/p>\n<p>Lo que distingue a estos zapatos Derby es su suela de EVA, ligera pero incre\u00edblemente duradera. Esta avanzada tecnolog\u00eda de suela proporciona una excelente amortiguaci\u00f3n, absorci\u00f3n de impactos y flexibilidad, haci\u00e9ndolos incre\u00edblemente c\u00f3modos para caminar y estar de pie durante todo el d\u00eda. A diferencia de las suelas tradicionales, m\u00e1s pesadas, la EVA garantiza que estos <strong>Zapatos Derby de ante de becerro negro para hombre<\/strong> permanecen ligeros en sus pies, reduciendo la fatiga y mejorando su experiencia general.<\/p>\n<p>Su robusta construcci\u00f3n promete longevidad, permiti\u00e9ndole disfrutar de su calzado durante las pr\u00f3ximas temporadas.<\/p>\n<p><h3>Ideal para compras al por mayor y minoristas<\/h3>\n<\/p>\n<p>Comprendemos las necesidades de nuestros socios B2B, por lo que estas <strong>Zapatos Derby de ante de becerro negro para hombre<\/strong> est\u00e1n disponibles para pedidos al por mayor con una cantidad m\u00ednima de 8 pares. Esto los convierte en una excelente opci\u00f3n para propietarios de boutiques, minoristas de moda o cualquiera que desee tener en stock calzado masculino de alta calidad y de gran demanda. Las tallas disponibles van de la 39 a la 45, por lo que podr\u00e1 atender a una amplia clientela.<\/p>\n<p>Nuestro eficaz sistema de producci\u00f3n y entrega garantiza que su pedido estar\u00e1 listo para el env\u00edo en un plazo de 12 d\u00edas, m\u00e1s el tiempo de env\u00edo, lo que supone una cadena de suministro fiable para su empresa. Invierta en estos elegantes y c\u00f3modos <strong>Zapatos Derby de ante de becerro negro para hombre<\/strong> y ofrezca a sus clientes un producto que combina un dise\u00f1o atemporal con un confort contempor\u00e1neo.<\/p>","protected":false},"excerpt":{"rendered":"<ul>\n<li><strong>Material exterior:<\/strong> Piel de becerro de primera calidad<\/li>\n<li><strong>Forro interior:<\/strong> Piel de cabra suave<\/li>\n<li><strong>Suela:<\/strong> EVA ligera y duradera<\/li>\n<li><strong>Altura del tac\u00f3n:<\/strong> Cl\u00e1sico de 1-3 cm para un confort \u00f3ptimo<\/li>\n<li><strong>Tallas disponibles:<\/strong> 39, 40, 41, 42, 43, 44, 45<\/li>\n<li><strong>Pedido m\u00ednimo:<\/strong> 8 Pares (Ideal para minoristas y compradores al por mayor)<\/li>\n<li><strong>Plazo de entrega:<\/strong> 12 d\u00edas + gastos de env\u00edo<\/li>\n<\/ul>","protected":false},"featured_media":3832,"template":"","meta":{"_acf_changed":false,"_uag_custom_page_level_css":"","site-sidebar-layout":"default","site-content-layout":"","ast-site-content-layout":"default","site-content-style":"default","site-sidebar-style":"default","ast-global-header-display":"","ast-banner-title-visibility":"","ast-main-header-display":"","ast-hfb-above-header-display":"","ast-hfb-below-header-display":"","ast-hfb-mobile-header-display":"","site-post-title":"","ast-breadcrumbs-content":"","ast-featured-img":"","footer-sml-layout":"","ast-disable-related-posts":"","theme-transparent-header-meta":"","adv-header-id-meta":"","stick-header-meta":"","header-above-stick-meta":"","header-main-stick-meta":"","header-below-stick-meta":"","astra-migrate-meta-layouts":"default","ast-page-background-enabled":"default","ast-page-background-meta":{"desktop":{"background-color":"var(--ast-global-color-4)","background-image":"","background-repeat":"repeat","background-position":"center center","background-size":"auto","background-attachment":"scroll","background-type":"","background-media":"","overlay-type":"","overlay-color":"","overlay-opacity":"","overlay-gradient":""},"tablet":{"background-color":"","background-image":"","background-repeat":"repeat","background-position":"center center","background-size":"auto","background-attachment":"scroll","background-type":"","background-media":"","overlay-type":"","overlay-color":"","overlay-opacity":"","overlay-gradient":""},"mobile":{"background-color":"","background-image":"","background-repeat":"repeat","background-position":"center center","background-size":"auto","background-attachment":"scroll","background-type":"","background-media":"","overlay-type":"","overlay-color":"","overlay-opacity":"","overlay-gradient":""}},"ast-content-background-meta":{"desktop":{"background-color":"var(--ast-global-color-5)","background-image":"","background-repeat":"repeat","background-position":"center center","background-size":"auto","background-attachment":"scroll","background-type":"","background-media":"","overlay-type":"","overlay-color":"","overlay-opacity":"","overlay-gradient":""},"tablet":{"background-color":"var(--ast-global-color-5)","background-image":"","background-repeat":"repeat","background-position":"center center","background-size":"auto","background-attachment":"scroll","background-type":"","background-media":"","overlay-type":"","overlay-color":"","overlay-opacity":"","overlay-gradient":""},"mobile":{"background-color":"var(--ast-global-color-5)","background-image":"","background-repeat":"repeat","background-position":"center center","background-size":"auto","background-attachment":"scroll","background-type":"","background-media":"","overlay-type":"","overlay-color":"","overlay-opacity":"","overlay-gradient":""}}},"product_brand":[],"product_cat":[48,47,49,430,40],"product_tag":[605,1028,449,222,212,438,437,227,198,210,281],"class_list":{"0":"post-5719","1":"product","2":"type-product","3":"status-publish","4":"has-post-thumbnail","6":"product_cat-casual","7":"product_cat-classic","8":"product_cat-loafer","9":"product_cat-men","10":"product_cat-mens-shoes","11":"product_tag-black-shoes","12":"product_tag-calf-suede","13":"product_tag-casual-shoes","14":"product_tag-comfortable-shoes","15":"product_tag-derby-shoes","16":"product_tag-eva-sole","17":"product_tag-goat-leather","18":"product_tag-leather-shoes","19":"product_tag-mens-fashion","20":"product_tag-smart-casual","21":"product_tag-wholesale-shoes","22":"desktop-align-center","23":"tablet-align-center","24":"mobile-align-center","26":"first","27":"instock","28":"shipping-taxable","29":"purchasable","30":"product-type-variable","31":"has-default-attributes"},"acf":[],"uagb_featured_image_src":{"full":["https:\/\/turkishtrade.co\/wp-content\/uploads\/2026\/01\/2400EJOMN00234-BLACK-X_621-4-USD.png",453,250,false],"thumbnail":["https:\/\/turkishtrade.co\/wp-content\/uploads\/2026\/01\/2400EJOMN00234-BLACK-X_621-4-USD-150x150.png",150,150,true],"medium":["https:\/\/turkishtrade.co\/wp-content\/uploads\/2026\/01\/2400EJOMN00234-BLACK-X_621-4-USD-300x166.png",300,166,true],"medium_large":["https:\/\/turkishtrade.co\/wp-content\/uploads\/2026\/01\/2400EJOMN00234-BLACK-X_621-4-USD.png",453,250,false],"large":["https:\/\/turkishtrade.co\/wp-content\/uploads\/2026\/01\/2400EJOMN00234-BLACK-X_621-4-USD.png",453,250,false],"1536x1536":["https:\/\/turkishtrade.co\/wp-content\/uploads\/2026\/01\/2400EJOMN00234-BLACK-X_621-4-USD.png",453,250,false],"2048x2048":["https:\/\/turkishtrade.co\/wp-content\/uploads\/2026\/01\/2400EJOMN00234-BLACK-X_621-4-USD.png",453,250,false],"trp-custom-language-flag":["https:\/\/turkishtrade.co\/wp-content\/uploads\/2026\/01\/2400EJOMN00234-BLACK-X_621-4-USD-18x10.png",18,10,true],"woocommerce_thumbnail":["https:\/\/turkishtrade.co\/wp-content\/uploads\/2026\/01\/2400EJOMN00234-BLACK-X_621-4-USD-400x250.png",400,250,true],"woocommerce_single":["https:\/\/turkishtrade.co\/wp-content\/uploads\/2026\/01\/2400EJOMN00234-BLACK-X_621-4-USD.png",453,250,false],"woocommerce_gallery_thumbnail":["https:\/\/turkishtrade.co\/wp-content\/uploads\/2026\/01\/2400EJOMN00234-BLACK-X_621-4-USD-100x100.png",100,100,true]},"uagb_author_info":{"display_name":"yaser olabi","author_link":"https:\/\/turkishtrade.co\/es\/author\/"},"uagb_comment_info":0,"uagb_excerpt":"Outer Material: Premium Calf Suede Leather Inner Lining: Soft Goat Leather Sole: Lightweight and Durable EVA Heel Height: Classic 1-3 cm for optimal comfort Available Sizes: 39, 40, 41, 42, 43, 44, 45 Minimum Order: 8 Pairs (Ideal for retailers and bulk purchasers) Delivery Time: 12 Days + Shipping","_links":{"self":[{"href":"https:\/\/turkishtrade.co\/es\/wp-json\/wp\/v2\/product\/5719","targetHints":{"allow":["GET"]}}],"collection":[{"href":"https:\/\/turkishtrade.co\/es\/wp-json\/wp\/v2\/product"}],"about":[{"href":"https:\/\/turkishtrade.co\/es\/wp-json\/wp\/v2\/types\/product"}],"wp:featuredmedia":[{"embeddable":true,"href":"https:\/\/turkishtrade.co\/es\/wp-json\/wp\/v2\/media\/3832"}],"wp:attachment":[{"href":"https:\/\/turkishtrade.co\/es\/wp-json\/wp\/v2\/media?parent=5719"}],"wp:term":[{"taxonomy":"product_brand","embeddable":true,"href":"https:\/\/turkishtrade.co\/es\/wp-json\/wp\/v2\/product_brand?post=5719"},{"taxonomy":"product_cat","embeddable":true,"href":"https:\/\/turkishtrade.co\/es\/wp-json\/wp\/v2\/product_cat?post=5719"},{"taxonomy":"product_tag","embeddable":true,"href":"https:\/\/turkishtrade.co\/es\/wp-json\/wp\/v2\/product_tag?post=5719"}],"curies":[{"name":"wp","href":"https:\/\/api.w.org\/{rel}","templated":true}]}}