{"id":5715,"date":"2026-01-14T12:59:12","date_gmt":"2026-01-14T12:59:12","guid":{"rendered":"https:\/\/turkishtrade.co\/product\/men-s-suede-loafers-2\/"},"modified":"2026-04-09T19:26:11","modified_gmt":"2026-04-09T19:26:11","slug":"mens-suede-loafers-6","status":"publish","type":"product","link":"https:\/\/turkishtrade.co\/es\/shop\/mens-suede-loafers-6\/","title":{"rendered":"Mocasines de ante de primera calidad para hombre | Piel de becerro y cabra con suela de EVA"},"content":{"rendered":"<p><strong>Mocasines de ante para hombre<\/strong><\/p>\n<p>Sum\u00e9rjase en un confort incomparable y un estilo cl\u00e1sico con nuestra exquisita colecci\u00f3n de <b>mocasines de ante para hombre<\/b>. Dise\u00f1ados para el caballero moderno que valora tanto la est\u00e9tica como la comodidad, estos mocasines son un testimonio de artesan\u00eda superior. Cada par de nuestros <b>mocasines de ante para hombre<\/b> presenta un suntuoso empeine de piel de becerro, meticulosamente seleccionada por su suave textura y elegante acabado.<\/p>\n<p>El tacto rico y aterciopelado del ante a\u00f1ade un toque de sofisticaci\u00f3n a cualquier atuendo, convirtiendo estos zapatos en un complemento vers\u00e1til para tu armario.<\/p>\n<p>M\u00e1s all\u00e1 de su llamativo aspecto, la comodidad es primordial. El interior est\u00e1 forrado con piel de cabra flexible, que proporciona una experiencia suave, transpirable y excepcionalmente c\u00f3moda desde el momento en que te los pones. Esta cuidada combinaci\u00f3n de materiales de primera calidad garantiza que nuestros <b>mocasines de ante para hombre<\/b> se amoldar\u00e1 a tus pies con el tiempo, ofreci\u00e9ndote un ajuste personalizado.<\/p>\n<p>La base de estos mocasines es una suela de EVA ligera pero incre\u00edblemente duradera. Este innovador material ofrece una excelente amortiguaci\u00f3n y flexibilidad, garantizando la comodidad a cada paso, tanto si te mueves por las calles de la ciudad como si disfrutas de un relajado fin de semana.<\/p>\n<p><h3>Calidad inigualable y estilo vers\u00e1til<\/h3>\n<\/p>\n<p>Nuestra <b>mocasines de ante para hombre<\/b> no son s\u00f3lo zapatos; son una declaraci\u00f3n de gusto refinado. El dise\u00f1o cl\u00e1sico sin cordones, adornado con la tradicional costura moc-toe, encarna la elegancia atemporal. Disponibles en tonos sofisticados como el negro intenso y el marr\u00f3n c\u00e1lido, estos mocasines pueden pasar sin esfuerzo de un d\u00eda relajado con chinos a un evento nocturno m\u00e1s formal combinados con pantalones de sastrer\u00eda.<\/p>\n<p>La sutil altura de 1-3 cm del tac\u00f3n a\u00f1ade un toque de elevaci\u00f3n sin comprometer la comodidad, perfecto para llevar todo el d\u00eda.<\/p>\n<p>Entendemos la importancia de un ajuste perfecto, por lo que nuestros <b>mocasines de ante para hombre<\/b> est\u00e1n disponibles en una amplia gama de tallas, de la 39 a la 45. Tanto si las compra para uso personal como para su negocio minorista, nuestro compromiso con la calidad es inquebrantable. Para nuestros clientes comerciales, estas excepcionales <b>mocasines de ante para hombre<\/b> est\u00e1n disponibles para pedidos al por mayor con una cantidad m\u00ednima de 8 pares.<\/p>\n<p>Ofrecemos precios competitivos disponibles bajo petici\u00f3n y garantizamos una entrega r\u00e1pida en 12 d\u00edas m\u00e1s el tiempo de env\u00edo, lo que le permite mejorar r\u00e1pidamente su colecci\u00f3n con estas opciones de calzado deseables. Invierte en estilo y comodidad duraderos con nuestros mocasines de ante para hombre meticulosamente elaborados.<\/p>","protected":false},"excerpt":{"rendered":"<ul>\n<li><b>Excelencia material:<\/b> Confeccionadas con una parte superior de ante de ternero de primera calidad y un suave forro de piel de cabra para el m\u00e1ximo confort.<\/li>\n<li><b>Confort ligero:<\/b> Incorpora una suela de EVA duradera y amortiguadora para llevarlas todo el d\u00eda.<\/li>\n<li><b>Estilo cl\u00e1sico:<\/b> Mocasines de dise\u00f1o atemporal, perfectos tanto para conjuntos informales como elegantes.<\/li>\n<li><b>Tallas disponibles:<\/b> Entre 39 y 45 a\u00f1os.<\/li>\n<li><b>Disponibilidad a granel:<\/b> Pedido m\u00ednimo de 8 pares; consultar precios y plazos de entrega (12 d\u00edas + gastos de env\u00edo).<\/li>\n<li><b>Altura del tac\u00f3n:<\/b> C\u00f3modo tac\u00f3n de 1-3 cm para una sutil elevaci\u00f3n.<\/li>\n<\/ul>","protected":false},"featured_media":3831,"template":"","meta":{"_acf_changed":false,"_uag_custom_page_level_css":"","site-sidebar-layout":"default","site-content-layout":"","ast-site-content-layout":"default","site-content-style":"default","site-sidebar-style":"default","ast-global-header-display":"","ast-banner-title-visibility":"","ast-main-header-display":"","ast-hfb-above-header-display":"","ast-hfb-below-header-display":"","ast-hfb-mobile-header-display":"","site-post-title":"","ast-breadcrumbs-content":"","ast-featured-img":"","footer-sml-layout":"","ast-disable-related-posts":"","theme-transparent-header-meta":"","adv-header-id-meta":"","stick-header-meta":"","header-above-stick-meta":"","header-main-stick-meta":"","header-below-stick-meta":"","astra-migrate-meta-layouts":"default","ast-page-background-enabled":"default","ast-page-background-meta":{"desktop":{"background-color":"var(--ast-global-color-4)","background-image":"","background-repeat":"repeat","background-position":"center center","background-size":"auto","background-attachment":"scroll","background-type":"","background-media":"","overlay-type":"","overlay-color":"","overlay-opacity":"","overlay-gradient":""},"tablet":{"background-color":"","background-image":"","background-repeat":"repeat","background-position":"center center","background-size":"auto","background-attachment":"scroll","background-type":"","background-media":"","overlay-type":"","overlay-color":"","overlay-opacity":"","overlay-gradient":""},"mobile":{"background-color":"","background-image":"","background-repeat":"repeat","background-position":"center center","background-size":"auto","background-attachment":"scroll","background-type":"","background-media":"","overlay-type":"","overlay-color":"","overlay-opacity":"","overlay-gradient":""}},"ast-content-background-meta":{"desktop":{"background-color":"var(--ast-global-color-5)","background-image":"","background-repeat":"repeat","background-position":"center center","background-size":"auto","background-attachment":"scroll","background-type":"","background-media":"","overlay-type":"","overlay-color":"","overlay-opacity":"","overlay-gradient":""},"tablet":{"background-color":"var(--ast-global-color-5)","background-image":"","background-repeat":"repeat","background-position":"center center","background-size":"auto","background-attachment":"scroll","background-type":"","background-media":"","overlay-type":"","overlay-color":"","overlay-opacity":"","overlay-gradient":""},"mobile":{"background-color":"var(--ast-global-color-5)","background-image":"","background-repeat":"repeat","background-position":"center center","background-size":"auto","background-attachment":"scroll","background-type":"","background-media":"","overlay-type":"","overlay-color":"","overlay-opacity":"","overlay-gradient":""}}},"product_brand":[],"product_cat":[48,47,49,430,40],"product_tag":[370,147,1028,512,457,220,438,352,437,215,186,184,283],"class_list":{"0":"post-5715","1":"product","2":"type-product","3":"status-publish","4":"has-post-thumbnail","6":"product_cat-casual","7":"product_cat-classic","8":"product_cat-loafer","9":"product_cat-men","10":"product_cat-mens-shoes","11":"product_tag-black-loafers","12":"product_tag-brown-loafers","13":"product_tag-calf-suede","14":"product_tag-casual-loafers","15":"product_tag-classic-loafers","16":"product_tag-comfortable-loafers","17":"product_tag-eva-sole","18":"product_tag-formal-loafers","19":"product_tag-goat-leather","20":"product_tag-leather-loafers","21":"product_tag-mens-loafers","22":"product_tag-slip-on-shoes","23":"product_tag-suede-shoes","24":"desktop-align-center","25":"tablet-align-center","26":"mobile-align-center","28":"first","29":"instock","30":"shipping-taxable","31":"purchasable","32":"product-type-variable","33":"has-default-attributes"},"acf":[],"uagb_featured_image_src":{"full":["https:\/\/turkishtrade.co\/wp-content\/uploads\/2026\/01\/2400EJOMN00231-CAMEL-C_028-2-USD.png",453,250,false],"thumbnail":["https:\/\/turkishtrade.co\/wp-content\/uploads\/2026\/01\/2400EJOMN00231-CAMEL-C_028-2-USD-150x150.png",150,150,true],"medium":["https:\/\/turkishtrade.co\/wp-content\/uploads\/2026\/01\/2400EJOMN00231-CAMEL-C_028-2-USD-300x166.png",300,166,true],"medium_large":["https:\/\/turkishtrade.co\/wp-content\/uploads\/2026\/01\/2400EJOMN00231-CAMEL-C_028-2-USD.png",453,250,false],"large":["https:\/\/turkishtrade.co\/wp-content\/uploads\/2026\/01\/2400EJOMN00231-CAMEL-C_028-2-USD.png",453,250,false],"1536x1536":["https:\/\/turkishtrade.co\/wp-content\/uploads\/2026\/01\/2400EJOMN00231-CAMEL-C_028-2-USD.png",453,250,false],"2048x2048":["https:\/\/turkishtrade.co\/wp-content\/uploads\/2026\/01\/2400EJOMN00231-CAMEL-C_028-2-USD.png",453,250,false],"trp-custom-language-flag":["https:\/\/turkishtrade.co\/wp-content\/uploads\/2026\/01\/2400EJOMN00231-CAMEL-C_028-2-USD-18x10.png",18,10,true],"woocommerce_thumbnail":["https:\/\/turkishtrade.co\/wp-content\/uploads\/2026\/01\/2400EJOMN00231-CAMEL-C_028-2-USD-400x250.png",400,250,true],"woocommerce_single":["https:\/\/turkishtrade.co\/wp-content\/uploads\/2026\/01\/2400EJOMN00231-CAMEL-C_028-2-USD.png",453,250,false],"woocommerce_gallery_thumbnail":["https:\/\/turkishtrade.co\/wp-content\/uploads\/2026\/01\/2400EJOMN00231-CAMEL-C_028-2-USD-100x100.png",100,100,true]},"uagb_author_info":{"display_name":"yaser olabi","author_link":"https:\/\/turkishtrade.co\/es\/author\/"},"uagb_comment_info":0,"uagb_excerpt":"Material Excellence: Crafted with a premium calf suede upper and soft goat leather lining for ultimate comfort. Lightweight Comfort: Features a durable, shock-absorbing EVA sole for all-day wear. Classic Style: Timeless loafer design, perfect for both casual and smart-casual ensembles. Available Sizes: Ranging from 39 to 45. Bulk Availability: Minimum order of 8 pairs; contact&hellip;","_links":{"self":[{"href":"https:\/\/turkishtrade.co\/es\/wp-json\/wp\/v2\/product\/5715","targetHints":{"allow":["GET"]}}],"collection":[{"href":"https:\/\/turkishtrade.co\/es\/wp-json\/wp\/v2\/product"}],"about":[{"href":"https:\/\/turkishtrade.co\/es\/wp-json\/wp\/v2\/types\/product"}],"wp:featuredmedia":[{"embeddable":true,"href":"https:\/\/turkishtrade.co\/es\/wp-json\/wp\/v2\/media\/3831"}],"wp:attachment":[{"href":"https:\/\/turkishtrade.co\/es\/wp-json\/wp\/v2\/media?parent=5715"}],"wp:term":[{"taxonomy":"product_brand","embeddable":true,"href":"https:\/\/turkishtrade.co\/es\/wp-json\/wp\/v2\/product_brand?post=5715"},{"taxonomy":"product_cat","embeddable":true,"href":"https:\/\/turkishtrade.co\/es\/wp-json\/wp\/v2\/product_cat?post=5715"},{"taxonomy":"product_tag","embeddable":true,"href":"https:\/\/turkishtrade.co\/es\/wp-json\/wp\/v2\/product_tag?post=5715"}],"curies":[{"name":"wp","href":"https:\/\/api.w.org\/{rel}","templated":true}]}}