{"id":5708,"date":"2026-01-14T12:58:21","date_gmt":"2026-01-14T12:58:21","guid":{"rendered":"https:\/\/turkishtrade.co\/product\/mens-suede-derby-shoes\/"},"modified":"2026-04-09T19:26:27","modified_gmt":"2026-04-09T19:26:27","slug":"mens-suede-derby-shoes","status":"publish","type":"product","link":"https:\/\/turkishtrade.co\/es\/shop\/mens-suede-derby-shoes\/","title":{"rendered":"Zapatos Derby de hombre en piel de becerro de primera calidad"},"content":{"rendered":"<p><strong>Zapatos Derby de ante para hombre<\/strong><\/p>\n<p>Ad\u00e9ntrese en un estilo atemporal y un confort incomparable con nuestro exquisito <b>Zapatos Derby de ante para hombre<\/b>. Creados para el caballero exigente, estos zapatos combinan a la perfecci\u00f3n el dise\u00f1o cl\u00e1sico con la comodidad de hoy en d\u00eda. Cada par est\u00e1 meticulosamente fabricado en ante de becerro de primera calidad, que ofrece un tacto suave y lujoso y una est\u00e9tica sofisticada que realzar\u00e1 cualquier conjunto informal o elegante.<\/p>\n<p>La rica textura del ante, disponible en tonos vers\u00e1tiles como el marr\u00f3n intenso, el tostado c\u00e1lido y el elegante azul marino, garantiza que estos <b>Zapatos Derby de ante para hombre<\/b> son un b\u00e1sico para cualquier armario bien surtido.<\/p>\n<p><h3>Comodidad y artesan\u00eda inigualables<\/h3>\n<\/p>\n<p>Experimenta un confort superior a cada paso, gracias a su cuidado dise\u00f1o interior. El forro est\u00e1 confeccionado en flexible piel de cabra, famosa por su incre\u00edble suavidad y transpirabilidad, que se adapta a tu pie para un ajuste realmente personalizado. Este material natural garantiza un confort \u00f3ptimo incluso durante un uso prolongado, manteniendo los pies secos y c\u00f3modos durante todo el d\u00eda.<\/p>\n<p>Debajo, una suela de EVA ligera y muy duradera proporciona una excelente amortiguaci\u00f3n y apoyo sin a\u00f1adir volumen, haciendo que estas <b>Zapatos Derby de ante para hombre<\/b> ideal para largas jornadas de pie. La cl\u00e1sica altura de tac\u00f3n de 1-3 cm ofrece una sutil elevaci\u00f3n al tiempo que mantiene la estabilidad y una postura natural al caminar.<\/p>\n<p><h3>Estilo vers\u00e1til para cualquier ocasi\u00f3n<\/h3>\n<\/p>\n<p>Estos vers\u00e1tiles <b>Zapatos Derby de ante para hombre<\/b> son algo m\u00e1s que calzado: son una inversi\u00f3n en calidad y estilo. Su dise\u00f1o adaptable los convierte en la elecci\u00f3n perfecta tanto si te diriges a una reuni\u00f3n informal de negocios, como si disfrutas de un brunch de fin de semana o simplemente buscas un calzado c\u00f3modo pero elegante para el d\u00eda a d\u00eda. Comb\u00ednalos con pantalones chinos para un look elegante e informal, o con vaqueros para un look relajado pero refinado.<\/p>\n<p>Su robusta construcci\u00f3n garantiza la longevidad, prometiendo a\u00f1os de uso fiable sin perder su elegante atractivo.<\/p>\n<p><h3>Oportunidad para mayoristas de calzado de calidad<\/h3>\n<\/p>\n<p>Para nuestros valiosos socios mayoristas, ofrecemos estos productos premium <b>Zapatos Derby de ante para hombre<\/b> con un pedido m\u00ednimo de 8 pares. Entendemos la importancia de la entrega puntual y el compromiso con la calidad, por lo que garantizamos que sus pedidos se procesen de forma eficaz con un plazo de entrega de 12 d\u00edas m\u00e1s gastos de env\u00edo. Ofrezca a sus clientes un producto que destaque: un testimonio de artesan\u00eda y comodidad superiores.<\/p>\n<p>Ampl\u00ede su inventario con estos <b>Zapatos Derby de ante para hombre<\/b> y ofrecen una mezcla de sofisticaci\u00f3n y desenfado que buscan los compradores m\u00e1s exigentes, reforzando la reputaci\u00f3n de excelencia de su marca.<\/p>","protected":false},"excerpt":{"rendered":"<ul>\n<li><b>Material:<\/b> Parte superior de ante de becerro de primera calidad<\/li>\n<li><b>Forro:<\/b> Interior en suave piel de cabra<\/li>\n<li><b>Suela:<\/b> Suela de EVA ligera y duradera<\/li>\n<li><b>Altura del tac\u00f3n:<\/b> Cl\u00e1sico 1-3 cm<\/li>\n<li><b>Tallas disponibles:<\/b> UE 39, 40, 41, 42, 43, 44, 45<\/li>\n<li><b>Cantidad m\u00ednima de pedido:<\/b> 8 Pares<\/li>\n<li><b>Venta al por mayor Plazo de entrega:<\/b> 12 d\u00edas + gastos de env\u00edo<\/li>\n<\/ul>","protected":false},"featured_media":3827,"template":"","meta":{"_acf_changed":false,"_uag_custom_page_level_css":"","site-sidebar-layout":"default","site-content-layout":"","ast-site-content-layout":"default","site-content-style":"default","site-sidebar-style":"default","ast-global-header-display":"","ast-banner-title-visibility":"","ast-main-header-display":"","ast-hfb-above-header-display":"","ast-hfb-below-header-display":"","ast-hfb-mobile-header-display":"","site-post-title":"","ast-breadcrumbs-content":"","ast-featured-img":"","footer-sml-layout":"","ast-disable-related-posts":"","theme-transparent-header-meta":"","adv-header-id-meta":"","stick-header-meta":"","header-above-stick-meta":"","header-main-stick-meta":"","header-below-stick-meta":"","astra-migrate-meta-layouts":"default","ast-page-background-enabled":"default","ast-page-background-meta":{"desktop":{"background-color":"var(--ast-global-color-4)","background-image":"","background-repeat":"repeat","background-position":"center center","background-size":"auto","background-attachment":"scroll","background-type":"","background-media":"","overlay-type":"","overlay-color":"","overlay-opacity":"","overlay-gradient":""},"tablet":{"background-color":"","background-image":"","background-repeat":"repeat","background-position":"center center","background-size":"auto","background-attachment":"scroll","background-type":"","background-media":"","overlay-type":"","overlay-color":"","overlay-opacity":"","overlay-gradient":""},"mobile":{"background-color":"","background-image":"","background-repeat":"repeat","background-position":"center center","background-size":"auto","background-attachment":"scroll","background-type":"","background-media":"","overlay-type":"","overlay-color":"","overlay-opacity":"","overlay-gradient":""}},"ast-content-background-meta":{"desktop":{"background-color":"var(--ast-global-color-5)","background-image":"","background-repeat":"repeat","background-position":"center center","background-size":"auto","background-attachment":"scroll","background-type":"","background-media":"","overlay-type":"","overlay-color":"","overlay-opacity":"","overlay-gradient":""},"tablet":{"background-color":"var(--ast-global-color-5)","background-image":"","background-repeat":"repeat","background-position":"center center","background-size":"auto","background-attachment":"scroll","background-type":"","background-media":"","overlay-type":"","overlay-color":"","overlay-opacity":"","overlay-gradient":""},"mobile":{"background-color":"var(--ast-global-color-5)","background-image":"","background-repeat":"repeat","background-position":"center center","background-size":"auto","background-attachment":"scroll","background-type":"","background-media":"","overlay-type":"","overlay-color":"","overlay-opacity":"","overlay-gradient":""}}},"product_brand":[],"product_cat":[48,47,49,430,40],"product_tag":[451,241,222,212,438,189,148,337,210,262],"class_list":{"0":"post-5708","1":"product","2":"type-product","3":"status-publish","4":"has-post-thumbnail","6":"product_cat-casual","7":"product_cat-classic","8":"product_cat-loafer","9":"product_cat-men","10":"product_cat-mens-shoes","11":"product_tag-calfskin-leather","12":"product_tag-casual-footwear","13":"product_tag-comfortable-shoes","14":"product_tag-derby-shoes","15":"product_tag-eva-sole","16":"product_tag-goat-leather-lining","17":"product_tag-loafers","18":"product_tag-mens-suede-shoes","19":"product_tag-smart-casual","20":"product_tag-wholesale-mens-shoes","21":"desktop-align-center","22":"tablet-align-center","23":"mobile-align-center","25":"first","26":"instock","27":"shipping-taxable","28":"purchasable","29":"product-type-variable","30":"has-default-attributes"},"acf":[],"uagb_featured_image_src":{"full":["https:\/\/turkishtrade.co\/wp-content\/uploads\/2026\/01\/2400EJOMN00216-DARK-BLUE-X_1351.png",453,250,false],"thumbnail":["https:\/\/turkishtrade.co\/wp-content\/uploads\/2026\/01\/2400EJOMN00216-DARK-BLUE-X_1351-150x150.png",150,150,true],"medium":["https:\/\/turkishtrade.co\/wp-content\/uploads\/2026\/01\/2400EJOMN00216-DARK-BLUE-X_1351-300x166.png",300,166,true],"medium_large":["https:\/\/turkishtrade.co\/wp-content\/uploads\/2026\/01\/2400EJOMN00216-DARK-BLUE-X_1351.png",453,250,false],"large":["https:\/\/turkishtrade.co\/wp-content\/uploads\/2026\/01\/2400EJOMN00216-DARK-BLUE-X_1351.png",453,250,false],"1536x1536":["https:\/\/turkishtrade.co\/wp-content\/uploads\/2026\/01\/2400EJOMN00216-DARK-BLUE-X_1351.png",453,250,false],"2048x2048":["https:\/\/turkishtrade.co\/wp-content\/uploads\/2026\/01\/2400EJOMN00216-DARK-BLUE-X_1351.png",453,250,false],"trp-custom-language-flag":["https:\/\/turkishtrade.co\/wp-content\/uploads\/2026\/01\/2400EJOMN00216-DARK-BLUE-X_1351-18x10.png",18,10,true],"woocommerce_thumbnail":["https:\/\/turkishtrade.co\/wp-content\/uploads\/2026\/01\/2400EJOMN00216-DARK-BLUE-X_1351-400x250.png",400,250,true],"woocommerce_single":["https:\/\/turkishtrade.co\/wp-content\/uploads\/2026\/01\/2400EJOMN00216-DARK-BLUE-X_1351.png",453,250,false],"woocommerce_gallery_thumbnail":["https:\/\/turkishtrade.co\/wp-content\/uploads\/2026\/01\/2400EJOMN00216-DARK-BLUE-X_1351-100x100.png",100,100,true]},"uagb_author_info":{"display_name":"yaser olabi","author_link":"https:\/\/turkishtrade.co\/es\/author\/"},"uagb_comment_info":0,"uagb_excerpt":"Material: Premium Calfskin Suede Upper Lining: Soft Goat Leather Interior Sole: Lightweight and Durable EVA Sole Heel Height: Classic 1-3 cm Available Sizes: EU 39, 40, 41, 42, 43, 44, 45 Minimum Order Quantity: 8 Pairs Wholesale Lead Time: 12 Days + Shipping","_links":{"self":[{"href":"https:\/\/turkishtrade.co\/es\/wp-json\/wp\/v2\/product\/5708","targetHints":{"allow":["GET"]}}],"collection":[{"href":"https:\/\/turkishtrade.co\/es\/wp-json\/wp\/v2\/product"}],"about":[{"href":"https:\/\/turkishtrade.co\/es\/wp-json\/wp\/v2\/types\/product"}],"wp:featuredmedia":[{"embeddable":true,"href":"https:\/\/turkishtrade.co\/es\/wp-json\/wp\/v2\/media\/3827"}],"wp:attachment":[{"href":"https:\/\/turkishtrade.co\/es\/wp-json\/wp\/v2\/media?parent=5708"}],"wp:term":[{"taxonomy":"product_brand","embeddable":true,"href":"https:\/\/turkishtrade.co\/es\/wp-json\/wp\/v2\/product_brand?post=5708"},{"taxonomy":"product_cat","embeddable":true,"href":"https:\/\/turkishtrade.co\/es\/wp-json\/wp\/v2\/product_cat?post=5708"},{"taxonomy":"product_tag","embeddable":true,"href":"https:\/\/turkishtrade.co\/es\/wp-json\/wp\/v2\/product_tag?post=5708"}],"curies":[{"name":"wp","href":"https:\/\/api.w.org\/{rel}","templated":true}]}}