{"id":5707,"date":"2026-01-14T12:57:58","date_gmt":"2026-01-14T12:57:58","guid":{"rendered":"https:\/\/turkishtrade.co\/product\/mens-burgundy-leather-boots\/"},"modified":"2026-04-09T19:26:30","modified_gmt":"2026-04-09T19:26:30","slug":"mens-burgundy-leather-boots","status":"publish","type":"product","link":"https:\/\/turkishtrade.co\/es\/shop\/mens-burgundy-leather-boots\/","title":{"rendered":"Botas de piel con puntera de cord\u00f3n burdeos para hombre"},"content":{"rendered":"<p><strong>Botas de piel burdeos para hombre<\/strong><\/p>\n<p>Entre en la elegancia atemporal con nuestros <b>Botas de piel burdeos para hombre<\/b>. Estas excepcionales botas, meticulosamente elaboradas para ofrecer un estilo incomparable y una esencia duradera, est\u00e1n dise\u00f1adas para el caballero exigente que valora la calidad superior y el dise\u00f1o sofisticado. Son la elecci\u00f3n por excelencia para elevar tanto conjuntos formales y elegantes-casual, por lo que estos <b>Botas de piel burdeos para hombre<\/b> un complemento realmente vers\u00e1til y esencial para cualquier armario contempor\u00e1neo.<\/p>\n<p>El rico y profundo tono burdeos, bellamente bru\u00f1ido, desprende un aire de refinamiento cl\u00e1sico, garantizando a estos particulares <b>Botas de piel burdeos para hombre<\/b> son una opci\u00f3n destacada para una gran variedad de ocasiones, desde reuniones de negocios hasta elegantes encuentros sociales.<\/p>\n<h3>Artesan\u00eda inigualable y materiales de primera calidad<\/h3>\n<p>Experimente una artesan\u00eda sin igual con un exterior de aut\u00e9ntica piel de becerro. Este material de primera calidad es famoso por su textura suave, su durabilidad inherente y su notable capacidad para desarrollar una p\u00e1tina \u00fanica con el paso del tiempo, lo que garantiza que su par espec\u00edfico de <b>Botas de piel burdeos para hombre<\/b> s\u00f3lo se enriquece y adquiere car\u00e1cter con la edad.<\/p>\n<p>El intrincado dise\u00f1o de la puntera, cuidadosamente complementado con sutiles detalles de brogue a lo largo de las costuras, a\u00f1ade un toque de arte y sofisticaci\u00f3n tradicionales. Un cierre de cordones seguro proporciona no s\u00f3lo una est\u00e9tica cl\u00e1sica, sino tambi\u00e9n un ajuste ce\u00f1ido, ajustable y c\u00f3modo adaptado a su pie. Bajo este exquisito exterior se esconde un lujoso interior de piel de cabra, que ofrece una transpirabilidad excepcional, una suavidad superior y un confort supremo que acuna suavemente tus pies durante los d\u00edas m\u00e1s largos.<\/p>\n<p>Este forro superior garantiza una experiencia de primera, tanto si se desplaza por las bulliciosas calles de la ciudad como si asiste a un evento importante, haciendo que estas <b>Botas de piel burdeos para hombre<\/b> un verdadero placer de llevar.<\/p>\n<h3>Comodidad, durabilidad y estilo vers\u00e1til<\/h3>\n<p>La comodidad y la estabilidad son primordiales, y estas <b>Botas de piel burdeos para hombre<\/b> rinden sin esfuerzo gracias a su suela ligera pero robusta de EVA. Este avanzado material de suela proporciona una excelente absorci\u00f3n de impactos, reduciendo significativamente la fatiga del pie y ofreciendo un agarre fiable y antideslizante en diversas superficies urbanas y naturales. Con una c\u00f3moda y elegante altura de tac\u00f3n de 1-3 cm, estas <b>Botas de piel burdeos para hombre<\/b> logran el equilibrio perfecto entre elevaci\u00f3n sofisticada y practicidad para llevar todo el d\u00eda.<\/p>\n<p>La armoniosa combinaci\u00f3n de pieles de becerro y cabra de primera calidad con una suela de EVA cuidadosamente dise\u00f1ada garantiza un producto que no s\u00f3lo tiene un aspecto absolutamente excepcional, sino que tambi\u00e9n rinde a la perfecci\u00f3n, d\u00eda tras d\u00eda.<\/p>\n<p>De hecho, nuestro <b>Botas de piel burdeos para hombre<\/b> est\u00e1n hechos para durar.<\/p>\n<p>No son unas botas cualquiera; son una inversi\u00f3n en estilo y calidad duraderos. Desde combinarlas con trajes de sastrer\u00eda impecables para un look de negocios refinado hasta complementar unos vaqueros oscuros o unos sofisticados chinos para un atuendo de fin de semana refinado, la versatilidad de estilo de estas... <b>Botas de piel burdeos para hombre<\/b> es sencillamente incomparable.<\/p>\n<p>Adopte la combinaci\u00f3n perfecta de est\u00e9tica cl\u00e1sica, construcci\u00f3n robusta y comodidad moderna. Destaca con cada paso seguro que des con estos exquisitos zapatos. <b>Botas de piel burdeos para hombre<\/b>. Disponibles en una amplia gama de tallas UE de la 39 a la 45, garantizamos un ajuste perfecto para un amplio espectro de clientes exigentes.<\/p>\n<p>Estamos orgullosos de ofrecer estos productos de alta calidad, listos para la venta al por mayor <b>Botas de piel burdeos para hombre<\/b> con una cantidad m\u00ednima de pedido de 8 pares, lo que los convierte en la opci\u00f3n ideal para minoristas y mayoristas que buscan un calzado de calidad y comercializable.<\/p>\n<p>La entrega se gestiona eficazmente en aproximadamente 12 d\u00edas m\u00e1s gastos de env\u00edo, lo que garantiza la llegada puntual de su valioso pedido al por mayor de <b>Botas de piel burdeos para hombre<\/b>.<\/p>","protected":false},"excerpt":{"rendered":"<ul>\n<li><b>Material:<\/b> Parte superior de piel de becerro de primera calidad<\/li>\n<li><b>Forro:<\/b> Interior de suave piel de cabra<\/li>\n<li><b>Suela:<\/b> EVA ligera y duradera<\/li>\n<li><b>Altura del tac\u00f3n:<\/b> C\u00f3modo 1-3 cm<\/li>\n<li><b>Tallas disponibles:<\/b> UE 39, 40, 41, 42, 43, 44, 45<\/li>\n<li><b>Cantidad m\u00ednima de pedido:<\/b> 8 Pares (disponibilidad a granel)<\/li>\n<li><b>Plazo de entrega:<\/b> Aproximadamente 12 d\u00edas + gastos de env\u00edo<\/li>\n<\/ul>","protected":false},"featured_media":3806,"template":"","meta":{"_acf_changed":false,"_uag_custom_page_level_css":"","site-sidebar-layout":"default","site-content-layout":"","ast-site-content-layout":"default","site-content-style":"default","site-sidebar-style":"default","ast-global-header-display":"","ast-banner-title-visibility":"","ast-main-header-display":"","ast-hfb-above-header-display":"","ast-hfb-below-header-display":"","ast-hfb-mobile-header-display":"","site-post-title":"","ast-breadcrumbs-content":"","ast-featured-img":"","footer-sml-layout":"","ast-disable-related-posts":"","theme-transparent-header-meta":"default","adv-header-id-meta":"","stick-header-meta":"","header-above-stick-meta":"","header-main-stick-meta":"","header-below-stick-meta":"","astra-migrate-meta-layouts":"set","ast-page-background-enabled":"default","ast-page-background-meta":{"desktop":{"background-color":"var(--ast-global-color-4)","background-image":"","background-repeat":"repeat","background-position":"center center","background-size":"auto","background-attachment":"scroll","background-type":"","background-media":"","overlay-type":"","overlay-color":"","overlay-opacity":"","overlay-gradient":""},"tablet":{"background-color":"","background-image":"","background-repeat":"repeat","background-position":"center center","background-size":"auto","background-attachment":"scroll","background-type":"","background-media":"","overlay-type":"","overlay-color":"","overlay-opacity":"","overlay-gradient":""},"mobile":{"background-color":"","background-image":"","background-repeat":"repeat","background-position":"center center","background-size":"auto","background-attachment":"scroll","background-type":"","background-media":"","overlay-type":"","overlay-color":"","overlay-opacity":"","overlay-gradient":""}},"ast-content-background-meta":{"desktop":{"background-color":"var(--ast-global-color-5)","background-image":"","background-repeat":"repeat","background-position":"center center","background-size":"auto","background-attachment":"scroll","background-type":"","background-media":"","overlay-type":"","overlay-color":"","overlay-opacity":"","overlay-gradient":""},"tablet":{"background-color":"var(--ast-global-color-5)","background-image":"","background-repeat":"repeat","background-position":"center center","background-size":"auto","background-attachment":"scroll","background-type":"","background-media":"","overlay-type":"","overlay-color":"","overlay-opacity":"","overlay-gradient":""},"mobile":{"background-color":"var(--ast-global-color-5)","background-image":"","background-repeat":"repeat","background-position":"center center","background-size":"auto","background-attachment":"scroll","background-type":"","background-media":"","overlay-type":"","overlay-color":"","overlay-opacity":"","overlay-gradient":""}}},"product_brand":[],"product_cat":[52,47,430,40],"product_tag":[463,1025,993,1026,996,1012,999,438,478,556,994,476,461],"class_list":{"0":"post-5707","1":"product","2":"type-product","3":"status-publish","4":"has-post-thumbnail","6":"product_cat-boots","7":"product_cat-classic","8":"product_cat-men","9":"product_cat-mens-shoes","10":"product_tag-ankle-boots","11":"product_tag-boots","12":"product_tag-brogue-boots","13":"product_tag-burgundy-boots","14":"product_tag-calfskin-boots","15":"product_tag-cap-toe-boots","16":"product_tag-casual-boots","17":"product_tag-eva-sole","18":"product_tag-formal-boots","19":"product_tag-goatskin-lining","20":"product_tag-lace-up-boots","21":"product_tag-leather-boots","22":"product_tag-mens-boots","23":"desktop-align-center","24":"tablet-align-center","25":"mobile-align-center","27":"first","28":"instock","29":"sale","30":"shipping-taxable","31":"purchasable","32":"product-type-variable","33":"has-default-attributes"},"acf":[],"uagb_featured_image_src":{"full":["https:\/\/turkishtrade.co\/wp-content\/uploads\/2026\/01\/2400EJOMN00446-BURGUNDEY-X_874.png",453,250,false],"thumbnail":["https:\/\/turkishtrade.co\/wp-content\/uploads\/2026\/01\/2400EJOMN00446-BURGUNDEY-X_874-150x150.png",150,150,true],"medium":["https:\/\/turkishtrade.co\/wp-content\/uploads\/2026\/01\/2400EJOMN00446-BURGUNDEY-X_874-300x166.png",300,166,true],"medium_large":["https:\/\/turkishtrade.co\/wp-content\/uploads\/2026\/01\/2400EJOMN00446-BURGUNDEY-X_874.png",453,250,false],"large":["https:\/\/turkishtrade.co\/wp-content\/uploads\/2026\/01\/2400EJOMN00446-BURGUNDEY-X_874.png",453,250,false],"1536x1536":["https:\/\/turkishtrade.co\/wp-content\/uploads\/2026\/01\/2400EJOMN00446-BURGUNDEY-X_874.png",453,250,false],"2048x2048":["https:\/\/turkishtrade.co\/wp-content\/uploads\/2026\/01\/2400EJOMN00446-BURGUNDEY-X_874.png",453,250,false],"trp-custom-language-flag":["https:\/\/turkishtrade.co\/wp-content\/uploads\/2026\/01\/2400EJOMN00446-BURGUNDEY-X_874-18x10.png",18,10,true],"woocommerce_thumbnail":["https:\/\/turkishtrade.co\/wp-content\/uploads\/2026\/01\/2400EJOMN00446-BURGUNDEY-X_874-400x250.png",400,250,true],"woocommerce_single":["https:\/\/turkishtrade.co\/wp-content\/uploads\/2026\/01\/2400EJOMN00446-BURGUNDEY-X_874.png",453,250,false],"woocommerce_gallery_thumbnail":["https:\/\/turkishtrade.co\/wp-content\/uploads\/2026\/01\/2400EJOMN00446-BURGUNDEY-X_874-100x100.png",100,100,true]},"uagb_author_info":{"display_name":"yaser olabi","author_link":"https:\/\/turkishtrade.co\/es\/author\/"},"uagb_comment_info":0,"uagb_excerpt":"Material: Premium Calfskin Leather Upper Lining: Soft Goatskin Leather Interior Sole: Lightweight and Durable EVA Heel Height: Comfortable 1-3 cm Available Sizes: EU 39, 40, 41, 42, 43, 44, 45 Minimum Order Quantity: 8 Pairs (bulk availability) Delivery Time: Approximately 12 days + Shipping","_links":{"self":[{"href":"https:\/\/turkishtrade.co\/es\/wp-json\/wp\/v2\/product\/5707","targetHints":{"allow":["GET"]}}],"collection":[{"href":"https:\/\/turkishtrade.co\/es\/wp-json\/wp\/v2\/product"}],"about":[{"href":"https:\/\/turkishtrade.co\/es\/wp-json\/wp\/v2\/types\/product"}],"wp:featuredmedia":[{"embeddable":true,"href":"https:\/\/turkishtrade.co\/es\/wp-json\/wp\/v2\/media\/3806"}],"wp:attachment":[{"href":"https:\/\/turkishtrade.co\/es\/wp-json\/wp\/v2\/media?parent=5707"}],"wp:term":[{"taxonomy":"product_brand","embeddable":true,"href":"https:\/\/turkishtrade.co\/es\/wp-json\/wp\/v2\/product_brand?post=5707"},{"taxonomy":"product_cat","embeddable":true,"href":"https:\/\/turkishtrade.co\/es\/wp-json\/wp\/v2\/product_cat?post=5707"},{"taxonomy":"product_tag","embeddable":true,"href":"https:\/\/turkishtrade.co\/es\/wp-json\/wp\/v2\/product_tag?post=5707"}],"curies":[{"name":"wp","href":"https:\/\/api.w.org\/{rel}","templated":true}]}}