{"id":5705,"date":"2026-01-14T12:57:19","date_gmt":"2026-01-14T12:57:19","guid":{"rendered":"https:\/\/turkishtrade.co\/product\/mens-leather-suede-boots\/"},"modified":"2026-04-09T19:26:33","modified_gmt":"2026-04-09T19:26:33","slug":"mens-leather-suede-boots","status":"publish","type":"product","link":"https:\/\/turkishtrade.co\/es\/shop\/mens-leather-suede-boots\/","title":{"rendered":"Botines Premium de ante y piel marr\u00f3n para hombre"},"content":{"rendered":"<p><strong>Botas de piel de ante para hombre<\/strong><\/p>\n<p>Entre en la sofisticaci\u00f3n con nuestros <strong>Botas de piel de ante para hombre<\/strong>, Estos exquisitos botines combinan la elegancia cl\u00e1sica con la comodidad contempor\u00e1nea. Estos exquisitos botines combinan la elegancia cl\u00e1sica con la comodidad contempor\u00e1nea, convirti\u00e9ndolos en un complemento indispensable para cualquier armario exigente. Dise\u00f1ados para ofrecer durabilidad y estilo, nuestros <strong>botas de piel de ante para hombre<\/strong> son perfectos para una amplia gama de ocasiones, desde el business casual hasta las aventuras de fin de semana.<\/p>\n<p><h3>Artesan\u00eda inigualable y materiales de primera calidad<\/h3>\n<\/p>\n<p>Cada par de estos extraordinarios <strong>botas de piel de ante para hombre<\/strong> es un testimonio de artesan\u00eda superior. El exterior presenta una lujosa combinaci\u00f3n de piel de ternero marr\u00f3n intenso en la base, que proporciona un aspecto pulido y estructurado, perfectamente complementado con una parte superior de ante marr\u00f3n suave y t\u00e1ctil. Esta cuidada mezcla de texturas crea un contraste visualmente atractivo y realza la elegancia general de las botas.<\/p>\n<p>En el interior, sus pies experimentar\u00e1n una comodidad sin igual gracias al forro de piel de cabra flexible, que es naturalmente transpirable y se amolda a su pie para un ajuste personalizado. La robusta suela de EVA no s\u00f3lo proporciona una excelente amortiguaci\u00f3n y absorci\u00f3n de impactos, sino que tambi\u00e9n garantiza un desgaste duradero y una tracci\u00f3n fiable, haciendo que estas <strong>botas de piel de ante para hombre<\/strong> una inversi\u00f3n inteligente para el uso diario.<\/p>\n<p><h3>Estilo vers\u00e1til y comodidad<\/h3>\n<\/p>\n<p>Nuestros botines de ante y piel marr\u00f3n presentan un dise\u00f1o atemporal con puntera redondeada que destila encanto cl\u00e1sico. Los tonos tierra los hacen incre\u00edblemente vers\u00e1tiles, combinables con vaqueros para un look relajado o con chinos y pantalones de sastrer\u00eda para un conjunto m\u00e1s refinado. Su cuidado dise\u00f1o garantiza la facilidad de uso, con una c\u00f3moda altura de tac\u00f3n (1-3 cm) que favorece el movimiento natural del pie.<\/p>\n<p>Entendemos la importancia de un ajuste perfecto, por lo que estas botas est\u00e1n disponibles en una amplia gama de tallas europeas, de la 39 a la 45, para garantizar que cada cliente pueda encontrar su par ideal.<\/p>\n<p><h3>Oportunidades al por mayor<\/h3>\n<\/p>\n<p>Para los minoristas y las empresas que buscan calzado de alta calidad, estos <strong>botas de piel de ante para hombre<\/strong> son una excelente elecci\u00f3n. Ofrecemos precios competitivos para pedidos al por mayor, con una cantidad m\u00ednima de pedido de 8 pares. Nuestro eficiente proceso de producci\u00f3n y entrega garantiza que su pedido estar\u00e1 listo para el env\u00edo en un plazo aproximado de 12 d\u00edas, con tiempo adicional para el transporte.<\/p>\n<p>As\u00f3ciese con nosotros para proporcionar a su clientela calzado de primera calidad, elegante y c\u00f3modo que destaque en el mercado. Invierta en un par de nuestros <strong>botas de piel de ante para hombre<\/strong> y experimente la combinaci\u00f3n de estilo, comodidad y durabilidad que distingue a nuestra colecci\u00f3n.<\/p>","protected":false},"excerpt":{"rendered":"<ul>\n<li>Elaborado por expertos con un lujoso exterior de piel de becerro y un suave interior de piel de cabra.<\/li>\n<li>Incorpora una suela de EVA duradera y ligera para una mayor comodidad y sujeci\u00f3n.<\/li>\n<li>Elegante dise\u00f1o bicolor que combina piel lisa marr\u00f3n con ante marr\u00f3n intenso.<\/li>\n<li>Disponible en una amplia gama de tallas: EU 39, 40, 41, 42, 43, 44, 45.<\/li>\n<li>Cantidad m\u00ednima de pedido: 8 pares, ideal para mayoristas y compradores al por mayor.<\/li>\n<li>Entrega estimada en 12 d\u00edas, m\u00e1s el tiempo de env\u00edo.<\/li>\n<\/ul>","protected":false},"featured_media":3823,"template":"","meta":{"_acf_changed":false,"_uag_custom_page_level_css":"","site-sidebar-layout":"default","site-content-layout":"","ast-site-content-layout":"default","site-content-style":"default","site-sidebar-style":"default","ast-global-header-display":"","ast-banner-title-visibility":"","ast-main-header-display":"","ast-hfb-above-header-display":"","ast-hfb-below-header-display":"","ast-hfb-mobile-header-display":"","site-post-title":"","ast-breadcrumbs-content":"","ast-featured-img":"","footer-sml-layout":"","ast-disable-related-posts":"","theme-transparent-header-meta":"","adv-header-id-meta":"","stick-header-meta":"","header-above-stick-meta":"","header-main-stick-meta":"","header-below-stick-meta":"","astra-migrate-meta-layouts":"default","ast-page-background-enabled":"default","ast-page-background-meta":{"desktop":{"background-color":"var(--ast-global-color-4)","background-image":"","background-repeat":"repeat","background-position":"center center","background-size":"auto","background-attachment":"scroll","background-type":"","background-media":"","overlay-type":"","overlay-color":"","overlay-opacity":"","overlay-gradient":""},"tablet":{"background-color":"","background-image":"","background-repeat":"repeat","background-position":"center center","background-size":"auto","background-attachment":"scroll","background-type":"","background-media":"","overlay-type":"","overlay-color":"","overlay-opacity":"","overlay-gradient":""},"mobile":{"background-color":"","background-image":"","background-repeat":"repeat","background-position":"center center","background-size":"auto","background-attachment":"scroll","background-type":"","background-media":"","overlay-type":"","overlay-color":"","overlay-opacity":"","overlay-gradient":""}},"ast-content-background-meta":{"desktop":{"background-color":"var(--ast-global-color-5)","background-image":"","background-repeat":"repeat","background-position":"center center","background-size":"auto","background-attachment":"scroll","background-type":"","background-media":"","overlay-type":"","overlay-color":"","overlay-opacity":"","overlay-gradient":""},"tablet":{"background-color":"var(--ast-global-color-5)","background-image":"","background-repeat":"repeat","background-position":"center center","background-size":"auto","background-attachment":"scroll","background-type":"","background-media":"","overlay-type":"","overlay-color":"","overlay-opacity":"","overlay-gradient":""},"mobile":{"background-color":"var(--ast-global-color-5)","background-image":"","background-repeat":"repeat","background-position":"center center","background-size":"auto","background-attachment":"scroll","background-type":"","background-media":"","overlay-type":"","overlay-color":"","overlay-opacity":"","overlay-gradient":""}}},"product_brand":[],"product_cat":[52,47,430,40],"product_tag":[463,1009,202,1012,999,474,1005,438,437,997,476,461,472,471,1024],"class_list":{"0":"post-5705","1":"product","2":"type-product","3":"status-publish","4":"has-post-thumbnail","6":"product_cat-boots","7":"product_cat-classic","8":"product_cat-men","9":"product_cat-mens-shoes","10":"product_tag-ankle-boots","11":"product_tag-brown-boots","12":"product_tag-calf-leather","13":"product_tag-cap-toe-boots","14":"product_tag-casual-boots","15":"product_tag-comfortable-boots","16":"product_tag-durable-boots","17":"product_tag-eva-sole","18":"product_tag-goat-leather","19":"product_tag-handmade-boots","20":"product_tag-leather-boots","21":"product_tag-mens-boots","22":"product_tag-premium-boots","23":"product_tag-smart-casual-boots","24":"product_tag-suede-boots","25":"desktop-align-center","26":"tablet-align-center","27":"mobile-align-center","29":"first","30":"instock","31":"shipping-taxable","32":"purchasable","33":"product-type-variable","34":"has-default-attributes"},"acf":[],"uagb_featured_image_src":{"full":["https:\/\/turkishtrade.co\/wp-content\/uploads\/2026\/01\/2400EJOMN00445-CAMEL-X_12580.png",453,250,false],"thumbnail":["https:\/\/turkishtrade.co\/wp-content\/uploads\/2026\/01\/2400EJOMN00445-CAMEL-X_12580-150x150.png",150,150,true],"medium":["https:\/\/turkishtrade.co\/wp-content\/uploads\/2026\/01\/2400EJOMN00445-CAMEL-X_12580-300x166.png",300,166,true],"medium_large":["https:\/\/turkishtrade.co\/wp-content\/uploads\/2026\/01\/2400EJOMN00445-CAMEL-X_12580.png",453,250,false],"large":["https:\/\/turkishtrade.co\/wp-content\/uploads\/2026\/01\/2400EJOMN00445-CAMEL-X_12580.png",453,250,false],"1536x1536":["https:\/\/turkishtrade.co\/wp-content\/uploads\/2026\/01\/2400EJOMN00445-CAMEL-X_12580.png",453,250,false],"2048x2048":["https:\/\/turkishtrade.co\/wp-content\/uploads\/2026\/01\/2400EJOMN00445-CAMEL-X_12580.png",453,250,false],"trp-custom-language-flag":["https:\/\/turkishtrade.co\/wp-content\/uploads\/2026\/01\/2400EJOMN00445-CAMEL-X_12580-18x10.png",18,10,true],"woocommerce_thumbnail":["https:\/\/turkishtrade.co\/wp-content\/uploads\/2026\/01\/2400EJOMN00445-CAMEL-X_12580-400x250.png",400,250,true],"woocommerce_single":["https:\/\/turkishtrade.co\/wp-content\/uploads\/2026\/01\/2400EJOMN00445-CAMEL-X_12580.png",453,250,false],"woocommerce_gallery_thumbnail":["https:\/\/turkishtrade.co\/wp-content\/uploads\/2026\/01\/2400EJOMN00445-CAMEL-X_12580-100x100.png",100,100,true]},"uagb_author_info":{"display_name":"yaser olabi","author_link":"https:\/\/turkishtrade.co\/es\/author\/"},"uagb_comment_info":0,"uagb_excerpt":"Expertly crafted with a luxurious Calf Leather exterior and soft Goat Leather interior. Features a durable and lightweight EVA sole for superior comfort and support. Elegant two-tone design combining smooth brown leather with rich brown suede. Available in a comprehensive range of sizes: EU 39, 40, 41, 42, 43, 44, 45. Minimum order quantity: 8&hellip;","_links":{"self":[{"href":"https:\/\/turkishtrade.co\/es\/wp-json\/wp\/v2\/product\/5705","targetHints":{"allow":["GET"]}}],"collection":[{"href":"https:\/\/turkishtrade.co\/es\/wp-json\/wp\/v2\/product"}],"about":[{"href":"https:\/\/turkishtrade.co\/es\/wp-json\/wp\/v2\/types\/product"}],"wp:featuredmedia":[{"embeddable":true,"href":"https:\/\/turkishtrade.co\/es\/wp-json\/wp\/v2\/media\/3823"}],"wp:attachment":[{"href":"https:\/\/turkishtrade.co\/es\/wp-json\/wp\/v2\/media?parent=5705"}],"wp:term":[{"taxonomy":"product_brand","embeddable":true,"href":"https:\/\/turkishtrade.co\/es\/wp-json\/wp\/v2\/product_brand?post=5705"},{"taxonomy":"product_cat","embeddable":true,"href":"https:\/\/turkishtrade.co\/es\/wp-json\/wp\/v2\/product_cat?post=5705"},{"taxonomy":"product_tag","embeddable":true,"href":"https:\/\/turkishtrade.co\/es\/wp-json\/wp\/v2\/product_tag?post=5705"}],"curies":[{"name":"wp","href":"https:\/\/api.w.org\/{rel}","templated":true}]}}