{"id":5702,"date":"2026-01-14T12:56:54","date_gmt":"2026-01-14T12:56:54","guid":{"rendered":"https:\/\/turkishtrade.co\/product\/mens-leather-brogue-chelsea-boot\/"},"modified":"2026-04-09T19:26:39","modified_gmt":"2026-04-09T19:26:39","slug":"mens-leather-brogue-chelsea-boot","status":"publish","type":"product","link":"https:\/\/turkishtrade.co\/es\/shop\/mens-leather-brogue-chelsea-boot\/","title":{"rendered":"Botas Chelsea Brogue de piel para hombre hechas a mano con detalle de hebilla"},"content":{"rendered":"<p><strong>Bota Chelsea Brogue de piel para hombre<\/strong><\/p>\n<p>Descubra el ep\u00edtome del estilo cl\u00e1sico y la sofisticaci\u00f3n moderna con nuestro exquisito <strong>Bota Chelsea Brogue de piel para hombre<\/strong>. Meticulosamente elaboradas a mano, estas botas est\u00e1n dise\u00f1adas para el caballero exigente que valora tanto la elegancia como la comodidad. Cada par muestra un arte excepcional, mezclando los detalles tradicionales del brogue con el atractivo contempor\u00e1neo de una bota Chelsea, lo que las convierte en un complemento vers\u00e1til para cualquier armario.<\/p>\n<p>Nuestro compromiso con la calidad empieza por los materiales. La superficie exterior de este magn\u00edfico <strong>Bota Chelsea Brogue de piel para hombre<\/strong> est\u00e1 fabricado en piel de ternero de primera calidad, conocida por su durabilidad, su tacto lujoso y su capacidad para desarrollar una hermosa p\u00e1tina con el paso del tiempo.<\/p>\n<p>En el interior, tus pies experimentar\u00e1n una comodidad inigualable, gracias al forro de piel de cabra suave y transpirable. Esta combinaci\u00f3n garantiza no s\u00f3lo un interior afelpado, sino tambi\u00e9n una excelente ventilaci\u00f3n, manteniendo sus pies c\u00f3modos durante todo el d\u00eda. Esta atenci\u00f3n al detalle define la calidad superior de cada <strong>Bota Chelsea Brogue de piel para hombre<\/strong> que ofrecemos.<\/p>\n<p><h3>Dise\u00f1o y confort inigualables<\/h3>\n<\/p>\n<p>Las inconfundibles perforaciones estilo brogue a\u00f1aden un toque de encanto atemporal, mientras que los paneles laterales el\u00e1sticos, caracter\u00edsticos del estilo de bota Chelsea, proporcionan una comodidad sin esfuerzo y un ajuste ce\u00f1ido. Un elegante detalle de hebilla realza sutilmente el sofisticado perfil de la bota, diferenci\u00e1ndola del calzado corriente. La suela de EVA, robusta pero ligera, ofrece una amortiguaci\u00f3n y una tracci\u00f3n superiores, haciendo que esta <strong>Bota Chelsea Brogue de piel para hombre<\/strong> perfecto para diversos terrenos y condiciones meteorol\u00f3gicas.<\/p>\n<p>Con un tac\u00f3n cl\u00e1sico de 1 a 3 cm, estas botas proporcionan la elevaci\u00f3n ideal para una zancada segura.<\/p>\n<p>Disponible en una amplia gama de tallas europeas, de la 39 a la 45, encontrar el ajuste perfecto es sencillo. Tanto si se viste para una reuni\u00f3n de negocios como para una salida informal de fin de semana o un evento especial por la noche, la versatilidad de este... <strong>Bota Chelsea Brogue de piel para hombre<\/strong> es inigualable. Su refinada est\u00e9tica le permite complementar a la perfecci\u00f3n trajes a medida, elegantes atuendos informales o incluso sofisticados vaqueros.<\/p>\n<p><h3>Artesan\u00eda sostenible y disponibilidad a granel<\/h3>\n<\/p>\n<p>Nos enorgullecemos de nuestra artesan\u00eda sostenible y ofrecemos estas botas de primera calidad con c\u00f3modas opciones de compra al por mayor, a partir de un m\u00ednimo de 8 pares. Esto hace que nuestros <strong>Bota Chelsea Brogue de piel para hombre<\/strong> una opci\u00f3n ideal para minoristas, proveedores de uniformes o quienes deseen abastecerse de calzado de alta calidad. Cada pedido se prepara con esmero, garantizando un plazo de entrega de aproximadamente 12 d\u00edas, m\u00e1s gastos de env\u00edo.<\/p>\n<p>Invierta en un par de estas excepcionales botas y experimente la fusi\u00f3n perfecta de dise\u00f1o heredado, materiales de primera calidad y confort moderno. Eleva tu colecci\u00f3n de calzado con unas <strong>Bota Chelsea Brogue de piel para hombre<\/strong> que promete estilo y calidad duraderos.<\/p>","protected":false},"excerpt":{"rendered":"<ul>\n<li><strong>Pedido m\u00ednimo:<\/strong> Disponible para la compra al por mayor, a partir de 8 pares.<\/li>\n<li><strong>Entrega:<\/strong> Entrega en 12 d\u00edas, m\u00e1s gastos de env\u00edo.<\/li>\n<li><strong>Material exterior:<\/strong> Piel de becerro flexible de primera calidad para un acabado lujoso.<\/li>\n<li><strong>Material interior:<\/strong> Forro de piel de cabra suave y transpirable para el m\u00e1ximo confort.<\/li>\n<li><strong>Suela:<\/strong> Suela de EVA ligera y duradera para un agarre y una sujeci\u00f3n excepcionales.<\/li>\n<li><strong>Altura del tac\u00f3n:<\/strong> Tac\u00f3n cl\u00e1sico de 1-3 cm, perfecto para el d\u00eda a d\u00eda y las ocasiones formales.<\/li>\n<li><strong>Tallas disponibles:<\/strong> Tallas europeas 39, 40, 41, 42, 43, 44, 45.<\/li>\n<\/ul>","protected":false},"featured_media":3822,"template":"","meta":{"_acf_changed":false,"_uag_custom_page_level_css":"","site-sidebar-layout":"default","site-content-layout":"","ast-site-content-layout":"default","site-content-style":"default","site-sidebar-style":"default","ast-global-header-display":"","ast-banner-title-visibility":"","ast-main-header-display":"","ast-hfb-above-header-display":"","ast-hfb-below-header-display":"","ast-hfb-mobile-header-display":"","site-post-title":"","ast-breadcrumbs-content":"","ast-featured-img":"","footer-sml-layout":"","ast-disable-related-posts":"","theme-transparent-header-meta":"","adv-header-id-meta":"","stick-header-meta":"","header-above-stick-meta":"","header-main-stick-meta":"","header-below-stick-meta":"","astra-migrate-meta-layouts":"default","ast-page-background-enabled":"default","ast-page-background-meta":{"desktop":{"background-color":"var(--ast-global-color-4)","background-image":"","background-repeat":"repeat","background-position":"center center","background-size":"auto","background-attachment":"scroll","background-type":"","background-media":"","overlay-type":"","overlay-color":"","overlay-opacity":"","overlay-gradient":""},"tablet":{"background-color":"","background-image":"","background-repeat":"repeat","background-position":"center center","background-size":"auto","background-attachment":"scroll","background-type":"","background-media":"","overlay-type":"","overlay-color":"","overlay-opacity":"","overlay-gradient":""},"mobile":{"background-color":"","background-image":"","background-repeat":"repeat","background-position":"center center","background-size":"auto","background-attachment":"scroll","background-type":"","background-media":"","overlay-type":"","overlay-color":"","overlay-opacity":"","overlay-gradient":""}},"ast-content-background-meta":{"desktop":{"background-color":"var(--ast-global-color-5)","background-image":"","background-repeat":"repeat","background-position":"center center","background-size":"auto","background-attachment":"scroll","background-type":"","background-media":"","overlay-type":"","overlay-color":"","overlay-opacity":"","overlay-gradient":""},"tablet":{"background-color":"var(--ast-global-color-5)","background-image":"","background-repeat":"repeat","background-position":"center center","background-size":"auto","background-attachment":"scroll","background-type":"","background-media":"","overlay-type":"","overlay-color":"","overlay-opacity":"","overlay-gradient":""},"mobile":{"background-color":"var(--ast-global-color-5)","background-image":"","background-repeat":"repeat","background-position":"center center","background-size":"auto","background-attachment":"scroll","background-type":"","background-media":"","overlay-type":"","overlay-color":"","overlay-opacity":"","overlay-gradient":""}}},"product_brand":[],"product_cat":[52,47,430,40],"product_tag":[463,993,477,1023,202,999,1003,474,1005,998,438,478,437,1017,476,217,461,198,1021,1022,855],"class_list":{"0":"post-5702","1":"product","2":"type-product","3":"status-publish","4":"has-post-thumbnail","6":"product_cat-boots","7":"product_cat-classic","8":"product_cat-men","9":"product_cat-mens-shoes","10":"product_tag-ankle-boots","11":"product_tag-brogue-boots","12":"product_tag-buckle-boots","13":"product_tag-business-casual-boots","14":"product_tag-calf-leather","15":"product_tag-casual-boots","16":"product_tag-chelsea-boots","17":"product_tag-comfortable-boots","18":"product_tag-durable-boots","19":"product_tag-elegant-boots","20":"product_tag-eva-sole","21":"product_tag-formal-boots","22":"product_tag-goat-leather","23":"product_tag-handcrafted-boots","24":"product_tag-leather-boots","25":"product_tag-luxury-footwear","26":"product_tag-mens-boots","27":"product_tag-mens-fashion","28":"product_tag-mens-leather-brogue-chelsea-boot","29":"product_tag-mens-style","30":"product_tag-sophisticated-footwear","31":"desktop-align-center","32":"tablet-align-center","33":"mobile-align-center","35":"first","36":"instock","37":"shipping-taxable","38":"purchasable","39":"product-type-variable","40":"has-default-attributes"},"acf":[],"uagb_featured_image_src":{"full":["https:\/\/turkishtrade.co\/wp-content\/uploads\/2026\/01\/2400EJOMN00444-DARK-BLUE-X_875.png",453,250,false],"thumbnail":["https:\/\/turkishtrade.co\/wp-content\/uploads\/2026\/01\/2400EJOMN00444-DARK-BLUE-X_875-150x150.png",150,150,true],"medium":["https:\/\/turkishtrade.co\/wp-content\/uploads\/2026\/01\/2400EJOMN00444-DARK-BLUE-X_875-300x166.png",300,166,true],"medium_large":["https:\/\/turkishtrade.co\/wp-content\/uploads\/2026\/01\/2400EJOMN00444-DARK-BLUE-X_875.png",453,250,false],"large":["https:\/\/turkishtrade.co\/wp-content\/uploads\/2026\/01\/2400EJOMN00444-DARK-BLUE-X_875.png",453,250,false],"1536x1536":["https:\/\/turkishtrade.co\/wp-content\/uploads\/2026\/01\/2400EJOMN00444-DARK-BLUE-X_875.png",453,250,false],"2048x2048":["https:\/\/turkishtrade.co\/wp-content\/uploads\/2026\/01\/2400EJOMN00444-DARK-BLUE-X_875.png",453,250,false],"trp-custom-language-flag":["https:\/\/turkishtrade.co\/wp-content\/uploads\/2026\/01\/2400EJOMN00444-DARK-BLUE-X_875-18x10.png",18,10,true],"woocommerce_thumbnail":["https:\/\/turkishtrade.co\/wp-content\/uploads\/2026\/01\/2400EJOMN00444-DARK-BLUE-X_875-400x250.png",400,250,true],"woocommerce_single":["https:\/\/turkishtrade.co\/wp-content\/uploads\/2026\/01\/2400EJOMN00444-DARK-BLUE-X_875.png",453,250,false],"woocommerce_gallery_thumbnail":["https:\/\/turkishtrade.co\/wp-content\/uploads\/2026\/01\/2400EJOMN00444-DARK-BLUE-X_875-100x100.png",100,100,true]},"uagb_author_info":{"display_name":"yaser olabi","author_link":"https:\/\/turkishtrade.co\/es\/author\/"},"uagb_comment_info":0,"uagb_excerpt":"Minimum Order: Available for bulk purchase, starting from 8 pairs. Delivery: Expect delivery within 12 days, plus shipping time. Outer Material: Premium, supple Calf Leather for a luxurious finish. Inner Material: Soft and breathable Goat Leather lining for ultimate comfort. Sole: Lightweight and durable EVA Sole for exceptional grip and support. Heel Height: Classic 1-3&hellip;","_links":{"self":[{"href":"https:\/\/turkishtrade.co\/es\/wp-json\/wp\/v2\/product\/5702","targetHints":{"allow":["GET"]}}],"collection":[{"href":"https:\/\/turkishtrade.co\/es\/wp-json\/wp\/v2\/product"}],"about":[{"href":"https:\/\/turkishtrade.co\/es\/wp-json\/wp\/v2\/types\/product"}],"wp:featuredmedia":[{"embeddable":true,"href":"https:\/\/turkishtrade.co\/es\/wp-json\/wp\/v2\/media\/3822"}],"wp:attachment":[{"href":"https:\/\/turkishtrade.co\/es\/wp-json\/wp\/v2\/media?parent=5702"}],"wp:term":[{"taxonomy":"product_brand","embeddable":true,"href":"https:\/\/turkishtrade.co\/es\/wp-json\/wp\/v2\/product_brand?post=5702"},{"taxonomy":"product_cat","embeddable":true,"href":"https:\/\/turkishtrade.co\/es\/wp-json\/wp\/v2\/product_cat?post=5702"},{"taxonomy":"product_tag","embeddable":true,"href":"https:\/\/turkishtrade.co\/es\/wp-json\/wp\/v2\/product_tag?post=5702"}],"curies":[{"name":"wp","href":"https:\/\/api.w.org\/{rel}","templated":true}]}}