{"id":5700,"date":"2026-01-14T12:56:33","date_gmt":"2026-01-14T12:56:33","guid":{"rendered":"https:\/\/turkishtrade.co\/product\/mens-leather-brogue-boots-2\/"},"modified":"2026-04-09T19:26:43","modified_gmt":"2026-04-09T19:26:43","slug":"mens-leather-brogue-boots-2","status":"publish","type":"product","link":"https:\/\/turkishtrade.co\/es\/shop\/mens-leather-brogue-boots-2\/","title":{"rendered":"Botas Brogue de piel para hombre hechas a mano"},"content":{"rendered":"<p><strong>Botas brogue de piel para hombre<\/strong><\/p>\n<p>Ad\u00e9ntrese en un estilo y un confort incomparables con nuestra exquisita colecci\u00f3n Handcrafted <strong>Botas brogue de piel para hombre<\/strong>. Meticulosamente dise\u00f1adas para el caballero moderno, estas botas encarnan una fusi\u00f3n perfecta de elegancia cl\u00e1sica y funcionalidad contempor\u00e1nea. Cada par de nuestras <strong>botas brogue de cuero para hombre<\/strong> es un testimonio de artesan\u00eda superior, que garantiza tanto una apariencia llamativa como una durabilidad duradera.<\/p>\n<p>El distinguido exterior de estas botas est\u00e1 confeccionado en piel de ternero de primera calidad, famosa por su excepcional calidad, suave textura y resistencia inherente. Esta elecci\u00f3n de material garantiza una bota que no s\u00f3lo tiene un aspecto sofisticado, sino que tambi\u00e9n envejece maravillosamente, desarrollando una p\u00e1tina \u00fanica con el paso del tiempo. Como complemento del robusto exterior, el interior est\u00e1 suntuosamente forrado con aut\u00e9ntica piel de cabra.<\/p>\n<p>Este forro suave y transpirable proporciona un extraordinario nivel de confort, haciendo que estas <strong>botas brogue de cuero para hombre<\/strong> un placer llevarlo durante todo el d\u00eda.<\/p>\n<p>La puntera y las costuras est\u00e1n adornadas con el caracter\u00edstico brogue, que a\u00f1ade un toque sofisticado y atemporal al acabado marr\u00f3n bru\u00f1ido. El cl\u00e1sico dise\u00f1o de cordones garantiza un ajuste ce\u00f1ido y regulable, realzando tanto la est\u00e9tica como la practicidad del bot\u00edn. Estos vers\u00e1tiles botines se adaptan sin esfuerzo tanto a entornos profesionales como a salidas de fin de semana, lo que los convierte en un complemento indispensable para cualquier armario.<\/p>\n<p>Eleva tu estilo sin esfuerzo con estas refinadas <strong>botas brogue de cuero para hombre<\/strong>, ya sea con pantalones de sastrer\u00eda para un look business casual o con vaqueros de primera calidad para un toque urbano sofisticado.<\/p>\n<p>La comodidad es primordial, y estas <strong>botas brogue de cuero para hombre<\/strong> entregan. Cuentan con una suela de EVA ligera y flexible, dise\u00f1ada para proporcionar una excelente amortiguaci\u00f3n y sujeci\u00f3n a cada paso. El sutil tac\u00f3n de 1-3 cm ofrece una c\u00f3moda elevaci\u00f3n sin comprometer la estabilidad.<\/p>\n<p>Disponibles en una amplia gama de tallas europeas, de la 39 a la 45, garantizamos un ajuste perfecto para una clientela diversa. Nos comprometemos a ofrecer <strong>botas brogue de cuero para hombre<\/strong> que combinan estilo, comodidad y durabilidad.<\/p>\n<p>Para los minoristas y las empresas que desean ofrecer calzado de primera calidad, nuestro <strong>botas brogue de cuero para hombre<\/strong> est\u00e1n disponibles para su compra al por mayor. Requerimos un pedido m\u00ednimo de 8 pares, lo que le permite abastecerse de este popular estilo. Con un plazo de entrega fiable de aproximadamente 12 d\u00edas m\u00e1s gastos de env\u00edo, puede gestionar eficazmente su inventario y satisfacer la demanda de los clientes.<\/p>\n<p>Eleve su colecci\u00f3n con estos <strong>botas brogue de cuero para hombre<\/strong>, ofreciendo a sus clientes la combinaci\u00f3n perfecta de lujo, comodidad y estilo perdurable.<\/p>","protected":false},"excerpt":{"rendered":"<ul>\n<li>Parte superior de piel de becerro de primera calidad para una mayor durabilidad y estilo<\/li>\n<li>Forro de suave piel de cabra para un confort transpirable durante todo el d\u00eda<\/li>\n<li>Suela de EVA ligera y duradera con un tac\u00f3n cl\u00e1sico de 1-3 cm de altura<\/li>\n<li>Detalles brogue atemporales para una est\u00e9tica sofisticada<\/li>\n<li>Cierre de cordones seguro para un ajuste personalizado y ce\u00f1ido<\/li>\n<li>Disponible en tallas europeas 39, 40, 41, 42, 43, 44, 45<\/li>\n<li>Pedido m\u00ednimo al por mayor: 8 pares<\/li>\n<li>Plazo de entrega estimado: 12 d\u00edas + gastos de env\u00edo<\/li>\n<\/ul>","protected":false},"featured_media":3820,"template":"","meta":{"_acf_changed":false,"_uag_custom_page_level_css":"","site-sidebar-layout":"default","site-content-layout":"","ast-site-content-layout":"default","site-content-style":"default","site-sidebar-style":"default","ast-global-header-display":"","ast-banner-title-visibility":"","ast-main-header-display":"","ast-hfb-above-header-display":"","ast-hfb-below-header-display":"","ast-hfb-mobile-header-display":"","site-post-title":"","ast-breadcrumbs-content":"","ast-featured-img":"","footer-sml-layout":"","ast-disable-related-posts":"","theme-transparent-header-meta":"","adv-header-id-meta":"","stick-header-meta":"","header-above-stick-meta":"","header-main-stick-meta":"","header-below-stick-meta":"","astra-migrate-meta-layouts":"default","ast-page-background-enabled":"default","ast-page-background-meta":{"desktop":{"background-color":"var(--ast-global-color-4)","background-image":"","background-repeat":"repeat","background-position":"center center","background-size":"auto","background-attachment":"scroll","background-type":"","background-media":"","overlay-type":"","overlay-color":"","overlay-opacity":"","overlay-gradient":""},"tablet":{"background-color":"","background-image":"","background-repeat":"repeat","background-position":"center center","background-size":"auto","background-attachment":"scroll","background-type":"","background-media":"","overlay-type":"","overlay-color":"","overlay-opacity":"","overlay-gradient":""},"mobile":{"background-color":"","background-image":"","background-repeat":"repeat","background-position":"center center","background-size":"auto","background-attachment":"scroll","background-type":"","background-media":"","overlay-type":"","overlay-color":"","overlay-opacity":"","overlay-gradient":""}},"ast-content-background-meta":{"desktop":{"background-color":"var(--ast-global-color-5)","background-image":"","background-repeat":"repeat","background-position":"center center","background-size":"auto","background-attachment":"scroll","background-type":"","background-media":"","overlay-type":"","overlay-color":"","overlay-opacity":"","overlay-gradient":""},"tablet":{"background-color":"var(--ast-global-color-5)","background-image":"","background-repeat":"repeat","background-position":"center center","background-size":"auto","background-attachment":"scroll","background-type":"","background-media":"","overlay-type":"","overlay-color":"","overlay-opacity":"","overlay-gradient":""},"mobile":{"background-color":"var(--ast-global-color-5)","background-image":"","background-repeat":"repeat","background-position":"center center","background-size":"auto","background-attachment":"scroll","background-type":"","background-media":"","overlay-type":"","overlay-color":"","overlay-opacity":"","overlay-gradient":""}}},"product_brand":[],"product_cat":[52,47,430,40],"product_tag":[463,993,1009,202,999,644,464,438,437,997,994,476,461,198,473],"class_list":{"0":"post-5700","1":"product","2":"type-product","3":"status-publish","4":"has-post-thumbnail","6":"product_cat-boots","7":"product_cat-classic","8":"product_cat-men","9":"product_cat-mens-shoes","10":"product_tag-ankle-boots","11":"product_tag-brogue-boots","12":"product_tag-brown-boots","13":"product_tag-calf-leather","14":"product_tag-casual-boots","15":"product_tag-classic-footwear","16":"product_tag-dress-boots","17":"product_tag-eva-sole","18":"product_tag-goat-leather","19":"product_tag-handmade-boots","20":"product_tag-lace-up-boots","21":"product_tag-leather-boots","22":"product_tag-mens-boots","23":"product_tag-mens-fashion","24":"product_tag-wholesale-boots","25":"desktop-align-center","26":"tablet-align-center","27":"mobile-align-center","29":"first","30":"instock","31":"shipping-taxable","32":"purchasable","33":"product-type-variable","34":"has-default-attributes"},"acf":[],"uagb_featured_image_src":{"full":["https:\/\/turkishtrade.co\/wp-content\/uploads\/2026\/01\/2400EJOMN00443-DARK-BROWN-X_76-TABAN-NOKTALI.png",453,250,false],"thumbnail":["https:\/\/turkishtrade.co\/wp-content\/uploads\/2026\/01\/2400EJOMN00443-DARK-BROWN-X_76-TABAN-NOKTALI-150x150.png",150,150,true],"medium":["https:\/\/turkishtrade.co\/wp-content\/uploads\/2026\/01\/2400EJOMN00443-DARK-BROWN-X_76-TABAN-NOKTALI-300x166.png",300,166,true],"medium_large":["https:\/\/turkishtrade.co\/wp-content\/uploads\/2026\/01\/2400EJOMN00443-DARK-BROWN-X_76-TABAN-NOKTALI.png",453,250,false],"large":["https:\/\/turkishtrade.co\/wp-content\/uploads\/2026\/01\/2400EJOMN00443-DARK-BROWN-X_76-TABAN-NOKTALI.png",453,250,false],"1536x1536":["https:\/\/turkishtrade.co\/wp-content\/uploads\/2026\/01\/2400EJOMN00443-DARK-BROWN-X_76-TABAN-NOKTALI.png",453,250,false],"2048x2048":["https:\/\/turkishtrade.co\/wp-content\/uploads\/2026\/01\/2400EJOMN00443-DARK-BROWN-X_76-TABAN-NOKTALI.png",453,250,false],"trp-custom-language-flag":["https:\/\/turkishtrade.co\/wp-content\/uploads\/2026\/01\/2400EJOMN00443-DARK-BROWN-X_76-TABAN-NOKTALI-18x10.png",18,10,true],"woocommerce_thumbnail":["https:\/\/turkishtrade.co\/wp-content\/uploads\/2026\/01\/2400EJOMN00443-DARK-BROWN-X_76-TABAN-NOKTALI-400x250.png",400,250,true],"woocommerce_single":["https:\/\/turkishtrade.co\/wp-content\/uploads\/2026\/01\/2400EJOMN00443-DARK-BROWN-X_76-TABAN-NOKTALI.png",453,250,false],"woocommerce_gallery_thumbnail":["https:\/\/turkishtrade.co\/wp-content\/uploads\/2026\/01\/2400EJOMN00443-DARK-BROWN-X_76-TABAN-NOKTALI-100x100.png",100,100,true]},"uagb_author_info":{"display_name":"yaser olabi","author_link":"https:\/\/turkishtrade.co\/es\/author\/"},"uagb_comment_info":0,"uagb_excerpt":"Premium Calf Leather Upper for superior durability and style Soft Goat Leather Lining for breathable, all-day comfort Lightweight &amp; Durable EVA Sole with a classic 1-3 cm heel height Timeless Brogue Detailing for a sophisticated aesthetic Secure Lace-up Closure for a personalized and snug fit Available in European Sizes 39, 40, 41, 42, 43, 44,&hellip;","_links":{"self":[{"href":"https:\/\/turkishtrade.co\/es\/wp-json\/wp\/v2\/product\/5700","targetHints":{"allow":["GET"]}}],"collection":[{"href":"https:\/\/turkishtrade.co\/es\/wp-json\/wp\/v2\/product"}],"about":[{"href":"https:\/\/turkishtrade.co\/es\/wp-json\/wp\/v2\/types\/product"}],"wp:featuredmedia":[{"embeddable":true,"href":"https:\/\/turkishtrade.co\/es\/wp-json\/wp\/v2\/media\/3820"}],"wp:attachment":[{"href":"https:\/\/turkishtrade.co\/es\/wp-json\/wp\/v2\/media?parent=5700"}],"wp:term":[{"taxonomy":"product_brand","embeddable":true,"href":"https:\/\/turkishtrade.co\/es\/wp-json\/wp\/v2\/product_brand?post=5700"},{"taxonomy":"product_cat","embeddable":true,"href":"https:\/\/turkishtrade.co\/es\/wp-json\/wp\/v2\/product_cat?post=5700"},{"taxonomy":"product_tag","embeddable":true,"href":"https:\/\/turkishtrade.co\/es\/wp-json\/wp\/v2\/product_tag?post=5700"}],"curies":[{"name":"wp","href":"https:\/\/api.w.org\/{rel}","templated":true}]}}