{"id":5696,"date":"2026-01-14T12:55:51","date_gmt":"2026-01-14T12:55:51","guid":{"rendered":"https:\/\/turkishtrade.co\/product\/men-s-leather-ankle-boots-2\/"},"modified":"2026-04-09T19:26:49","modified_gmt":"2026-04-09T19:26:49","slug":"mens-leather-ankle-boots","status":"publish","type":"product","link":"https:\/\/turkishtrade.co\/es\/shop\/mens-leather-ankle-boots\/","title":{"rendered":"Botines de hombre de piel de becerro negra de primera calidad"},"content":{"rendered":"<p><strong>Botines de piel para hombre<\/strong><\/p>\n<p>Ad\u00e9ntrese en un estilo atemporal y una comodidad sin igual con nuestro <strong>Botines de hombre de piel de becerro negra de primera calidad<\/strong>. Confeccionadas por expertos para el caballero moderno, estas botas vers\u00e1tiles son un testimonio de calidad y dise\u00f1o sofisticado. Tanto si te diriges a una reuni\u00f3n informal de negocios como si disfrutas de una salida de fin de semana, estas... <strong>botines de piel para hombre<\/strong> proporcionan la mezcla perfecta de elegancia y durabilidad.<\/p>\n<p><h3>Artesan\u00eda y materiales inigualables<\/h3>\n<\/p>\n<p>El exterior de estas excepcionales botas est\u00e1 confeccionado en piel de ternero de alta calidad, famosa por su textura flexible y su resistencia duradera. El dise\u00f1o incorpora un acabado liso y pulido en la pala y la puntera, junto con una refinada textura mate en el tobillo, lo que a\u00f1ade una sofisticada profundidad visual. Este meticuloso uso de la piel de becerro de primera calidad no s\u00f3lo realza el atractivo est\u00e9tico, sino que tambi\u00e9n garantiza que estos <strong>botines de piel para hombre<\/strong> envejecer\u00e1 maravillosamente, desarrollando una p\u00e1tina \u00fanica con el paso del tiempo.<\/p>\n<p>En el interior, sus pies experimentar\u00e1n la lujosa suavidad del forro de aut\u00e9ntica piel de cabra, que proporciona una transpirabilidad y una comodidad superiores para llevarlas puestas todo el d\u00eda. Este compromiso con los materiales de calidad garantiza un entorno c\u00f3modo y saludable para tus pies.<\/p>\n<p><h3>Dise\u00f1ado para ofrecer comodidad y versatilidad<\/h3>\n<\/p>\n<p>Dise\u00f1adas pensando tanto en la forma como en la funcionalidad, estas botas incorporan un cl\u00e1sico cierre de cordones para un ajuste seguro y regulable. La suela de EVA, robusta pero ligera, ofrece una excelente amortiguaci\u00f3n y una tracci\u00f3n fiable, haciendo que cada paso sea un placer. Con una c\u00f3moda altura de tac\u00f3n de 1 a 3 cm, estas botas est\u00e1n pensadas para un confort duradero sin renunciar al estilo.<\/p>\n<p>Disponibles en una amplia gama de tallas, de la UE 39 a la 45, encontrar el ajuste perfecto no supone ning\u00fan esfuerzo. Estos <strong>botines de piel para hombre<\/strong> son la elecci\u00f3n ideal para realzar conjuntos elegantes e informales, aportando un toque sofisticado a cualquier atuendo.<\/p>\n<p><h3>Oportunidad para los mayoristas de calzado de calidad<\/h3>\n<\/p>\n<p>Ideales para minoristas y empresas que buscan calzado de alta calidad, estas <strong>botines de piel para hombre<\/strong> est\u00e1n disponibles para su compra al por mayor con un pedido m\u00ednimo de 8 pares. Garantizamos un procesamiento eficiente, con pedidos que se env\u00edan normalmente en 12 d\u00edas, m\u00e1s el tiempo de env\u00edo, lo que le permite abastecerse con confianza. Invierta en un calzado que combina la artesan\u00eda con un estilo perdurable, ofreciendo a sus clientes un producto que destaca.<\/p>\n<p>Eleve su colecci\u00f3n con estos esenciales y elegantes <strong>botines de piel para hombre<\/strong>, un art\u00edculo imprescindible para cualquier comprador exigente.<\/p>","protected":false},"excerpt":{"rendered":"<ul>\n<li><strong>Material exterior:<\/strong> Piel de becerro de primera calidad para un estilo sofisticado y durabilidad, con texturas pulida y mate.<\/li>\n<li><strong>Material interior:<\/strong> Lujoso forro de piel de cabra para mayor comodidad y transpirabilidad.<\/li>\n<li><strong>Suela:<\/strong> Suela de EVA ligera pero duradera para ofrecer comodidad durante todo el d\u00eda y una excelente tracci\u00f3n.<\/li>\n<li><strong>Altura del tac\u00f3n:<\/strong> Tac\u00f3n bajo cl\u00e1sico (aproximadamente 1-3 cm), ideal para un confort sostenido.<\/li>\n<li><strong>Tallas disponibles:<\/strong> Amplia gama de UE 39 a 45 para adaptarse a diversas necesidades.<\/li>\n<li><strong>Pedido m\u00ednimo:<\/strong> C\u00f3modo pedido al por mayor con un m\u00ednimo de 8 pares.<\/li>\n<li><strong>Plazo de entrega:<\/strong> Los pedidos se env\u00edan en un plazo de 12 d\u00edas + gastos de env\u00edo para un suministro eficaz.<\/li>\n<\/ul>","protected":false},"featured_media":3818,"template":"","meta":{"_acf_changed":false,"_uag_custom_page_level_css":"","site-sidebar-layout":"default","site-content-layout":"","ast-site-content-layout":"default","site-content-style":"default","site-sidebar-style":"default","ast-global-header-display":"","ast-banner-title-visibility":"","ast-main-header-display":"","ast-hfb-above-header-display":"","ast-hfb-below-header-display":"","ast-hfb-mobile-header-display":"","site-post-title":"","ast-breadcrumbs-content":"","ast-featured-img":"","footer-sml-layout":"","ast-disable-related-posts":"","theme-transparent-header-meta":"","adv-header-id-meta":"","stick-header-meta":"","header-above-stick-meta":"","header-main-stick-meta":"","header-below-stick-meta":"","astra-migrate-meta-layouts":"default","ast-page-background-enabled":"default","ast-page-background-meta":{"desktop":{"background-color":"var(--ast-global-color-4)","background-image":"","background-repeat":"repeat","background-position":"center center","background-size":"auto","background-attachment":"scroll","background-type":"","background-media":"","overlay-type":"","overlay-color":"","overlay-opacity":"","overlay-gradient":""},"tablet":{"background-color":"","background-image":"","background-repeat":"repeat","background-position":"center center","background-size":"auto","background-attachment":"scroll","background-type":"","background-media":"","overlay-type":"","overlay-color":"","overlay-opacity":"","overlay-gradient":""},"mobile":{"background-color":"","background-image":"","background-repeat":"repeat","background-position":"center center","background-size":"auto","background-attachment":"scroll","background-type":"","background-media":"","overlay-type":"","overlay-color":"","overlay-opacity":"","overlay-gradient":""}},"ast-content-background-meta":{"desktop":{"background-color":"var(--ast-global-color-5)","background-image":"","background-repeat":"repeat","background-position":"center center","background-size":"auto","background-attachment":"scroll","background-type":"","background-media":"","overlay-type":"","overlay-color":"","overlay-opacity":"","overlay-gradient":""},"tablet":{"background-color":"var(--ast-global-color-5)","background-image":"","background-repeat":"repeat","background-position":"center center","background-size":"auto","background-attachment":"scroll","background-type":"","background-media":"","overlay-type":"","overlay-color":"","overlay-opacity":"","overlay-gradient":""},"mobile":{"background-color":"var(--ast-global-color-5)","background-image":"","background-repeat":"repeat","background-position":"center center","background-size":"auto","background-attachment":"scroll","background-type":"","background-media":"","overlay-type":"","overlay-color":"","overlay-opacity":"","overlay-gradient":""}}},"product_brand":[],"product_cat":[52,47,430,40],"product_tag":[463,1008,200,202,474,545,438,437,994,476,461,198,362,210,473],"class_list":{"0":"post-5696","1":"product","2":"type-product","3":"status-publish","4":"has-post-thumbnail","6":"product_cat-boots","7":"product_cat-classic","8":"product_cat-men","9":"product_cat-mens-shoes","10":"product_tag-ankle-boots","11":"product_tag-black-boots","12":"product_tag-business-casual","13":"product_tag-calf-leather","14":"product_tag-comfortable-boots","15":"product_tag-eu-39-45","16":"product_tag-eva-sole","17":"product_tag-goat-leather","18":"product_tag-lace-up-boots","19":"product_tag-leather-boots","20":"product_tag-mens-boots","21":"product_tag-mens-fashion","22":"product_tag-premium-footwear","23":"product_tag-smart-casual","24":"product_tag-wholesale-boots","25":"desktop-align-center","26":"tablet-align-center","27":"mobile-align-center","29":"first","30":"instock","31":"shipping-taxable","32":"purchasable","33":"product-type-variable","34":"has-default-attributes"},"acf":[],"uagb_featured_image_src":{"full":["https:\/\/turkishtrade.co\/wp-content\/uploads\/2026\/01\/2400EJOMN00275-BROWN-Y_433.png",453,250,false],"thumbnail":["https:\/\/turkishtrade.co\/wp-content\/uploads\/2026\/01\/2400EJOMN00275-BROWN-Y_433-150x150.png",150,150,true],"medium":["https:\/\/turkishtrade.co\/wp-content\/uploads\/2026\/01\/2400EJOMN00275-BROWN-Y_433-300x166.png",300,166,true],"medium_large":["https:\/\/turkishtrade.co\/wp-content\/uploads\/2026\/01\/2400EJOMN00275-BROWN-Y_433.png",453,250,false],"large":["https:\/\/turkishtrade.co\/wp-content\/uploads\/2026\/01\/2400EJOMN00275-BROWN-Y_433.png",453,250,false],"1536x1536":["https:\/\/turkishtrade.co\/wp-content\/uploads\/2026\/01\/2400EJOMN00275-BROWN-Y_433.png",453,250,false],"2048x2048":["https:\/\/turkishtrade.co\/wp-content\/uploads\/2026\/01\/2400EJOMN00275-BROWN-Y_433.png",453,250,false],"trp-custom-language-flag":["https:\/\/turkishtrade.co\/wp-content\/uploads\/2026\/01\/2400EJOMN00275-BROWN-Y_433-18x10.png",18,10,true],"woocommerce_thumbnail":["https:\/\/turkishtrade.co\/wp-content\/uploads\/2026\/01\/2400EJOMN00275-BROWN-Y_433-400x250.png",400,250,true],"woocommerce_single":["https:\/\/turkishtrade.co\/wp-content\/uploads\/2026\/01\/2400EJOMN00275-BROWN-Y_433.png",453,250,false],"woocommerce_gallery_thumbnail":["https:\/\/turkishtrade.co\/wp-content\/uploads\/2026\/01\/2400EJOMN00275-BROWN-Y_433-100x100.png",100,100,true]},"uagb_author_info":{"display_name":"yaser olabi","author_link":"https:\/\/turkishtrade.co\/es\/author\/"},"uagb_comment_info":0,"uagb_excerpt":"Outer Material: Premium Calf Leather for sophisticated style and durability, featuring both polished and matte textures. Inner Material: Luxurious Goat Leather lining for ultimate comfort and breathability. Sole: Lightweight yet durable EVA sole for all-day comfort and excellent traction. Heel Height: Classic low heel (approximately 1-3 cm), ideal for sustained comfort. Available Sizes: Comprehensive range&hellip;","_links":{"self":[{"href":"https:\/\/turkishtrade.co\/es\/wp-json\/wp\/v2\/product\/5696","targetHints":{"allow":["GET"]}}],"collection":[{"href":"https:\/\/turkishtrade.co\/es\/wp-json\/wp\/v2\/product"}],"about":[{"href":"https:\/\/turkishtrade.co\/es\/wp-json\/wp\/v2\/types\/product"}],"wp:featuredmedia":[{"embeddable":true,"href":"https:\/\/turkishtrade.co\/es\/wp-json\/wp\/v2\/media\/3818"}],"wp:attachment":[{"href":"https:\/\/turkishtrade.co\/es\/wp-json\/wp\/v2\/media?parent=5696"}],"wp:term":[{"taxonomy":"product_brand","embeddable":true,"href":"https:\/\/turkishtrade.co\/es\/wp-json\/wp\/v2\/product_brand?post=5696"},{"taxonomy":"product_cat","embeddable":true,"href":"https:\/\/turkishtrade.co\/es\/wp-json\/wp\/v2\/product_cat?post=5696"},{"taxonomy":"product_tag","embeddable":true,"href":"https:\/\/turkishtrade.co\/es\/wp-json\/wp\/v2\/product_tag?post=5696"}],"curies":[{"name":"wp","href":"https:\/\/api.w.org\/{rel}","templated":true}]}}