{"id":5686,"date":"2026-01-14T12:54:32","date_gmt":"2026-01-14T12:54:32","guid":{"rendered":"https:\/\/turkishtrade.co\/product\/mens-leather-zip-boots\/"},"modified":"2026-04-09T19:27:07","modified_gmt":"2026-04-09T19:27:07","slug":"mens-leather-zip-boots","status":"publish","type":"product","link":"https:\/\/turkishtrade.co\/es\/shop\/mens-leather-zip-boots\/","title":{"rendered":"Botines con cremallera de piel de primera calidad para hombre"},"content":{"rendered":"<p><strong>Botas de piel con cremallera para hombre<\/strong><\/p>\n<p>Sum\u00e9rjase en una sofisticaci\u00f3n y un confort incomparables con nuestro exquisito <strong>Botines con cremallera de piel de primera calidad para hombre<\/strong>. Dise\u00f1adas para el caballero exigente, estas botas combinan a la perfecci\u00f3n la artesan\u00eda cl\u00e1sica con el estilo contempor\u00e1neo, lo que las convierte en un complemento indispensable para cualquier armario. Tanto si te vistes para un evento formal como para una reuni\u00f3n de negocios o simplemente para mejorar tu atuendo diario, estas botas son el complemento perfecto. <strong>Botas de piel con cremallera para hombre<\/strong> ofrecen la combinaci\u00f3n perfecta de elegancia y practicidad.<\/p>\n<p><h3>Artesan\u00eda inigualable y materiales de calidad superior<\/h3>\n<\/p>\n<p>Nuestro compromiso con la calidad comienza con la selecci\u00f3n de los materiales. El exterior de estos impresionantes <strong>Botines de piel con cremallera para hombre<\/strong> est\u00e1 fabricado en piel de ternero de primera calidad, famosa por su suave textura, notable durabilidad y capacidad para desarrollar una hermosa p\u00e1tina con el paso del tiempo.<\/p>\n<p>Esto garantiza no s\u00f3lo un aspecto lujoso, sino tambi\u00e9n una bota que resiste el paso del tiempo. En el interior, tus pies estar\u00e1n envueltos en la suavidad del forro de piel de cabra aut\u00e9ntica, que proporciona una transpirabilidad excepcional y un tacto afelpado que hace que cada paso sea un placer. Esta atenci\u00f3n al detalle en la selecci\u00f3n de materiales marca la diferencia de nuestras <strong>Botas de piel con cremallera para hombre<\/strong> aparte del resto.<\/p>\n<p><h3>Dise\u00f1ado para ofrecer comodidad y versatilidad<\/h3>\n<\/p>\n<p>La comodidad es primordial en nuestra filosof\u00eda de dise\u00f1o. La suela de EVA, ligera pero robusta, ofrece una amortiguaci\u00f3n y una flexibilidad superiores, lo que garantiza que puedas llevar estas botas c\u00f3modamente de la ma\u00f1ana a la noche. El tac\u00f3n cl\u00e1sico de 1-3 cm proporciona una sutil elevaci\u00f3n sin comprometer la estabilidad, manteniendo una silueta elegante y sofisticada.<\/p>\n<p>El c\u00f3modo cierre de cremallera permite pon\u00e9rselas y quit\u00e1rselas f\u00e1cilmente, lo que aumenta la practicidad de estas elegantes botas. Disponibles en una vers\u00e1til gama de colores, que incluye el cl\u00e1sico negro y el intenso marr\u00f3n de nuestra colecci\u00f3n, estas <strong>Botas de piel con cremallera para hombre<\/strong> son incre\u00edblemente adaptables, combinan sin esfuerzo con trajes, chinos o incluso vaqueros de primera calidad.<\/p>\n<p><h3>Experimente la diferencia con nuestras botas de piel con cremallera para hombre<\/h3>\n<\/p>\n<p>Comprendemos las necesidades tanto de los clientes particulares como de las empresas. Por eso estos productos <strong>Botines de piel con cremallera para hombre<\/strong> est\u00e1n disponibles en una amplia gama de tallas, de la 39 a la 45. Para nuestros socios mayoristas, ofrecemos un pedido m\u00ednimo de 8 pares, con un plazo de entrega fiable de 12 d\u00edas m\u00e1s gastos de env\u00edo.<\/p>\n<p>Invierta en un par de botas que le prometan no s\u00f3lo un estilo excepcional, sino tambi\u00e9n una calidad duradera y una comodidad suprema. Eleve su colecci\u00f3n de calzado con estas magn\u00edficas <strong>Botas de piel con cremallera para hombre<\/strong> y experimente la fusi\u00f3n perfecta de tradici\u00f3n y elegancia moderna.<\/p>","protected":false},"excerpt":{"rendered":"<ul>\n<li>Exterior de piel de becerro de primera calidad para una mayor durabilidad y un estilo sofisticado.<\/li>\n<li>El lujoso forro interior de piel de cabra garantiza un confort y una transpirabilidad excepcionales.<\/li>\n<li>Suela de EVA ligera y flexible que proporciona una amortiguaci\u00f3n superior para llevarlas todo el d\u00eda.<\/li>\n<li>El tac\u00f3n cl\u00e1sico de 1-3 cm de altura ofrece un perfil refinado y elegante.<\/li>\n<li>Disponible en una amplia gama de tallas, de la 39 a la 45, para un ajuste perfecto.<\/li>\n<li>Cantidad m\u00ednima de pedido: 8 pares (ideal para minoristas y compradores al por mayor).<\/li>\n<li>Plazo de entrega: 12 d\u00edas + gastos de env\u00edo (garantizando la llegada puntual de sus pedidos).<\/li>\n<\/ul>","protected":false},"featured_media":3813,"template":"","meta":{"_acf_changed":false,"_uag_custom_page_level_css":"","site-sidebar-layout":"default","site-content-layout":"","ast-site-content-layout":"default","site-content-style":"default","site-sidebar-style":"default","ast-global-header-display":"","ast-banner-title-visibility":"","ast-main-header-display":"","ast-hfb-above-header-display":"","ast-hfb-below-header-display":"","ast-hfb-mobile-header-display":"","site-post-title":"","ast-breadcrumbs-content":"","ast-featured-img":"","footer-sml-layout":"","ast-disable-related-posts":"","theme-transparent-header-meta":"","adv-header-id-meta":"","stick-header-meta":"","header-above-stick-meta":"","header-main-stick-meta":"","header-below-stick-meta":"","astra-migrate-meta-layouts":"default","ast-page-background-enabled":"default","ast-page-background-meta":{"desktop":{"background-color":"var(--ast-global-color-4)","background-image":"","background-repeat":"repeat","background-position":"center center","background-size":"auto","background-attachment":"scroll","background-type":"","background-media":"","overlay-type":"","overlay-color":"","overlay-opacity":"","overlay-gradient":""},"tablet":{"background-color":"","background-image":"","background-repeat":"repeat","background-position":"center center","background-size":"auto","background-attachment":"scroll","background-type":"","background-media":"","overlay-type":"","overlay-color":"","overlay-opacity":"","overlay-gradient":""},"mobile":{"background-color":"","background-image":"","background-repeat":"repeat","background-position":"center center","background-size":"auto","background-attachment":"scroll","background-type":"","background-media":"","overlay-type":"","overlay-color":"","overlay-opacity":"","overlay-gradient":""}},"ast-content-background-meta":{"desktop":{"background-color":"var(--ast-global-color-5)","background-image":"","background-repeat":"repeat","background-position":"center center","background-size":"auto","background-attachment":"scroll","background-type":"","background-media":"","overlay-type":"","overlay-color":"","overlay-opacity":"","overlay-gradient":""},"tablet":{"background-color":"var(--ast-global-color-5)","background-image":"","background-repeat":"repeat","background-position":"center center","background-size":"auto","background-attachment":"scroll","background-type":"","background-media":"","overlay-type":"","overlay-color":"","overlay-opacity":"","overlay-gradient":""},"mobile":{"background-color":"var(--ast-global-color-5)","background-image":"","background-repeat":"repeat","background-position":"center center","background-size":"auto","background-attachment":"scroll","background-type":"","background-media":"","overlay-type":"","overlay-color":"","overlay-opacity":"","overlay-gradient":""}}},"product_brand":[],"product_cat":[52,47,430,40],"product_tag":[463,1008,1009,202,1012,999,474,464,438,1011,189,997,476,465,461,198,1013,472,471,1004,473,1010,1007],"class_list":{"0":"post-5686","1":"product","2":"type-product","3":"status-publish","4":"has-post-thumbnail","6":"product_cat-boots","7":"product_cat-classic","8":"product_cat-men","9":"product_cat-mens-shoes","10":"product_tag-ankle-boots","11":"product_tag-black-boots","12":"product_tag-brown-boots","13":"product_tag-calf-leather","14":"product_tag-cap-toe-boots","15":"product_tag-casual-boots","16":"product_tag-comfortable-boots","17":"product_tag-dress-boots","18":"product_tag-eva-sole","19":"product_tag-footwear-for-men","20":"product_tag-goat-leather-lining","21":"product_tag-handmade-boots","22":"product_tag-leather-boots","23":"product_tag-luxury-boots","24":"product_tag-mens-boots","25":"product_tag-mens-fashion","26":"product_tag-mens-leather-zip-boots","27":"product_tag-premium-boots","28":"product_tag-smart-casual-boots","29":"product_tag-stylish-boots","30":"product_tag-wholesale-boots","31":"product_tag-zip-up-boots","32":"product_tag-zipper-boots","33":"desktop-align-center","34":"tablet-align-center","35":"mobile-align-center","37":"first","38":"instock","39":"shipping-taxable","40":"purchasable","41":"product-type-variable","42":"has-default-attributes"},"acf":[],"uagb_featured_image_src":{"full":["https:\/\/turkishtrade.co\/wp-content\/uploads\/2026\/01\/2400EJOMN00272-DARK-BROWN-X_12580.png",453,250,false],"thumbnail":["https:\/\/turkishtrade.co\/wp-content\/uploads\/2026\/01\/2400EJOMN00272-DARK-BROWN-X_12580-150x150.png",150,150,true],"medium":["https:\/\/turkishtrade.co\/wp-content\/uploads\/2026\/01\/2400EJOMN00272-DARK-BROWN-X_12580-300x166.png",300,166,true],"medium_large":["https:\/\/turkishtrade.co\/wp-content\/uploads\/2026\/01\/2400EJOMN00272-DARK-BROWN-X_12580.png",453,250,false],"large":["https:\/\/turkishtrade.co\/wp-content\/uploads\/2026\/01\/2400EJOMN00272-DARK-BROWN-X_12580.png",453,250,false],"1536x1536":["https:\/\/turkishtrade.co\/wp-content\/uploads\/2026\/01\/2400EJOMN00272-DARK-BROWN-X_12580.png",453,250,false],"2048x2048":["https:\/\/turkishtrade.co\/wp-content\/uploads\/2026\/01\/2400EJOMN00272-DARK-BROWN-X_12580.png",453,250,false],"trp-custom-language-flag":["https:\/\/turkishtrade.co\/wp-content\/uploads\/2026\/01\/2400EJOMN00272-DARK-BROWN-X_12580-18x10.png",18,10,true],"woocommerce_thumbnail":["https:\/\/turkishtrade.co\/wp-content\/uploads\/2026\/01\/2400EJOMN00272-DARK-BROWN-X_12580-400x250.png",400,250,true],"woocommerce_single":["https:\/\/turkishtrade.co\/wp-content\/uploads\/2026\/01\/2400EJOMN00272-DARK-BROWN-X_12580.png",453,250,false],"woocommerce_gallery_thumbnail":["https:\/\/turkishtrade.co\/wp-content\/uploads\/2026\/01\/2400EJOMN00272-DARK-BROWN-X_12580-100x100.png",100,100,true]},"uagb_author_info":{"display_name":"yaser olabi","author_link":"https:\/\/turkishtrade.co\/es\/author\/"},"uagb_comment_info":0,"uagb_excerpt":"Premium Calf Leather Exterior for durability and sophisticated style. Luxurious Goat Leather Interior lining ensures exceptional comfort and breathability. Lightweight and flexible EVA Sole provides superior cushioning for all-day wear. Classic 1-3 cm Heel Height offers a refined, elegant profile. Available in a wide range of sizes from 39 to 45 for the perfect fit.&hellip;","_links":{"self":[{"href":"https:\/\/turkishtrade.co\/es\/wp-json\/wp\/v2\/product\/5686","targetHints":{"allow":["GET"]}}],"collection":[{"href":"https:\/\/turkishtrade.co\/es\/wp-json\/wp\/v2\/product"}],"about":[{"href":"https:\/\/turkishtrade.co\/es\/wp-json\/wp\/v2\/types\/product"}],"wp:featuredmedia":[{"embeddable":true,"href":"https:\/\/turkishtrade.co\/es\/wp-json\/wp\/v2\/media\/3813"}],"wp:attachment":[{"href":"https:\/\/turkishtrade.co\/es\/wp-json\/wp\/v2\/media?parent=5686"}],"wp:term":[{"taxonomy":"product_brand","embeddable":true,"href":"https:\/\/turkishtrade.co\/es\/wp-json\/wp\/v2\/product_brand?post=5686"},{"taxonomy":"product_cat","embeddable":true,"href":"https:\/\/turkishtrade.co\/es\/wp-json\/wp\/v2\/product_cat?post=5686"},{"taxonomy":"product_tag","embeddable":true,"href":"https:\/\/turkishtrade.co\/es\/wp-json\/wp\/v2\/product_tag?post=5686"}],"curies":[{"name":"wp","href":"https:\/\/api.w.org\/{rel}","templated":true}]}}