{"id":5683,"date":"2026-01-14T12:53:55","date_gmt":"2026-01-14T12:53:55","guid":{"rendered":"https:\/\/turkishtrade.co\/product\/mens-leather-brogue-boots\/"},"modified":"2026-04-09T19:27:13","modified_gmt":"2026-04-09T19:27:13","slug":"mens-leather-brogue-boots","status":"publish","type":"product","link":"https:\/\/turkishtrade.co\/es\/shop\/mens-leather-brogue-boots\/","title":{"rendered":"Botas Chelsea de piel con hebilla de primera calidad para hombre"},"content":{"rendered":"<p><strong>Botas brogue de piel para hombre<\/strong><\/p>\n<p>Adopte un estilo sofisticado con nuestra colecci\u00f3n de <b>Botas Chelsea de piel con hebilla de primera calidad para hombre<\/b>. Estas excepcionales botas est\u00e1n meticulosamente dise\u00f1adas para el caballero moderno que aprecia tanto la elegancia cl\u00e1sica como la comodidad contempor\u00e1nea. Cada par encarna la artesan\u00eda superior, por lo que una adici\u00f3n destacada a cualquier guardarropa exigente.<\/p>\n<p>Tanto si te vistes para un evento formal como si a\u00f1ades un toque de clase a tu atuendo informal, estas botas est\u00e1n dise\u00f1adas para impresionar.<\/p>\n<p><h3>Artesan\u00eda sin igual y materiales de primera calidad<\/h3>\n<\/p>\n<p>Nuestra <b>Botas brogue de piel para hombre<\/b> son un testimonio de calidad, fabricadas con los mejores materiales. El exterior est\u00e1 confeccionado en piel de ternero flexible y duradera, conocida por su textura suave y su capacidad para envejecer maravillosamente, lo que garantiza que tus botas luzcan magn\u00edficas durante a\u00f1os. En el interior, sus pies se acunar\u00e1n en la lujosa suavidad del forro de piel de cabra, que proporciona una transpirabilidad excepcional y un confort que dura todo el d\u00eda.<\/p>\n<p>La robusta pero ligera suela de EVA ofrece una excelente amortiguaci\u00f3n y flexibilidad, garantizando una zancada c\u00f3moda a cada paso. Con una altura de tac\u00f3n cl\u00e1sica de 1-3 cm, estas botas ofrecen la elevaci\u00f3n perfecta sin comprometer la estabilidad ni la comodidad.<\/p>\n<p><h3>Dise\u00f1o atemporal y versatilidad moderna<\/h3>\n<\/p>\n<p>Estas no son unas botas cualquiera; son toda una declaraci\u00f3n de estilo. El ic\u00f3nico detalle de brogue, con sus intrincadas perforaciones, a\u00f1ade un toque de elegancia tradicional, mientras que la estilizada hebilla lateral introduce un toque contempor\u00e1neo. El cord\u00f3n el\u00e1stico, caracter\u00edstico de los botines Chelsea, garantiza la facilidad de uso, permiti\u00e9ndote pon\u00e9rtelos y quit\u00e1rtelos sin esfuerzo.<\/p>\n<p>Disponibles en tallas que van de la 39 a la 45, estas botas satisfacen a un p\u00fablico muy amplio. El dise\u00f1o vers\u00e1til de estas <b>Botas brogue de piel para hombre<\/b> hace que sean adecuados para una gran variedad de ocasiones, desde entornos informales de negocios hasta salidas de fin de semana, combinando a la perfecci\u00f3n con pantalones de sastrer\u00eda, chinos o incluso vaqueros oscuros.<\/p>\n<p><h3>Durabilidad y comodidad para el caballero exigente<\/h3>\n<\/p>\n<p>Invertir en nuestro <b>Botas brogue de piel para hombre<\/b> significa invertir en calidad duradera. La combinaci\u00f3n de piel de becerro y cabra de primera calidad, junto con la duradera suela de EVA, garantizan que estas botas est\u00e9n fabricadas para soportar los rigores del uso diario sin perder su aspecto refinado.<\/p>\n<p>Experimenta la combinaci\u00f3n perfecta de sujeci\u00f3n y flexibilidad, que te permitir\u00e1 moverte con confianza y facilidad. Entendemos la importancia tanto del estilo como de la esencia, y estas botas cumplen en ambos frentes, proporcionando una experiencia de lujo desde el momento en que te las pones.<\/p>\n<p>Para minoristas y empresas, estas botas de primera calidad est\u00e1n disponibles para su compra al por mayor con un pedido m\u00ednimo de 8 pares. Ofrecemos entrega eficiente dentro de 12 d\u00edas, m\u00e1s el tiempo de env\u00edo, asegurando que usted puede abastecer su inventario con estas botas de cuero brogue de los hombres altamente codiciados sin demora. Eleve su colecci\u00f3n de calzado u ofrecer a sus clientes un producto que ejemplifica la sofisticaci\u00f3n, comodidad y estilo perdurable.<\/p>","protected":false},"excerpt":{"rendered":"<ul>\n<li>Fabricado por expertos con un exterior de piel de becerro de primera calidad para un aspecto sofisticado y un uso duradero.<\/li>\n<li>Lujosamente forrado con suave piel de cabra para un confort y una transpirabilidad inigualables.<\/li>\n<li>Incorpora una suela de EVA ligera y flexible que garantiza comodidad durante todo el d\u00eda y un excelente agarre.<\/li>\n<li>Presenta elegantes detalles de estilo brogue y un elegante detalle de hebilla lateral que combina el encanto cl\u00e1sico con el atractivo moderno.<\/li>\n<li>Dise\u00f1ados con pr\u00e1cticos paneles el\u00e1sticos para facilitar su colocaci\u00f3n y un ajuste ce\u00f1ido.<\/li>\n<li>Disponible en una amplia gama de tallas, de la 39 a la 45.<\/li>\n<li>Cantidad m\u00ednima de pedido: 8 pares, ideal para compras al por mayor y al por mayor.<\/li>\n<li>Entrega en 12 d\u00edas m\u00e1s el tiempo de env\u00edo.<\/li>\n<\/ul>","protected":false},"featured_media":3811,"template":"","meta":{"_acf_changed":false,"_uag_custom_page_level_css":"","site-sidebar-layout":"default","site-content-layout":"","ast-site-content-layout":"default","site-content-style":"default","site-sidebar-style":"default","ast-global-header-display":"","ast-banner-title-visibility":"","ast-main-header-display":"","ast-hfb-above-header-display":"","ast-hfb-below-header-display":"","ast-hfb-mobile-header-display":"","site-post-title":"","ast-breadcrumbs-content":"","ast-featured-img":"","footer-sml-layout":"","ast-disable-related-posts":"","theme-transparent-header-meta":"","adv-header-id-meta":"","stick-header-meta":"","header-above-stick-meta":"","header-main-stick-meta":"","header-below-stick-meta":"","astra-migrate-meta-layouts":"default","ast-page-background-enabled":"default","ast-page-background-meta":{"desktop":{"background-color":"var(--ast-global-color-4)","background-image":"","background-repeat":"repeat","background-position":"center center","background-size":"auto","background-attachment":"scroll","background-type":"","background-media":"","overlay-type":"","overlay-color":"","overlay-opacity":"","overlay-gradient":""},"tablet":{"background-color":"","background-image":"","background-repeat":"repeat","background-position":"center center","background-size":"auto","background-attachment":"scroll","background-type":"","background-media":"","overlay-type":"","overlay-color":"","overlay-opacity":"","overlay-gradient":""},"mobile":{"background-color":"","background-image":"","background-repeat":"repeat","background-position":"center center","background-size":"auto","background-attachment":"scroll","background-type":"","background-media":"","overlay-type":"","overlay-color":"","overlay-opacity":"","overlay-gradient":""}},"ast-content-background-meta":{"desktop":{"background-color":"var(--ast-global-color-5)","background-image":"","background-repeat":"repeat","background-position":"center center","background-size":"auto","background-attachment":"scroll","background-type":"","background-media":"","overlay-type":"","overlay-color":"","overlay-opacity":"","overlay-gradient":""},"tablet":{"background-color":"var(--ast-global-color-5)","background-image":"","background-repeat":"repeat","background-position":"center center","background-size":"auto","background-attachment":"scroll","background-type":"","background-media":"","overlay-type":"","overlay-color":"","overlay-opacity":"","overlay-gradient":""},"mobile":{"background-color":"var(--ast-global-color-5)","background-image":"","background-repeat":"repeat","background-position":"center center","background-size":"auto","background-attachment":"scroll","background-type":"","background-media":"","overlay-type":"","overlay-color":"","overlay-opacity":"","overlay-gradient":""}}},"product_brand":[],"product_cat":[52,47,430,40],"product_tag":[1000,993,1001,477,996,999,1003,474,1005,998,438,478,437,476,461,1006,198,362,210,1004,473],"class_list":{"0":"post-5683","1":"product","2":"type-product","3":"status-publish","4":"has-post-thumbnail","6":"product_cat-boots","7":"product_cat-classic","8":"product_cat-men","9":"product_cat-mens-shoes","10":"product_tag-black-leather-boots","11":"product_tag-brogue-boots","12":"product_tag-brown-leather-boots","13":"product_tag-buckle-boots","14":"product_tag-calfskin-boots","15":"product_tag-casual-boots","16":"product_tag-chelsea-boots","17":"product_tag-comfortable-boots","18":"product_tag-durable-boots","19":"product_tag-elegant-boots","20":"product_tag-eva-sole","21":"product_tag-formal-boots","22":"product_tag-goat-leather","23":"product_tag-leather-boots","24":"product_tag-mens-boots","25":"product_tag-mens-dress-boots","26":"product_tag-mens-fashion","27":"product_tag-premium-footwear","28":"product_tag-smart-casual","29":"product_tag-stylish-boots","30":"product_tag-wholesale-boots","31":"desktop-align-center","32":"tablet-align-center","33":"mobile-align-center","35":"first","36":"instock","37":"shipping-taxable","38":"purchasable","39":"product-type-variable","40":"has-default-attributes"},"acf":[],"uagb_featured_image_src":{"full":["https:\/\/turkishtrade.co\/wp-content\/uploads\/2026\/01\/2400EJOMN00271-BROWN-X_875.png",453,250,false],"thumbnail":["https:\/\/turkishtrade.co\/wp-content\/uploads\/2026\/01\/2400EJOMN00271-BROWN-X_875-150x150.png",150,150,true],"medium":["https:\/\/turkishtrade.co\/wp-content\/uploads\/2026\/01\/2400EJOMN00271-BROWN-X_875-300x166.png",300,166,true],"medium_large":["https:\/\/turkishtrade.co\/wp-content\/uploads\/2026\/01\/2400EJOMN00271-BROWN-X_875.png",453,250,false],"large":["https:\/\/turkishtrade.co\/wp-content\/uploads\/2026\/01\/2400EJOMN00271-BROWN-X_875.png",453,250,false],"1536x1536":["https:\/\/turkishtrade.co\/wp-content\/uploads\/2026\/01\/2400EJOMN00271-BROWN-X_875.png",453,250,false],"2048x2048":["https:\/\/turkishtrade.co\/wp-content\/uploads\/2026\/01\/2400EJOMN00271-BROWN-X_875.png",453,250,false],"trp-custom-language-flag":["https:\/\/turkishtrade.co\/wp-content\/uploads\/2026\/01\/2400EJOMN00271-BROWN-X_875-18x10.png",18,10,true],"woocommerce_thumbnail":["https:\/\/turkishtrade.co\/wp-content\/uploads\/2026\/01\/2400EJOMN00271-BROWN-X_875-400x250.png",400,250,true],"woocommerce_single":["https:\/\/turkishtrade.co\/wp-content\/uploads\/2026\/01\/2400EJOMN00271-BROWN-X_875.png",453,250,false],"woocommerce_gallery_thumbnail":["https:\/\/turkishtrade.co\/wp-content\/uploads\/2026\/01\/2400EJOMN00271-BROWN-X_875-100x100.png",100,100,true]},"uagb_author_info":{"display_name":"yaser olabi","author_link":"https:\/\/turkishtrade.co\/es\/author\/"},"uagb_comment_info":0,"uagb_excerpt":"Expertly crafted with a premium Calfskin exterior for a sophisticated look and durable wear. Luxuriously lined with soft Goat Leather for unparalleled comfort and breathability. Features a lightweight and flexible EVA sole, ensuring all-day comfort and excellent grip. Boasts elegant brogue detailing and a stylish side buckle accent, combining classic charm with modern appeal. Designed&hellip;","_links":{"self":[{"href":"https:\/\/turkishtrade.co\/es\/wp-json\/wp\/v2\/product\/5683","targetHints":{"allow":["GET"]}}],"collection":[{"href":"https:\/\/turkishtrade.co\/es\/wp-json\/wp\/v2\/product"}],"about":[{"href":"https:\/\/turkishtrade.co\/es\/wp-json\/wp\/v2\/types\/product"}],"wp:featuredmedia":[{"embeddable":true,"href":"https:\/\/turkishtrade.co\/es\/wp-json\/wp\/v2\/media\/3811"}],"wp:attachment":[{"href":"https:\/\/turkishtrade.co\/es\/wp-json\/wp\/v2\/media?parent=5683"}],"wp:term":[{"taxonomy":"product_brand","embeddable":true,"href":"https:\/\/turkishtrade.co\/es\/wp-json\/wp\/v2\/product_brand?post=5683"},{"taxonomy":"product_cat","embeddable":true,"href":"https:\/\/turkishtrade.co\/es\/wp-json\/wp\/v2\/product_cat?post=5683"},{"taxonomy":"product_tag","embeddable":true,"href":"https:\/\/turkishtrade.co\/es\/wp-json\/wp\/v2\/product_tag?post=5683"}],"curies":[{"name":"wp","href":"https:\/\/api.w.org\/{rel}","templated":true}]}}