{"id":5676,"date":"2026-01-14T12:53:06","date_gmt":"2026-01-14T12:53:06","guid":{"rendered":"https:\/\/turkishtrade.co\/product\/mens-leather-monk-strap-loafers-2\/"},"modified":"2026-04-09T19:27:25","modified_gmt":"2026-04-09T19:27:25","slug":"mens-leather-monk-strap-loafers-2","status":"publish","type":"product","link":"https:\/\/turkishtrade.co\/es\/shop\/mens-leather-monk-strap-loafers-2\/","title":{"rendered":"Mocasines Monk Strap de piel de primera calidad para hombre"},"content":{"rendered":"<p><strong>Mocasines Monk Strap de piel para hombre<\/strong><\/p>\n<p>Eleve su colecci\u00f3n de calzado con nuestros exquisitos <strong>Mocasines Monk Strap de piel de primera calidad para hombre<\/strong>, un verdadero testimonio de estilo cl\u00e1sico y confort moderno. Dise\u00f1ados para el caballero exigente, estos mocasines combinan a la perfecci\u00f3n sofisticaci\u00f3n y comodidad para el d\u00eda a d\u00eda. Cada par de <strong>Mocasines Monk Strap de piel para hombre<\/strong> est\u00e1 meticulosamente elaborado para ofrecer una calidad inigualable y una est\u00e9tica distinguida que le har\u00e1 destacar.<\/p>\n<p><h3>Calidad inigualable en cada detalle<\/h3>\n<\/p>\n<p>Experimente el lujo desde el momento en que se deslice en estos excepcionales <strong>Mocasines Monk Strap de piel para hombre<\/strong>. El exterior es de piel de becerro de primera calidad, famosa por su textura suave, durabilidad y capacidad para desarrollar una hermosa p\u00e1tina con el tiempo. Como complemento, el interior est\u00e1 forrado con piel de cabra flexible, que proporciona un entorno incre\u00edblemente suave y transpirable para los pies, garantizando la comodidad incluso durante un uso prolongado.<\/p>\n<p>La robusta suela de EVA ofrece una amortiguaci\u00f3n y flexibilidad superiores, haciendo que estas <strong>Mocasines Monk Strap de piel para hombre<\/strong> incre\u00edblemente ligeros y c\u00f3modos, perfectos para recorrer cualquier paisaje urbano o evento formal. Con una sutil altura de tac\u00f3n de 1-3 cm, ofrecen un perfil cl\u00e1sico que resulta elegante y pr\u00e1ctico.<\/p>\n<p><h3>Estilo vers\u00e1til para cualquier ocasi\u00f3n<\/h3>\n<\/p>\n<p>El distintivo dise\u00f1o de una sola correa monje a\u00f1ade un toque de refinada elegancia a estos <strong>Mocasines Monk Strap de piel para hombre<\/strong>, que los hacen incre\u00edblemente vers\u00e1tiles. Estos mocasines son la elecci\u00f3n perfecta tanto si vas a vestirte para una reuni\u00f3n de negocios informal como para asistir a un evento especial o simplemente para disfrutar de una sofisticada salida de fin de semana. Su dise\u00f1o atemporal garantiza que combinen sin esfuerzo con pantalones de sastrer\u00eda, chinos o incluso vaqueros elegantes, convirti\u00e9ndolos en un complemento indispensable de cualquier armario moderno.<\/p>\n<p>No son s\u00f3lo zapatos; son una declaraci\u00f3n de gusto sofisticado.<\/p>\n<p><h3>Fabricado para ofrecer comodidad y durabilidad<\/h3>\n<\/p>\n<p>Adem\u00e1s de su impresionante aspecto, nuestros <strong>Mocasines Monk Strap de piel para hombre<\/strong> est\u00e1n hechos para durar. La combinaci\u00f3n de piel de becerro y cabra de alta calidad, junto con una suela de EVA fabricada por expertos, garantiza la longevidad y un confort sostenido. Cada puntada habla de la dedicaci\u00f3n de nuestros artesanos, asegurando un producto que no s\u00f3lo tiene un aspecto magn\u00edfico, sino que tambi\u00e9n resiste el paso del tiempo.<\/p>\n<p>Creemos en un calzado que ofrezca un estilo duradero y un rendimiento excepcional a nuestros valiosos clientes.<\/p>\n<p><h3>Disponibilidad y pedidos<\/h3>\n<\/p>\n<p>Estas primas <strong>Mocasines Monk Strap de piel para hombre<\/strong> est\u00e1n disponibles en una amplia gama de tallas, de la 39 a la 45. Nuestros mayoristas y minoristas deben tener en cuenta que el pedido m\u00ednimo es de 8 pares y que el plazo de entrega suele ser de 12 d\u00edas m\u00e1s gastos de env\u00edo. Consulte nuestra lista de precios para obtener informaci\u00f3n detallada.<\/p>\n<p>Invierta en un par de estos exquisitos mocasines y experimente la fusi\u00f3n perfecta de dise\u00f1o cl\u00e1sico, materiales lujosos y comodidad excepcional.<\/p>","protected":false},"excerpt":{"rendered":"<ul>\n<li>Elaborado por expertos en lujosa piel de becerro en el exterior y suave piel de cabra en el interior.<\/li>\n<li>Presenta un sofisticado dise\u00f1o de correa monje sencilla con una hebilla duradera.<\/li>\n<li>Equipadas con una suela de EVA ligera y c\u00f3moda para llevarlas todo el d\u00eda.<\/li>\n<li>Tac\u00f3n cl\u00e1sico de 1-3 cm de altura, perfecto tanto para ocasiones informales como semiformales.<\/li>\n<li>Disponible en una amplia gama de tallas: 39, 40, 41, 42, 43, 44, 45.<\/li>\n<li>Cantidad m\u00ednima de pedido: 8 pares.<\/li>\n<li>Plazo de entrega estimado: 12 d\u00edas + gastos de env\u00edo.<\/li>\n<\/ul>","protected":false},"featured_media":3679,"template":"","meta":{"_acf_changed":false,"_uag_custom_page_level_css":"","site-sidebar-layout":"default","site-content-layout":"","ast-site-content-layout":"default","site-content-style":"default","site-sidebar-style":"default","ast-global-header-display":"","ast-banner-title-visibility":"","ast-main-header-display":"","ast-hfb-above-header-display":"","ast-hfb-below-header-display":"","ast-hfb-mobile-header-display":"","site-post-title":"","ast-breadcrumbs-content":"","ast-featured-img":"","footer-sml-layout":"","ast-disable-related-posts":"","theme-transparent-header-meta":"","adv-header-id-meta":"","stick-header-meta":"","header-above-stick-meta":"","header-main-stick-meta":"","header-below-stick-meta":"","astra-migrate-meta-layouts":"default","ast-page-background-enabled":"default","ast-page-background-meta":{"desktop":{"background-color":"var(--ast-global-color-4)","background-image":"","background-repeat":"repeat","background-position":"center center","background-size":"auto","background-attachment":"scroll","background-type":"","background-media":"","overlay-type":"","overlay-color":"","overlay-opacity":"","overlay-gradient":""},"tablet":{"background-color":"","background-image":"","background-repeat":"repeat","background-position":"center center","background-size":"auto","background-attachment":"scroll","background-type":"","background-media":"","overlay-type":"","overlay-color":"","overlay-opacity":"","overlay-gradient":""},"mobile":{"background-color":"","background-image":"","background-repeat":"repeat","background-position":"center center","background-size":"auto","background-attachment":"scroll","background-type":"","background-media":"","overlay-type":"","overlay-color":"","overlay-opacity":"","overlay-gradient":""}},"ast-content-background-meta":{"desktop":{"background-color":"var(--ast-global-color-5)","background-image":"","background-repeat":"repeat","background-position":"center center","background-size":"auto","background-attachment":"scroll","background-type":"","background-media":"","overlay-type":"","overlay-color":"","overlay-opacity":"","overlay-gradient":""},"tablet":{"background-color":"var(--ast-global-color-5)","background-image":"","background-repeat":"repeat","background-position":"center center","background-size":"auto","background-attachment":"scroll","background-type":"","background-media":"","overlay-type":"","overlay-color":"","overlay-opacity":"","overlay-gradient":""},"mobile":{"background-color":"var(--ast-global-color-5)","background-image":"","background-repeat":"repeat","background-position":"center center","background-size":"auto","background-attachment":"scroll","background-type":"","background-media":"","overlay-type":"","overlay-color":"","overlay-opacity":"","overlay-gradient":""}}},"product_brand":[],"product_cat":[47,430,40],"product_tag":[635,582,512,145,737,454,438,583,215,198,261,374,281],"class_list":{"0":"post-5676","1":"product","2":"type-product","3":"status-publish","4":"has-post-thumbnail","6":"product_cat-classic","7":"product_cat-men","8":"product_cat-mens-shoes","9":"product_tag-blue-loafers","10":"product_tag-calfskin","11":"product_tag-casual-loafers","12":"product_tag-classic-shoes","13":"product_tag-dress-loafers","14":"product_tag-elegant-footwear","15":"product_tag-eva-sole","16":"product_tag-goatskin","17":"product_tag-leather-loafers","18":"product_tag-mens-fashion","19":"product_tag-monk-strap-shoes","20":"product_tag-premium-loafers","21":"product_tag-wholesale-shoes","22":"desktop-align-center","23":"tablet-align-center","24":"mobile-align-center","26":"first","27":"instock","28":"shipping-taxable","29":"purchasable","30":"product-type-variable","31":"has-default-attributes"},"acf":[],"uagb_featured_image_src":{"full":["https:\/\/turkishtrade.co\/wp-content\/uploads\/2026\/01\/2400EJOMN00493-DARK-BLUE-X_78.png",453,250,false],"thumbnail":["https:\/\/turkishtrade.co\/wp-content\/uploads\/2026\/01\/2400EJOMN00493-DARK-BLUE-X_78-150x150.png",150,150,true],"medium":["https:\/\/turkishtrade.co\/wp-content\/uploads\/2026\/01\/2400EJOMN00493-DARK-BLUE-X_78-300x166.png",300,166,true],"medium_large":["https:\/\/turkishtrade.co\/wp-content\/uploads\/2026\/01\/2400EJOMN00493-DARK-BLUE-X_78.png",453,250,false],"large":["https:\/\/turkishtrade.co\/wp-content\/uploads\/2026\/01\/2400EJOMN00493-DARK-BLUE-X_78.png",453,250,false],"1536x1536":["https:\/\/turkishtrade.co\/wp-content\/uploads\/2026\/01\/2400EJOMN00493-DARK-BLUE-X_78.png",453,250,false],"2048x2048":["https:\/\/turkishtrade.co\/wp-content\/uploads\/2026\/01\/2400EJOMN00493-DARK-BLUE-X_78.png",453,250,false],"trp-custom-language-flag":["https:\/\/turkishtrade.co\/wp-content\/uploads\/2026\/01\/2400EJOMN00493-DARK-BLUE-X_78-18x10.png",18,10,true],"woocommerce_thumbnail":["https:\/\/turkishtrade.co\/wp-content\/uploads\/2026\/01\/2400EJOMN00493-DARK-BLUE-X_78-400x250.png",400,250,true],"woocommerce_single":["https:\/\/turkishtrade.co\/wp-content\/uploads\/2026\/01\/2400EJOMN00493-DARK-BLUE-X_78.png",453,250,false],"woocommerce_gallery_thumbnail":["https:\/\/turkishtrade.co\/wp-content\/uploads\/2026\/01\/2400EJOMN00493-DARK-BLUE-X_78-100x100.png",100,100,true]},"uagb_author_info":{"display_name":"yaser olabi","author_link":"https:\/\/turkishtrade.co\/es\/author\/"},"uagb_comment_info":0,"uagb_excerpt":"Expertly crafted from luxurious calfskin leather exterior and soft goatskin interior. Features a sophisticated single monk strap design with a durable buckle. Equipped with a lightweight and comfortable EVA sole for all-day wear. Classic 1-3 cm heel height, perfect for both casual and semi-formal occasions. Available in a wide range of sizes: 39, 40, 41,&hellip;","_links":{"self":[{"href":"https:\/\/turkishtrade.co\/es\/wp-json\/wp\/v2\/product\/5676","targetHints":{"allow":["GET"]}}],"collection":[{"href":"https:\/\/turkishtrade.co\/es\/wp-json\/wp\/v2\/product"}],"about":[{"href":"https:\/\/turkishtrade.co\/es\/wp-json\/wp\/v2\/types\/product"}],"wp:featuredmedia":[{"embeddable":true,"href":"https:\/\/turkishtrade.co\/es\/wp-json\/wp\/v2\/media\/3679"}],"wp:attachment":[{"href":"https:\/\/turkishtrade.co\/es\/wp-json\/wp\/v2\/media?parent=5676"}],"wp:term":[{"taxonomy":"product_brand","embeddable":true,"href":"https:\/\/turkishtrade.co\/es\/wp-json\/wp\/v2\/product_brand?post=5676"},{"taxonomy":"product_cat","embeddable":true,"href":"https:\/\/turkishtrade.co\/es\/wp-json\/wp\/v2\/product_cat?post=5676"},{"taxonomy":"product_tag","embeddable":true,"href":"https:\/\/turkishtrade.co\/es\/wp-json\/wp\/v2\/product_tag?post=5676"}],"curies":[{"name":"wp","href":"https:\/\/api.w.org\/{rel}","templated":true}]}}