{"id":5672,"date":"2026-01-14T12:52:29","date_gmt":"2026-01-14T12:52:29","guid":{"rendered":"https:\/\/turkishtrade.co\/product\/mens-black-leather-derbies\/"},"modified":"2026-04-09T19:27:31","modified_gmt":"2026-04-09T19:27:31","slug":"mens-black-leather-derbies","status":"publish","type":"product","link":"https:\/\/turkishtrade.co\/es\/shop\/mens-black-leather-derbies\/","title":{"rendered":"Derbies cl\u00e1sicos de hombre en piel negra con suela de EVA"},"content":{"rendered":"<p><strong>Derbies de cuero negro para hombre<\/strong><\/p>\n<p>Descubra el ep\u00edtome del estilo cl\u00e1sico y la comodidad sin igual con nuestra gama Premium. <strong>Derbies de cuero negro para hombre<\/strong>. Estos sofisticados zapatos con cordones est\u00e1n meticulosamente confeccionados para ofrecer elegancia y un uso diario excepcional, lo que los convierte en un complemento esencial para el armario de cualquier caballero exigente. El empeine est\u00e1 confeccionado en aut\u00e9ntica piel de ternero, con un refinado juego de piel lisa en la puntera y los paneles laterales, que contrasta con una sutil textura granulada en la pala y los laterales.<\/p>\n<p>Este detalle distintivo y la cl\u00e1sica costura moc-toe marcan la diferencia. <strong>Derbies de cuero negro para hombre<\/strong> que proporciona un atractivo visual \u00fanico que complementa a la perfecci\u00f3n tanto los atuendos formales como los conjuntos informales elegantes.<\/p>\n<p><h3>Confort inigualable y artesan\u00eda superior<\/h3>\n<\/p>\n<p>Experimenta una comodidad superior desde el momento en que te las calzas, gracias al lujoso forro de piel de cabra. Este material interior de primera calidad garantiza transpirabilidad, suavidad y un ajuste como el de un guante que se amolda c\u00f3modamente a tus pies con el paso del tiempo, reduciendo la fatiga incluso tras largas jornadas de trabajo. La innovadora suela de EVA proporciona una amortiguaci\u00f3n ligera excepcional, flexibilidad y una tracci\u00f3n fiable, lo que permite dar zancadas sin esfuerzo durante todo el d\u00eda.<\/p>\n<p>A diferencia de los pesados zapatos de vestir tradicionales, estos derbies ofrecen una c\u00f3moda altura de tac\u00f3n de 1 a 3 cm, consiguiendo un aspecto pulido sin renunciar a la comodidad. Ya sea para asistir a importantes reuniones de negocios, acudir a sofisticados eventos nocturnos o disfrutar de relajadas salidas de fin de semana, estos vers\u00e1tiles derbies son perfectos para cualquier ocasi\u00f3n. <strong>Derbies de cuero negro para hombre<\/strong> est\u00e1n dise\u00f1ados para ofrecer un estilo inquebrantable y un apoyo firme.<\/p>\n<p><h3>Oportunidad para los mayoristas de calzado de calidad<\/h3>\n<\/p>\n<p>Disponibles en una amplia gama de tallas de la UE, de la 39 a la 45, nos dirigimos a una clientela que busca calidad y estilo. Nuestro compromiso inquebrantable con la artesan\u00eda experta garantiza que cada par est\u00e9 hecho para durar, ofreciendo una durabilidad notable y un atractivo atemporal. Para los minoristas y las empresas que deseen tener en stock calzado masculino de alta calidad, estos exquisitos derbies est\u00e1n disponibles para su compra al por mayor con un pedido m\u00ednimo de 8 pares.<\/p>\n<p>Esto representa una excelente oportunidad para ofrecer a sus clientes productos de primera calidad que combinan la est\u00e9tica tradicional con la comodidad moderna y materiales superiores. Eleve su colecci\u00f3n de calzado o ampl\u00ede su oferta minorista con estos excepcionales derbies de cuero negro.<\/p>","protected":false},"excerpt":{"rendered":"<ul>\n<li>Parte superior de piel de becerro aut\u00e9ntica de primera calidad<\/li>\n<li>Lujoso forro de piel de cabra para mayor transpirabilidad<\/li>\n<li>Suela de EVA ligera y flexible<\/li>\n<li>Derby cl\u00e1sico con cordones y costura Moc-Toe<\/li>\n<li>Altura c\u00f3moda del tac\u00f3n de 1-3 cm<\/li>\n<li>Disponible en tallas EU: 39, 40, 41, 42, 43, 44, 45<\/li>\n<li>Cantidad m\u00ednima de pedido: 8 Pares (al por mayor)<\/li>\n<\/ul>","protected":false},"featured_media":3804,"template":"","meta":{"_acf_changed":false,"_uag_custom_page_level_css":"","site-sidebar-layout":"default","site-content-layout":"","ast-site-content-layout":"default","site-content-style":"default","site-sidebar-style":"default","ast-global-header-display":"","ast-banner-title-visibility":"","ast-main-header-display":"","ast-hfb-above-header-display":"","ast-hfb-below-header-display":"","ast-hfb-mobile-header-display":"","site-post-title":"","ast-breadcrumbs-content":"","ast-featured-img":"","footer-sml-layout":"","ast-disable-related-posts":"","theme-transparent-header-meta":"","adv-header-id-meta":"","stick-header-meta":"","header-above-stick-meta":"","header-main-stick-meta":"","header-below-stick-meta":"","astra-migrate-meta-layouts":"default","ast-page-background-enabled":"default","ast-page-background-meta":{"desktop":{"background-color":"var(--ast-global-color-4)","background-image":"","background-repeat":"repeat","background-position":"center center","background-size":"auto","background-attachment":"scroll","background-type":"","background-media":"","overlay-type":"","overlay-color":"","overlay-opacity":"","overlay-gradient":""},"tablet":{"background-color":"","background-image":"","background-repeat":"repeat","background-position":"center center","background-size":"auto","background-attachment":"scroll","background-type":"","background-media":"","overlay-type":"","overlay-color":"","overlay-opacity":"","overlay-gradient":""},"mobile":{"background-color":"","background-image":"","background-repeat":"repeat","background-position":"center center","background-size":"auto","background-attachment":"scroll","background-type":"","background-media":"","overlay-type":"","overlay-color":"","overlay-opacity":"","overlay-gradient":""}},"ast-content-background-meta":{"desktop":{"background-color":"var(--ast-global-color-5)","background-image":"","background-repeat":"repeat","background-position":"center center","background-size":"auto","background-attachment":"scroll","background-type":"","background-media":"","overlay-type":"","overlay-color":"","overlay-opacity":"","overlay-gradient":""},"tablet":{"background-color":"var(--ast-global-color-5)","background-image":"","background-repeat":"repeat","background-position":"center center","background-size":"auto","background-attachment":"scroll","background-type":"","background-media":"","overlay-type":"","overlay-color":"","overlay-opacity":"","overlay-gradient":""},"mobile":{"background-color":"var(--ast-global-color-5)","background-image":"","background-repeat":"repeat","background-position":"center center","background-size":"auto","background-attachment":"scroll","background-type":"","background-media":"","overlay-type":"","overlay-color":"","overlay-opacity":"","overlay-gradient":""}}},"product_brand":[],"product_cat":[47,430,40],"product_tag":[196,200,202,754,290,284,438,251,437,396,281],"class_list":{"0":"post-5672","1":"product","2":"type-product","3":"status-publish","4":"has-post-thumbnail","6":"product_cat-classic","7":"product_cat-men","8":"product_cat-mens-shoes","9":"product_tag-black-leather-shoes","10":"product_tag-business-casual","11":"product_tag-calf-leather","12":"product_tag-classic-mens-shoes","13":"product_tag-comfortable-mens-shoes","14":"product_tag-dress-shoes","15":"product_tag-eva-sole","16":"product_tag-formal-shoes","17":"product_tag-goat-leather","18":"product_tag-mens-derbies","19":"product_tag-wholesale-shoes","20":"desktop-align-center","21":"tablet-align-center","22":"mobile-align-center","24":"first","25":"instock","26":"shipping-taxable","27":"purchasable","28":"product-type-variable","29":"has-default-attributes"},"acf":[],"uagb_featured_image_src":{"full":["https:\/\/turkishtrade.co\/wp-content\/uploads\/2026\/01\/2400EJOMN00484-BLACK-X_444-1-usd.png",453,250,false],"thumbnail":["https:\/\/turkishtrade.co\/wp-content\/uploads\/2026\/01\/2400EJOMN00484-BLACK-X_444-1-usd.png",150,83,false],"medium":["https:\/\/turkishtrade.co\/wp-content\/uploads\/2026\/01\/2400EJOMN00484-BLACK-X_444-1-usd.png",300,166,false],"medium_large":["https:\/\/turkishtrade.co\/wp-content\/uploads\/2026\/01\/2400EJOMN00484-BLACK-X_444-1-usd.png",453,250,false],"large":["https:\/\/turkishtrade.co\/wp-content\/uploads\/2026\/01\/2400EJOMN00484-BLACK-X_444-1-usd.png",453,250,false],"1536x1536":["https:\/\/turkishtrade.co\/wp-content\/uploads\/2026\/01\/2400EJOMN00484-BLACK-X_444-1-usd.png",453,250,false],"2048x2048":["https:\/\/turkishtrade.co\/wp-content\/uploads\/2026\/01\/2400EJOMN00484-BLACK-X_444-1-usd.png",453,250,false],"trp-custom-language-flag":["https:\/\/turkishtrade.co\/wp-content\/uploads\/2026\/01\/2400EJOMN00484-BLACK-X_444-1-usd.png",18,10,false],"woocommerce_thumbnail":["https:\/\/turkishtrade.co\/wp-content\/uploads\/2026\/01\/2400EJOMN00484-BLACK-X_444-1-usd-400x250.png",400,250,true],"woocommerce_single":["https:\/\/turkishtrade.co\/wp-content\/uploads\/2026\/01\/2400EJOMN00484-BLACK-X_444-1-usd.png",453,250,false],"woocommerce_gallery_thumbnail":["https:\/\/turkishtrade.co\/wp-content\/uploads\/2026\/01\/2400EJOMN00484-BLACK-X_444-1-usd-100x100.png",100,100,true]},"uagb_author_info":{"display_name":"yaser olabi","author_link":"https:\/\/turkishtrade.co\/es\/author\/"},"uagb_comment_info":0,"uagb_excerpt":"Premium Genuine Calf Leather Upper Luxurious Goat Leather Lining for Breathability Lightweight and Flexible EVA Sole Classic Lace-Up Derby Style with Moc-Toe Stitching Comfortable 1-3cm Heel Height Available in EU Sizes: 39, 40, 41, 42, 43, 44, 45 Minimum Order Quantity: 8 Pairs (wholesale)","_links":{"self":[{"href":"https:\/\/turkishtrade.co\/es\/wp-json\/wp\/v2\/product\/5672","targetHints":{"allow":["GET"]}}],"collection":[{"href":"https:\/\/turkishtrade.co\/es\/wp-json\/wp\/v2\/product"}],"about":[{"href":"https:\/\/turkishtrade.co\/es\/wp-json\/wp\/v2\/types\/product"}],"wp:featuredmedia":[{"embeddable":true,"href":"https:\/\/turkishtrade.co\/es\/wp-json\/wp\/v2\/media\/3804"}],"wp:attachment":[{"href":"https:\/\/turkishtrade.co\/es\/wp-json\/wp\/v2\/media?parent=5672"}],"wp:term":[{"taxonomy":"product_brand","embeddable":true,"href":"https:\/\/turkishtrade.co\/es\/wp-json\/wp\/v2\/product_brand?post=5672"},{"taxonomy":"product_cat","embeddable":true,"href":"https:\/\/turkishtrade.co\/es\/wp-json\/wp\/v2\/product_cat?post=5672"},{"taxonomy":"product_tag","embeddable":true,"href":"https:\/\/turkishtrade.co\/es\/wp-json\/wp\/v2\/product_tag?post=5672"}],"curies":[{"name":"wp","href":"https:\/\/api.w.org\/{rel}","templated":true}]}}