{"id":5649,"date":"2026-01-14T12:49:13","date_gmt":"2026-01-14T12:49:13","guid":{"rendered":"https:\/\/turkishtrade.co\/product\/mens-black-leather-loafers-8\/"},"modified":"2026-04-09T19:28:06","modified_gmt":"2026-04-09T19:28:06","slug":"mens-black-leather-loafers-8","status":"publish","type":"product","link":"https:\/\/turkishtrade.co\/es\/shop\/mens-black-leather-loafers-8\/","title":{"rendered":"Mocasines de hombre de piel negra de primera calidad con suela de EVA"},"content":{"rendered":"<p><strong>Mocasines de cuero negro para hombre<\/strong><\/p>\n<p>Descubra el ep\u00edtome del estilo cl\u00e1sico y el confort moderno con nuestra gama premium. <strong>Mocasines de cuero negro para hombre<\/strong>. Dise\u00f1ados para el individuo exigente, estos exquisitos mocasines combinan a la perfecci\u00f3n una est\u00e9tica sofisticada con una durabilidad inigualable, lo que los convierte en un complemento esencial para cualquier armario. Ya sea para ir a la oficina, a una salida informal o a un evento semiformal, estos mocasines son el complemento perfecto. <strong>Mocasines de cuero negro para hombre<\/strong> ofrecen el equilibrio perfecto entre elegancia y practicidad.<\/p>\n<p><h3>Artesan\u00eda superior y materiales de primera calidad<\/h3>\n<\/p>\n<p>Cada par de nuestros <strong>Mocasines de cuero negro para hombre<\/strong> es un testimonio de artesan\u00eda superior. El exterior est\u00e1 meticulosamente confeccionado en aut\u00e9ntica piel de becerro, famosa por su acabado suave, su tacto lujoso y su excepcional resistencia. Esta piel de becerro de alta calidad no s\u00f3lo proporciona un aspecto refinado, sino que tambi\u00e9n promete envejecer maravillosamente, desarrollando una p\u00e1tina \u00fanica con el paso del tiempo.<\/p>\n<p>En el interior, tus pies estar\u00e1n envueltos en el suave abrazo de un forro de aut\u00e9ntica piel de cabra, que garantiza la transpirabilidad y un confort supremo durante todo el d\u00eda. Esta combinaci\u00f3n de pieles de primera calidad dice mucho de la calidad y la atenci\u00f3n al detalle que se invierte en cada puntada, creando un calzado verdaderamente excepcional. <strong>Mocasines de cuero negro para hombre<\/strong>.<\/p>\n<p><h3>Comodidad inigualable y durabilidad moderna<\/h3>\n<\/p>\n<p>Experimente la comodidad durante todo el d\u00eda con la suela de EVA, ligera pero robusta. Dise\u00f1ada para ofrecer flexibilidad y una excelente absorci\u00f3n de impactos, la suela de EVA proporciona una zancada amortiguada, haciendo que estas <strong>Mocasines de cuero negro para hombre<\/strong> ideal para un uso prolongado. La altura cl\u00e1sica del tac\u00f3n de 1-3 cm ofrece una sutil elevaci\u00f3n sin comprometer la comodidad, proporcionando un apoyo estable a cada paso.<\/p>\n<p>La suela duradera garantiza la longevidad, resistiendo el desgaste del uso diario, por lo que puede confiar en estas elegantes <strong>Mocasines de cuero negro para hombre<\/strong> en los a\u00f1os venideros.<\/p>\n<p><h3>Estilo vers\u00e1til para cualquier ocasi\u00f3n<\/h3>\n<\/p>\n<p>El dise\u00f1o atemporal en negro de estos mocasines los hace incre\u00edblemente vers\u00e1tiles. Son el complemento perfecto tanto para conjuntos elegantes e informales, como chinos y una americana, como para looks m\u00e1s relajados con vaqueros o pantalones cortos entallados. Desde reuniones informales de negocios hasta encuentros de fin de semana, estos <strong>Mocasines de cuero negro para hombre<\/strong> est\u00e1n dise\u00f1ados para elevar tu estilo personal sin esfuerzo.<\/p>\n<p>Disponibles en una amplia gama de tallas, de la 39 a la 45, para que encuentres tu talla perfecta. <strong>Mocasines de cuero negro para hombre<\/strong> es simple.<\/p>\n<p><h3>Oportunidad de venta al por mayor: Pedidos al por mayor disponibles<\/h3>\n<\/p>\n<p>Para los minoristas y las empresas que desean ofrecer a sus clientes calzado de alta calidad y con estilo, nuestro <strong>Mocasines de cuero negro para hombre<\/strong> est\u00e1n disponibles para su compra al por mayor. Con un pedido m\u00ednimo de s\u00f3lo 8 pares, podr\u00e1 abastecerse f\u00e1cilmente de este popular dise\u00f1o. Garantizamos un procesamiento eficiente, con un plazo de entrega estimado de 12 d\u00edas m\u00e1s gastos de env\u00edo, lo que le permite gestionar su inventario de forma eficaz.<\/p>\n<p>Invierta en un producto que combina lujo, comodidad y estilo perdurable, seguro que ser\u00e1 el favorito de su clientela.<\/p>\n<p>Abrace la mezcla de tradici\u00f3n y modernidad. Pida su colecci\u00f3n de <strong>Mocasines de cuero negro para hombre<\/strong> y entre en un mundo de confort sofisticado y calidad duradera.<\/p>","protected":false},"excerpt":{"rendered":"<ul>\n<li>El exterior est\u00e1 confeccionado en aut\u00e9ntica piel de becerro para ofrecer un tacto lujoso.<\/li>\n<li>El forro interior de piel de cabra suave y transpirable garantiza la comodidad durante todo el d\u00eda.<\/li>\n<li>Incorpora una suela de EVA ligera y duradera para una mayor absorci\u00f3n de impactos.<\/li>\n<li>Altura de tac\u00f3n cl\u00e1sica de 1-3 cm, adecuada para llevar a diario.<\/li>\n<li>Disponible en una amplia gama de tallas: 39, 40, 41, 42, 43, 44, 45.<\/li>\n<li><strong>Disponibilidad a granel:<\/strong> Pedido m\u00ednimo de 8 pares.<\/li>\n<li><strong>Entrega estimada:<\/strong> 12 d\u00edas m\u00e1s gastos de env\u00edo.<\/li>\n<\/ul>","protected":false},"featured_media":3794,"template":"","meta":{"_acf_changed":false,"_uag_custom_page_level_css":"","site-sidebar-layout":"default","site-content-layout":"","ast-site-content-layout":"default","site-content-style":"default","site-sidebar-style":"default","ast-global-header-display":"","ast-banner-title-visibility":"","ast-main-header-display":"","ast-hfb-above-header-display":"","ast-hfb-below-header-display":"","ast-hfb-mobile-header-display":"","site-post-title":"","ast-breadcrumbs-content":"","ast-featured-img":"","footer-sml-layout":"","ast-disable-related-posts":"","theme-transparent-header-meta":"","adv-header-id-meta":"","stick-header-meta":"","header-above-stick-meta":"","header-main-stick-meta":"","header-below-stick-meta":"","astra-migrate-meta-layouts":"default","ast-page-background-enabled":"default","ast-page-background-meta":{"desktop":{"background-color":"var(--ast-global-color-4)","background-image":"","background-repeat":"repeat","background-position":"center center","background-size":"auto","background-attachment":"scroll","background-type":"","background-media":"","overlay-type":"","overlay-color":"","overlay-opacity":"","overlay-gradient":""},"tablet":{"background-color":"","background-image":"","background-repeat":"repeat","background-position":"center center","background-size":"auto","background-attachment":"scroll","background-type":"","background-media":"","overlay-type":"","overlay-color":"","overlay-opacity":"","overlay-gradient":""},"mobile":{"background-color":"","background-image":"","background-repeat":"repeat","background-position":"center center","background-size":"auto","background-attachment":"scroll","background-type":"","background-media":"","overlay-type":"","overlay-color":"","overlay-opacity":"","overlay-gradient":""}},"ast-content-background-meta":{"desktop":{"background-color":"var(--ast-global-color-5)","background-image":"","background-repeat":"repeat","background-position":"center center","background-size":"auto","background-attachment":"scroll","background-type":"","background-media":"","overlay-type":"","overlay-color":"","overlay-opacity":"","overlay-gradient":""},"tablet":{"background-color":"var(--ast-global-color-5)","background-image":"","background-repeat":"repeat","background-position":"center center","background-size":"auto","background-attachment":"scroll","background-type":"","background-media":"","overlay-type":"","overlay-color":"","overlay-opacity":"","overlay-gradient":""},"mobile":{"background-color":"var(--ast-global-color-5)","background-image":"","background-repeat":"repeat","background-position":"center center","background-size":"auto","background-attachment":"scroll","background-type":"","background-media":"","overlay-type":"","overlay-color":"","overlay-opacity":"","overlay-gradient":""}}},"product_brand":[],"product_cat":[47,430,40],"product_tag":[196,555,512,457,220,909,287,352,189,384,186,279,281],"class_list":{"0":"post-5649","1":"product","2":"type-product","3":"status-publish","4":"has-post-thumbnail","6":"product_cat-classic","7":"product_cat-men","8":"product_cat-mens-shoes","9":"product_tag-black-leather-shoes","10":"product_tag-calfskin-loafers","11":"product_tag-casual-loafers","12":"product_tag-classic-loafers","13":"product_tag-comfortable-loafers","14":"product_tag-durable-loafers","15":"product_tag-eva-sole-shoes","16":"product_tag-formal-loafers","17":"product_tag-goat-leather-lining","18":"product_tag-luxury-loafers","19":"product_tag-mens-loafers","20":"product_tag-penny-loafers","21":"product_tag-wholesale-shoes","22":"desktop-align-center","23":"tablet-align-center","24":"mobile-align-center","26":"first","27":"instock","28":"shipping-taxable","29":"purchasable","30":"product-type-variable","31":"has-default-attributes"},"acf":[],"uagb_featured_image_src":{"full":["https:\/\/turkishtrade.co\/wp-content\/uploads\/2026\/01\/2400EJOMN00418-BLACK-C_449.png",453,250,false],"thumbnail":["https:\/\/turkishtrade.co\/wp-content\/uploads\/2026\/01\/2400EJOMN00418-BLACK-C_449-150x150.png",150,150,true],"medium":["https:\/\/turkishtrade.co\/wp-content\/uploads\/2026\/01\/2400EJOMN00418-BLACK-C_449-300x166.png",300,166,true],"medium_large":["https:\/\/turkishtrade.co\/wp-content\/uploads\/2026\/01\/2400EJOMN00418-BLACK-C_449.png",453,250,false],"large":["https:\/\/turkishtrade.co\/wp-content\/uploads\/2026\/01\/2400EJOMN00418-BLACK-C_449.png",453,250,false],"1536x1536":["https:\/\/turkishtrade.co\/wp-content\/uploads\/2026\/01\/2400EJOMN00418-BLACK-C_449.png",453,250,false],"2048x2048":["https:\/\/turkishtrade.co\/wp-content\/uploads\/2026\/01\/2400EJOMN00418-BLACK-C_449.png",453,250,false],"trp-custom-language-flag":["https:\/\/turkishtrade.co\/wp-content\/uploads\/2026\/01\/2400EJOMN00418-BLACK-C_449-18x10.png",18,10,true],"woocommerce_thumbnail":["https:\/\/turkishtrade.co\/wp-content\/uploads\/2026\/01\/2400EJOMN00418-BLACK-C_449-400x250.png",400,250,true],"woocommerce_single":["https:\/\/turkishtrade.co\/wp-content\/uploads\/2026\/01\/2400EJOMN00418-BLACK-C_449.png",453,250,false],"woocommerce_gallery_thumbnail":["https:\/\/turkishtrade.co\/wp-content\/uploads\/2026\/01\/2400EJOMN00418-BLACK-C_449-100x100.png",100,100,true]},"uagb_author_info":{"display_name":"yaser olabi","author_link":"https:\/\/turkishtrade.co\/es\/author\/"},"uagb_comment_info":0,"uagb_excerpt":"Crafted from genuine calfskin leather exterior for a luxurious feel. Soft, breathable goat leather interior lining ensures all-day comfort. Features a lightweight and durable EVA sole for superior shock absorption. Classic heel height of 1-3cm, suitable for everyday wear. Available in a comprehensive size range: 39, 40, 41, 42, 43, 44, 45. Bulk Availability: Minimum&hellip;","_links":{"self":[{"href":"https:\/\/turkishtrade.co\/es\/wp-json\/wp\/v2\/product\/5649","targetHints":{"allow":["GET"]}}],"collection":[{"href":"https:\/\/turkishtrade.co\/es\/wp-json\/wp\/v2\/product"}],"about":[{"href":"https:\/\/turkishtrade.co\/es\/wp-json\/wp\/v2\/types\/product"}],"wp:featuredmedia":[{"embeddable":true,"href":"https:\/\/turkishtrade.co\/es\/wp-json\/wp\/v2\/media\/3794"}],"wp:attachment":[{"href":"https:\/\/turkishtrade.co\/es\/wp-json\/wp\/v2\/media?parent=5649"}],"wp:term":[{"taxonomy":"product_brand","embeddable":true,"href":"https:\/\/turkishtrade.co\/es\/wp-json\/wp\/v2\/product_brand?post=5649"},{"taxonomy":"product_cat","embeddable":true,"href":"https:\/\/turkishtrade.co\/es\/wp-json\/wp\/v2\/product_cat?post=5649"},{"taxonomy":"product_tag","embeddable":true,"href":"https:\/\/turkishtrade.co\/es\/wp-json\/wp\/v2\/product_tag?post=5649"}],"curies":[{"name":"wp","href":"https:\/\/api.w.org\/{rel}","templated":true}]}}