{"id":5643,"date":"2026-01-14T12:48:27","date_gmt":"2026-01-14T12:48:27","guid":{"rendered":"https:\/\/turkishtrade.co\/product\/mens-leather-monk-strap-shoes-3\/"},"modified":"2026-04-09T19:28:20","modified_gmt":"2026-04-09T19:28:20","slug":"mens-leather-monk-strap-shoes-3","status":"publish","type":"product","link":"https:\/\/turkishtrade.co\/es\/shop\/mens-leather-monk-strap-shoes-3\/","title":{"rendered":"Zapatos Monk Strap de piel y ante de primera calidad para hombre"},"content":{"rendered":"<p><strong>Zapatos Monk Strap de piel para hombre<\/strong><\/p>\n<p>Disfrute de un confort sofisticado con nuestro <strong>Zapatos Monk Strap de piel y ante de primera calidad para hombre<\/strong>. Estos exquisitos zapatos son un testimonio del estilo cl\u00e1sico combinado con la artesan\u00eda moderna, dise\u00f1ados para el individuo exigente que valora tanto la elegancia como la durabilidad. Ya sea para un atuendo informal de negocios o un elegante look de noche, estos zapatos monk strap ofrecen una versatilidad sin igual y un acabado pulido a cualquier conjunto.<\/p>\n<p><h3>Distinci\u00f3n y comodidad<\/h3>\n<\/p>\n<p>Cada par de nuestros <strong>Zapatos Monk Strap de piel para hombre<\/strong> est\u00e1 meticulosamente elaborado con los mejores materiales. La superficie exterior presenta una rica mezcla de aut\u00e9ntica piel de becerro y lujoso ante, que proporciona una textura y un atractivo visual cautivadores. Disponibles en negro atemporal y marr\u00f3n c\u00e1lido, estos zapatos complementan sin esfuerzo una amplia gama de atuendos.<\/p>\n<p>El robusto dise\u00f1o de una sola hebilla no s\u00f3lo a\u00f1ade un toque de sofisticaci\u00f3n cl\u00e1sica, sino que tambi\u00e9n garantiza un ajuste seguro y c\u00f3modo.<\/p>\n<p>Experimenta la verdadera comodidad a cada paso, gracias al forro de piel de cabra de primera calidad. Este material interior suave y transpirable evita las molestias, haciendo que estos zapatos sean ideales para un uso prolongado. La duradera suela de EVA ofrece una excelente absorci\u00f3n de impactos y flexibilidad, garantizando un rendimiento duradero y una sensaci\u00f3n ligera y receptiva bajo los pies.<\/p>\n<p>Con un sutil tac\u00f3n de 1 a 3 cm, estos zapatos proporcionan la elevaci\u00f3n justa para una zancada segura, al tiempo que mantienen un perfil de mocas\u00edn cl\u00e1sico.<\/p>\n<p><h3>El ep\u00edtome del calzado vers\u00e1til<\/h3>\n<\/p>\n<p>Nuestra <strong>Zapatos Monk Strap de piel para hombre<\/strong> son algo m\u00e1s que calzado: son una inversi\u00f3n en estilo atemporal. Sus l\u00edneas limpias y su est\u00e9tica refinada las hacen adecuadas para una gran variedad de ocasiones, desde eventos formales hasta salidas informales. Comb\u00ednalos con pantalones de sastrer\u00eda para un look business elegante, o con chinos para un estilo de fin de semana elevado.<\/p>\n<p>La mezcla de piel de becerro y ante a\u00f1ade una dimensi\u00f3n \u00fanica, diferenciando estos zapatos de las opciones convencionales.<\/p>\n<p><h3>Oportunidad de venta al por mayor para minoristas<\/h3>\n<\/p>\n<p>Para los minoristas que buscan ofrecer a sus clientes una calidad y un estilo excepcionales, estos <strong>Zapatos Monk Strap de piel para hombre<\/strong> est\u00e1n disponibles para su compra al por mayor. Con una cantidad m\u00ednima de pedido de s\u00f3lo 8 pares, puede abastecer f\u00e1cilmente su inventario con un producto popular y de gran demanda. Los pedidos se procesan con un plazo de entrega de 12 d\u00edas m\u00e1s gastos de env\u00edo, lo que garantiza un suministro constante para su negocio.<\/p>\n<p>Ofrezca a sus clientes una opci\u00f3n de calzado de primera calidad que combine la elegancia tradicional con la comodidad y la artesan\u00eda contempor\u00e1neas.<\/p>","protected":false},"excerpt":{"rendered":"<ul>\n<li><strong>Pedido m\u00ednimo:<\/strong> 8 pares<\/li>\n<li><strong>Plazo de entrega:<\/strong> 12 d\u00edas + gastos de env\u00edo<\/li>\n<li><strong>Material de la suela:<\/strong> EVA resistente<\/li>\n<li><strong>Altura del tac\u00f3n:<\/strong> Perfil bajo (1-3 cm)<\/li>\n<li><strong>Material exterior:<\/strong> Piel de becerro aut\u00e9ntica y ante<\/li>\n<li><strong>Forro interior:<\/strong> Piel de cabra suave<\/li>\n<li><strong>Tallas disponibles:<\/strong> UE 39, 40, 41, 42, 43, 44, 45<\/li>\n<li><strong>Disponibilidad al por mayor:<\/strong> Perfecto para minoristas que buscan calzado de calidad a granel.<\/li>\n<\/ul>","protected":false},"featured_media":3791,"template":"","meta":{"_acf_changed":false,"_uag_custom_page_level_css":"","site-sidebar-layout":"default","site-content-layout":"","ast-site-content-layout":"default","site-content-style":"default","site-sidebar-style":"default","ast-global-header-display":"","ast-banner-title-visibility":"","ast-main-header-display":"","ast-hfb-above-header-display":"","ast-hfb-below-header-display":"","ast-hfb-mobile-header-display":"","site-post-title":"","ast-breadcrumbs-content":"","ast-featured-img":"","footer-sml-layout":"","ast-disable-related-posts":"","theme-transparent-header-meta":"","adv-header-id-meta":"","stick-header-meta":"","header-above-stick-meta":"","header-main-stick-meta":"","header-below-stick-meta":"","astra-migrate-meta-layouts":"default","ast-page-background-enabled":"default","ast-page-background-meta":{"desktop":{"background-color":"var(--ast-global-color-4)","background-image":"","background-repeat":"repeat","background-position":"center center","background-size":"auto","background-attachment":"scroll","background-type":"","background-media":"","overlay-type":"","overlay-color":"","overlay-opacity":"","overlay-gradient":""},"tablet":{"background-color":"","background-image":"","background-repeat":"repeat","background-position":"center center","background-size":"auto","background-attachment":"scroll","background-type":"","background-media":"","overlay-type":"","overlay-color":"","overlay-opacity":"","overlay-gradient":""},"mobile":{"background-color":"","background-image":"","background-repeat":"repeat","background-position":"center center","background-size":"auto","background-attachment":"scroll","background-type":"","background-media":"","overlay-type":"","overlay-color":"","overlay-opacity":"","overlay-gradient":""}},"ast-content-background-meta":{"desktop":{"background-color":"var(--ast-global-color-5)","background-image":"","background-repeat":"repeat","background-position":"center center","background-size":"auto","background-attachment":"scroll","background-type":"","background-media":"","overlay-type":"","overlay-color":"","overlay-opacity":"","overlay-gradient":""},"tablet":{"background-color":"var(--ast-global-color-5)","background-image":"","background-repeat":"repeat","background-position":"center center","background-size":"auto","background-attachment":"scroll","background-type":"","background-media":"","overlay-type":"","overlay-color":"","overlay-opacity":"","overlay-gradient":""},"mobile":{"background-color":"var(--ast-global-color-5)","background-image":"","background-repeat":"repeat","background-position":"center center","background-size":"auto","background-attachment":"scroll","background-type":"","background-media":"","overlay-type":"","overlay-color":"","overlay-opacity":"","overlay-gradient":""}}},"product_brand":[],"product_cat":[47,430,40],"product_tag":[391,674,566,512,145,284,438,960,556,219,286,984,261,283,281],"class_list":{"0":"post-5643","1":"product","2":"type-product","3":"status-publish","4":"has-post-thumbnail","6":"product_cat-classic","7":"product_cat-men","8":"product_cat-mens-shoes","9":"product_tag-buckle-shoes","10":"product_tag-bulk-shoes","11":"product_tag-calfskin-shoes","12":"product_tag-casual-loafers","13":"product_tag-classic-shoes","14":"product_tag-dress-shoes","15":"product_tag-eva-sole","16":"product_tag-formal-casual","17":"product_tag-goatskin-lining","18":"product_tag-handmade-shoes","19":"product_tag-mens-leather-shoes","20":"product_tag-mens-monk-straps","21":"product_tag-monk-strap-shoes","22":"product_tag-suede-shoes","23":"product_tag-wholesale-shoes","24":"desktop-align-center","25":"tablet-align-center","26":"mobile-align-center","28":"first","29":"instock","30":"shipping-taxable","31":"purchasable","32":"product-type-variable","33":"has-default-attributes"},"acf":[],"uagb_featured_image_src":{"full":["https:\/\/turkishtrade.co\/wp-content\/uploads\/2026\/01\/2400EJOMN00373-DARK-BROWN-X_78.png",453,250,false],"thumbnail":["https:\/\/turkishtrade.co\/wp-content\/uploads\/2026\/01\/2400EJOMN00373-DARK-BROWN-X_78-150x150.png",150,150,true],"medium":["https:\/\/turkishtrade.co\/wp-content\/uploads\/2026\/01\/2400EJOMN00373-DARK-BROWN-X_78-300x166.png",300,166,true],"medium_large":["https:\/\/turkishtrade.co\/wp-content\/uploads\/2026\/01\/2400EJOMN00373-DARK-BROWN-X_78.png",453,250,false],"large":["https:\/\/turkishtrade.co\/wp-content\/uploads\/2026\/01\/2400EJOMN00373-DARK-BROWN-X_78.png",453,250,false],"1536x1536":["https:\/\/turkishtrade.co\/wp-content\/uploads\/2026\/01\/2400EJOMN00373-DARK-BROWN-X_78.png",453,250,false],"2048x2048":["https:\/\/turkishtrade.co\/wp-content\/uploads\/2026\/01\/2400EJOMN00373-DARK-BROWN-X_78.png",453,250,false],"trp-custom-language-flag":["https:\/\/turkishtrade.co\/wp-content\/uploads\/2026\/01\/2400EJOMN00373-DARK-BROWN-X_78-18x10.png",18,10,true],"woocommerce_thumbnail":["https:\/\/turkishtrade.co\/wp-content\/uploads\/2026\/01\/2400EJOMN00373-DARK-BROWN-X_78-400x250.png",400,250,true],"woocommerce_single":["https:\/\/turkishtrade.co\/wp-content\/uploads\/2026\/01\/2400EJOMN00373-DARK-BROWN-X_78.png",453,250,false],"woocommerce_gallery_thumbnail":["https:\/\/turkishtrade.co\/wp-content\/uploads\/2026\/01\/2400EJOMN00373-DARK-BROWN-X_78-100x100.png",100,100,true]},"uagb_author_info":{"display_name":"yaser olabi","author_link":"https:\/\/turkishtrade.co\/es\/author\/"},"uagb_comment_info":0,"uagb_excerpt":"Minimum Order: 8 pairs Delivery Time: 12 days + shipping Sole Material: Durable EVA Heel Height: Low profile (1-3 cm) Outer Material: Genuine Calfskin Leather &amp; Suede Inner Lining: Soft Goatskin Leather Available Sizes: EU 39, 40, 41, 42, 43, 44, 45 Wholesale Availability: Perfect for retailers looking for quality bulk footwear.","_links":{"self":[{"href":"https:\/\/turkishtrade.co\/es\/wp-json\/wp\/v2\/product\/5643","targetHints":{"allow":["GET"]}}],"collection":[{"href":"https:\/\/turkishtrade.co\/es\/wp-json\/wp\/v2\/product"}],"about":[{"href":"https:\/\/turkishtrade.co\/es\/wp-json\/wp\/v2\/types\/product"}],"wp:featuredmedia":[{"embeddable":true,"href":"https:\/\/turkishtrade.co\/es\/wp-json\/wp\/v2\/media\/3791"}],"wp:attachment":[{"href":"https:\/\/turkishtrade.co\/es\/wp-json\/wp\/v2\/media?parent=5643"}],"wp:term":[{"taxonomy":"product_brand","embeddable":true,"href":"https:\/\/turkishtrade.co\/es\/wp-json\/wp\/v2\/product_brand?post=5643"},{"taxonomy":"product_cat","embeddable":true,"href":"https:\/\/turkishtrade.co\/es\/wp-json\/wp\/v2\/product_cat?post=5643"},{"taxonomy":"product_tag","embeddable":true,"href":"https:\/\/turkishtrade.co\/es\/wp-json\/wp\/v2\/product_tag?post=5643"}],"curies":[{"name":"wp","href":"https:\/\/api.w.org\/{rel}","templated":true}]}}