{"id":5639,"date":"2026-01-14T12:48:05","date_gmt":"2026-01-14T12:48:05","guid":{"rendered":"https:\/\/turkishtrade.co\/product\/mens-calf-leather-loafers-4\/"},"modified":"2026-04-09T19:28:28","modified_gmt":"2026-04-09T19:28:28","slug":"mens-calf-leather-loafers-4","status":"publish","type":"product","link":"https:\/\/turkishtrade.co\/es\/shop\/mens-calf-leather-loafers-4\/","title":{"rendered":"Mocasines de hombre en piel de becerro de primera calidad con suela de EVA"},"content":{"rendered":"<p><strong>Mocasines de hombre de piel de becerro<\/strong><\/p>\n<p>Eleve su inventario con nuestro exquisito <strong>Mocasines de hombre de piel de becerro<\/strong>, dise\u00f1adas para el caballero moderno que aprecia tanto el estilo como la comodidad. Estos cl\u00e1sicos <strong>Mocasines de hombre de piel de becerro<\/strong> est\u00e1n fabricados meticulosamente con la mejor piel de becerro plena flor como material exterior, ofreciendo una textura lujosa, un rico potencial de p\u00e1tina y un atractivo duradero. Su dise\u00f1o elegante y atemporal y su impecable acabado hacen que estos <strong>Mocasines de hombre de piel de becerro<\/strong> un complemento vers\u00e1til para cualquier armario, perfecto tanto para eventos formales sofisticados como para entornos informales relajados.<\/p>\n<p>Somos conscientes de la importancia de ofrecer una calidad y un estilo inigualables, y precisamente por eso nuestros <strong>Mocasines de hombre de piel de becerro<\/strong> como una opci\u00f3n de primera calidad para los clientes m\u00e1s exigentes.<\/p>\n<p><h3>Calidad y artesan\u00eda inigualables<\/h3>\n<\/p>\n<p>Disfrute de una comodidad incomparable gracias a la construcci\u00f3n interna superior de estas excepcionales <strong>Mocasines de hombre de piel de becerro<\/strong>. El forro interior est\u00e1 hecho de piel de cabra excepcionalmente suave y transpirable, asegurando una sensaci\u00f3n de felpa contra el pie y propiedades superiores de absorci\u00f3n de humedad para la frescura y la higiene durante todo el d\u00eda. Combinados con una suela de EVA ligera pero extraordinariamente duradera, estos mocasines cl\u00e1sicos proporcionan una amortiguaci\u00f3n, absorci\u00f3n de impactos y flexibilidad excepcionales, haciendo que cada paso sea un placer.<\/p>\n<p>La cl\u00e1sica silueta de mocas\u00edn, combinada con un robusto trabajo artesanal y un sutil tac\u00f3n de 1 a 3 cm, garantiza una <strong>mocas\u00edn de hombre en piel de becerro<\/strong> que est\u00e1 hecha para durar y mantener su elegante forma durante a\u00f1os de uso.<\/p>\n<p>Cada par es un testimonio del arte de la zapater\u00eda, que ofrece una mezcla perfecta de tradici\u00f3n e innovaci\u00f3n moderna.<\/p>\n<p><h3>Comodidad suprema y estilo duradero<\/h3>\n<\/p>\n<p>Estos vers\u00e1tiles <strong>mocasines de piel de becerro<\/strong> est\u00e1n disponibles en una sofisticada paleta que incluye el negro cl\u00e1sico, el marr\u00f3n intenso y el marr\u00f3n oscuro intenso, lo que permite a sus clientes elegir el tono perfecto para cualquier atuendo.<\/p>\n<p>Ya sea con un traje elegante para una reuni\u00f3n de negocios importante, con unos pantalones elegantes para una reuni\u00f3n semiformal o con unos chinos de primera calidad para una salida refinada de fin de semana, estas <strong>mocasines de piel para hombre<\/strong> combinan sin esfuerzo sofisticaci\u00f3n y practicidad.<\/p>\n<p>El perfil elegante y los detalles refinados garantizan que estos mocasines sigan siendo un b\u00e1sico atemporal en la colecci\u00f3n de calzado de cualquier caballero exigente, prometiendo un estilo perdurable en los a\u00f1os venideros.<\/p>\n<p><h3>Oportunidad para los mayoristas de calzado de calidad<\/h3>\n<\/p>\n<p>Disponibles en una amplia gama de tallas de la 39 a la 45, estas <strong>Mocasines de hombre de piel de becerro<\/strong> atender a una amplia base de clientes. Como socio mayorista, puede ofrecer con confianza a su clientela productos de primera calidad. <strong>Mocasines de hombre de piel de becerro<\/strong> que reflejan una calidad superior, un dise\u00f1o atemporal y un valor excepcional. Con una cantidad m\u00ednima de pedido de tan solo 8 pares y un plazo de entrega eficaz de aproximadamente 12 d\u00edas m\u00e1s gastos de env\u00edo, almacenar estos zapatos excepcionales resulta c\u00f3modo y muy gratificante.<\/p>\n<p>Mejora tu colecci\u00f3n de calzado con estos cl\u00e1sicos imprescindibles <strong>mocasines de hombre de piel de becerro<\/strong> y atraen a clientes que buscan lujo, durabilidad y un aspecto distinguido.<\/p>","protected":false},"excerpt":{"rendered":"<ul>\n<li>Exterior de piel de becerro de alta calidad para un atractivo sofisticado.<\/li>\n<li>El lujoso interior de piel de cabra garantiza el m\u00e1ximo confort y transpirabilidad.<\/li>\n<li>Suela de EVA ligera y flexible para llevarlas todo el d\u00eda y ofrecer una amortiguaci\u00f3n superior.<\/li>\n<li>Dise\u00f1o de mocas\u00edn cl\u00e1sico adecuado para ocasiones de negocios, semiformales o informales.<\/li>\n<li>Tallas completas del 39 al 45 para un ajuste perfecto.<\/li>\n<li>Cantidad m\u00ednima de pedido: 8 pares, ideal para minoristas que buscan calzado masculino de primera calidad.<\/li>\n<\/ul>","protected":false},"featured_media":3789,"template":"","meta":{"_acf_changed":false,"_uag_custom_page_level_css":"","site-sidebar-layout":"default","site-content-layout":"","ast-site-content-layout":"default","site-content-style":"default","site-sidebar-style":"default","ast-global-header-display":"","ast-banner-title-visibility":"","ast-main-header-display":"","ast-hfb-above-header-display":"","ast-hfb-below-header-display":"","ast-hfb-mobile-header-display":"","site-post-title":"","ast-breadcrumbs-content":"","ast-featured-img":"","footer-sml-layout":"","ast-disable-related-posts":"","theme-transparent-header-meta":"","adv-header-id-meta":"","stick-header-meta":"","header-above-stick-meta":"","header-main-stick-meta":"","header-below-stick-meta":"","astra-migrate-meta-layouts":"default","ast-page-background-enabled":"default","ast-page-background-meta":{"desktop":{"background-color":"var(--ast-global-color-4)","background-image":"","background-repeat":"repeat","background-position":"center center","background-size":"auto","background-attachment":"scroll","background-type":"","background-media":"","overlay-type":"","overlay-color":"","overlay-opacity":"","overlay-gradient":""},"tablet":{"background-color":"","background-image":"","background-repeat":"repeat","background-position":"center center","background-size":"auto","background-attachment":"scroll","background-type":"","background-media":"","overlay-type":"","overlay-color":"","overlay-opacity":"","overlay-gradient":""},"mobile":{"background-color":"","background-image":"","background-repeat":"repeat","background-position":"center center","background-size":"auto","background-attachment":"scroll","background-type":"","background-media":"","overlay-type":"","overlay-color":"","overlay-opacity":"","overlay-gradient":""}},"ast-content-background-meta":{"desktop":{"background-color":"var(--ast-global-color-5)","background-image":"","background-repeat":"repeat","background-position":"center center","background-size":"auto","background-attachment":"scroll","background-type":"","background-media":"","overlay-type":"","overlay-color":"","overlay-opacity":"","overlay-gradient":""},"tablet":{"background-color":"var(--ast-global-color-5)","background-image":"","background-repeat":"repeat","background-position":"center center","background-size":"auto","background-attachment":"scroll","background-type":"","background-media":"","overlay-type":"","overlay-color":"","overlay-opacity":"","overlay-gradient":""},"mobile":{"background-color":"var(--ast-global-color-5)","background-image":"","background-repeat":"repeat","background-position":"center center","background-size":"auto","background-attachment":"scroll","background-type":"","background-media":"","overlay-type":"","overlay-color":"","overlay-opacity":"","overlay-gradient":""}}},"product_brand":[],"product_cat":[47,430,40],"product_tag":[370,147,405,185,512,457,725,737,287,189,215,324,186,279,374,380,254],"class_list":{"0":"post-5639","1":"product","2":"type-product","3":"status-publish","4":"has-post-thumbnail","6":"product_cat-classic","7":"product_cat-men","8":"product_cat-mens-shoes","9":"product_tag-black-loafers","10":"product_tag-brown-loafers","11":"product_tag-business-shoes","12":"product_tag-calf-leather-shoes","13":"product_tag-casual-loafers","14":"product_tag-classic-loafers","15":"product_tag-dark-brown-loafers","16":"product_tag-dress-loafers","17":"product_tag-eva-sole-shoes","18":"product_tag-goat-leather-lining","19":"product_tag-leather-loafers","20":"product_tag-mens-dress-shoes","21":"product_tag-mens-loafers","22":"product_tag-penny-loafers","23":"product_tag-premium-loafers","24":"product_tag-smart-casual-footwear","25":"product_tag-wholesale-footwear","26":"desktop-align-center","27":"tablet-align-center","28":"mobile-align-center","30":"first","31":"instock","32":"shipping-taxable","33":"purchasable","34":"product-type-variable","35":"has-default-attributes"},"acf":[],"uagb_featured_image_src":{"full":["https:\/\/turkishtrade.co\/wp-content\/uploads\/2026\/01\/2400EJOMN00372-DARK-BROWN-Y_300-2-USD.png",453,250,false],"thumbnail":["https:\/\/turkishtrade.co\/wp-content\/uploads\/2026\/01\/2400EJOMN00372-DARK-BROWN-Y_300-2-USD-150x150.png",150,150,true],"medium":["https:\/\/turkishtrade.co\/wp-content\/uploads\/2026\/01\/2400EJOMN00372-DARK-BROWN-Y_300-2-USD-300x166.png",300,166,true],"medium_large":["https:\/\/turkishtrade.co\/wp-content\/uploads\/2026\/01\/2400EJOMN00372-DARK-BROWN-Y_300-2-USD.png",453,250,false],"large":["https:\/\/turkishtrade.co\/wp-content\/uploads\/2026\/01\/2400EJOMN00372-DARK-BROWN-Y_300-2-USD.png",453,250,false],"1536x1536":["https:\/\/turkishtrade.co\/wp-content\/uploads\/2026\/01\/2400EJOMN00372-DARK-BROWN-Y_300-2-USD.png",453,250,false],"2048x2048":["https:\/\/turkishtrade.co\/wp-content\/uploads\/2026\/01\/2400EJOMN00372-DARK-BROWN-Y_300-2-USD.png",453,250,false],"trp-custom-language-flag":["https:\/\/turkishtrade.co\/wp-content\/uploads\/2026\/01\/2400EJOMN00372-DARK-BROWN-Y_300-2-USD-18x10.png",18,10,true],"woocommerce_thumbnail":["https:\/\/turkishtrade.co\/wp-content\/uploads\/2026\/01\/2400EJOMN00372-DARK-BROWN-Y_300-2-USD-400x250.png",400,250,true],"woocommerce_single":["https:\/\/turkishtrade.co\/wp-content\/uploads\/2026\/01\/2400EJOMN00372-DARK-BROWN-Y_300-2-USD.png",453,250,false],"woocommerce_gallery_thumbnail":["https:\/\/turkishtrade.co\/wp-content\/uploads\/2026\/01\/2400EJOMN00372-DARK-BROWN-Y_300-2-USD-100x100.png",100,100,true]},"uagb_author_info":{"display_name":"yaser olabi","author_link":"https:\/\/turkishtrade.co\/es\/author\/"},"uagb_comment_info":0,"uagb_excerpt":"High-quality calf leather exterior for sophisticated appeal. Luxurious goat leather interior ensures ultimate comfort and breathability. Lightweight and flexible EVA sole for all-day wear and superior cushioning. Classic loafer design suitable for business, semi-formal, or casual occasions. Full size range from 39 to 45 for a perfect fit. Minimum order quantity: 8 pairs, ideal for&hellip;","_links":{"self":[{"href":"https:\/\/turkishtrade.co\/es\/wp-json\/wp\/v2\/product\/5639","targetHints":{"allow":["GET"]}}],"collection":[{"href":"https:\/\/turkishtrade.co\/es\/wp-json\/wp\/v2\/product"}],"about":[{"href":"https:\/\/turkishtrade.co\/es\/wp-json\/wp\/v2\/types\/product"}],"wp:featuredmedia":[{"embeddable":true,"href":"https:\/\/turkishtrade.co\/es\/wp-json\/wp\/v2\/media\/3789"}],"wp:attachment":[{"href":"https:\/\/turkishtrade.co\/es\/wp-json\/wp\/v2\/media?parent=5639"}],"wp:term":[{"taxonomy":"product_brand","embeddable":true,"href":"https:\/\/turkishtrade.co\/es\/wp-json\/wp\/v2\/product_brand?post=5639"},{"taxonomy":"product_cat","embeddable":true,"href":"https:\/\/turkishtrade.co\/es\/wp-json\/wp\/v2\/product_cat?post=5639"},{"taxonomy":"product_tag","embeddable":true,"href":"https:\/\/turkishtrade.co\/es\/wp-json\/wp\/v2\/product_tag?post=5639"}],"curies":[{"name":"wp","href":"https:\/\/api.w.org\/{rel}","templated":true}]}}