{"id":5637,"date":"2026-01-14T12:47:42","date_gmt":"2026-01-14T12:47:42","guid":{"rendered":"https:\/\/turkishtrade.co\/product\/brown-leather-derby-shoes\/"},"modified":"2026-04-09T19:28:31","modified_gmt":"2026-04-09T19:28:31","slug":"brown-leather-derby-shoes","status":"publish","type":"product","link":"https:\/\/turkishtrade.co\/es\/shop\/brown-leather-derby-shoes\/","title":{"rendered":"Zapatos Derby de piel marr\u00f3n de primera calidad para hombre"},"content":{"rendered":"<p><strong>Zapatos Derby de piel marr\u00f3n<\/strong><\/p>\n<p>Entre en la elegancia atemporal con nuestro <b>Zapatos Derby de piel marr\u00f3n de primera calidad para hombre<\/b>. Dise\u00f1ados para el caballero moderno que valora tanto el estilo como la comodidad, estos excepcionales zapatos son un testimonio de artesan\u00eda superior. Cada par de estos exquisitos <b>zapatos derby de cuero marr\u00f3n<\/b> est\u00e1 fabricado meticulosamente con los mejores materiales, lo que garantiza un tacto lujoso y una durabilidad duradera.<\/p>\n<p>El tono marr\u00f3n intenso hace que estos <b>zapatos derby de cuero marr\u00f3n<\/b> incre\u00edblemente vers\u00e1til, complementa sin esfuerzo una amplia gama de conjuntos, desde pantalones sastre hasta elegantes vaqueros.<\/p>\n<p><h3>Artesan\u00eda y materiales incomparables<\/h3>\n<\/p>\n<p>El exterior de estos sofisticados <b>zapatos derby de cuero marr\u00f3n<\/b> est\u00e1 fabricado en aut\u00e9ntica piel de ternero de alta calidad, conocida por su suave textura, resistencia y elegante acabado. El sutil pero distintivo detalle texturizado de los paneles laterales a\u00f1ade un car\u00e1cter \u00fanico, estableciendo estos <b>zapatos derby de cuero marr\u00f3n<\/b> de los dise\u00f1os convencionales. En el interior, sus pies estar\u00e1n envueltos en la lujosa suavidad del forro de aut\u00e9ntica piel de cabra, que proporciona una transpirabilidad y un confort excepcionales desde el primer uso.<\/p>\n<p>Esta cuidada combinaci\u00f3n de materiales garantiza un zapato que no s\u00f3lo tiene un aspecto magn\u00edfico, sino que tambi\u00e9n proporciona una sensaci\u00f3n incre\u00edble durante todo el d\u00eda.<\/p>\n<p><h3>Dise\u00f1ado para la comodidad y el estilo<\/h3>\n<\/p>\n<p>La comodidad es primordial, y nuestro <b>zapatos derby de cuero marr\u00f3n<\/b> proporcionan. La suela de EVA, ligera y flexible, ofrece una amortiguaci\u00f3n y una sujeci\u00f3n excelentes, lo que las hace perfectas para un uso prolongado, tanto si te mueves por las calles de la ciudad como si asistes a una reuni\u00f3n importante. Con un tac\u00f3n bajo cl\u00e1sico (aproximadamente 1-3 cm), estos zapatos mantienen un perfil elegante a la vez que proporcionan una sutil elevaci\u00f3n.<\/p>\n<p>Disponibles en tallas que van de la EU 39 a la 45, encontrar el ajuste perfecto es sencillo. Eleva tu colecci\u00f3n de calzado con estos imprescindibles <b>zapatos derby de cuero marr\u00f3n<\/b> que prometen ser la piedra angular de tu armario.<\/p>\n<p><h3>Perfecto para cualquier ocasi\u00f3n<\/h3>\n<\/p>\n<p>Nuestra <b>Zapatos Derby de piel marr\u00f3n de primera calidad para hombre<\/b> son el ep\u00edtome de la sofisticaci\u00f3n vers\u00e1til. Son una elecci\u00f3n impecable para los entornos informales de negocios, a\u00f1adiendo un toque pulido a su atuendo de oficina. Para eventos sociales o salidas informales elegantes, estos zapatos combinan a la perfecci\u00f3n la elegancia con el encanto relajado.<\/p>\n<p>Experimente la fusi\u00f3n perfecta de dise\u00f1o tradicional y confort contempor\u00e1neo con estos imprescindibles <b>zapatos derby de cuero marr\u00f3n<\/b>. Para las empresas que deseen ofrecer calzado de calidad, estos zapatos est\u00e1n disponibles para su compra al por mayor con un pedido m\u00ednimo de 8 pares, lo que garantiza un valor excelente y un producto superior para su clientela.<\/p>","protected":false},"excerpt":{"rendered":"<ul>\n<li><b>Materiales de primera calidad:<\/b> Confeccionadas por expertos con una parte superior de aut\u00e9ntica piel de ternero y un suave forro de piel de cabra para el m\u00e1ximo confort.<\/li>\n<li><b>Confort ligero:<\/b> Incorpora una suela de EVA flexible y duradera que garantiza su uso durante todo el d\u00eda.<\/li>\n<li><b>Dise\u00f1o elegante:<\/b> Cl\u00e1sico estilo derby marr\u00f3n realzado con sutiles paneles laterales texturizados para darle un toque sofisticado.<\/li>\n<li><b>Uso vers\u00e1til:<\/b> Ideales para un look business casual, smart casual o para a\u00f1adir un toque refinado a tu atuendo diario.<\/li>\n<li><b>Tallas disponibles:<\/b> Se ofrece en una amplia gama de UE 39 a 45.<\/li>\n<li><b>Oportunidad de venta al por mayor:<\/b> Cantidad m\u00ednima de pedido de 8 pares disponible para la compra al por mayor.<\/li>\n<\/ul>","protected":false},"featured_media":3786,"template":"","meta":{"_acf_changed":false,"_uag_custom_page_level_css":"","site-sidebar-layout":"default","site-content-layout":"","ast-site-content-layout":"default","site-content-style":"default","site-sidebar-style":"default","ast-global-header-display":"","ast-banner-title-visibility":"","ast-main-header-display":"","ast-hfb-above-header-display":"","ast-hfb-below-header-display":"","ast-hfb-mobile-header-display":"","site-post-title":"","ast-breadcrumbs-content":"","ast-featured-img":"","footer-sml-layout":"","ast-disable-related-posts":"","theme-transparent-header-meta":"","adv-header-id-meta":"","stick-header-meta":"","header-above-stick-meta":"","header-main-stick-meta":"","header-below-stick-meta":"","astra-migrate-meta-layouts":"default","ast-page-background-enabled":"default","ast-page-background-meta":{"desktop":{"background-color":"var(--ast-global-color-4)","background-image":"","background-repeat":"repeat","background-position":"center center","background-size":"auto","background-attachment":"scroll","background-type":"","background-media":"","overlay-type":"","overlay-color":"","overlay-opacity":"","overlay-gradient":""},"tablet":{"background-color":"","background-image":"","background-repeat":"repeat","background-position":"center center","background-size":"auto","background-attachment":"scroll","background-type":"","background-media":"","overlay-type":"","overlay-color":"","overlay-opacity":"","overlay-gradient":""},"mobile":{"background-color":"","background-image":"","background-repeat":"repeat","background-position":"center center","background-size":"auto","background-attachment":"scroll","background-type":"","background-media":"","overlay-type":"","overlay-color":"","overlay-opacity":"","overlay-gradient":""}},"ast-content-background-meta":{"desktop":{"background-color":"var(--ast-global-color-5)","background-image":"","background-repeat":"repeat","background-position":"center center","background-size":"auto","background-attachment":"scroll","background-type":"","background-media":"","overlay-type":"","overlay-color":"","overlay-opacity":"","overlay-gradient":""},"tablet":{"background-color":"var(--ast-global-color-5)","background-image":"","background-repeat":"repeat","background-position":"center center","background-size":"auto","background-attachment":"scroll","background-type":"","background-media":"","overlay-type":"","overlay-color":"","overlay-opacity":"","overlay-gradient":""},"mobile":{"background-color":"var(--ast-global-color-5)","background-image":"","background-repeat":"repeat","background-position":"center center","background-size":"auto","background-attachment":"scroll","background-type":"","background-media":"","overlay-type":"","overlay-color":"","overlay-opacity":"","overlay-gradient":""}}},"product_brand":[],"product_cat":[47,430,40],"product_tag":[218,200,202,212,480,438,437,227,198,362,210,281],"class_list":{"0":"post-5637","1":"product","2":"type-product","3":"status-publish","4":"has-post-thumbnail","6":"product_cat-classic","7":"product_cat-men","8":"product_cat-mens-shoes","9":"product_tag-brown-shoes","10":"product_tag-business-casual","11":"product_tag-calf-leather","12":"product_tag-derby-shoes","13":"product_tag-elegant-shoes","14":"product_tag-eva-sole","15":"product_tag-goat-leather","16":"product_tag-leather-shoes","17":"product_tag-mens-fashion","18":"product_tag-premium-footwear","19":"product_tag-smart-casual","20":"product_tag-wholesale-shoes","21":"desktop-align-center","22":"tablet-align-center","23":"mobile-align-center","25":"first","26":"instock","27":"shipping-taxable","28":"purchasable","29":"product-type-variable","30":"has-default-attributes"},"acf":[],"uagb_featured_image_src":{"full":["https:\/\/turkishtrade.co\/wp-content\/uploads\/2026\/01\/2400EJOMN00371-BROWN-Z_876.png",453,250,false],"thumbnail":["https:\/\/turkishtrade.co\/wp-content\/uploads\/2026\/01\/2400EJOMN00371-BROWN-Z_876-150x150.png",150,150,true],"medium":["https:\/\/turkishtrade.co\/wp-content\/uploads\/2026\/01\/2400EJOMN00371-BROWN-Z_876-300x166.png",300,166,true],"medium_large":["https:\/\/turkishtrade.co\/wp-content\/uploads\/2026\/01\/2400EJOMN00371-BROWN-Z_876.png",453,250,false],"large":["https:\/\/turkishtrade.co\/wp-content\/uploads\/2026\/01\/2400EJOMN00371-BROWN-Z_876.png",453,250,false],"1536x1536":["https:\/\/turkishtrade.co\/wp-content\/uploads\/2026\/01\/2400EJOMN00371-BROWN-Z_876.png",453,250,false],"2048x2048":["https:\/\/turkishtrade.co\/wp-content\/uploads\/2026\/01\/2400EJOMN00371-BROWN-Z_876.png",453,250,false],"trp-custom-language-flag":["https:\/\/turkishtrade.co\/wp-content\/uploads\/2026\/01\/2400EJOMN00371-BROWN-Z_876-18x10.png",18,10,true],"woocommerce_thumbnail":["https:\/\/turkishtrade.co\/wp-content\/uploads\/2026\/01\/2400EJOMN00371-BROWN-Z_876-400x250.png",400,250,true],"woocommerce_single":["https:\/\/turkishtrade.co\/wp-content\/uploads\/2026\/01\/2400EJOMN00371-BROWN-Z_876.png",453,250,false],"woocommerce_gallery_thumbnail":["https:\/\/turkishtrade.co\/wp-content\/uploads\/2026\/01\/2400EJOMN00371-BROWN-Z_876-100x100.png",100,100,true]},"uagb_author_info":{"display_name":"yaser olabi","author_link":"https:\/\/turkishtrade.co\/es\/author\/"},"uagb_comment_info":0,"uagb_excerpt":"Premium Materials: Expertly crafted with genuine calf leather upper and a soft goat leather lining for ultimate comfort. Lightweight Comfort: Features a flexible and durable EVA sole, ensuring all-day wearability. Elegant Design: Classic brown derby style enhanced with subtle textured side panels for a sophisticated touch. Versatile Wear: Ideal for business casual, smart casual, or&hellip;","_links":{"self":[{"href":"https:\/\/turkishtrade.co\/es\/wp-json\/wp\/v2\/product\/5637","targetHints":{"allow":["GET"]}}],"collection":[{"href":"https:\/\/turkishtrade.co\/es\/wp-json\/wp\/v2\/product"}],"about":[{"href":"https:\/\/turkishtrade.co\/es\/wp-json\/wp\/v2\/types\/product"}],"wp:featuredmedia":[{"embeddable":true,"href":"https:\/\/turkishtrade.co\/es\/wp-json\/wp\/v2\/media\/3786"}],"wp:attachment":[{"href":"https:\/\/turkishtrade.co\/es\/wp-json\/wp\/v2\/media?parent=5637"}],"wp:term":[{"taxonomy":"product_brand","embeddable":true,"href":"https:\/\/turkishtrade.co\/es\/wp-json\/wp\/v2\/product_brand?post=5637"},{"taxonomy":"product_cat","embeddable":true,"href":"https:\/\/turkishtrade.co\/es\/wp-json\/wp\/v2\/product_cat?post=5637"},{"taxonomy":"product_tag","embeddable":true,"href":"https:\/\/turkishtrade.co\/es\/wp-json\/wp\/v2\/product_tag?post=5637"}],"curies":[{"name":"wp","href":"https:\/\/api.w.org\/{rel}","templated":true}]}}