{"id":5632,"date":"2026-01-14T12:46:58","date_gmt":"2026-01-14T12:46:58","guid":{"rendered":"https:\/\/turkishtrade.co\/product\/men-s-leather-chunky-sole-shoes\/"},"modified":"2026-04-09T19:28:41","modified_gmt":"2026-04-09T19:28:41","slug":"mens-leather-chunky-sole-shoes-2","status":"publish","type":"product","link":"https:\/\/turkishtrade.co\/es\/shop\/mens-leather-chunky-sole-shoes-2\/","title":{"rendered":"Zapatos Derby de suela gruesa de cuero de primera calidad para hombre"},"content":{"rendered":"<p data-rm-block-id=\"block-1\"><strong>Zapatos de suela gruesa de cuero para hombre<\/strong><\/p>\n<p data-rm-block-id=\"block-2\">Ad\u00e9ntrese en un estilo y un confort incomparables con nuestros **Zapatos Derby de suela gruesa de cuero para hombre de primera calidad**. Dise\u00f1ados para el individuo exigente que aprecia tanto la est\u00e9tica moderna como la artesan\u00eda tradicional, estos excepcionales **Zapatos de suela gruesa de cuero para hombre** son imprescindibles en cualquier armario sofisticado. Combinando una construcci\u00f3n robusta con detalles sofisticados, estos zapatos son perfectos para diversas ocasiones, desde salidas informales hasta entornos de negocios elegantes e informales.<\/p>\n<h3 data-rm-block-id=\"block-3\">Calidad y artesan\u00eda inigualables<\/h3>\n<p data-rm-block-id=\"block-4\">Cada par de estos elegantes **Zapatos de suela gruesa de piel para hombre** se elabora meticulosamente utilizando s\u00f3lo los mejores materiales. El exterior es de lujosa y flexible piel de ternero, famosa por su durabilidad, acabado suave y capacidad para envejecer maravillosamente. Esta piel de primera calidad proporciona un aspecto refinado que destaca.<\/p>\n<p data-rm-block-id=\"block-5\">En el interior, sus pies estar\u00e1n acunados por la suavidad de un forro de aut\u00e9ntica piel de cabra, que garantiza la transpirabilidad y un confort excepcional durante todo el d\u00eda. Esta combinaci\u00f3n de pieles de alta calidad dice mucho de la construcci\u00f3n superior de toda nuestra gama de **Zapatos de suela gruesa de cuero para hombre**.<\/p>\n<h3 data-rm-block-id=\"block-6\">El dise\u00f1o moderno se une a la comodidad cotidiana<\/h3>\n<p data-rm-block-id=\"block-7\">La caracter\u00edstica que define a estos **Zapatos de suela gruesa de cuero para hombre** es su contempor\u00e1nea suela gruesa de EVA. Esta innovadora suela no s\u00f3lo a\u00f1ade un toque distintivo y moderno, sino que tambi\u00e9n proporciona una amortiguaci\u00f3n ligera y una excelente absorci\u00f3n de impactos. A diferencia de las suelas pesadas tradicionales, el material EVA garantiza que, a pesar de su aspecto sustancial, el zapato siga siendo incre\u00edblemente c\u00f3modo para un uso prolongado.<\/p>\n<p data-rm-block-id=\"block-8\">El robusto agarre ofrece estabilidad en diversas superficies. El cl\u00e1sico dise\u00f1o derby con cordones, complementado con una elegante costura moc-toe, crea una silueta vers\u00e1til que combina sin esfuerzo con vaqueros, chinos o pantalones a medida. Experimente la mezcla perfecta de estilo que marca tendencia y comodidad duradera con estos exclusivos **Zapatos de suela gruesa de piel para hombre**.<\/p>\n<h3 data-rm-block-id=\"block-9\">Perfecto para socios mayoristas y minoristas<\/h3>\n<p data-rm-block-id=\"block-10\">Entendemos las demandas del mercado moderno, y estos **Zapatos de suela gruesa de cuero para hombre** son una excelente adici\u00f3n a cualquier inventario minorista. Disponible en una amplia gama de tama\u00f1os de la UE de 39 a 45, puede atender a una amplia base de clientes. Ofrecemos precios al por mayor competitivos para pedidos al por mayor, con una cantidad m\u00ednima de pedido de s\u00f3lo 8 pares, por lo que es f\u00e1cil abastecerse.<\/p>\n<p data-rm-block-id=\"block-11\">Nuestro eficiente proceso de producci\u00f3n y env\u00edo garantiza la entrega en 12 d\u00edas m\u00e1s el tiempo de carga est\u00e1ndar, por lo que su inventario se actualiza r\u00e1pidamente. Eleve su colecci\u00f3n con estos elegantes y de alta demanda **Zapatos de suela gruesa de cuero para hombre** que prometen ser los favoritos entre su clientela.<\/p>\n<h3 data-rm-block-id=\"block-12\">Invierte en estilo y durabilidad con nuestros zapatos de suela gruesa de cuero para hombre<\/h3>\n<p data-rm-block-id=\"block-13\">Estos zapatos derby representan una inversi\u00f3n en calidad, estilo y satisfacci\u00f3n a largo plazo. Su robusta construcci\u00f3n y su dise\u00f1o atemporal garantizan que seguir\u00e1n siendo un b\u00e1sico en temporadas venideras. No pierda la oportunidad de ofrecer a sus clientes estas excepcionales piezas de calzado.<\/p>","protected":false},"excerpt":{"rendered":"<ul>\n<li>Experimenta la m\u00e1xima comodidad y estilo con estos **Zapatos de suela gruesa de cuero para hombre**.<\/li>\n<li>Fabricado a mano con piel de becerro de primera calidad en el exterior y suave piel de cabra en el interior.<\/li>\n<li>Incorpora una moderna y ligera suela gruesa de EVA para una mayor amortiguaci\u00f3n y agarre.<\/li>\n<li>Disponibles en tallas UE 39-45, perfectas para diversas necesidades al por mayor.<\/li>\n<li>Pedido m\u00ednimo de 8 pares, con precios competitivos para compras al por mayor.<\/li>\n<li>Entrega en 12 d\u00edas m\u00e1s gastos de env\u00edo.<\/li>\n<\/ul>","protected":false},"featured_media":3782,"template":"","meta":{"_acf_changed":false,"_uag_custom_page_level_css":"","site-sidebar-layout":"default","site-content-layout":"","ast-site-content-layout":"default","site-content-style":"default","site-sidebar-style":"default","ast-global-header-display":"","ast-banner-title-visibility":"","ast-main-header-display":"","ast-hfb-above-header-display":"","ast-hfb-below-header-display":"","ast-hfb-mobile-header-display":"","site-post-title":"","ast-breadcrumbs-content":"","ast-featured-img":"","footer-sml-layout":"","ast-disable-related-posts":"","theme-transparent-header-meta":"default","adv-header-id-meta":"","stick-header-meta":"","header-above-stick-meta":"","header-main-stick-meta":"","header-below-stick-meta":"","astra-migrate-meta-layouts":"set","ast-page-background-enabled":"default","ast-page-background-meta":{"desktop":{"background-color":"var(--ast-global-color-4)","background-image":"","background-repeat":"repeat","background-position":"center center","background-size":"auto","background-attachment":"scroll","background-type":"","background-media":"","overlay-type":"","overlay-color":"","overlay-opacity":"","overlay-gradient":""},"tablet":{"background-color":"","background-image":"","background-repeat":"repeat","background-position":"center center","background-size":"auto","background-attachment":"scroll","background-type":"","background-media":"","overlay-type":"","overlay-color":"","overlay-opacity":"","overlay-gradient":""},"mobile":{"background-color":"","background-image":"","background-repeat":"repeat","background-position":"center center","background-size":"auto","background-attachment":"scroll","background-type":"","background-media":"","overlay-type":"","overlay-color":"","overlay-opacity":"","overlay-gradient":""}},"ast-content-background-meta":{"desktop":{"background-color":"var(--ast-global-color-5)","background-image":"","background-repeat":"repeat","background-position":"center center","background-size":"auto","background-attachment":"scroll","background-type":"","background-media":"","overlay-type":"","overlay-color":"","overlay-opacity":"","overlay-gradient":""},"tablet":{"background-color":"var(--ast-global-color-5)","background-image":"","background-repeat":"repeat","background-position":"center center","background-size":"auto","background-attachment":"scroll","background-type":"","background-media":"","overlay-type":"","overlay-color":"","overlay-opacity":"","overlay-gradient":""},"mobile":{"background-color":"var(--ast-global-color-5)","background-image":"","background-repeat":"repeat","background-position":"center center","background-size":"auto","background-attachment":"scroll","background-type":"","background-media":"","overlay-type":"","overlay-color":"","overlay-opacity":"","overlay-gradient":""}}},"product_brand":[],"product_cat":[47,430,40],"product_tag":[970,202,449,331,212,438,437,227,983,362,210,281],"class_list":{"0":"post-5632","1":"product","2":"type-product","3":"status-publish","4":"has-post-thumbnail","6":"product_cat-classic","7":"product_cat-men","8":"product_cat-mens-shoes","9":"product_tag-burgundy-shoes","10":"product_tag-calf-leather","11":"product_tag-casual-shoes","12":"product_tag-chunky-sole-shoes","13":"product_tag-derby-shoes","14":"product_tag-eva-sole","15":"product_tag-goat-leather","16":"product_tag-leather-shoes","17":"product_tag-oxblood-shoes","18":"product_tag-premium-footwear","19":"product_tag-smart-casual","20":"product_tag-wholesale-shoes","21":"desktop-align-center","22":"tablet-align-center","23":"mobile-align-center","25":"first","26":"instock","27":"shipping-taxable","28":"purchasable","29":"product-type-variable","30":"has-default-attributes"},"acf":[],"uagb_featured_image_src":{"full":["https:\/\/turkishtrade.co\/wp-content\/uploads\/2026\/01\/2400EJOMN00355-BURGUNDEY-DKS_7650-4-USD.png",453,250,false],"thumbnail":["https:\/\/turkishtrade.co\/wp-content\/uploads\/2026\/01\/2400EJOMN00355-BURGUNDEY-DKS_7650-4-USD-150x150.png",150,150,true],"medium":["https:\/\/turkishtrade.co\/wp-content\/uploads\/2026\/01\/2400EJOMN00355-BURGUNDEY-DKS_7650-4-USD-300x166.png",300,166,true],"medium_large":["https:\/\/turkishtrade.co\/wp-content\/uploads\/2026\/01\/2400EJOMN00355-BURGUNDEY-DKS_7650-4-USD.png",453,250,false],"large":["https:\/\/turkishtrade.co\/wp-content\/uploads\/2026\/01\/2400EJOMN00355-BURGUNDEY-DKS_7650-4-USD.png",453,250,false],"1536x1536":["https:\/\/turkishtrade.co\/wp-content\/uploads\/2026\/01\/2400EJOMN00355-BURGUNDEY-DKS_7650-4-USD.png",453,250,false],"2048x2048":["https:\/\/turkishtrade.co\/wp-content\/uploads\/2026\/01\/2400EJOMN00355-BURGUNDEY-DKS_7650-4-USD.png",453,250,false],"trp-custom-language-flag":["https:\/\/turkishtrade.co\/wp-content\/uploads\/2026\/01\/2400EJOMN00355-BURGUNDEY-DKS_7650-4-USD-18x10.png",18,10,true],"woocommerce_thumbnail":["https:\/\/turkishtrade.co\/wp-content\/uploads\/2026\/01\/2400EJOMN00355-BURGUNDEY-DKS_7650-4-USD-400x250.png",400,250,true],"woocommerce_single":["https:\/\/turkishtrade.co\/wp-content\/uploads\/2026\/01\/2400EJOMN00355-BURGUNDEY-DKS_7650-4-USD.png",453,250,false],"woocommerce_gallery_thumbnail":["https:\/\/turkishtrade.co\/wp-content\/uploads\/2026\/01\/2400EJOMN00355-BURGUNDEY-DKS_7650-4-USD-100x100.png",100,100,true]},"uagb_author_info":{"display_name":"yaser olabi","author_link":"https:\/\/turkishtrade.co\/es\/author\/"},"uagb_comment_info":0,"uagb_excerpt":"Experience ultimate comfort and style with these **Men's Leather Chunky Sole Shoes**. Handcrafted from premium Calf Leather exterior and soft Goat Leather interior. Features a modern, lightweight EVA chunky sole for superior cushioning and grip. Available in EU sizes 39-45, perfect for diverse wholesale needs. Minimum order quantity of 8 pairs, with competitive pricing for&hellip;","_links":{"self":[{"href":"https:\/\/turkishtrade.co\/es\/wp-json\/wp\/v2\/product\/5632","targetHints":{"allow":["GET"]}}],"collection":[{"href":"https:\/\/turkishtrade.co\/es\/wp-json\/wp\/v2\/product"}],"about":[{"href":"https:\/\/turkishtrade.co\/es\/wp-json\/wp\/v2\/types\/product"}],"wp:featuredmedia":[{"embeddable":true,"href":"https:\/\/turkishtrade.co\/es\/wp-json\/wp\/v2\/media\/3782"}],"wp:attachment":[{"href":"https:\/\/turkishtrade.co\/es\/wp-json\/wp\/v2\/media?parent=5632"}],"wp:term":[{"taxonomy":"product_brand","embeddable":true,"href":"https:\/\/turkishtrade.co\/es\/wp-json\/wp\/v2\/product_brand?post=5632"},{"taxonomy":"product_cat","embeddable":true,"href":"https:\/\/turkishtrade.co\/es\/wp-json\/wp\/v2\/product_cat?post=5632"},{"taxonomy":"product_tag","embeddable":true,"href":"https:\/\/turkishtrade.co\/es\/wp-json\/wp\/v2\/product_tag?post=5632"}],"curies":[{"name":"wp","href":"https:\/\/api.w.org\/{rel}","templated":true}]}}