{"id":5625,"date":"2026-01-14T12:44:40","date_gmt":"2026-01-14T12:44:40","guid":{"rendered":"https:\/\/turkishtrade.co\/product\/mens-leather-brogue-shoes-2\/"},"modified":"2026-04-09T19:28:51","modified_gmt":"2026-04-09T19:28:51","slug":"mens-leather-brogue-shoes-2","status":"publish","type":"product","link":"https:\/\/turkishtrade.co\/es\/shop\/mens-leather-brogue-shoes-2\/","title":{"rendered":"Zapatos brogue de piel de primera calidad para hombre con suela de EVA"},"content":{"rendered":"<p><strong>Zapatos brogue de piel para hombre<\/strong><\/p>\n<p>Ad\u00e9ntrese en un estilo y un confort incomparables con nuestra exquisita colecci\u00f3n de <strong>Zapatos brogue de piel para hombre<\/strong>. Dise\u00f1ados por expertos para el caballero moderno, estos zapatos brogue de primera calidad combinan a la perfecci\u00f3n la sofisticaci\u00f3n cl\u00e1sica con la comodidad contempor\u00e1nea. Fabricados con los mejores materiales, cada par promete una durabilidad excepcional, transpirabilidad y una est\u00e9tica elegante para cualquier ocasi\u00f3n, desde salidas informales a entornos de negocios m\u00e1s formales.<\/p>\n<p><h3>Artesan\u00eda y materiales superiores<\/h3>\n<\/p>\n<p>Nuestra <strong>Zapatos brogue de piel para hombre<\/strong> presentan una lujosa superficie exterior de aut\u00e9ntica piel de becerro. Famosa por su textura suave, su rica apariencia y su robusta calidad, la piel de becerro garantiza que estos zapatos no s\u00f3lo tengan un aspecto distinguido, sino que tambi\u00e9n est\u00e9n hechos para resistir el paso del tiempo. Los meticulosos detalles en punta de ala y las perforaciones cl\u00e1sicas son un testimonio de nuestro compromiso con la artesan\u00eda zapatera tradicional y la atenci\u00f3n al detalle.<\/p>\n<p>En el interior, tus pies disfrutar\u00e1n de la m\u00e1xima comodidad gracias al forro de piel de cabra suave y flexible. La piel de cabra es famosa por sus propiedades de transpirabilidad y evacuaci\u00f3n de la humedad, lo que permite que tus pies se mantengan frescos y c\u00f3modos durante todo el d\u00eda. <strong>Zapatos brogue de piel para hombre<\/strong> una opci\u00f3n ideal para un uso prolongado.<\/p>\n<p><h3>Comodidad ligera con suela de EVA<\/h3>\n<\/p>\n<p>La comodidad es primordial en nuestra filosof\u00eda de dise\u00f1o, por eso estos elegantes <strong>Zapatos brogue de piel para hombre<\/strong> se asientan sobre una moderna suela de EVA (etilvinilacetato) de alto rendimiento. Este innovador material para la suela ofrece una amortiguaci\u00f3n y una flexibilidad superiores, al tiempo que resulta extraordinariamente ligero. Diga adi\u00f3s al calzado pesado y tosco; nuestra suela de EVA proporciona una excelente amortiguaci\u00f3n y garantiza una zancada c\u00f3moda y en\u00e9rgica, tanto si se desplaza por las ajetreadas calles de la ciudad como si permanece de pie durante largos periodos.<\/p>\n<p>La altura del tac\u00f3n, baja y cl\u00e1sica, complementa a la perfecci\u00f3n el estilo general, proporcionando un apoyo estable sin comprometer la elegancia y versatilidad inherentes al zapato.<\/p>\n<p><h3>Estilo vers\u00e1til para todos los armarios<\/h3>\n<\/p>\n<p>El dise\u00f1o brogue atemporal hace que estos <strong>Zapatos brogue de piel para hombre<\/strong> son incre\u00edblemente vers\u00e1tiles y no pueden faltar en ning\u00fan armario exigente. Son la elecci\u00f3n perfecta para realzar un conjunto informal, a\u00f1adir un toque de refinada clase a un atuendo business casual o completar un elegante look semiformal. Disponibles en una variedad de colores ricos y sofisticados, como azules elegantes, marrones profundos y elegantes opciones bicolores, podr\u00e1 encontrar f\u00e1cilmente el par ideal que se adapte a su estilo personal y a sus necesidades de vestuario.<\/p>\n<p>Estos <strong>Zapatos brogue de piel para hombre<\/strong> son algo m\u00e1s que calzado: son una inversi\u00f3n en estilo duradero, comodidad y calidad artesanal.<\/p>\n<p><h3>Ventaja mayorista para su empresa<\/h3>\n<\/p>\n<p>Estamos orgullosos de ofrecer estos productos de alta calidad <strong>Zapatos brogue de piel para hombre<\/strong> para la distribuci\u00f3n al por mayor. Las empresas que deseen almacenar calzado de caballero de primera calidad apreciar\u00e1n enormemente nuestros precios competitivos (disponibles previa solicitud) y nuestra fiable cadena de suministro. Con una cantidad m\u00ednima de pedido de solo 8 pares, es f\u00e1cil a\u00f1adir estos codiciados brogues a su inventario.<\/p>\n<p>Espere una entrega eficaz en 12 d\u00edas, m\u00e1s gastos de env\u00edo, lo que garantiza que sus clientes no tendr\u00e1n que esperar mucho para experimentar la incomparable mezcla de tradici\u00f3n y comodidad moderna que ofrecen estos zapatos. Ofrezca a su clientela la opci\u00f3n definitiva en calzado premium para hombre que destaca tanto por su calidad como por su dise\u00f1o.<\/p>","protected":false},"excerpt":{"rendered":"<ul>\n<li>Confeccionadas con una parte superior de aut\u00e9ntica piel de ternero y un forro de piel de cabra suave y transpirable.<\/li>\n<li>Suela de EVA ligera, flexible y c\u00f3moda para llevar todo el d\u00eda.<\/li>\n<li>Dise\u00f1o cl\u00e1sico de punta de ala, perfecto para estilos elegantes e informales de negocios.<\/li>\n<li>Disponible en una gama de sofisticados colores (como se ve en las im\u00e1genes del producto).<\/li>\n<li>Tallas ofrecidas: EU 39, 40, 41, 42, 43, 44, 45.<\/li>\n<li><strong>Oportunidad de venta al por mayor:<\/strong> Pedido m\u00ednimo de 8 pares.<\/li>\n<li>Plazo de entrega: 12 d\u00edas + gastos de env\u00edo.<\/li>\n<\/ul>","protected":false},"featured_media":3779,"template":"","meta":{"_acf_changed":false,"_uag_custom_page_level_css":"","site-sidebar-layout":"default","site-content-layout":"","ast-site-content-layout":"default","site-content-style":"default","site-sidebar-style":"default","ast-global-header-display":"","ast-banner-title-visibility":"","ast-main-header-display":"","ast-hfb-above-header-display":"","ast-hfb-below-header-display":"","ast-hfb-mobile-header-display":"","site-post-title":"","ast-breadcrumbs-content":"","ast-featured-img":"","footer-sml-layout":"","ast-disable-related-posts":"","theme-transparent-header-meta":"","adv-header-id-meta":"","stick-header-meta":"","header-above-stick-meta":"","header-main-stick-meta":"","header-below-stick-meta":"","astra-migrate-meta-layouts":"default","ast-page-background-enabled":"default","ast-page-background-meta":{"desktop":{"background-color":"var(--ast-global-color-4)","background-image":"","background-repeat":"repeat","background-position":"center center","background-size":"auto","background-attachment":"scroll","background-type":"","background-media":"","overlay-type":"","overlay-color":"","overlay-opacity":"","overlay-gradient":""},"tablet":{"background-color":"","background-image":"","background-repeat":"repeat","background-position":"center center","background-size":"auto","background-attachment":"scroll","background-type":"","background-media":"","overlay-type":"","overlay-color":"","overlay-opacity":"","overlay-gradient":""},"mobile":{"background-color":"","background-image":"","background-repeat":"repeat","background-position":"center center","background-size":"auto","background-attachment":"scroll","background-type":"","background-media":"","overlay-type":"","overlay-color":"","overlay-opacity":"","overlay-gradient":""}},"ast-content-background-meta":{"desktop":{"background-color":"var(--ast-global-color-5)","background-image":"","background-repeat":"repeat","background-position":"center center","background-size":"auto","background-attachment":"scroll","background-type":"","background-media":"","overlay-type":"","overlay-color":"","overlay-opacity":"","overlay-gradient":""},"tablet":{"background-color":"var(--ast-global-color-5)","background-image":"","background-repeat":"repeat","background-position":"center center","background-size":"auto","background-attachment":"scroll","background-type":"","background-media":"","overlay-type":"","overlay-color":"","overlay-opacity":"","overlay-gradient":""},"mobile":{"background-color":"var(--ast-global-color-5)","background-image":"","background-repeat":"repeat","background-position":"center center","background-size":"auto","background-attachment":"scroll","background-type":"","background-media":"","overlay-type":"","overlay-color":"","overlay-opacity":"","overlay-gradient":""}}},"product_brand":[],"product_cat":[47,430,40],"product_tag":[654,257,200,202,449,944,438,437,450,227,204,406,281,702],"class_list":{"0":"post-5625","1":"product","2":"type-product","3":"status-publish","4":"has-post-thumbnail","6":"product_cat-classic","7":"product_cat-men","8":"product_cat-mens-shoes","9":"product_tag-brogue-shoes","10":"product_tag-bulk-order-footwear","11":"product_tag-business-casual","12":"product_tag-calf-leather","13":"product_tag-casual-shoes","14":"product_tag-dress-casual","15":"product_tag-eva-sole","16":"product_tag-goat-leather","17":"product_tag-handcrafted-shoes","18":"product_tag-leather-shoes","19":"product_tag-oxford-shoes","20":"product_tag-premium-shoes","21":"product_tag-wholesale-shoes","22":"product_tag-wingtip-shoes","23":"desktop-align-center","24":"tablet-align-center","25":"mobile-align-center","27":"first","28":"instock","29":"shipping-taxable","30":"purchasable","31":"product-type-variable","32":"has-default-attributes"},"acf":[],"uagb_featured_image_src":{"full":["https:\/\/turkishtrade.co\/wp-content\/uploads\/2026\/01\/2400EJOMN00351-BROWN-X_6321-4-USD-1.png",453,250,false],"thumbnail":["https:\/\/turkishtrade.co\/wp-content\/uploads\/2026\/01\/2400EJOMN00351-BROWN-X_6321-4-USD-1-150x150.png",150,150,true],"medium":["https:\/\/turkishtrade.co\/wp-content\/uploads\/2026\/01\/2400EJOMN00351-BROWN-X_6321-4-USD-1-300x166.png",300,166,true],"medium_large":["https:\/\/turkishtrade.co\/wp-content\/uploads\/2026\/01\/2400EJOMN00351-BROWN-X_6321-4-USD-1.png",453,250,false],"large":["https:\/\/turkishtrade.co\/wp-content\/uploads\/2026\/01\/2400EJOMN00351-BROWN-X_6321-4-USD-1.png",453,250,false],"1536x1536":["https:\/\/turkishtrade.co\/wp-content\/uploads\/2026\/01\/2400EJOMN00351-BROWN-X_6321-4-USD-1.png",453,250,false],"2048x2048":["https:\/\/turkishtrade.co\/wp-content\/uploads\/2026\/01\/2400EJOMN00351-BROWN-X_6321-4-USD-1.png",453,250,false],"trp-custom-language-flag":["https:\/\/turkishtrade.co\/wp-content\/uploads\/2026\/01\/2400EJOMN00351-BROWN-X_6321-4-USD-1-18x10.png",18,10,true],"woocommerce_thumbnail":["https:\/\/turkishtrade.co\/wp-content\/uploads\/2026\/01\/2400EJOMN00351-BROWN-X_6321-4-USD-1-400x250.png",400,250,true],"woocommerce_single":["https:\/\/turkishtrade.co\/wp-content\/uploads\/2026\/01\/2400EJOMN00351-BROWN-X_6321-4-USD-1.png",453,250,false],"woocommerce_gallery_thumbnail":["https:\/\/turkishtrade.co\/wp-content\/uploads\/2026\/01\/2400EJOMN00351-BROWN-X_6321-4-USD-1-100x100.png",100,100,true]},"uagb_author_info":{"display_name":"yaser olabi","author_link":"https:\/\/turkishtrade.co\/es\/author\/"},"uagb_comment_info":0,"uagb_excerpt":"Crafted from genuine calf leather upper with soft, breathable goat leather lining. Lightweight, flexible, and comfortable EVA sole for all-day wear. Classic wingtip brogue design, perfect for smart-casual and business casual styles. Available in a range of sophisticated colors (as seen in product images). Sizes offered: EU 39, 40, 41, 42, 43, 44, 45. Wholesale&hellip;","_links":{"self":[{"href":"https:\/\/turkishtrade.co\/es\/wp-json\/wp\/v2\/product\/5625","targetHints":{"allow":["GET"]}}],"collection":[{"href":"https:\/\/turkishtrade.co\/es\/wp-json\/wp\/v2\/product"}],"about":[{"href":"https:\/\/turkishtrade.co\/es\/wp-json\/wp\/v2\/types\/product"}],"wp:featuredmedia":[{"embeddable":true,"href":"https:\/\/turkishtrade.co\/es\/wp-json\/wp\/v2\/media\/3779"}],"wp:attachment":[{"href":"https:\/\/turkishtrade.co\/es\/wp-json\/wp\/v2\/media?parent=5625"}],"wp:term":[{"taxonomy":"product_brand","embeddable":true,"href":"https:\/\/turkishtrade.co\/es\/wp-json\/wp\/v2\/product_brand?post=5625"},{"taxonomy":"product_cat","embeddable":true,"href":"https:\/\/turkishtrade.co\/es\/wp-json\/wp\/v2\/product_cat?post=5625"},{"taxonomy":"product_tag","embeddable":true,"href":"https:\/\/turkishtrade.co\/es\/wp-json\/wp\/v2\/product_tag?post=5625"}],"curies":[{"name":"wp","href":"https:\/\/api.w.org\/{rel}","templated":true}]}}