{"id":5618,"date":"2026-01-14T12:41:37","date_gmt":"2026-01-14T12:41:37","guid":{"rendered":"https:\/\/turkishtrade.co\/product\/mens-leather-loafer-shoes-6\/"},"modified":"2026-04-09T19:29:01","modified_gmt":"2026-04-09T19:29:01","slug":"mens-leather-loafer-shoes-6","status":"publish","type":"product","link":"https:\/\/turkishtrade.co\/es\/shop\/mens-leather-loafer-shoes-6\/","title":{"rendered":"Mocasines de piel de primera calidad para hombre con suela de EVA"},"content":{"rendered":"<p><strong>Mocasines de piel para hombre<\/strong><\/p>\n<p>Disfrute de una comodidad incomparable y de un estilo sofisticado con nuestra colecci\u00f3n premium de <strong>zapatos mocasines de piel para hombre<\/strong>. Dise\u00f1ados para el caballero exigente, estos mocasines combinan a la perfecci\u00f3n la est\u00e9tica cl\u00e1sica con la comodidad moderna, lo que los convierte en la elecci\u00f3n ideal para una gran variedad de ocasiones. Cada par de nuestros <strong>zapatos mocasines de piel para hombre<\/strong> es un testimonio de artesan\u00eda superior y materiales de calidad, que garantizan un producto que no s\u00f3lo tiene buen aspecto, sino que tambi\u00e9n sienta muy bien.<\/p>\n<p>&nbsp;<\/p>\n<h3>Estilo vers\u00e1til para cualquier ocasi\u00f3n<\/h3>\n<p>El dise\u00f1o atemporal de estos <strong>zapatos mocasines de piel para hombre<\/strong> los hace incre\u00edblemente vers\u00e1tiles. Disponibles en negro cl\u00e1sico y en un intenso azul marino, permiten pasar sin problemas de los viernes informales en la oficina a los almuerzos de fin de semana o las reuniones nocturnas. Su dise\u00f1o slip-on ofrece comodidad sin sacrificar la elegancia, proporcionando un aspecto pulido que complementa tanto los pantalones a medida como los elegantes vaqueros informales. El tac\u00f3n modesto y c\u00f3modo a\u00f1ade la elevaci\u00f3n justa para un perfil refinado. Disponibles en una amplia gama de tallas, de la 39 a la 45, garantizamos un ajuste perfecto para una clientela diversa, consolidando su atractivo como calzado esencial para cualquier armario contempor\u00e1neo.<\/p>\n<h3>Oportunidades para mayoristas y garant\u00eda de calidad<\/h3>\n<p>Para las empresas que desean almacenar calzado de alta calidad, nuestro <strong>zapatos mocasines de piel para hombre<\/strong> est\u00e1n disponibles para la venta al por mayor con un pedido m\u00ednimo de 8 pares. Nos enorgullecemos de la puntualidad en la entrega, con un plazo estimado de 12 d\u00edas m\u00e1s gastos de env\u00edo. Nuestro compromiso con la excelencia significa que cada par cumple rigurosos est\u00e1ndares de calidad, prometiendo durabilidad y satisfacci\u00f3n al cliente. Invierta en nuestros <strong>zapatos mocasines de piel para hombre<\/strong> significa ofrecer a sus clientes un producto que combina materiales de lujo, artesan\u00eda experta y estilo atemporal. Para m\u00e1s informaci\u00f3n sobre precios, consulte nuestra completa lista de precios, que garantiza tarifas transparentes y competitivas para nuestros valiosos socios.<\/p>","protected":false},"excerpt":{"rendered":"<ul>\n<li>Pedido m\u00ednimo: 8 Pares (disponible para mayoristas)<\/li>\n<li>Exterior de piel de ternero de primera calidad para mayor durabilidad y estilo<\/li>\n<li>El lujoso forro interior de piel de cabra garantiza un confort y una transpirabilidad excepcionales<\/li>\n<li>Suela de EVA ligera y flexible que proporciona amortiguaci\u00f3n durante todo el d\u00eda<\/li>\n<li>Disponible en una amplia gama de tallas: UE 39-45<\/li>\n<li>Plazo de entrega: 12 d\u00edas + gastos de env\u00edo<\/li>\n<\/ul>","protected":false},"featured_media":3773,"template":"","meta":{"_acf_changed":false,"_uag_custom_page_level_css":"","site-sidebar-layout":"default","site-content-layout":"","ast-site-content-layout":"default","site-content-style":"default","site-sidebar-style":"default","ast-global-header-display":"","ast-banner-title-visibility":"","ast-main-header-display":"","ast-hfb-above-header-display":"","ast-hfb-below-header-display":"","ast-hfb-mobile-header-display":"","site-post-title":"","ast-breadcrumbs-content":"","ast-featured-img":"","footer-sml-layout":"","ast-disable-related-posts":"","theme-transparent-header-meta":"default","adv-header-id-meta":"","stick-header-meta":"","header-above-stick-meta":"","header-main-stick-meta":"","header-below-stick-meta":"","astra-migrate-meta-layouts":"set","ast-page-background-enabled":"default","ast-page-background-meta":{"desktop":{"background-color":"var(--ast-global-color-4)","background-image":"","background-repeat":"repeat","background-position":"center center","background-size":"auto","background-attachment":"scroll","background-type":"","background-media":"","overlay-type":"","overlay-color":"","overlay-opacity":"","overlay-gradient":""},"tablet":{"background-color":"","background-image":"","background-repeat":"repeat","background-position":"center center","background-size":"auto","background-attachment":"scroll","background-type":"","background-media":"","overlay-type":"","overlay-color":"","overlay-opacity":"","overlay-gradient":""},"mobile":{"background-color":"","background-image":"","background-repeat":"repeat","background-position":"center center","background-size":"auto","background-attachment":"scroll","background-type":"","background-media":"","overlay-type":"","overlay-color":"","overlay-opacity":"","overlay-gradient":""}},"ast-content-background-meta":{"desktop":{"background-color":"var(--ast-global-color-5)","background-image":"","background-repeat":"repeat","background-position":"center center","background-size":"auto","background-attachment":"scroll","background-type":"","background-media":"","overlay-type":"","overlay-color":"","overlay-opacity":"","overlay-gradient":""},"tablet":{"background-color":"var(--ast-global-color-5)","background-image":"","background-repeat":"repeat","background-position":"center center","background-size":"auto","background-attachment":"scroll","background-type":"","background-media":"","overlay-type":"","overlay-color":"","overlay-opacity":"","overlay-gradient":""},"mobile":{"background-color":"var(--ast-global-color-5)","background-image":"","background-repeat":"repeat","background-position":"center center","background-size":"auto","background-attachment":"scroll","background-type":"","background-media":"","overlay-type":"","overlay-color":"","overlay-opacity":"","overlay-gradient":""}}},"product_brand":[],"product_cat":[47,430,40],"product_tag":[370,202,449,220,438,437,215,198,557,632,184,254],"class_list":{"0":"post-5618","1":"product","2":"type-product","3":"status-publish","4":"has-post-thumbnail","6":"product_cat-classic","7":"product_cat-men","8":"product_cat-mens-shoes","9":"product_tag-black-loafers","10":"product_tag-calf-leather","11":"product_tag-casual-shoes","12":"product_tag-comfortable-loafers","13":"product_tag-eva-sole","14":"product_tag-goat-leather","15":"product_tag-leather-loafers","16":"product_tag-mens-fashion","17":"product_tag-navy-loafers","18":"product_tag-premium-leather-shoes","19":"product_tag-slip-on-shoes","20":"product_tag-wholesale-footwear","21":"desktop-align-center","22":"tablet-align-center","23":"mobile-align-center","25":"first","26":"instock","27":"shipping-taxable","28":"purchasable","29":"product-type-variable","30":"has-default-attributes"},"acf":[],"uagb_featured_image_src":{"full":["https:\/\/turkishtrade.co\/wp-content\/uploads\/2026\/01\/2400EJOMN00346-DARK-BLUE-X_7821-4-USD.png",453,250,false],"thumbnail":["https:\/\/turkishtrade.co\/wp-content\/uploads\/2026\/01\/2400EJOMN00346-DARK-BLUE-X_7821-4-USD-150x150.png",150,150,true],"medium":["https:\/\/turkishtrade.co\/wp-content\/uploads\/2026\/01\/2400EJOMN00346-DARK-BLUE-X_7821-4-USD-300x166.png",300,166,true],"medium_large":["https:\/\/turkishtrade.co\/wp-content\/uploads\/2026\/01\/2400EJOMN00346-DARK-BLUE-X_7821-4-USD.png",453,250,false],"large":["https:\/\/turkishtrade.co\/wp-content\/uploads\/2026\/01\/2400EJOMN00346-DARK-BLUE-X_7821-4-USD.png",453,250,false],"1536x1536":["https:\/\/turkishtrade.co\/wp-content\/uploads\/2026\/01\/2400EJOMN00346-DARK-BLUE-X_7821-4-USD.png",453,250,false],"2048x2048":["https:\/\/turkishtrade.co\/wp-content\/uploads\/2026\/01\/2400EJOMN00346-DARK-BLUE-X_7821-4-USD.png",453,250,false],"trp-custom-language-flag":["https:\/\/turkishtrade.co\/wp-content\/uploads\/2026\/01\/2400EJOMN00346-DARK-BLUE-X_7821-4-USD-18x10.png",18,10,true],"woocommerce_thumbnail":["https:\/\/turkishtrade.co\/wp-content\/uploads\/2026\/01\/2400EJOMN00346-DARK-BLUE-X_7821-4-USD-400x250.png",400,250,true],"woocommerce_single":["https:\/\/turkishtrade.co\/wp-content\/uploads\/2026\/01\/2400EJOMN00346-DARK-BLUE-X_7821-4-USD.png",453,250,false],"woocommerce_gallery_thumbnail":["https:\/\/turkishtrade.co\/wp-content\/uploads\/2026\/01\/2400EJOMN00346-DARK-BLUE-X_7821-4-USD-100x100.png",100,100,true]},"uagb_author_info":{"display_name":"yaser olabi","author_link":"https:\/\/turkishtrade.co\/es\/author\/"},"uagb_comment_info":0,"uagb_excerpt":"Minimum Order: 8 Pairs (available for wholesale) Crafted from premium calf leather exterior for durability and style Luxurious goat leather interior lining ensures exceptional comfort and breathability Lightweight and flexible EVA sole provides all-day cushioning Available in a comprehensive size range: EU 39-45 Delivery Time: 12 Days + Shipping","_links":{"self":[{"href":"https:\/\/turkishtrade.co\/es\/wp-json\/wp\/v2\/product\/5618","targetHints":{"allow":["GET"]}}],"collection":[{"href":"https:\/\/turkishtrade.co\/es\/wp-json\/wp\/v2\/product"}],"about":[{"href":"https:\/\/turkishtrade.co\/es\/wp-json\/wp\/v2\/types\/product"}],"wp:featuredmedia":[{"embeddable":true,"href":"https:\/\/turkishtrade.co\/es\/wp-json\/wp\/v2\/media\/3773"}],"wp:attachment":[{"href":"https:\/\/turkishtrade.co\/es\/wp-json\/wp\/v2\/media?parent=5618"}],"wp:term":[{"taxonomy":"product_brand","embeddable":true,"href":"https:\/\/turkishtrade.co\/es\/wp-json\/wp\/v2\/product_brand?post=5618"},{"taxonomy":"product_cat","embeddable":true,"href":"https:\/\/turkishtrade.co\/es\/wp-json\/wp\/v2\/product_cat?post=5618"},{"taxonomy":"product_tag","embeddable":true,"href":"https:\/\/turkishtrade.co\/es\/wp-json\/wp\/v2\/product_tag?post=5618"}],"curies":[{"name":"wp","href":"https:\/\/api.w.org\/{rel}","templated":true}]}}