{"id":5616,"date":"2026-01-14T12:41:11","date_gmt":"2026-01-14T12:41:11","guid":{"rendered":"https:\/\/turkishtrade.co\/product\/mens-black-leather-loafers-7\/"},"modified":"2026-04-09T19:29:05","modified_gmt":"2026-04-09T19:29:05","slug":"mens-black-leather-loafers-7","status":"publish","type":"product","link":"https:\/\/turkishtrade.co\/es\/shop\/mens-black-leather-loafers-7\/","title":{"rendered":"Mocasines casuales de cuero negro para hombre de primera calidad"},"content":{"rendered":"<p><strong>Mocasines de cuero negro para hombre<\/strong><\/p>\n<p>Eleve su estilo y confort cotidianos con nuestros exquisitos <strong>Mocasines de cuero negro para hombre<\/strong>. Dise\u00f1ados para el hombre moderno que valora tanto la sofisticaci\u00f3n como la practicidad, estos mocasines combinan a la perfecci\u00f3n la est\u00e9tica cl\u00e1sica con la comodidad contempor\u00e1nea. Confeccionados con los mejores materiales, son la elecci\u00f3n perfecta para una amplia gama de ocasiones, desde el business casual hasta las salidas de fin de semana.<\/p>\n<p><h3>Artesan\u00eda y materiales incomparables<\/h3>\n<\/p>\n<p>Nuestros mocasines premium presentan un exterior meticulosamente fabricado en aut\u00e9ntica piel de ternero, conocida por su textura flexible, su excepcional durabilidad y su aspecto refinado. Esta piel de alta calidad garantiza que sus <strong>Mocasines de cuero negro para hombre<\/strong> no s\u00f3lo tendr\u00e1 un aspecto impresionante, sino que tambi\u00e9n resistir\u00e1 el paso del tiempo, desarrollando una p\u00e1tina \u00fanica con el paso del tiempo. En el interior, tus pies estar\u00e1n envueltos en lujo gracias al forro de piel de cabra, suave y transpirable.<\/p>\n<p>Este material natural proporciona una comodidad superior, evacua la humedad y evita las molestias, haciendo que sea un placer llevar estos zapatos durante todo el d\u00eda.<\/p>\n<p><h3>Dise\u00f1ado para ofrecer comodidad y versatilidad<\/h3>\n<\/p>\n<p>Experimente la diferencia que marca una suela bien dise\u00f1ada. Estos <strong>Mocasines de cuero negro para hombre<\/strong> est\u00e1n equipadas con una suela ligera y flexible de EVA. El EVA (etilvinilacetato) es famoso por sus excelentes propiedades de amortiguaci\u00f3n y absorci\u00f3n de impactos, que proporcionan una zancada c\u00f3moda y reducen la fatiga del pie.<\/p>\n<p>La cl\u00e1sica silueta informal del mocas\u00edn, combinada con un sutil tac\u00f3n de 1 a 3 cm, ofrece un look atemporal que combina sin esfuerzo con diversos conjuntos. Estos mocasines son incre\u00edblemente vers\u00e1tiles, tanto si quieres ir elegante a un evento semiformal como si buscas un look elegante y relajado para tus actividades diarias.<\/p>\n<p><h3>Comodidad para pedidos al por mayor<\/h3>\n<\/p>\n<p>Comprendemos las necesidades de las empresas y los minoristas, por lo que nuestros <strong>Mocasines de cuero negro para hombre<\/strong> est\u00e1n disponibles para la compra al por mayor. Con un pedido m\u00ednimo de tan solo 8 pares, podr\u00e1 abastecerse f\u00e1cilmente de estos populares y elegantes zapatos. Nuestro eficiente proceso de producci\u00f3n garantiza que su pedido estar\u00e1 listo para el env\u00edo en 12 d\u00edas, seguidos de los plazos de env\u00edo est\u00e1ndar.<\/p>\n<p>Invierta en calzado de calidad que encantar\u00e1 a sus clientes, ofreci\u00e9ndoles un producto que combina el lujo de la piel aut\u00e9ntica con la comodidad pr\u00e1ctica durante todo el d\u00eda. Disponibles en una amplia gama de tallas, de la UE 39 a la 45, para satisfacer las diversas preferencias de los clientes.<\/p>","protected":false},"excerpt":{"rendered":"<ul>\n<li>Exterior de aut\u00e9ntica piel de becerro de primera calidad para una mayor durabilidad y un estilo sofisticado.<\/li>\n<li>Lujoso, suave y transpirable forro interior de piel de cabra para el m\u00e1ximo confort.<\/li>\n<li>Suela de EVA ligera y flexible que proporciona una excelente amortiguaci\u00f3n y sujeci\u00f3n.<\/li>\n<li>Mocas\u00edn cl\u00e1sico de dise\u00f1o informal con un sutil tac\u00f3n de 1-3 cm para una elegancia atemporal.<\/li>\n<li>Disponible en una amplia gama de tallas de la UE: 39, 40, 41, 42, 43, 44, 45.<\/li>\n<li>Ideal para la venta al por mayor: Cantidad m\u00ednima de pedido de 8 pares por pedido.<\/li>\n<li>Entrega eficaz: Producci\u00f3n finalizada en 12 d\u00edas, m\u00e1s el tiempo de env\u00edo.<\/li>\n<\/ul>","protected":false},"featured_media":3771,"template":"","meta":{"_acf_changed":false,"_uag_custom_page_level_css":"","site-sidebar-layout":"default","site-content-layout":"","ast-site-content-layout":"default","site-content-style":"default","site-sidebar-style":"default","ast-global-header-display":"","ast-banner-title-visibility":"","ast-main-header-display":"","ast-hfb-above-header-display":"","ast-hfb-below-header-display":"","ast-hfb-mobile-header-display":"","site-post-title":"","ast-breadcrumbs-content":"","ast-featured-img":"","footer-sml-layout":"","ast-disable-related-posts":"","theme-transparent-header-meta":"","adv-header-id-meta":"","stick-header-meta":"","header-above-stick-meta":"","header-main-stick-meta":"","header-below-stick-meta":"","astra-migrate-meta-layouts":"default","ast-page-background-enabled":"default","ast-page-background-meta":{"desktop":{"background-color":"var(--ast-global-color-4)","background-image":"","background-repeat":"repeat","background-position":"center center","background-size":"auto","background-attachment":"scroll","background-type":"","background-media":"","overlay-type":"","overlay-color":"","overlay-opacity":"","overlay-gradient":""},"tablet":{"background-color":"","background-image":"","background-repeat":"repeat","background-position":"center center","background-size":"auto","background-attachment":"scroll","background-type":"","background-media":"","overlay-type":"","overlay-color":"","overlay-opacity":"","overlay-gradient":""},"mobile":{"background-color":"","background-image":"","background-repeat":"repeat","background-position":"center center","background-size":"auto","background-attachment":"scroll","background-type":"","background-media":"","overlay-type":"","overlay-color":"","overlay-opacity":"","overlay-gradient":""}},"ast-content-background-meta":{"desktop":{"background-color":"var(--ast-global-color-5)","background-image":"","background-repeat":"repeat","background-position":"center center","background-size":"auto","background-attachment":"scroll","background-type":"","background-media":"","overlay-type":"","overlay-color":"","overlay-opacity":"","overlay-gradient":""},"tablet":{"background-color":"var(--ast-global-color-5)","background-image":"","background-repeat":"repeat","background-position":"center center","background-size":"auto","background-attachment":"scroll","background-type":"","background-media":"","overlay-type":"","overlay-color":"","overlay-opacity":"","overlay-gradient":""},"mobile":{"background-color":"var(--ast-global-color-5)","background-image":"","background-repeat":"repeat","background-position":"center center","background-size":"auto","background-attachment":"scroll","background-type":"","background-media":"","overlay-type":"","overlay-color":"","overlay-opacity":"","overlay-gradient":""}}},"product_brand":[],"product_cat":[47,430,40],"product_tag":[370,674,200,202,449,272,978,438,960,437,215,374,255],"class_list":{"0":"post-5616","1":"product","2":"type-product","3":"status-publish","4":"has-post-thumbnail","6":"product_cat-classic","7":"product_cat-men","8":"product_cat-mens-shoes","9":"product_tag-black-loafers","10":"product_tag-bulk-shoes","11":"product_tag-business-casual","12":"product_tag-calf-leather","13":"product_tag-casual-shoes","14":"product_tag-comfort-shoes","15":"product_tag-dress-casual-shoes","16":"product_tag-eva-sole","17":"product_tag-formal-casual","18":"product_tag-goat-leather","19":"product_tag-leather-loafers","20":"product_tag-premium-loafers","21":"product_tag-turkish-leather-shoes","22":"desktop-align-center","23":"tablet-align-center","24":"mobile-align-center","26":"first","27":"instock","28":"shipping-taxable","29":"purchasable","30":"product-type-variable","31":"has-default-attributes"},"acf":[],"uagb_featured_image_src":{"full":["https:\/\/turkishtrade.co\/wp-content\/uploads\/2026\/01\/2400EJOMN00345-BLACK-X_7820-4-USD.png",453,250,false],"thumbnail":["https:\/\/turkishtrade.co\/wp-content\/uploads\/2026\/01\/2400EJOMN00345-BLACK-X_7820-4-USD-150x150.png",150,150,true],"medium":["https:\/\/turkishtrade.co\/wp-content\/uploads\/2026\/01\/2400EJOMN00345-BLACK-X_7820-4-USD-300x166.png",300,166,true],"medium_large":["https:\/\/turkishtrade.co\/wp-content\/uploads\/2026\/01\/2400EJOMN00345-BLACK-X_7820-4-USD.png",453,250,false],"large":["https:\/\/turkishtrade.co\/wp-content\/uploads\/2026\/01\/2400EJOMN00345-BLACK-X_7820-4-USD.png",453,250,false],"1536x1536":["https:\/\/turkishtrade.co\/wp-content\/uploads\/2026\/01\/2400EJOMN00345-BLACK-X_7820-4-USD.png",453,250,false],"2048x2048":["https:\/\/turkishtrade.co\/wp-content\/uploads\/2026\/01\/2400EJOMN00345-BLACK-X_7820-4-USD.png",453,250,false],"trp-custom-language-flag":["https:\/\/turkishtrade.co\/wp-content\/uploads\/2026\/01\/2400EJOMN00345-BLACK-X_7820-4-USD-18x10.png",18,10,true],"woocommerce_thumbnail":["https:\/\/turkishtrade.co\/wp-content\/uploads\/2026\/01\/2400EJOMN00345-BLACK-X_7820-4-USD-400x250.png",400,250,true],"woocommerce_single":["https:\/\/turkishtrade.co\/wp-content\/uploads\/2026\/01\/2400EJOMN00345-BLACK-X_7820-4-USD.png",453,250,false],"woocommerce_gallery_thumbnail":["https:\/\/turkishtrade.co\/wp-content\/uploads\/2026\/01\/2400EJOMN00345-BLACK-X_7820-4-USD-100x100.png",100,100,true]},"uagb_author_info":{"display_name":"yaser olabi","author_link":"https:\/\/turkishtrade.co\/es\/author\/"},"uagb_comment_info":0,"uagb_excerpt":"Premium genuine calf leather exterior for durability and sophisticated style. Luxurious, soft, and breathable goat leather interior lining for ultimate comfort. Lightweight and flexible EVA sole provides excellent cushioning and support. Classic loafer casual design with a subtle 1-3 cm heel for timeless elegance. Available in a comprehensive range of EU sizes: 39, 40, 41,&hellip;","_links":{"self":[{"href":"https:\/\/turkishtrade.co\/es\/wp-json\/wp\/v2\/product\/5616","targetHints":{"allow":["GET"]}}],"collection":[{"href":"https:\/\/turkishtrade.co\/es\/wp-json\/wp\/v2\/product"}],"about":[{"href":"https:\/\/turkishtrade.co\/es\/wp-json\/wp\/v2\/types\/product"}],"wp:featuredmedia":[{"embeddable":true,"href":"https:\/\/turkishtrade.co\/es\/wp-json\/wp\/v2\/media\/3771"}],"wp:attachment":[{"href":"https:\/\/turkishtrade.co\/es\/wp-json\/wp\/v2\/media?parent=5616"}],"wp:term":[{"taxonomy":"product_brand","embeddable":true,"href":"https:\/\/turkishtrade.co\/es\/wp-json\/wp\/v2\/product_brand?post=5616"},{"taxonomy":"product_cat","embeddable":true,"href":"https:\/\/turkishtrade.co\/es\/wp-json\/wp\/v2\/product_cat?post=5616"},{"taxonomy":"product_tag","embeddable":true,"href":"https:\/\/turkishtrade.co\/es\/wp-json\/wp\/v2\/product_tag?post=5616"}],"curies":[{"name":"wp","href":"https:\/\/api.w.org\/{rel}","templated":true}]}}