{"id":5600,"date":"2026-01-14T12:20:26","date_gmt":"2026-01-14T12:20:26","guid":{"rendered":"https:\/\/turkishtrade.co\/product\/men-s-classic-leather-loafers\/"},"modified":"2026-04-09T19:29:32","modified_gmt":"2026-04-09T19:29:32","slug":"mens-classic-leather-loafers-bulk-casual","status":"publish","type":"product","link":"https:\/\/turkishtrade.co\/es\/shop\/mens-classic-leather-loafers-bulk-casual\/","title":{"rendered":"Mocasines cl\u00e1sicos de hombre en piel de becerro de primera calidad"},"content":{"rendered":"<p><strong>Mocasines cl\u00e1sicos de piel para hombre<\/strong><\/p>\n<p>Eleve su colecci\u00f3n de calzado con nuestros exquisitos <b>Mocasines cl\u00e1sicos de piel para hombre<\/b>, dise\u00f1ados para el caballero moderno que valora tanto el estilo impecable como la comodidad suprema. Estos zapatos slip-on de primera calidad son un testimonio de artesan\u00eda superior y materiales de lujo, por lo que una adici\u00f3n esencial a cualquier guardarropa exigente. Cada par de estos <b>mocasines cl\u00e1sicos de cuero para hombre<\/b> est\u00e1 meticulosamente fabricado para ofrecer una calidad inigualable, garantizando que destaque tanto por su aspecto como por su durabilidad, perfecto para los minoristas que buscan almacenar art\u00edculos de gran valor.<\/p>\n<h3>Calidad inigualable con materiales de primera<\/h3>\n<p>La superficie exterior de estos sofisticados <b>mocasines cl\u00e1sicos de cuero para hombre<\/b> est\u00e1 confeccionado en aut\u00e9ntica piel de becerro, famosa por su textura flexible, su elegante acabado y su excepcional longevidad. Esta elecci\u00f3n de material no s\u00f3lo proporciona una est\u00e9tica distinguida, sino que tambi\u00e9n garantiza que los zapatos envejecer\u00e1n con gracia, desarrollando una rica p\u00e1tina con el tiempo. El forro interior de piel de cabra, suntuosamente suave, complementa el robusto exterior. Este material natural y transpirable envuelve los pies con suavidad y comodidad, evitando irritaciones y eliminando la humedad para que se sientan frescos todo el d\u00eda. La armoniosa combinaci\u00f3n de piel de becerro y cabra eleva estas <b>mocasines cl\u00e1sicos de cuero para hombre<\/b> a una clase propia, prometiendo a la vez lujo y practicidad.<\/p>\n<h3>Dise\u00f1ado para la comodidad y el estilo<\/h3>\n<p>La base de este exquisito dise\u00f1o es una suela de EVA ligera y flexible. Este avanzado material ofrece una amortiguaci\u00f3n superior y una excelente tracci\u00f3n, proporcionando una c\u00f3moda experiencia al caminar, tanto si sus clientes recorren las calles de la ciudad como si pasan largas horas de pie. Con una altura de tac\u00f3n cl\u00e1sica de 1-3 cm, estos <b>mocasines cl\u00e1sicos de cuero para hombre<\/b> logran el equilibrio perfecto entre elegancia tradicional y comodidad contempor\u00e1nea. Su dise\u00f1o vers\u00e1til los hace adecuados para una amplia gama de ocasiones, desde salidas informales y reuniones elegantes e informales hasta entornos informales de negocios. Son la elecci\u00f3n ideal para cualquier hombre que busque un calzado elegante y c\u00f3modo.<\/p>\n<p>&nbsp;<\/p>","protected":false},"excerpt":{"rendered":"<ul>\n<li>El exterior est\u00e1 fabricado en piel de ternero de primera calidad para ofrecer una durabilidad y un estilo excepcionales.<\/li>\n<li>El lujoso forro interior de piel de cabra garantiza la m\u00e1xima comodidad y transpirabilidad.<\/li>\n<li>Suela de EVA ligera y flexible que proporciona una excelente amortiguaci\u00f3n y sujeci\u00f3n durante todo el d\u00eda.<\/li>\n<li>Presenta un estilo de mocas\u00edn cl\u00e1sico atemporal con un c\u00f3modo tac\u00f3n de 1-3 cm de altura.<\/li>\n<li>Disponible en una amplia gama de tallas: EU 39, 40, 41, 42, 43, 44, 45.<\/li>\n<li>Se ofrece en tonos sofisticados como el azul oscuro, el marr\u00f3n intenso y el burdeos oscuro.<\/li>\n<li>Cantidad m\u00ednima de pedido: 8 pares, ideal para compras al por mayor y almacenamiento al por menor.<\/li>\n<li>Plazo de entrega eficaz: 12 d\u00edas + env\u00edo est\u00e1ndar.<\/li>\n<\/ul>","protected":false},"featured_media":3758,"template":"","meta":{"_acf_changed":false,"_uag_custom_page_level_css":"","site-sidebar-layout":"default","site-content-layout":"","ast-site-content-layout":"default","site-content-style":"default","site-sidebar-style":"default","ast-global-header-display":"","ast-banner-title-visibility":"","ast-main-header-display":"","ast-hfb-above-header-display":"","ast-hfb-below-header-display":"","ast-hfb-mobile-header-display":"","site-post-title":"","ast-breadcrumbs-content":"","ast-featured-img":"","footer-sml-layout":"","ast-disable-related-posts":"","theme-transparent-header-meta":"default","adv-header-id-meta":"","stick-header-meta":"","header-above-stick-meta":"","header-main-stick-meta":"","header-below-stick-meta":"","astra-migrate-meta-layouts":"set","ast-page-background-enabled":"default","ast-page-background-meta":{"desktop":{"background-color":"var(--ast-global-color-4)","background-image":"","background-repeat":"repeat","background-position":"center center","background-size":"auto","background-attachment":"scroll","background-type":"","background-media":"","overlay-type":"","overlay-color":"","overlay-opacity":"","overlay-gradient":""},"tablet":{"background-color":"","background-image":"","background-repeat":"repeat","background-position":"center center","background-size":"auto","background-attachment":"scroll","background-type":"","background-media":"","overlay-type":"","overlay-color":"","overlay-opacity":"","overlay-gradient":""},"mobile":{"background-color":"","background-image":"","background-repeat":"repeat","background-position":"center center","background-size":"auto","background-attachment":"scroll","background-type":"","background-media":"","overlay-type":"","overlay-color":"","overlay-opacity":"","overlay-gradient":""}},"ast-content-background-meta":{"desktop":{"background-color":"var(--ast-global-color-5)","background-image":"","background-repeat":"repeat","background-position":"center center","background-size":"auto","background-attachment":"scroll","background-type":"","background-media":"","overlay-type":"","overlay-color":"","overlay-opacity":"","overlay-gradient":""},"tablet":{"background-color":"var(--ast-global-color-5)","background-image":"","background-repeat":"repeat","background-position":"center center","background-size":"auto","background-attachment":"scroll","background-type":"","background-media":"","overlay-type":"","overlay-color":"","overlay-opacity":"","overlay-gradient":""},"mobile":{"background-color":"var(--ast-global-color-5)","background-image":"","background-repeat":"repeat","background-position":"center center","background-size":"auto","background-attachment":"scroll","background-type":"","background-media":"","overlay-type":"","overlay-color":"","overlay-opacity":"","overlay-gradient":""}}},"product_brand":[],"product_cat":[47,430,40],"product_tag":[453,200,185,272,438,189,215,976,198,565,374,184,977,255,281],"class_list":{"0":"post-5600","1":"product","2":"type-product","3":"status-publish","4":"has-post-thumbnail","6":"product_cat-classic","7":"product_cat-men","8":"product_cat-mens-shoes","9":"product_tag-bulk-footwear","10":"product_tag-business-casual","11":"product_tag-calf-leather-shoes","12":"product_tag-comfort-shoes","13":"product_tag-eva-sole","14":"product_tag-goat-leather-lining","15":"product_tag-leather-loafers","16":"product_tag-mens-classic-leather-loafers","17":"product_tag-mens-fashion","18":"product_tag-mens-formal-shoes","19":"product_tag-premium-loafers","20":"product_tag-slip-on-shoes","21":"product_tag-timeless-style","22":"product_tag-turkish-leather-shoes","23":"product_tag-wholesale-shoes","24":"desktop-align-center","25":"tablet-align-center","26":"mobile-align-center","28":"first","29":"instock","30":"shipping-taxable","31":"purchasable","32":"product-type-variable","33":"has-default-attributes"},"acf":[],"uagb_featured_image_src":{"full":["https:\/\/turkishtrade.co\/wp-content\/uploads\/2026\/01\/2400EJOMN00339-BURGUNDEY-ZL_102.png",453,250,false],"thumbnail":["https:\/\/turkishtrade.co\/wp-content\/uploads\/2026\/01\/2400EJOMN00339-BURGUNDEY-ZL_102-150x150.png",150,150,true],"medium":["https:\/\/turkishtrade.co\/wp-content\/uploads\/2026\/01\/2400EJOMN00339-BURGUNDEY-ZL_102-300x166.png",300,166,true],"medium_large":["https:\/\/turkishtrade.co\/wp-content\/uploads\/2026\/01\/2400EJOMN00339-BURGUNDEY-ZL_102.png",453,250,false],"large":["https:\/\/turkishtrade.co\/wp-content\/uploads\/2026\/01\/2400EJOMN00339-BURGUNDEY-ZL_102.png",453,250,false],"1536x1536":["https:\/\/turkishtrade.co\/wp-content\/uploads\/2026\/01\/2400EJOMN00339-BURGUNDEY-ZL_102.png",453,250,false],"2048x2048":["https:\/\/turkishtrade.co\/wp-content\/uploads\/2026\/01\/2400EJOMN00339-BURGUNDEY-ZL_102.png",453,250,false],"trp-custom-language-flag":["https:\/\/turkishtrade.co\/wp-content\/uploads\/2026\/01\/2400EJOMN00339-BURGUNDEY-ZL_102-18x10.png",18,10,true],"woocommerce_thumbnail":["https:\/\/turkishtrade.co\/wp-content\/uploads\/2026\/01\/2400EJOMN00339-BURGUNDEY-ZL_102-400x250.png",400,250,true],"woocommerce_single":["https:\/\/turkishtrade.co\/wp-content\/uploads\/2026\/01\/2400EJOMN00339-BURGUNDEY-ZL_102.png",453,250,false],"woocommerce_gallery_thumbnail":["https:\/\/turkishtrade.co\/wp-content\/uploads\/2026\/01\/2400EJOMN00339-BURGUNDEY-ZL_102-100x100.png",100,100,true]},"uagb_author_info":{"display_name":"yaser olabi","author_link":"https:\/\/turkishtrade.co\/es\/author\/"},"uagb_comment_info":0,"uagb_excerpt":"Crafted from premium Calf Leather exterior for exceptional durability and style. Luxurious Goat Leather interior lining ensures supreme comfort and breathability. Lightweight and flexible EVA sole provides excellent shock absorption and all-day support. Features a timeless classic loafer style with a comfortable 1-3 cm heel height. Available in a comprehensive size range: EU 39, 40,&hellip;","_links":{"self":[{"href":"https:\/\/turkishtrade.co\/es\/wp-json\/wp\/v2\/product\/5600","targetHints":{"allow":["GET"]}}],"collection":[{"href":"https:\/\/turkishtrade.co\/es\/wp-json\/wp\/v2\/product"}],"about":[{"href":"https:\/\/turkishtrade.co\/es\/wp-json\/wp\/v2\/types\/product"}],"wp:featuredmedia":[{"embeddable":true,"href":"https:\/\/turkishtrade.co\/es\/wp-json\/wp\/v2\/media\/3758"}],"wp:attachment":[{"href":"https:\/\/turkishtrade.co\/es\/wp-json\/wp\/v2\/media?parent=5600"}],"wp:term":[{"taxonomy":"product_brand","embeddable":true,"href":"https:\/\/turkishtrade.co\/es\/wp-json\/wp\/v2\/product_brand?post=5600"},{"taxonomy":"product_cat","embeddable":true,"href":"https:\/\/turkishtrade.co\/es\/wp-json\/wp\/v2\/product_cat?post=5600"},{"taxonomy":"product_tag","embeddable":true,"href":"https:\/\/turkishtrade.co\/es\/wp-json\/wp\/v2\/product_tag?post=5600"}],"curies":[{"name":"wp","href":"https:\/\/api.w.org\/{rel}","templated":true}]}}