{"id":5598,"date":"2026-01-14T12:19:44","date_gmt":"2026-01-14T12:19:44","guid":{"rendered":"https:\/\/turkishtrade.co\/product\/mens-brown-leather-loafers-3\/"},"modified":"2026-04-09T19:29:35","modified_gmt":"2026-04-09T19:29:35","slug":"mens-brown-leather-loafers-3","status":"publish","type":"product","link":"https:\/\/turkishtrade.co\/es\/shop\/mens-brown-leather-loafers-3\/","title":{"rendered":"Mocasines de hombre de primera calidad en piel de becerro marr\u00f3n con suela de EVA"},"content":{"rendered":"<p><strong>Mocasines de hombre de piel marr\u00f3n<\/strong><\/p>\n<p>Descubra el ep\u00edtome de la elegancia cl\u00e1sica y la comodidad cotidiana con nuestra exquisita colecci\u00f3n de <strong>mocasines de hombre de cuero marr\u00f3n<\/strong>. Estos mocasines, que combinan a la perfecci\u00f3n el dise\u00f1o tradicional con la funcionalidad moderna, son un complemento esencial en el armario de cualquier caballero exigente. Ya sea para una reuni\u00f3n de negocios informal, una salida de fin de semana o un evento nocturno, estos mocasines son el complemento perfecto. <strong>mocasines de hombre de cuero marr\u00f3n<\/strong> ofrecen una versatilidad y un estilo incomparables.<\/p>\n<h3>Comodidad y calidad inigualables para caballeros exigentes<\/h3>\n<p>Cada par de nuestros <strong>mocasines de hombre de cuero marr\u00f3n<\/strong> est\u00e1 meticulosamente confeccionado para garantizar una comodidad suprema y una durabilidad duradera. El exterior est\u00e1 confeccionado en piel de ternero flexible de primera calidad, famosa por su tacto lujoso, su textura elegante y su resistencia. Este material de alta calidad no s\u00f3lo tiene un aspecto sofisticado, sino que tambi\u00e9n se amolda al pie con el tiempo, proporcionando un ajuste personalizado. En el interior, el forro de piel de cabra, incre\u00edblemente suave y transpirable, envuelve los pies, garantizando comodidad todo el d\u00eda y reduciendo el cansancio. <strong>mocasines de hombre de cuero marr\u00f3n<\/strong> para un uso prolongado. El tac\u00f3n cl\u00e1sico de 1-3 cm proporciona la elevaci\u00f3n justa sin comprometer la estabilidad ni la comodidad.<\/p>\n<h3>Estilo y versatilidad sin esfuerzo<\/h3>\n<p>El tono marr\u00f3n intenso de estas <strong>mocasines de hombre de cuero marr\u00f3n<\/strong> los hace incre\u00edblemente vers\u00e1tiles, combinando sin esfuerzo con una amplia gama de conjuntos. Desde chinos entallados y vaqueros elegantes hasta pantalones de vestir y pantalones cortos de verano, elevan tu look al instante. Su elegante dise\u00f1o sin cordones desprende un aire de relajada sofisticaci\u00f3n, perfecto para el hombre moderno que viaja. No son s\u00f3lo unos zapatos; son una declaraci\u00f3n de gusto refinado que refleja el aprecio por el calzado de calidad. Invierta en un par de estos <strong>mocasines de hombre de cuero marr\u00f3n<\/strong> y experimenta un estilo que nunca pasa de moda.<\/p>\n<h3>Artesan\u00eda y materiales superiores<\/h3>\n<p>En el centro de estos excepcionales <strong>mocasines de hombre de cuero marr\u00f3n<\/strong> yace una artesan\u00eda superior. La atenci\u00f3n al detalle en cada puntada y costura es evidente, garantizando un producto que no s\u00f3lo tiene buen aspecto, sino que est\u00e1 construido para durar. La suela de EVA, ligera pero incre\u00edblemente duradera, proporciona una excelente amortiguaci\u00f3n y flexibilidad, absorbiendo el impacto a cada paso y garantizando una zancada c\u00f3moda en diversas superficies. Este innovador material de la suela contribuye a la ligereza general de la zapatilla, haciendo que estas <strong>mocasines de hombre de cuero marr\u00f3n<\/strong> un placer para llevar de la ma\u00f1ana a la noche. Disponible en una amplia gama de tallas, de la 39 a la 45, encontrar el ajuste perfecto es muy sencillo.<\/p>\n<h3>Pedidos al por mayor y entrega r\u00e1pida<\/h3>\n<p>Para los minoristas y las empresas que buscan calzado de alta calidad, nuestro <strong>mocasines de hombre de cuero marr\u00f3n<\/strong> est\u00e1n disponibles para pedidos al por mayor con una cantidad m\u00ednima de 8 pares. Nos enorgullecemos de la eficiencia en el procesamiento y la entrega, con pedidos que suelen estar listos en 12 d\u00edas, m\u00e1s el tiempo de env\u00edo est\u00e1ndar. P\u00f3ngase en contacto con nosotros hoy mismo para obtener precios competitivos al por mayor. Eleve su inventario con estos <strong>mocasines de hombre de cuero marr\u00f3n<\/strong> que prometen tanto estilo como sustancia para su clientela.<\/p>","protected":false},"excerpt":{"rendered":"<ul>\n<li>Disfrute de un estilo atemporal con estos <strong>mocasines de hombre de cuero marr\u00f3n<\/strong>.<\/li>\n<li>Fabricado con piel de ternero aut\u00e9ntica de alta calidad en el exterior y suave piel de cabra en el interior.<\/li>\n<li>Dise\u00f1adas para un confort excepcional con una suela ligera de EVA.<\/li>\n<li>Mocas\u00edn cl\u00e1sico de estilo casual con un refinado tac\u00f3n de 1-3 cm de altura.<\/li>\n<li>Disponible en una amplia gama de tallas: 39, 40, 41, 42, 43, 44, 45.<\/li>\n<li><strong>Disponibilidad al por mayor: Cantidad m\u00ednima de pedido de 8 pares.<\/strong><\/li>\n<li>Entrega en 12 d\u00edas + gastos de env\u00edo.<\/li>\n<\/ul>","protected":false},"featured_media":3755,"template":"","meta":{"_acf_changed":false,"_uag_custom_page_level_css":"","site-sidebar-layout":"default","site-content-layout":"","ast-site-content-layout":"default","site-content-style":"default","site-sidebar-style":"default","ast-global-header-display":"","ast-banner-title-visibility":"","ast-main-header-display":"","ast-hfb-above-header-display":"","ast-hfb-below-header-display":"","ast-hfb-mobile-header-display":"","site-post-title":"","ast-breadcrumbs-content":"","ast-featured-img":"","footer-sml-layout":"","ast-disable-related-posts":"","theme-transparent-header-meta":"default","adv-header-id-meta":"","stick-header-meta":"","header-above-stick-meta":"","header-main-stick-meta":"","header-below-stick-meta":"","astra-migrate-meta-layouts":"set","ast-page-background-enabled":"default","ast-page-background-meta":{"desktop":{"background-color":"var(--ast-global-color-4)","background-image":"","background-repeat":"repeat","background-position":"center center","background-size":"auto","background-attachment":"scroll","background-type":"","background-media":"","overlay-type":"","overlay-color":"","overlay-opacity":"","overlay-gradient":""},"tablet":{"background-color":"","background-image":"","background-repeat":"repeat","background-position":"center center","background-size":"auto","background-attachment":"scroll","background-type":"","background-media":"","overlay-type":"","overlay-color":"","overlay-opacity":"","overlay-gradient":""},"mobile":{"background-color":"","background-image":"","background-repeat":"repeat","background-position":"center center","background-size":"auto","background-attachment":"scroll","background-type":"","background-media":"","overlay-type":"","overlay-color":"","overlay-opacity":"","overlay-gradient":""}},"ast-content-background-meta":{"desktop":{"background-color":"var(--ast-global-color-5)","background-image":"","background-repeat":"repeat","background-position":"center center","background-size":"auto","background-attachment":"scroll","background-type":"","background-media":"","overlay-type":"","overlay-color":"","overlay-opacity":"","overlay-gradient":""},"tablet":{"background-color":"var(--ast-global-color-5)","background-image":"","background-repeat":"repeat","background-position":"center center","background-size":"auto","background-attachment":"scroll","background-type":"","background-media":"","overlay-type":"","overlay-color":"","overlay-opacity":"","overlay-gradient":""},"mobile":{"background-color":"var(--ast-global-color-5)","background-image":"","background-repeat":"repeat","background-position":"center center","background-size":"auto","background-attachment":"scroll","background-type":"","background-media":"","overlay-type":"","overlay-color":"","overlay-opacity":"","overlay-gradient":""}}},"product_brand":[],"product_cat":[47,430,40],"product_tag":[187,218,513,185,512,457,272,287,922,769,189,351,762,324,186,374,184,254],"class_list":{"0":"post-5598","1":"product","2":"type-product","3":"status-publish","4":"has-post-thumbnail","6":"product_cat-classic","7":"product_cat-men","8":"product_cat-mens-shoes","9":"product_tag-brown-leather-loafers","10":"product_tag-brown-shoes","11":"product_tag-business-casual-shoes","12":"product_tag-calf-leather-shoes","13":"product_tag-casual-loafers","14":"product_tag-classic-loafers","15":"product_tag-comfort-shoes","16":"product_tag-eva-sole-shoes","17":"product_tag-fashion-loafers","18":"product_tag-gentlemens-shoes","19":"product_tag-goat-leather-lining","20":"product_tag-leather-footwear","21":"product_tag-loafer-shoes","22":"product_tag-mens-dress-shoes","23":"product_tag-mens-loafers","24":"product_tag-premium-loafers","25":"product_tag-slip-on-shoes","26":"product_tag-wholesale-footwear","27":"desktop-align-center","28":"tablet-align-center","29":"mobile-align-center","31":"first","32":"instock","33":"shipping-taxable","34":"purchasable","35":"product-type-variable","36":"has-default-attributes"},"acf":[],"uagb_featured_image_src":{"full":["https:\/\/turkishtrade.co\/wp-content\/uploads\/2026\/01\/2400EJOMN00338-DARK-BROWN-ZL_102.png",453,250,false],"thumbnail":["https:\/\/turkishtrade.co\/wp-content\/uploads\/2026\/01\/2400EJOMN00338-DARK-BROWN-ZL_102-150x150.png",150,150,true],"medium":["https:\/\/turkishtrade.co\/wp-content\/uploads\/2026\/01\/2400EJOMN00338-DARK-BROWN-ZL_102-300x166.png",300,166,true],"medium_large":["https:\/\/turkishtrade.co\/wp-content\/uploads\/2026\/01\/2400EJOMN00338-DARK-BROWN-ZL_102.png",453,250,false],"large":["https:\/\/turkishtrade.co\/wp-content\/uploads\/2026\/01\/2400EJOMN00338-DARK-BROWN-ZL_102.png",453,250,false],"1536x1536":["https:\/\/turkishtrade.co\/wp-content\/uploads\/2026\/01\/2400EJOMN00338-DARK-BROWN-ZL_102.png",453,250,false],"2048x2048":["https:\/\/turkishtrade.co\/wp-content\/uploads\/2026\/01\/2400EJOMN00338-DARK-BROWN-ZL_102.png",453,250,false],"trp-custom-language-flag":["https:\/\/turkishtrade.co\/wp-content\/uploads\/2026\/01\/2400EJOMN00338-DARK-BROWN-ZL_102-18x10.png",18,10,true],"woocommerce_thumbnail":["https:\/\/turkishtrade.co\/wp-content\/uploads\/2026\/01\/2400EJOMN00338-DARK-BROWN-ZL_102-400x250.png",400,250,true],"woocommerce_single":["https:\/\/turkishtrade.co\/wp-content\/uploads\/2026\/01\/2400EJOMN00338-DARK-BROWN-ZL_102.png",453,250,false],"woocommerce_gallery_thumbnail":["https:\/\/turkishtrade.co\/wp-content\/uploads\/2026\/01\/2400EJOMN00338-DARK-BROWN-ZL_102-100x100.png",100,100,true]},"uagb_author_info":{"display_name":"yaser olabi","author_link":"https:\/\/turkishtrade.co\/es\/author\/"},"uagb_comment_info":0,"uagb_excerpt":"Experience timeless style with these premium men's brown leather loafers. Crafted from high-quality genuine calf leather exterior and soft goat leather interior. Designed for exceptional comfort with a lightweight EVA sole. Classic loafer casual style with a refined 1-3 cm heel height. Available in a comprehensive range of sizes: 39, 40, 41, 42, 43, 44,&hellip;","_links":{"self":[{"href":"https:\/\/turkishtrade.co\/es\/wp-json\/wp\/v2\/product\/5598","targetHints":{"allow":["GET"]}}],"collection":[{"href":"https:\/\/turkishtrade.co\/es\/wp-json\/wp\/v2\/product"}],"about":[{"href":"https:\/\/turkishtrade.co\/es\/wp-json\/wp\/v2\/types\/product"}],"wp:featuredmedia":[{"embeddable":true,"href":"https:\/\/turkishtrade.co\/es\/wp-json\/wp\/v2\/media\/3755"}],"wp:attachment":[{"href":"https:\/\/turkishtrade.co\/es\/wp-json\/wp\/v2\/media?parent=5598"}],"wp:term":[{"taxonomy":"product_brand","embeddable":true,"href":"https:\/\/turkishtrade.co\/es\/wp-json\/wp\/v2\/product_brand?post=5598"},{"taxonomy":"product_cat","embeddable":true,"href":"https:\/\/turkishtrade.co\/es\/wp-json\/wp\/v2\/product_cat?post=5598"},{"taxonomy":"product_tag","embeddable":true,"href":"https:\/\/turkishtrade.co\/es\/wp-json\/wp\/v2\/product_tag?post=5598"}],"curies":[{"name":"wp","href":"https:\/\/api.w.org\/{rel}","templated":true}]}}