{"id":5588,"date":"2026-01-14T12:18:43","date_gmt":"2026-01-14T12:18:43","guid":{"rendered":"https:\/\/turkishtrade.co\/product\/mens-cap-toe-leather-shoes\/"},"modified":"2026-04-09T19:29:55","modified_gmt":"2026-04-09T19:29:55","slug":"mens-cap-toe-leather-shoes","status":"publish","type":"product","link":"https:\/\/turkishtrade.co\/es\/shop\/mens-cap-toe-leather-shoes\/","title":{"rendered":"Zapatos de vestir cl\u00e1sicos de caballero con puntera de piel"},"content":{"rendered":"<p><strong>Zapatos de piel con puntera de caballero<\/strong><\/p>\n<p>Descubra el ep\u00edtome del estilo cl\u00e1sico y la comodidad duradera con nuestra gama premium <strong>Zapatos de piel con puntera de caballero<\/strong>. Meticulosamente elaborados para el caballero exigente, estos zapatos combinan la elegancia atemporal con la sensibilidad del dise\u00f1o moderno. Cada par es un testimonio de la artesan\u00eda superior, asegurando que usted camina hacia fuera en la confianza y la sofisticaci\u00f3n, ya sea para una reuni\u00f3n de negocios crucial, un evento formal, o una salida casual elevada.<\/p>\n<p>Al elegir estos excepcionales <strong>Zapatos de piel con puntera de caballero<\/strong>, est\u00e1 invirtiendo en una calidad que resiste el paso del tiempo.<\/p>\n<p><h3>Artesan\u00eda sin igual y materiales de primera calidad<\/h3>\n<\/p>\n<p>El exterior de estos exquisitos <strong>Zapatos de piel con puntera de caballero<\/strong> est\u00e1 fabricado en aut\u00e9ntica piel de ternero 100%, famosa por su lujoso tacto, su impresionante durabilidad y su elegante p\u00e1tina, que se acent\u00faa con el paso del tiempo.<\/p>\n<p>El sutil pero llamativo detalle perforado de los laterales a\u00f1ade un toque de car\u00e1cter \u00fanico, complementando a la perfecci\u00f3n el ic\u00f3nico dise\u00f1o de la puntera. En el interior, los pies est\u00e1n envueltos en la suavidad incomparable del forro de piel de cabra, que proporciona una transpirabilidad y una comodidad excepcionales que duran todo el d\u00eda. Esta cuidada combinaci\u00f3n de materiales de primera calidad garantiza un zapato que no s\u00f3lo tiene un aspecto magn\u00edfico, sino que tambi\u00e9n es incre\u00edble de llevar.<\/p>\n<p>Nuestro compromiso de utilizar los mejores materiales hace que estos <strong>Zapatos de piel con puntera de caballero<\/strong> un corte por encima del resto.<\/p>\n<p><h3>Dise\u00f1ado para la comodidad, construido para la vida<\/h3>\n<\/p>\n<p>La comodidad es primordial, y nuestro <strong>Zapatos de piel con puntera de caballero<\/strong> con una suela de EVA ligera pero robusta. Este innovador material de suela ofrece una excelente flexibilidad, una amortiguaci\u00f3n superior y un agarre fiable, haciendo que cada paso sea c\u00f3modo y sin esfuerzo. Con una altura de tac\u00f3n cl\u00e1sica de 1-3 cm, estos zapatos proporcionan la elevaci\u00f3n perfecta sin comprometer la estabilidad ni la comodidad.<\/p>\n<p>Disponibles en una amplia gama de tallas, de la 39 a la 45, encontrar el ajuste perfecto es sencillo. Estos <strong>Zapatos de piel con puntera de caballero<\/strong> est\u00e1n dise\u00f1adas para quienes exigen estilo y comodidad durante todo el d\u00eda.<\/p>\n<p><h3>Versatilidad para todas las ocasiones y disponibilidad a granel<\/h3>\n<\/p>\n<p>Estos vers\u00e1tiles <strong>Zapatos de piel con puntera de caballero<\/strong> se ofrecen en una selecci\u00f3n de refinados colores, como el negro cl\u00e1sico, el marr\u00f3n intenso y el azul sofisticado, que garantizan una combinaci\u00f3n perfecta para cualquier vestuario. Mejore su imagen profesional, complete su atuendo formal o a\u00f1ada un toque de refinamiento a sus looks informales. Para las empresas que desean disponer de calzado de alta calidad, estos <strong>Zapatos de piel con puntera de caballero<\/strong> est\u00e1n disponibles para pedidos al por mayor, con un pedido m\u00ednimo de 8 pares y entrega en 12 d\u00edas m\u00e1s gastos de env\u00edo.<\/p>\n<p>Invierta en un par de estas extraordinarias <strong>Zapatos de piel con puntera de caballero<\/strong> hoy mismo y experimente la fusi\u00f3n perfecta de estilo, calidad y comodidad que realmente los distingue.<\/p>","protected":false},"excerpt":{"rendered":"<ul>\n<li>Parte superior de piel de becerro de primera calidad para una durabilidad excepcional y un estilo elegante.<\/li>\n<li>El suave forro de piel de cabra garantiza la m\u00e1xima comodidad y transpirabilidad durante todo el d\u00eda.<\/li>\n<li>Suela de EVA ligera y flexible que proporciona una amortiguaci\u00f3n superior y un agarre fiable.<\/li>\n<li>Presenta un tac\u00f3n cl\u00e1sico de 1-3 cm de altura, ideal tanto para ambientes formales como informales.<\/li>\n<li>Disponible en una amplia gama de tallas: 39, 40, 41, 42, 43, 44, 45.<\/li>\n<li>Cantidad m\u00ednima de pedido: 8 pares, con entrega en 12 d\u00edas m\u00e1s gastos de env\u00edo.<\/li>\n<\/ul>","protected":false},"featured_media":3750,"template":"","meta":{"_acf_changed":false,"_uag_custom_page_level_css":"","site-sidebar-layout":"default","site-content-layout":"","ast-site-content-layout":"default","site-content-style":"default","site-sidebar-style":"default","ast-global-header-display":"","ast-banner-title-visibility":"","ast-main-header-display":"","ast-hfb-above-header-display":"","ast-hfb-below-header-display":"","ast-hfb-mobile-header-display":"","site-post-title":"","ast-breadcrumbs-content":"","ast-featured-img":"","footer-sml-layout":"","ast-disable-related-posts":"","theme-transparent-header-meta":"","adv-header-id-meta":"","stick-header-meta":"","header-above-stick-meta":"","header-main-stick-meta":"","header-below-stick-meta":"","astra-migrate-meta-layouts":"default","ast-page-background-enabled":"default","ast-page-background-meta":{"desktop":{"background-color":"var(--ast-global-color-4)","background-image":"","background-repeat":"repeat","background-position":"center center","background-size":"auto","background-attachment":"scroll","background-type":"","background-media":"","overlay-type":"","overlay-color":"","overlay-opacity":"","overlay-gradient":""},"tablet":{"background-color":"","background-image":"","background-repeat":"repeat","background-position":"center center","background-size":"auto","background-attachment":"scroll","background-type":"","background-media":"","overlay-type":"","overlay-color":"","overlay-opacity":"","overlay-gradient":""},"mobile":{"background-color":"","background-image":"","background-repeat":"repeat","background-position":"center center","background-size":"auto","background-attachment":"scroll","background-type":"","background-media":"","overlay-type":"","overlay-color":"","overlay-opacity":"","overlay-gradient":""}},"ast-content-background-meta":{"desktop":{"background-color":"var(--ast-global-color-5)","background-image":"","background-repeat":"repeat","background-position":"center center","background-size":"auto","background-attachment":"scroll","background-type":"","background-media":"","overlay-type":"","overlay-color":"","overlay-opacity":"","overlay-gradient":""},"tablet":{"background-color":"var(--ast-global-color-5)","background-image":"","background-repeat":"repeat","background-position":"center center","background-size":"auto","background-attachment":"scroll","background-type":"","background-media":"","overlay-type":"","overlay-color":"","overlay-opacity":"","overlay-gradient":""},"mobile":{"background-color":"var(--ast-global-color-5)","background-image":"","background-repeat":"repeat","background-position":"center center","background-size":"auto","background-attachment":"scroll","background-type":"","background-media":"","overlay-type":"","overlay-color":"","overlay-opacity":"","overlay-gradient":""}}},"product_brand":[],"product_cat":[47,430,40],"product_tag":[196,322,292,405,202,458,449,809,284,438,251,437,227,686,281],"class_list":{"0":"post-5588","1":"product","2":"type-product","3":"status-publish","4":"has-post-thumbnail","6":"product_cat-classic","7":"product_cat-men","8":"product_cat-mens-shoes","9":"product_tag-black-leather-shoes","10":"product_tag-blue-leather-shoes","11":"product_tag-brown-leather-shoes","12":"product_tag-business-shoes","13":"product_tag-calf-leather","14":"product_tag-cap-toe-shoes","15":"product_tag-casual-shoes","16":"product_tag-classic-mens-footwear","17":"product_tag-dress-shoes","18":"product_tag-eva-sole","19":"product_tag-formal-shoes","20":"product_tag-goat-leather","21":"product_tag-leather-shoes","22":"product_tag-perforated-shoes","23":"product_tag-wholesale-shoes","24":"desktop-align-center","25":"tablet-align-center","26":"mobile-align-center","28":"first","29":"instock","30":"shipping-taxable","31":"purchasable","32":"product-type-variable","33":"has-default-attributes"},"acf":[],"uagb_featured_image_src":{"full":["https:\/\/turkishtrade.co\/wp-content\/uploads\/2026\/01\/2400EJOMN00335-DARK-BLUE-X_442-1-usd.png",453,250,false],"thumbnail":["https:\/\/turkishtrade.co\/wp-content\/uploads\/2026\/01\/2400EJOMN00335-DARK-BLUE-X_442-1-usd.png",150,83,false],"medium":["https:\/\/turkishtrade.co\/wp-content\/uploads\/2026\/01\/2400EJOMN00335-DARK-BLUE-X_442-1-usd.png",300,166,false],"medium_large":["https:\/\/turkishtrade.co\/wp-content\/uploads\/2026\/01\/2400EJOMN00335-DARK-BLUE-X_442-1-usd.png",453,250,false],"large":["https:\/\/turkishtrade.co\/wp-content\/uploads\/2026\/01\/2400EJOMN00335-DARK-BLUE-X_442-1-usd.png",453,250,false],"1536x1536":["https:\/\/turkishtrade.co\/wp-content\/uploads\/2026\/01\/2400EJOMN00335-DARK-BLUE-X_442-1-usd.png",453,250,false],"2048x2048":["https:\/\/turkishtrade.co\/wp-content\/uploads\/2026\/01\/2400EJOMN00335-DARK-BLUE-X_442-1-usd.png",453,250,false],"trp-custom-language-flag":["https:\/\/turkishtrade.co\/wp-content\/uploads\/2026\/01\/2400EJOMN00335-DARK-BLUE-X_442-1-usd.png",18,10,false],"woocommerce_thumbnail":["https:\/\/turkishtrade.co\/wp-content\/uploads\/2026\/01\/2400EJOMN00335-DARK-BLUE-X_442-1-usd-400x250.png",400,250,true],"woocommerce_single":["https:\/\/turkishtrade.co\/wp-content\/uploads\/2026\/01\/2400EJOMN00335-DARK-BLUE-X_442-1-usd.png",453,250,false],"woocommerce_gallery_thumbnail":["https:\/\/turkishtrade.co\/wp-content\/uploads\/2026\/01\/2400EJOMN00335-DARK-BLUE-X_442-1-usd-100x100.png",100,100,true]},"uagb_author_info":{"display_name":"yaser olabi","author_link":"https:\/\/turkishtrade.co\/es\/author\/"},"uagb_comment_info":0,"uagb_excerpt":"Premium Calf Leather upper for exceptional durability and sleek style. Soft Goat Leather lining ensures ultimate all-day comfort and breathability. Lightweight and flexible EVA sole provides superior shock absorption and reliable grip. Features a classic 1-3 cm heel height, ideal for both formal and casual settings. Available in a comprehensive range of sizes: 39, 40,&hellip;","_links":{"self":[{"href":"https:\/\/turkishtrade.co\/es\/wp-json\/wp\/v2\/product\/5588","targetHints":{"allow":["GET"]}}],"collection":[{"href":"https:\/\/turkishtrade.co\/es\/wp-json\/wp\/v2\/product"}],"about":[{"href":"https:\/\/turkishtrade.co\/es\/wp-json\/wp\/v2\/types\/product"}],"wp:featuredmedia":[{"embeddable":true,"href":"https:\/\/turkishtrade.co\/es\/wp-json\/wp\/v2\/media\/3750"}],"wp:attachment":[{"href":"https:\/\/turkishtrade.co\/es\/wp-json\/wp\/v2\/media?parent=5588"}],"wp:term":[{"taxonomy":"product_brand","embeddable":true,"href":"https:\/\/turkishtrade.co\/es\/wp-json\/wp\/v2\/product_brand?post=5588"},{"taxonomy":"product_cat","embeddable":true,"href":"https:\/\/turkishtrade.co\/es\/wp-json\/wp\/v2\/product_cat?post=5588"},{"taxonomy":"product_tag","embeddable":true,"href":"https:\/\/turkishtrade.co\/es\/wp-json\/wp\/v2\/product_tag?post=5588"}],"curies":[{"name":"wp","href":"https:\/\/api.w.org\/{rel}","templated":true}]}}