{"id":5582,"date":"2026-01-14T12:18:03","date_gmt":"2026-01-14T12:18:03","guid":{"rendered":"https:\/\/turkishtrade.co\/product\/mens-leather-casual-loafers-4\/"},"modified":"2026-04-09T19:30:07","modified_gmt":"2026-04-09T19:30:07","slug":"mens-leather-casual-loafers-4","status":"publish","type":"product","link":"https:\/\/turkishtrade.co\/es\/shop\/mens-leather-casual-loafers-4\/","title":{"rendered":"Zapatos cl\u00e1sicos de piel estilo mocas\u00edn para hombre"},"content":{"rendered":"<p><strong>Mocasines de piel para hombre<\/strong><\/p>\n<p>Ad\u00e9ntrese en un estilo y un confort incomparables con nuestra exquisita colecci\u00f3n de <strong>Mocasines de piel para hombre<\/strong>. Dise\u00f1ados para el caballero moderno, estos zapatos combinan sin esfuerzo la elegancia cl\u00e1sica con el atractivo casual contempor\u00e1neo. Fabricados con los mejores materiales, ofrecen un aspecto sofisticado y una durabilidad excepcional.<\/p>\n<p>Tanto si se desplaza por el paisaje urbano como si asiste a una relajada reuni\u00f3n de negocios, estas <strong>mocasines casual de cuero para hombre<\/strong> son su compa\u00f1ero ideal, proporcionando una opci\u00f3n vers\u00e1til para su guardarropa.<\/p>\n<p><h3>Comodidad y durabilidad inigualables<\/h3>\n<\/p>\n<p>Cada par de estos cl\u00e1sicos zapatos informales con cordones presenta un exterior de piel de becerro de primera calidad, famosa por su rica textura y su capacidad para desarrollar una hermosa p\u00e1tina con el paso del tiempo. La cuidadosa selecci\u00f3n de la piel de becerro garantiza un acabado sofisticado que destaca. En el interior, sus pies se acunar\u00e1n en el suave abrazo del forro de piel de cabra aut\u00e9ntica, que ofrece una transpirabilidad superior y una sensaci\u00f3n de felpa a cada paso.<\/p>\n<p>La ligera suela de EVA proporciona una excelente amortiguaci\u00f3n y flexibilidad, haciendo que estos zapatos sean incre\u00edblemente c\u00f3modos para un uso prolongado. Esta meticulosa construcci\u00f3n garantiza no solo un aspecto elegante, sino tambi\u00e9n una calidad duradera en la que puedes confiar.<\/p>\n<p>El cuidado dise\u00f1o incorpora un cl\u00e1sico cierre de cordones, que proporciona un ajuste seguro y regulable, al tiempo que mantiene la est\u00e9tica relajada que implican los \u2018mocasines informales\u2019. Los sutiles detalles y la refinada silueta hacen que estos <strong>mocasines casual de cuero para hombre<\/strong> adecuados para una amplia gama de ocasiones. Comb\u00ednalos con unos chinos entallados para un look de oficina informal y elegante, o con unos vaqueros oscuros para un conjunto sofisticado de fin de semana.<\/p>\n<p>Disponibles en una amplia gama de tallas, de la 39 a la 45, que garantizan un ajuste perfecto para diversos tama\u00f1os de pie. Tambi\u00e9n nos dirigimos a empresas que desean almacenar calzado de alta calidad, con un pedido m\u00ednimo de 8 pares y un plazo de entrega fiable de 12 d\u00edas m\u00e1s gastos de env\u00edo.<\/p>\n<p>Invierta en un par de zapatos que reflejen su gusto m\u00e1s exigente. Nuestra <strong>Mocasines de piel para hombre<\/strong> son algo m\u00e1s que calzado: son una declaraci\u00f3n de estilo, comodidad y artesan\u00eda duradera. Experimente la fusi\u00f3n perfecta entre el arte tradicional y el dise\u00f1o moderno, para lucir y sentirse lo mejor posible en cualquier ocasi\u00f3n.<\/p>","protected":false},"excerpt":{"rendered":"<ul>\n<li>Parte superior de piel de becerro de primera calidad para un estilo refinado y durabilidad.<\/li>\n<li>El lujoso forro de piel de cabra garantiza transpirabilidad y comodidad.<\/li>\n<li>Suela de EVA ligera y flexible para llevarlas todo el d\u00eda.<\/li>\n<li>Dise\u00f1o cl\u00e1sico con cordones, que encarna un estilo de mocas\u00edn relajado y sofisticado.<\/li>\n<li>Disponible en una amplia gama de tallas: 39-45.<\/li>\n<li>Se aceptan pedidos al por mayor con una cantidad m\u00ednima de 8 pares por pedido.<\/li>\n<\/ul>","protected":false},"featured_media":3745,"template":"","meta":{"_acf_changed":false,"_uag_custom_page_level_css":"","site-sidebar-layout":"default","site-content-layout":"","ast-site-content-layout":"default","site-content-style":"default","site-sidebar-style":"default","ast-global-header-display":"","ast-banner-title-visibility":"","ast-main-header-display":"","ast-hfb-above-header-display":"","ast-hfb-below-header-display":"","ast-hfb-mobile-header-display":"","site-post-title":"","ast-breadcrumbs-content":"","ast-featured-img":"","footer-sml-layout":"","ast-disable-related-posts":"","theme-transparent-header-meta":"","adv-header-id-meta":"","stick-header-meta":"","header-above-stick-meta":"","header-main-stick-meta":"","header-below-stick-meta":"","astra-migrate-meta-layouts":"default","ast-page-background-enabled":"default","ast-page-background-meta":{"desktop":{"background-color":"var(--ast-global-color-4)","background-image":"","background-repeat":"repeat","background-position":"center center","background-size":"auto","background-attachment":"scroll","background-type":"","background-media":"","overlay-type":"","overlay-color":"","overlay-opacity":"","overlay-gradient":""},"tablet":{"background-color":"","background-image":"","background-repeat":"repeat","background-position":"center center","background-size":"auto","background-attachment":"scroll","background-type":"","background-media":"","overlay-type":"","overlay-color":"","overlay-opacity":"","overlay-gradient":""},"mobile":{"background-color":"","background-image":"","background-repeat":"repeat","background-position":"center center","background-size":"auto","background-attachment":"scroll","background-type":"","background-media":"","overlay-type":"","overlay-color":"","overlay-opacity":"","overlay-gradient":""}},"ast-content-background-meta":{"desktop":{"background-color":"var(--ast-global-color-5)","background-image":"","background-repeat":"repeat","background-position":"center center","background-size":"auto","background-attachment":"scroll","background-type":"","background-media":"","overlay-type":"","overlay-color":"","overlay-opacity":"","overlay-gradient":""},"tablet":{"background-color":"var(--ast-global-color-5)","background-image":"","background-repeat":"repeat","background-position":"center center","background-size":"auto","background-attachment":"scroll","background-type":"","background-media":"","overlay-type":"","overlay-color":"","overlay-opacity":"","overlay-gradient":""},"mobile":{"background-color":"var(--ast-global-color-5)","background-image":"","background-repeat":"repeat","background-position":"center center","background-size":"auto","background-attachment":"scroll","background-type":"","background-media":"","overlay-type":"","overlay-color":"","overlay-opacity":"","overlay-gradient":""}}},"product_brand":[],"product_cat":[47,430,40],"product_tag":[646,970,513,566,457,287,556,968,967,324,969,966,380,262],"class_list":{"0":"post-5582","1":"product","2":"type-product","3":"status-publish","4":"has-post-thumbnail","6":"product_cat-classic","7":"product_cat-men","8":"product_cat-mens-shoes","9":"product_tag-blue-shoes","10":"product_tag-burgundy-shoes","11":"product_tag-business-casual-shoes","12":"product_tag-calfskin-shoes","13":"product_tag-classic-loafers","14":"product_tag-eva-sole-shoes","15":"product_tag-goatskin-lining","16":"product_tag-laced-casual-shoes","17":"product_tag-leather-casual-shoes","18":"product_tag-mens-dress-shoes","19":"product_tag-mens-fashion-shoes","20":"product_tag-mens-leather-casual-loafers","21":"product_tag-smart-casual-footwear","22":"product_tag-wholesale-mens-shoes","23":"desktop-align-center","24":"tablet-align-center","25":"mobile-align-center","27":"first","28":"instock","29":"shipping-taxable","30":"purchasable","31":"product-type-variable","32":"has-default-attributes"},"acf":[],"uagb_featured_image_src":{"full":["https:\/\/turkishtrade.co\/wp-content\/uploads\/2026\/01\/2400EJOMN00333-DARK-BLUE-X_79-1-usd.png",453,250,false],"thumbnail":["https:\/\/turkishtrade.co\/wp-content\/uploads\/2026\/01\/2400EJOMN00333-DARK-BLUE-X_79-1-usd-150x150.png",150,150,true],"medium":["https:\/\/turkishtrade.co\/wp-content\/uploads\/2026\/01\/2400EJOMN00333-DARK-BLUE-X_79-1-usd-300x166.png",300,166,true],"medium_large":["https:\/\/turkishtrade.co\/wp-content\/uploads\/2026\/01\/2400EJOMN00333-DARK-BLUE-X_79-1-usd.png",453,250,false],"large":["https:\/\/turkishtrade.co\/wp-content\/uploads\/2026\/01\/2400EJOMN00333-DARK-BLUE-X_79-1-usd.png",453,250,false],"1536x1536":["https:\/\/turkishtrade.co\/wp-content\/uploads\/2026\/01\/2400EJOMN00333-DARK-BLUE-X_79-1-usd.png",453,250,false],"2048x2048":["https:\/\/turkishtrade.co\/wp-content\/uploads\/2026\/01\/2400EJOMN00333-DARK-BLUE-X_79-1-usd.png",453,250,false],"trp-custom-language-flag":["https:\/\/turkishtrade.co\/wp-content\/uploads\/2026\/01\/2400EJOMN00333-DARK-BLUE-X_79-1-usd-18x10.png",18,10,true],"woocommerce_thumbnail":["https:\/\/turkishtrade.co\/wp-content\/uploads\/2026\/01\/2400EJOMN00333-DARK-BLUE-X_79-1-usd-400x250.png",400,250,true],"woocommerce_single":["https:\/\/turkishtrade.co\/wp-content\/uploads\/2026\/01\/2400EJOMN00333-DARK-BLUE-X_79-1-usd.png",453,250,false],"woocommerce_gallery_thumbnail":["https:\/\/turkishtrade.co\/wp-content\/uploads\/2026\/01\/2400EJOMN00333-DARK-BLUE-X_79-1-usd-100x100.png",100,100,true]},"uagb_author_info":{"display_name":"yaser olabi","author_link":"https:\/\/turkishtrade.co\/es\/author\/"},"uagb_comment_info":0,"uagb_excerpt":"Premium Calfskin Leather Upper for refined style and durability. Luxurious Goatskin Leather Lining ensures breathability and comfort. Lightweight and flexible EVA Sole for all-day wear. Classic laced design, embodying a relaxed, sophisticated loafer style. Available in a wide range of sizes: 39-45. Wholesale orders are welcome with a minimum quantity of 8 pairs per order.","_links":{"self":[{"href":"https:\/\/turkishtrade.co\/es\/wp-json\/wp\/v2\/product\/5582","targetHints":{"allow":["GET"]}}],"collection":[{"href":"https:\/\/turkishtrade.co\/es\/wp-json\/wp\/v2\/product"}],"about":[{"href":"https:\/\/turkishtrade.co\/es\/wp-json\/wp\/v2\/types\/product"}],"wp:featuredmedia":[{"embeddable":true,"href":"https:\/\/turkishtrade.co\/es\/wp-json\/wp\/v2\/media\/3745"}],"wp:attachment":[{"href":"https:\/\/turkishtrade.co\/es\/wp-json\/wp\/v2\/media?parent=5582"}],"wp:term":[{"taxonomy":"product_brand","embeddable":true,"href":"https:\/\/turkishtrade.co\/es\/wp-json\/wp\/v2\/product_brand?post=5582"},{"taxonomy":"product_cat","embeddable":true,"href":"https:\/\/turkishtrade.co\/es\/wp-json\/wp\/v2\/product_cat?post=5582"},{"taxonomy":"product_tag","embeddable":true,"href":"https:\/\/turkishtrade.co\/es\/wp-json\/wp\/v2\/product_tag?post=5582"}],"curies":[{"name":"wp","href":"https:\/\/api.w.org\/{rel}","templated":true}]}}