{"id":5579,"date":"2026-01-14T12:17:43","date_gmt":"2026-01-14T12:17:43","guid":{"rendered":"https:\/\/turkishtrade.co\/product\/mens-croc-embossed-leather-shoes\/"},"modified":"2026-04-09T19:30:11","modified_gmt":"2026-04-09T19:30:11","slug":"mens-croc-embossed-leather-shoes","status":"publish","type":"product","link":"https:\/\/turkishtrade.co\/es\/shop\/mens-croc-embossed-leather-shoes\/","title":{"rendered":"Zapatos Derby de caballero en piel de becerro repujada con cocodrilo"},"content":{"rendered":"<p><strong>Zapatos de hombre de piel con relieve de cocodrilo<\/strong><\/p>\n<p>Eleve su colecci\u00f3n de calzado con nuestros exquisitos <strong>Zapatos de hombre de piel con relieve de cocodrilo<\/strong>, un verdadero testimonio de estilo sofisticado y artesan\u00eda impecable. Estos zapatos derby de primera calidad est\u00e1n meticulosamente dise\u00f1ados para el caballero exigente que aprecia el lujo y la comodidad a partes iguales. Cada par de nuestros <strong>Zapatos de hombre de piel con relieve de cocodrilo<\/strong> est\u00e1 hecho a mano a la perfecci\u00f3n, lo que garantiza un acabado \u00fanico y de alta calidad que destaca en cualquier entorno.<\/p>\n<p><h3>Artesan\u00eda sin igual y materiales de primera calidad<\/h3>\n<\/p>\n<p>La llamativa superficie exterior de estos notables <strong>Zapatos de hombre de piel con relieve de cocodrilo<\/strong> est\u00e1 confeccionado en aut\u00e9ntica piel de becerro, expertamente repujada con un realista dibujo de cocodrilo. Esta textura distintiva a\u00f1ade un toque de elegancia ex\u00f3tica, haciendo de estos zapatos un punto focal de cualquier conjunto. Los ricos y profundos tonos disponibles, incluyendo el cl\u00e1sico marr\u00f3n y un elegante azul, proporcionan versatilidad para varios conjuntos y ocasiones.<\/p>\n<p>En el interior, experimenta una comodidad inigualable con un forro de piel de cabra suntuosamente suave que proporciona una excelente transpirabilidad y un ajuste como un guante, garantizando la comodidad durante todo el d\u00eda sin concesiones.<\/p>\n<p><h3>Dise\u00f1ado para la comodidad y el estilo<\/h3>\n<\/p>\n<p>M\u00e1s all\u00e1 de su impresionante aspecto, estos <strong>Zapatos de hombre de piel con relieve de cocodrilo<\/strong> est\u00e1n hechas para el confort. Cuentan con una suela de EVA ligera pero incre\u00edblemente duradera, que ofrece una amortiguaci\u00f3n y una tracci\u00f3n superiores a cada paso. La altura cl\u00e1sica del tac\u00f3n de 1-3 cm a\u00f1ade una sutil elevaci\u00f3n al tiempo que mantiene la estabilidad y un perfil atemporal.<\/p>\n<p>Ya sea con un atuendo formal de negocios, un traje de boda o un elegante atuendo informal, estas vers\u00e1tiles <strong>Zapatos de hombre de piel con relieve de cocodrilo<\/strong> de transici\u00f3n sin problemas, lo que las convierte en un complemento indispensable para cualquier armario.<\/p>\n<p><h3>Oportunidad de venta al por mayor para minoristas<\/h3>\n<\/p>\n<p>Para los minoristas y las empresas que desean ofrecer a sus clientes un calzado artesanal de primera calidad, estos excepcionales <strong>Zapatos de hombre de piel con relieve de cocodrilo<\/strong> est\u00e1n disponibles para su compra al por mayor. Requerimos un pedido m\u00ednimo de 8 pares, con un plazo de entrega de 12 d\u00edas m\u00e1s gastos de env\u00edo. Estos lujosos zapatos derby, disponibles en una amplia gama de tallas, de la UE 39 a la 45, son perfectos para boutiques y tiendas en l\u00ednea que deseen ofrecer opciones elegantes y de alta calidad.<\/p>\n<p>Invierta en calidad, sofisticaci\u00f3n y una garant\u00eda de preferencia del cliente con nuestra colecci\u00f3n de <strong>Zapatos de hombre de piel con relieve de cocodrilo<\/strong>.<\/p>","protected":false},"excerpt":{"rendered":"<ul>\n<li>Confeccionado en lujosa piel de becerro repujada en cocodrilo.<\/li>\n<li>Forro de piel de cabra suntuosamente suave para el m\u00e1ximo confort.<\/li>\n<li>Suela de EVA ligera y duradera.<\/li>\n<li>Presenta un tac\u00f3n bajo cl\u00e1sico de 1-3 cm para una elegancia atemporal.<\/li>\n<li>Disponible en sofisticado marr\u00f3n y elegante azul.<\/li>\n<li>Pedidos al por mayor disponibles con un m\u00ednimo de 8 pares.<\/li>\n<li>Tallas: EU 39, 40, 41, 42, 43, 44, 45.<\/li>\n<\/ul>","protected":false},"featured_media":3743,"template":"","meta":{"_acf_changed":false,"_uag_custom_page_level_css":"","site-sidebar-layout":"default","site-content-layout":"","ast-site-content-layout":"default","site-content-style":"default","site-sidebar-style":"default","ast-global-header-display":"","ast-banner-title-visibility":"","ast-main-header-display":"","ast-hfb-above-header-display":"","ast-hfb-below-header-display":"","ast-hfb-mobile-header-display":"","site-post-title":"","ast-breadcrumbs-content":"","ast-featured-img":"","footer-sml-layout":"","ast-disable-related-posts":"","theme-transparent-header-meta":"","adv-header-id-meta":"","stick-header-meta":"","header-above-stick-meta":"","header-main-stick-meta":"","header-below-stick-meta":"","astra-migrate-meta-layouts":"default","ast-page-background-enabled":"default","ast-page-background-meta":{"desktop":{"background-color":"var(--ast-global-color-4)","background-image":"","background-repeat":"repeat","background-position":"center center","background-size":"auto","background-attachment":"scroll","background-type":"","background-media":"","overlay-type":"","overlay-color":"","overlay-opacity":"","overlay-gradient":""},"tablet":{"background-color":"","background-image":"","background-repeat":"repeat","background-position":"center center","background-size":"auto","background-attachment":"scroll","background-type":"","background-media":"","overlay-type":"","overlay-color":"","overlay-opacity":"","overlay-gradient":""},"mobile":{"background-color":"","background-image":"","background-repeat":"repeat","background-position":"center center","background-size":"auto","background-attachment":"scroll","background-type":"","background-media":"","overlay-type":"","overlay-color":"","overlay-opacity":"","overlay-gradient":""}},"ast-content-background-meta":{"desktop":{"background-color":"var(--ast-global-color-5)","background-image":"","background-repeat":"repeat","background-position":"center center","background-size":"auto","background-attachment":"scroll","background-type":"","background-media":"","overlay-type":"","overlay-color":"","overlay-opacity":"","overlay-gradient":""},"tablet":{"background-color":"var(--ast-global-color-5)","background-image":"","background-repeat":"repeat","background-position":"center center","background-size":"auto","background-attachment":"scroll","background-type":"","background-media":"","overlay-type":"","overlay-color":"","overlay-opacity":"","overlay-gradient":""},"mobile":{"background-color":"var(--ast-global-color-5)","background-image":"","background-repeat":"repeat","background-position":"center center","background-size":"auto","background-attachment":"scroll","background-type":"","background-media":"","overlay-type":"","overlay-color":"","overlay-opacity":"","overlay-gradient":""}}},"product_brand":[],"product_cat":[47,430,40],"product_tag":[322,292,185,212,284,438,251,189,450,217,965,198,406,280,879,281],"class_list":{"0":"post-5579","1":"product","2":"type-product","3":"status-publish","4":"has-post-thumbnail","6":"product_cat-classic","7":"product_cat-men","8":"product_cat-mens-shoes","9":"product_tag-blue-leather-shoes","10":"product_tag-brown-leather-shoes","11":"product_tag-calf-leather-shoes","12":"product_tag-derby-shoes","13":"product_tag-dress-shoes","14":"product_tag-eva-sole","15":"product_tag-formal-shoes","16":"product_tag-goat-leather-lining","17":"product_tag-handcrafted-shoes","18":"product_tag-luxury-footwear","19":"product_tag-mens-croc-embossed-leather-shoes","20":"product_tag-mens-fashion","21":"product_tag-premium-shoes","22":"product_tag-smart-casual-shoes","23":"product_tag-turkishtrade-co","24":"product_tag-wholesale-shoes","25":"desktop-align-center","26":"tablet-align-center","27":"mobile-align-center","29":"first","30":"instock","31":"shipping-taxable","32":"purchasable","33":"product-type-variable","34":"has-default-attributes"},"acf":[],"uagb_featured_image_src":{"full":["https:\/\/turkishtrade.co\/wp-content\/uploads\/2026\/01\/2400EJOMN00332-DARK-BLUE-X_444-2-USD.png",453,250,false],"thumbnail":["https:\/\/turkishtrade.co\/wp-content\/uploads\/2026\/01\/2400EJOMN00332-DARK-BLUE-X_444-2-USD-150x150.png",150,150,true],"medium":["https:\/\/turkishtrade.co\/wp-content\/uploads\/2026\/01\/2400EJOMN00332-DARK-BLUE-X_444-2-USD-300x166.png",300,166,true],"medium_large":["https:\/\/turkishtrade.co\/wp-content\/uploads\/2026\/01\/2400EJOMN00332-DARK-BLUE-X_444-2-USD.png",453,250,false],"large":["https:\/\/turkishtrade.co\/wp-content\/uploads\/2026\/01\/2400EJOMN00332-DARK-BLUE-X_444-2-USD.png",453,250,false],"1536x1536":["https:\/\/turkishtrade.co\/wp-content\/uploads\/2026\/01\/2400EJOMN00332-DARK-BLUE-X_444-2-USD.png",453,250,false],"2048x2048":["https:\/\/turkishtrade.co\/wp-content\/uploads\/2026\/01\/2400EJOMN00332-DARK-BLUE-X_444-2-USD.png",453,250,false],"trp-custom-language-flag":["https:\/\/turkishtrade.co\/wp-content\/uploads\/2026\/01\/2400EJOMN00332-DARK-BLUE-X_444-2-USD-18x10.png",18,10,true],"woocommerce_thumbnail":["https:\/\/turkishtrade.co\/wp-content\/uploads\/2026\/01\/2400EJOMN00332-DARK-BLUE-X_444-2-USD-400x250.png",400,250,true],"woocommerce_single":["https:\/\/turkishtrade.co\/wp-content\/uploads\/2026\/01\/2400EJOMN00332-DARK-BLUE-X_444-2-USD.png",453,250,false],"woocommerce_gallery_thumbnail":["https:\/\/turkishtrade.co\/wp-content\/uploads\/2026\/01\/2400EJOMN00332-DARK-BLUE-X_444-2-USD-100x100.png",100,100,true]},"uagb_author_info":{"display_name":"yaser olabi","author_link":"https:\/\/turkishtrade.co\/es\/author\/"},"uagb_comment_info":0,"uagb_excerpt":"Crafted from luxurious crocodile-embossed calf leather. Sumptuously soft goat leather lining for ultimate comfort. Lightweight and durable EVA sole. Features a classic 1-3 cm low heel for timeless elegance. Available in sophisticated Brown and elegant Blue. Wholesale orders available with a minimum of 8 pairs. Sizes: EU 39, 40, 41, 42, 43, 44, 45.","_links":{"self":[{"href":"https:\/\/turkishtrade.co\/es\/wp-json\/wp\/v2\/product\/5579","targetHints":{"allow":["GET"]}}],"collection":[{"href":"https:\/\/turkishtrade.co\/es\/wp-json\/wp\/v2\/product"}],"about":[{"href":"https:\/\/turkishtrade.co\/es\/wp-json\/wp\/v2\/types\/product"}],"wp:featuredmedia":[{"embeddable":true,"href":"https:\/\/turkishtrade.co\/es\/wp-json\/wp\/v2\/media\/3743"}],"wp:attachment":[{"href":"https:\/\/turkishtrade.co\/es\/wp-json\/wp\/v2\/media?parent=5579"}],"wp:term":[{"taxonomy":"product_brand","embeddable":true,"href":"https:\/\/turkishtrade.co\/es\/wp-json\/wp\/v2\/product_brand?post=5579"},{"taxonomy":"product_cat","embeddable":true,"href":"https:\/\/turkishtrade.co\/es\/wp-json\/wp\/v2\/product_cat?post=5579"},{"taxonomy":"product_tag","embeddable":true,"href":"https:\/\/turkishtrade.co\/es\/wp-json\/wp\/v2\/product_tag?post=5579"}],"curies":[{"name":"wp","href":"https:\/\/api.w.org\/{rel}","templated":true}]}}