{"id":5569,"date":"2026-01-14T12:16:38","date_gmt":"2026-01-14T12:16:38","guid":{"rendered":"https:\/\/turkishtrade.co\/product\/mens-leather-casual-loafers-2\/"},"modified":"2026-04-09T19:30:31","modified_gmt":"2026-04-09T19:30:31","slug":"mens-leather-casual-loafers-2","status":"publish","type":"product","link":"https:\/\/turkishtrade.co\/es\/shop\/mens-leather-casual-loafers-2\/","title":{"rendered":"Mocasines casuales de piel de primera calidad para hombre"},"content":{"rendered":"<p><strong>Mocasines de piel para hombre<\/strong><\/p>\n<p>Ad\u00e9ntrese en una sofisticaci\u00f3n sin igual y en la comodidad cotidiana con nuestro exquisito <strong>Mocasines de piel para hombre<\/strong>. Dise\u00f1ados para el caballero moderno que valora tanto el estilo como la sustancia, estos mocasines son un testimonio de artesan\u00eda superior y materiales de primera calidad. Cada par de nuestros <strong>Mocasines de piel para hombre<\/strong> est\u00e1 meticulosamente elaborada para garantizar una mezcla perfecta de elegancia cl\u00e1sica y atractivo informal contempor\u00e1neo.<\/p>\n<p><h3>Calidad y comodidad inigualables<\/h3>\n<\/p>\n<p>Nuestra <strong>Mocasines de piel para hombre<\/strong> cuentan con una superficie exterior de aut\u00e9ntica piel de becerro, que ofrece una textura rica y una durabilidad duradera que s\u00f3lo mejora con el paso del tiempo. La piel de becerro flexible no s\u00f3lo proporciona un aspecto lujoso, sino que tambi\u00e9n se adapta a su pie para un ajuste personalizado. Como complemento a este exterior de primera calidad, la superficie interior est\u00e1 forrada con suave piel de cabra, lo que garantiza la transpirabilidad y un confort excepcional desde el momento en que te las calzas.<\/p>\n<p>Esta cuidada combinaci\u00f3n de materiales hace que estos <strong>Mocasines de piel para hombre<\/strong> ideal para llevar durante todo el d\u00eda, tanto si te mueves por las calles de la ciudad como si asistes a una relajada reuni\u00f3n de negocios.<\/p>\n<p><h3>Dise\u00f1ado para ofrecer versatilidad y rendimiento<\/h3>\n<\/p>\n<p>La base de estos notables <strong>Mocasines de piel para hombre<\/strong> es una suela de EVA ligera pero robusta. Conocida por su excelente amortiguaci\u00f3n y flexibilidad, la suela de EVA proporciona una amortiguaci\u00f3n superior, haciendo que cada paso sea un placer. Con una altura de tac\u00f3n de mocas\u00edn cl\u00e1sico de 1-3 cm, estos zapatos ofrecen una sutil elevaci\u00f3n y mantienen una silueta atemporal.<\/p>\n<p>Disponibles en una amplia gama de tallas, de la 39 a la 45, encontrar\u00e1 su talla perfecta entre nuestras <strong>Mocasines de piel para hombre<\/strong> sin esfuerzo. Su dise\u00f1o vers\u00e1til garantiza que estos zapatos combinen a la perfecci\u00f3n con cualquier prenda, desde pantalones elegantes hasta chinos informales, lo que los convierte en un complemento indispensable para cualquier armario.<\/p>\n<p><h3>Pedidos al por mayor para empresas<\/h3>\n<\/p>\n<p>Para los minoristas y las empresas que buscan calzado de alta calidad, nuestro <strong>Mocasines de piel para hombre<\/strong> est\u00e1n disponibles para la compra al por mayor. Ofrecemos una cantidad m\u00ednima de pedido de 8 pares, lo que le permite abastecer su inventario con un producto de primera calidad que sus clientes apreciar\u00e1n. Con un plazo de entrega estimado de 12 d\u00edas m\u00e1s gastos de env\u00edo, podr\u00e1 recibir r\u00e1pidamente estos excepcionales <strong>Mocasines de piel para hombre<\/strong> y satisfacer las demandas de su mercado.<\/p>\n<p>Eleve hoy su colecci\u00f3n de calzado con zapatos que combinan materiales exquisitos, construcci\u00f3n experta y dise\u00f1o atemporal.<\/p>","protected":false},"excerpt":{"rendered":"<ul>\n<li><strong>Superficie exterior:<\/strong> Piel de becerro aut\u00e9ntica<\/li>\n<li><strong>Superficie interior:<\/strong> Piel de cabra suave<\/li>\n<li><strong>Suela:<\/strong> EVA ligera y duradera<\/li>\n<li><strong>Altura del tac\u00f3n:<\/strong> Mocas\u00edn cl\u00e1sico 1-3 cm<\/li>\n<li><strong>Tallas disponibles:<\/strong> 39, 40, 41, 42, 43, 44, 45<\/li>\n<li><strong>Cantidad m\u00ednima de pedido:<\/strong> 8 Pares<\/li>\n<li><strong>Tiempo estimado de entrega:<\/strong> 12 d\u00edas + gastos de env\u00edo<\/li>\n<\/ul>","protected":false},"featured_media":3736,"template":"","meta":{"_acf_changed":false,"_uag_custom_page_level_css":"","site-sidebar-layout":"default","site-content-layout":"","ast-site-content-layout":"default","site-content-style":"default","site-sidebar-style":"default","ast-global-header-display":"","ast-banner-title-visibility":"","ast-main-header-display":"","ast-hfb-above-header-display":"","ast-hfb-below-header-display":"","ast-hfb-mobile-header-display":"","site-post-title":"","ast-breadcrumbs-content":"","ast-featured-img":"","footer-sml-layout":"","ast-disable-related-posts":"","theme-transparent-header-meta":"","adv-header-id-meta":"","stick-header-meta":"","header-above-stick-meta":"","header-main-stick-meta":"","header-below-stick-meta":"","astra-migrate-meta-layouts":"default","ast-page-background-enabled":"default","ast-page-background-meta":{"desktop":{"background-color":"var(--ast-global-color-4)","background-image":"","background-repeat":"repeat","background-position":"center center","background-size":"auto","background-attachment":"scroll","background-type":"","background-media":"","overlay-type":"","overlay-color":"","overlay-opacity":"","overlay-gradient":""},"tablet":{"background-color":"","background-image":"","background-repeat":"repeat","background-position":"center center","background-size":"auto","background-attachment":"scroll","background-type":"","background-media":"","overlay-type":"","overlay-color":"","overlay-opacity":"","overlay-gradient":""},"mobile":{"background-color":"","background-image":"","background-repeat":"repeat","background-position":"center center","background-size":"auto","background-attachment":"scroll","background-type":"","background-media":"","overlay-type":"","overlay-color":"","overlay-opacity":"","overlay-gradient":""}},"ast-content-background-meta":{"desktop":{"background-color":"var(--ast-global-color-5)","background-image":"","background-repeat":"repeat","background-position":"center center","background-size":"auto","background-attachment":"scroll","background-type":"","background-media":"","overlay-type":"","overlay-color":"","overlay-opacity":"","overlay-gradient":""},"tablet":{"background-color":"var(--ast-global-color-5)","background-image":"","background-repeat":"repeat","background-position":"center center","background-size":"auto","background-attachment":"scroll","background-type":"","background-media":"","overlay-type":"","overlay-color":"","overlay-opacity":"","overlay-gradient":""},"mobile":{"background-color":"var(--ast-global-color-5)","background-image":"","background-repeat":"repeat","background-position":"center center","background-size":"auto","background-attachment":"scroll","background-type":"","background-media":"","overlay-type":"","overlay-color":"","overlay-opacity":"","overlay-gradient":""}}},"product_brand":[],"product_cat":[47,430,40],"product_tag":[566,457,220,438,189,963,186,536,184,281],"class_list":{"0":"post-5569","1":"product","2":"type-product","3":"status-publish","4":"has-post-thumbnail","6":"product_cat-classic","7":"product_cat-men","8":"product_cat-mens-shoes","9":"product_tag-calfskin-shoes","10":"product_tag-classic-loafers","11":"product_tag-comfortable-loafers","12":"product_tag-eva-sole","13":"product_tag-goat-leather-lining","14":"product_tag-leather-casual-loafers","15":"product_tag-mens-loafers","16":"product_tag-premium-leather-loafers","17":"product_tag-slip-on-shoes","18":"product_tag-wholesale-shoes","19":"desktop-align-center","20":"tablet-align-center","21":"mobile-align-center","23":"first","24":"instock","25":"shipping-taxable","26":"purchasable","27":"product-type-variable","28":"has-default-attributes"},"acf":[],"uagb_featured_image_src":{"full":["https:\/\/turkishtrade.co\/wp-content\/uploads\/2026\/01\/2400EJOMN00329-BROWN-X_443-1-usd.png",453,250,false],"thumbnail":["https:\/\/turkishtrade.co\/wp-content\/uploads\/2026\/01\/2400EJOMN00329-BROWN-X_443-1-usd-150x150.png",150,150,true],"medium":["https:\/\/turkishtrade.co\/wp-content\/uploads\/2026\/01\/2400EJOMN00329-BROWN-X_443-1-usd-300x166.png",300,166,true],"medium_large":["https:\/\/turkishtrade.co\/wp-content\/uploads\/2026\/01\/2400EJOMN00329-BROWN-X_443-1-usd.png",453,250,false],"large":["https:\/\/turkishtrade.co\/wp-content\/uploads\/2026\/01\/2400EJOMN00329-BROWN-X_443-1-usd.png",453,250,false],"1536x1536":["https:\/\/turkishtrade.co\/wp-content\/uploads\/2026\/01\/2400EJOMN00329-BROWN-X_443-1-usd.png",453,250,false],"2048x2048":["https:\/\/turkishtrade.co\/wp-content\/uploads\/2026\/01\/2400EJOMN00329-BROWN-X_443-1-usd.png",453,250,false],"trp-custom-language-flag":["https:\/\/turkishtrade.co\/wp-content\/uploads\/2026\/01\/2400EJOMN00329-BROWN-X_443-1-usd-18x10.png",18,10,true],"woocommerce_thumbnail":["https:\/\/turkishtrade.co\/wp-content\/uploads\/2026\/01\/2400EJOMN00329-BROWN-X_443-1-usd-400x250.png",400,250,true],"woocommerce_single":["https:\/\/turkishtrade.co\/wp-content\/uploads\/2026\/01\/2400EJOMN00329-BROWN-X_443-1-usd.png",453,250,false],"woocommerce_gallery_thumbnail":["https:\/\/turkishtrade.co\/wp-content\/uploads\/2026\/01\/2400EJOMN00329-BROWN-X_443-1-usd-100x100.png",100,100,true]},"uagb_author_info":{"display_name":"yaser olabi","author_link":"https:\/\/turkishtrade.co\/es\/author\/"},"uagb_comment_info":0,"uagb_excerpt":"Outer Surface: Genuine Calf Leather Inner Surface: Soft Goat Leather Sole: Lightweight &amp; Durable EVA Heel Height: Classic Loafer 1-3 cm Available Sizes: 39, 40, 41, 42, 43, 44, 45 Minimum Order Quantity: 8 Pairs Estimated Delivery Time: 12 Days + Shipping","_links":{"self":[{"href":"https:\/\/turkishtrade.co\/es\/wp-json\/wp\/v2\/product\/5569","targetHints":{"allow":["GET"]}}],"collection":[{"href":"https:\/\/turkishtrade.co\/es\/wp-json\/wp\/v2\/product"}],"about":[{"href":"https:\/\/turkishtrade.co\/es\/wp-json\/wp\/v2\/types\/product"}],"wp:featuredmedia":[{"embeddable":true,"href":"https:\/\/turkishtrade.co\/es\/wp-json\/wp\/v2\/media\/3736"}],"wp:attachment":[{"href":"https:\/\/turkishtrade.co\/es\/wp-json\/wp\/v2\/media?parent=5569"}],"wp:term":[{"taxonomy":"product_brand","embeddable":true,"href":"https:\/\/turkishtrade.co\/es\/wp-json\/wp\/v2\/product_brand?post=5569"},{"taxonomy":"product_cat","embeddable":true,"href":"https:\/\/turkishtrade.co\/es\/wp-json\/wp\/v2\/product_cat?post=5569"},{"taxonomy":"product_tag","embeddable":true,"href":"https:\/\/turkishtrade.co\/es\/wp-json\/wp\/v2\/product_tag?post=5569"}],"curies":[{"name":"wp","href":"https:\/\/api.w.org\/{rel}","templated":true}]}}