{"id":5559,"date":"2026-01-14T12:15:11","date_gmt":"2026-01-14T12:15:11","guid":{"rendered":"https:\/\/turkishtrade.co\/product\/mens-blue-embossed-leather-shoes\/"},"modified":"2026-04-09T19:30:46","modified_gmt":"2026-04-09T19:30:46","slug":"mens-blue-embossed-leather-shoes","status":"publish","type":"product","link":"https:\/\/turkishtrade.co\/es\/shop\/mens-blue-embossed-leather-shoes\/","title":{"rendered":"Zapatos Derby de hombre en piel de becerro azul marino repujada"},"content":{"rendered":"<p><strong>Zapatos de hombre de cuero repujado azul<\/strong><\/p>\n<p>Sum\u00e9rjase en una elegancia y un confort incomparables con nuestro exquisito <strong>Zapatos Derby de hombre en piel de becerro azul marino repujada<\/strong>. No son s\u00f3lo unos zapatos; son toda una declaraci\u00f3n de intenciones, hechos a mano para el caballero exigente que valora tanto el estilo refinado como la calidad duradera. El llamativo tono azul marino, combinado con la distintiva textura de piel de ternero repujada, garantiza que destacar\u00e1s entre la multitud. <strong>zapatos de hombre de cuero repujado azul<\/strong> imprescindible en tu colecci\u00f3n de calzado.<\/p>\n<p><h3>Artesan\u00eda inigualable y materiales de primera calidad<\/h3>\n<\/p>\n<p>Cada par de estos magn\u00edficos <strong>zapatos de hombre de cuero repujado azul<\/strong> es un testimonio de artesan\u00eda superior. La superficie exterior est\u00e1 meticulosamente fabricada en aut\u00e9ntica piel de ternero, con un llamativo estampado en relieve que imita texturas ex\u00f3ticas, a\u00f1adiendo profundidad y car\u00e1cter. Esta piel de becerro de primera calidad no s\u00f3lo ofrece una est\u00e9tica lujosa, sino que tambi\u00e9n promete una durabilidad excepcional y una hermosa p\u00e1tina con el paso del tiempo.<\/p>\n<p>Para mayor comodidad, el interior est\u00e1 suntuosamente forrado con suave piel de cabra, que proporciona un abrazo transpirable y suave para sus pies. La base de estos elegantes zapatos es una suela de EVA ligera pero robusta, dise\u00f1ada para proporcionar una excelente amortiguaci\u00f3n y apoyo, lo que garantiza la comodidad si usted est\u00e1 navegando un ajetreado d\u00eda de trabajo o disfrutar de una noche social.<\/p>\n<p>No se trata de cualquier <strong>zapatos de cuero repujado<\/strong>; est\u00e1n dise\u00f1ados para durar y ofrecer un atractivo sofisticado.<\/p>\n<p><h3>Estilo sofisticado para cualquier ocasi\u00f3n<\/h3>\n<\/p>\n<p>La atemporal silueta derby de estos <strong>zapatos de hombre de cuero repujado azul<\/strong> los hace incre\u00edblemente vers\u00e1tiles. Con su elegante dise\u00f1o de cordones y la sutil costura de la puntera de mocas\u00edn, se adaptan a la perfecci\u00f3n tanto a entornos formales de negocios como a reuniones informales elegantes. El intenso color azul marino ofrece una sofisticada alternativa a los tradicionales negro o marr\u00f3n, permiti\u00e9ndote inyectar un toque de color refinado a tus conjuntos.<\/p>\n<p>Empareja estos <strong>zapatos de piel de becerro repujada azul<\/strong> con trajes de sastrer\u00eda para un look de oficina distinguido, o p\u00f3ntelos con chinos y una americana para un conjunto de fin de semana elevado. Su exclusiva textura en relieve garantiza que incluso un atuendo sencillo se convierta en extraordinario, resaltando tu impecable gusto por el calzado.<\/p>\n<p><h3>Dise\u00f1ado para ofrecer la m\u00e1xima comodidad<\/h3>\n<\/p>\n<p>M\u00e1s all\u00e1 de su impresionante aspecto, la comodidad es primordial en el dise\u00f1o de nuestros <strong>Zapatos de hombre de cuero repujado azul<\/strong>. El suave forro de piel de cabra evita las rozaduras y permite que tus pies respiren, manteni\u00e9ndolos frescos durante todo el d\u00eda. La innovadora suela de EVA es conocida por su excelente amortiguaci\u00f3n y flexibilidad, proporcionando una pisada amortiguada que minimiza la fatiga.<\/p>\n<p>Desde el primer momento en que te las pongas, apreciar\u00e1s la cuidada ingenier\u00eda que hace que estas <strong>zapatos de hombre de cuero repujado azul<\/strong> un placer llevarlos durante largos periodos. Disponibles en una amplia gama de tallas, de la 39 a la 45, garantizamos un ajuste perfecto para cada caballero. Mejore su calzado con estos zapatos sofisticados y c\u00f3modos. <strong>zapatos de hombre de cuero repujado azul<\/strong>.<\/p>","protected":false},"excerpt":{"rendered":"<ul>\n<li>Parte superior de piel de becerro repujada para un estilo distintivo<\/li>\n<li>Lujoso forro de piel de cabra para mayor comodidad durante todo el d\u00eda<\/li>\n<li>Suela de EVA ligera y duradera para una sujeci\u00f3n \u00f3ptima<\/li>\n<li>Derby cl\u00e1sico con cordones y elegante costura de mocas\u00edn en la puntera<\/li>\n<li>Disponible en tallas EU: 39, 40, 41, 42, 43, 44, 45<\/li>\n<li>Cantidad m\u00ednima de pedido: 8 Pares<\/li>\n<li>Plazo de entrega: 12 d\u00edas + gastos de env\u00edo<\/li>\n<\/ul>","protected":false},"featured_media":3730,"template":"","meta":{"_acf_changed":false,"_uag_custom_page_level_css":"","site-sidebar-layout":"default","site-content-layout":"","ast-site-content-layout":"default","site-content-style":"default","site-sidebar-style":"default","ast-global-header-display":"","ast-banner-title-visibility":"","ast-main-header-display":"","ast-hfb-above-header-display":"","ast-hfb-below-header-display":"","ast-hfb-mobile-header-display":"","site-post-title":"","ast-breadcrumbs-content":"","ast-featured-img":"","footer-sml-layout":"","ast-disable-related-posts":"","theme-transparent-header-meta":"","adv-header-id-meta":"","stick-header-meta":"","header-above-stick-meta":"","header-main-stick-meta":"","header-below-stick-meta":"","astra-migrate-meta-layouts":"default","ast-page-background-enabled":"default","ast-page-background-meta":{"desktop":{"background-color":"var(--ast-global-color-4)","background-image":"","background-repeat":"repeat","background-position":"center center","background-size":"auto","background-attachment":"scroll","background-type":"","background-media":"","overlay-type":"","overlay-color":"","overlay-opacity":"","overlay-gradient":""},"tablet":{"background-color":"","background-image":"","background-repeat":"repeat","background-position":"center center","background-size":"auto","background-attachment":"scroll","background-type":"","background-media":"","overlay-type":"","overlay-color":"","overlay-opacity":"","overlay-gradient":""},"mobile":{"background-color":"","background-image":"","background-repeat":"repeat","background-position":"center center","background-size":"auto","background-attachment":"scroll","background-type":"","background-media":"","overlay-type":"","overlay-color":"","overlay-opacity":"","overlay-gradient":""}},"ast-content-background-meta":{"desktop":{"background-color":"var(--ast-global-color-5)","background-image":"","background-repeat":"repeat","background-position":"center center","background-size":"auto","background-attachment":"scroll","background-type":"","background-media":"","overlay-type":"","overlay-color":"","overlay-opacity":"","overlay-gradient":""},"tablet":{"background-color":"var(--ast-global-color-5)","background-image":"","background-repeat":"repeat","background-position":"center center","background-size":"auto","background-attachment":"scroll","background-type":"","background-media":"","overlay-type":"","overlay-color":"","overlay-opacity":"","overlay-gradient":""},"mobile":{"background-color":"var(--ast-global-color-5)","background-image":"","background-repeat":"repeat","background-position":"center center","background-size":"auto","background-attachment":"scroll","background-type":"","background-media":"","overlay-type":"","overlay-color":"","overlay-opacity":"","overlay-gradient":""}}},"product_brand":[],"product_cat":[47,430,40],"product_tag":[646,200,202,212,284,418,438,189,450,416,198,962,961,210,373],"class_list":{"0":"post-5559","1":"product","2":"type-product","3":"status-publish","4":"has-post-thumbnail","6":"product_cat-classic","7":"product_cat-men","8":"product_cat-mens-shoes","9":"product_tag-blue-shoes","10":"product_tag-business-casual","11":"product_tag-calf-leather","12":"product_tag-derby-shoes","13":"product_tag-dress-shoes","14":"product_tag-embossed-leather","15":"product_tag-eva-sole","16":"product_tag-goat-leather-lining","17":"product_tag-handcrafted-shoes","18":"product_tag-luxury-shoes","19":"product_tag-mens-fashion","20":"product_tag-moccasin-toe","21":"product_tag-navy-blue","22":"product_tag-smart-casual","23":"product_tag-textured-leather","24":"desktop-align-center","25":"tablet-align-center","26":"mobile-align-center","28":"first","29":"instock","30":"shipping-taxable","31":"purchasable","32":"product-type-variable","33":"has-default-attributes"},"acf":[],"uagb_featured_image_src":{"full":["https:\/\/turkishtrade.co\/wp-content\/uploads\/2026\/01\/2400EJOMN00323-DARK-BLUE-X_12577-4-USD.png",453,250,false],"thumbnail":["https:\/\/turkishtrade.co\/wp-content\/uploads\/2026\/01\/2400EJOMN00323-DARK-BLUE-X_12577-4-USD-150x150.png",150,150,true],"medium":["https:\/\/turkishtrade.co\/wp-content\/uploads\/2026\/01\/2400EJOMN00323-DARK-BLUE-X_12577-4-USD-300x166.png",300,166,true],"medium_large":["https:\/\/turkishtrade.co\/wp-content\/uploads\/2026\/01\/2400EJOMN00323-DARK-BLUE-X_12577-4-USD.png",453,250,false],"large":["https:\/\/turkishtrade.co\/wp-content\/uploads\/2026\/01\/2400EJOMN00323-DARK-BLUE-X_12577-4-USD.png",453,250,false],"1536x1536":["https:\/\/turkishtrade.co\/wp-content\/uploads\/2026\/01\/2400EJOMN00323-DARK-BLUE-X_12577-4-USD.png",453,250,false],"2048x2048":["https:\/\/turkishtrade.co\/wp-content\/uploads\/2026\/01\/2400EJOMN00323-DARK-BLUE-X_12577-4-USD.png",453,250,false],"trp-custom-language-flag":["https:\/\/turkishtrade.co\/wp-content\/uploads\/2026\/01\/2400EJOMN00323-DARK-BLUE-X_12577-4-USD-18x10.png",18,10,true],"woocommerce_thumbnail":["https:\/\/turkishtrade.co\/wp-content\/uploads\/2026\/01\/2400EJOMN00323-DARK-BLUE-X_12577-4-USD-400x250.png",400,250,true],"woocommerce_single":["https:\/\/turkishtrade.co\/wp-content\/uploads\/2026\/01\/2400EJOMN00323-DARK-BLUE-X_12577-4-USD.png",453,250,false],"woocommerce_gallery_thumbnail":["https:\/\/turkishtrade.co\/wp-content\/uploads\/2026\/01\/2400EJOMN00323-DARK-BLUE-X_12577-4-USD-100x100.png",100,100,true]},"uagb_author_info":{"display_name":"yaser olabi","author_link":"https:\/\/turkishtrade.co\/es\/author\/"},"uagb_comment_info":0,"uagb_excerpt":"Premium Embossed Calf Leather Upper for Distinctive Style Luxurious Goat Leather Lining for All-Day Comfort Lightweight and Durable EVA Sole for Optimal Support Classic Lace-Up Derby Design with Elegant Moccasin Toe Stitching Available in EU Sizes: 39, 40, 41, 42, 43, 44, 45 Minimum Order Quantity: 8 Pairs Delivery Time: 12 Days + Shipping","_links":{"self":[{"href":"https:\/\/turkishtrade.co\/es\/wp-json\/wp\/v2\/product\/5559","targetHints":{"allow":["GET"]}}],"collection":[{"href":"https:\/\/turkishtrade.co\/es\/wp-json\/wp\/v2\/product"}],"about":[{"href":"https:\/\/turkishtrade.co\/es\/wp-json\/wp\/v2\/types\/product"}],"wp:featuredmedia":[{"embeddable":true,"href":"https:\/\/turkishtrade.co\/es\/wp-json\/wp\/v2\/media\/3730"}],"wp:attachment":[{"href":"https:\/\/turkishtrade.co\/es\/wp-json\/wp\/v2\/media?parent=5559"}],"wp:term":[{"taxonomy":"product_brand","embeddable":true,"href":"https:\/\/turkishtrade.co\/es\/wp-json\/wp\/v2\/product_brand?post=5559"},{"taxonomy":"product_cat","embeddable":true,"href":"https:\/\/turkishtrade.co\/es\/wp-json\/wp\/v2\/product_cat?post=5559"},{"taxonomy":"product_tag","embeddable":true,"href":"https:\/\/turkishtrade.co\/es\/wp-json\/wp\/v2\/product_tag?post=5559"}],"curies":[{"name":"wp","href":"https:\/\/api.w.org\/{rel}","templated":true}]}}