{"id":5557,"date":"2026-01-14T12:14:54","date_gmt":"2026-01-14T12:14:54","guid":{"rendered":"https:\/\/turkishtrade.co\/product\/mens-brown-leather-loafers-2\/"},"modified":"2026-04-09T19:30:49","modified_gmt":"2026-04-09T19:30:49","slug":"mens-brown-leather-loafers-2","status":"publish","type":"product","link":"https:\/\/turkishtrade.co\/es\/shop\/mens-brown-leather-loafers-2\/","title":{"rendered":"Mocas\u00edn con borla de piel marr\u00f3n para hombre con detalles de brogue"},"content":{"rendered":"<p><strong>Mocasines de hombre de piel marr\u00f3n<\/strong><\/p>\n<p>Descubra el ep\u00edtome del estilo atemporal y la comodidad sin igual con nuestro exquisito <strong>Mocasines de hombre de piel marr\u00f3n<\/strong>. Estos sofisticados mocasines est\u00e1n meticulosamente dise\u00f1ados para el caballero moderno que valora tanto la elegancia como la practicidad. Combinando un rico tono marr\u00f3n oscuro con una artesan\u00eda magistral, estos... <strong>Mocasines de hombre de piel marr\u00f3n<\/strong> son un complemento esencial para cualquier armario exigente, ya que se adaptan sin esfuerzo a entornos informales de negocios o a relajadas salidas de fin de semana.<\/p>\n<p>Fabricado con los mejores materiales, el exterior es de piel de becerro aut\u00e9ntica de primera calidad, que ofrece un aspecto lujoso y una durabilidad excepcional. El interior est\u00e1 forrado con piel de cabra flexible, proporcionando un ajuste suave, transpirable e incre\u00edblemente c\u00f3modo que se amolda a su pie con el tiempo. Por debajo, una robusta pero ligera suela de EVA garantiza una amortiguaci\u00f3n superior, flexibilidad y una tracci\u00f3n fiable, haciendo que cada paso sea un placer.<\/p>\n<p>Esta cuidada combinaci\u00f3n de materiales garantiza que estos <strong>Mocasines de hombre de piel marr\u00f3n<\/strong> resistir\u00e1 el paso del tiempo, tanto en estilo como en comodidad.<\/p>\n<p><h3>Estilo y detalles inigualables<\/h3>\n<\/p>\n<p>Cada uno de los elementos de estos mocasines refleja el legado de la alta zapater\u00eda. La silueta cl\u00e1sica del mocas\u00edn se complementa a la perfecci\u00f3n con elegantes borlas que a\u00f1aden un toque de encanto tradicional. Adem\u00e1s, la puntera y los laterales est\u00e1n adornados con intrincados detalles tipo brogue, que confieren a estos zapatos un car\u00e1cter distintivo.<\/p>\n<p>La doble textura de cuero pulido liso y cuero granulado sutilmente granulado en la parte superior crea un atractivo visual din\u00e1mico, garantizando que estos <strong>Mocasines de hombre de piel marr\u00f3n<\/strong> captar la atenci\u00f3n sin ser ostentoso.<\/p>\n<p>Son un verdadero testimonio de gusto refinado y excelencia sartorial.<\/p>\n<p><h3>Comodidad y versatilidad para cualquier ocasi\u00f3n<\/h3>\n<\/p>\n<p>Dise\u00f1adas para ofrecer comodidad durante todo el d\u00eda, estas <strong>Mocasines de hombre de piel marr\u00f3n<\/strong> presentan un tac\u00f3n bajo cl\u00e1sico, perfecto para un uso prolongado. La amplia gama de tallas, de la UE 39 a la 45, garantiza un ajuste perfecto para una gran variedad de clientas. Su versatilidad no tiene l\u00edmites, tanto si se combinan con pantalones de sastrer\u00eda para un look de oficina elegante e informal como con chinos y vaqueros para un conjunto de fin de semana sofisticado.<\/p>\n<p>Estos <strong>Mocasines de hombre de piel marr\u00f3n<\/strong> no son s\u00f3lo zapatos; son una inversi\u00f3n en estilo y comodidad duraderos.<\/p>\n<p><h3>Oportunidad para mayoristas<\/h3>\n<\/p>\n<p>Para los minoristas que buscan ofrecer a su clientela calzado de primera calidad, estas <strong>Mocasines de hombre de piel marr\u00f3n<\/strong> presentan una excelente oportunidad. Disponibles para la venta al por mayor con un pedido m\u00ednimo de 8 pares, garantizamos un proceso fluido y eficaz. Con un plazo de producci\u00f3n y env\u00edo de tan solo 12 d\u00edas, m\u00e1s gastos de env\u00edo, podr\u00e1 abastecer r\u00e1pidamente sus estanter\u00edas con un producto que promete calidad y un gran atractivo para el cliente.<\/p>\n<p>Eleve su colecci\u00f3n de calzado con estos excepcionales <strong>Mocasines de hombre de piel marr\u00f3n<\/strong>.<\/p>","protected":false},"excerpt":{"rendered":"<ul>\n<li><b>Materiales de primera calidad:<\/b> Elaborado por expertos con un exterior de aut\u00e9ntica piel de becerro y un lujoso interior de piel de cabra.<\/li>\n<li><b>Confort superior:<\/b> Equipadas con una suela de EVA ligera y muy duradera, que garantiza comodidad durante todo el d\u00eda y un excelente agarre.<\/li>\n<li><b>Dise\u00f1o distintivo:<\/b> Presenta una silueta de mocas\u00edn cl\u00e1sico realzada con sofisticados detalles de borlas y elegantes detalles de brogue.<\/li>\n<li><b>Tallas vers\u00e1tiles:<\/b> Disponible en una amplia gama de tallas de la UE: 39, 40, 41, 42, 43, 44, 45.<\/li>\n<li><b>Disponibilidad al por mayor:<\/b> Cantidad m\u00ednima de pedido de 8 pares, perfecto para compras al por mayor e inventario al por menor.<\/li>\n<li><b>Entrega eficaz:<\/b> Producci\u00f3n y env\u00edo en 12 d\u00edas, m\u00e1s el tiempo de env\u00edo est\u00e1ndar.<\/li>\n<\/ul>","protected":false},"featured_media":3729,"template":"","meta":{"_acf_changed":false,"_uag_custom_page_level_css":"","site-sidebar-layout":"default","site-content-layout":"","ast-site-content-layout":"default","site-content-style":"default","site-sidebar-style":"default","ast-global-header-display":"","ast-banner-title-visibility":"","ast-main-header-display":"","ast-hfb-above-header-display":"","ast-hfb-below-header-display":"","ast-hfb-mobile-header-display":"","site-post-title":"","ast-breadcrumbs-content":"","ast-featured-img":"","footer-sml-layout":"","ast-disable-related-posts":"","theme-transparent-header-meta":"","adv-header-id-meta":"","stick-header-meta":"","header-above-stick-meta":"","header-main-stick-meta":"","header-below-stick-meta":"","astra-migrate-meta-layouts":"default","ast-page-background-enabled":"default","ast-page-background-meta":{"desktop":{"background-color":"var(--ast-global-color-4)","background-image":"","background-repeat":"repeat","background-position":"center center","background-size":"auto","background-attachment":"scroll","background-type":"","background-media":"","overlay-type":"","overlay-color":"","overlay-opacity":"","overlay-gradient":""},"tablet":{"background-color":"","background-image":"","background-repeat":"repeat","background-position":"center center","background-size":"auto","background-attachment":"scroll","background-type":"","background-media":"","overlay-type":"","overlay-color":"","overlay-opacity":"","overlay-gradient":""},"mobile":{"background-color":"","background-image":"","background-repeat":"repeat","background-position":"center center","background-size":"auto","background-attachment":"scroll","background-type":"","background-media":"","overlay-type":"","overlay-color":"","overlay-opacity":"","overlay-gradient":""}},"ast-content-background-meta":{"desktop":{"background-color":"var(--ast-global-color-5)","background-image":"","background-repeat":"repeat","background-position":"center center","background-size":"auto","background-attachment":"scroll","background-type":"","background-media":"","overlay-type":"","overlay-color":"","overlay-opacity":"","overlay-gradient":""},"tablet":{"background-color":"var(--ast-global-color-5)","background-image":"","background-repeat":"repeat","background-position":"center center","background-size":"auto","background-attachment":"scroll","background-type":"","background-media":"","overlay-type":"","overlay-color":"","overlay-opacity":"","overlay-gradient":""},"mobile":{"background-color":"var(--ast-global-color-5)","background-image":"","background-repeat":"repeat","background-position":"center center","background-size":"auto","background-attachment":"scroll","background-type":"","background-media":"","overlay-type":"","overlay-color":"","overlay-opacity":"","overlay-gradient":""}}},"product_brand":[],"product_cat":[47,430,40],"product_tag":[654,292,582,512,457,438,437,351,198,186,210,349,281],"class_list":{"0":"post-5557","1":"product","2":"type-product","3":"status-publish","4":"has-post-thumbnail","6":"product_cat-classic","7":"product_cat-men","8":"product_cat-mens-shoes","9":"product_tag-brogue-shoes","10":"product_tag-brown-leather-shoes","11":"product_tag-calfskin","12":"product_tag-casual-loafers","13":"product_tag-classic-loafers","14":"product_tag-eva-sole","15":"product_tag-goat-leather","16":"product_tag-leather-footwear","17":"product_tag-mens-fashion","18":"product_tag-mens-loafers","19":"product_tag-smart-casual","20":"product_tag-tassel-loafers","21":"product_tag-wholesale-shoes","22":"desktop-align-center","23":"tablet-align-center","24":"mobile-align-center","26":"first","27":"instock","28":"shipping-taxable","29":"purchasable","30":"product-type-variable","31":"has-default-attributes"},"acf":[],"uagb_featured_image_src":{"full":["https:\/\/turkishtrade.co\/wp-content\/uploads\/2026\/01\/2400EJOMN00322-DARK-BROWN-DKS_601.png",453,250,false],"thumbnail":["https:\/\/turkishtrade.co\/wp-content\/uploads\/2026\/01\/2400EJOMN00322-DARK-BROWN-DKS_601-150x150.png",150,150,true],"medium":["https:\/\/turkishtrade.co\/wp-content\/uploads\/2026\/01\/2400EJOMN00322-DARK-BROWN-DKS_601-300x166.png",300,166,true],"medium_large":["https:\/\/turkishtrade.co\/wp-content\/uploads\/2026\/01\/2400EJOMN00322-DARK-BROWN-DKS_601.png",453,250,false],"large":["https:\/\/turkishtrade.co\/wp-content\/uploads\/2026\/01\/2400EJOMN00322-DARK-BROWN-DKS_601.png",453,250,false],"1536x1536":["https:\/\/turkishtrade.co\/wp-content\/uploads\/2026\/01\/2400EJOMN00322-DARK-BROWN-DKS_601.png",453,250,false],"2048x2048":["https:\/\/turkishtrade.co\/wp-content\/uploads\/2026\/01\/2400EJOMN00322-DARK-BROWN-DKS_601.png",453,250,false],"trp-custom-language-flag":["https:\/\/turkishtrade.co\/wp-content\/uploads\/2026\/01\/2400EJOMN00322-DARK-BROWN-DKS_601-18x10.png",18,10,true],"woocommerce_thumbnail":["https:\/\/turkishtrade.co\/wp-content\/uploads\/2026\/01\/2400EJOMN00322-DARK-BROWN-DKS_601-400x250.png",400,250,true],"woocommerce_single":["https:\/\/turkishtrade.co\/wp-content\/uploads\/2026\/01\/2400EJOMN00322-DARK-BROWN-DKS_601.png",453,250,false],"woocommerce_gallery_thumbnail":["https:\/\/turkishtrade.co\/wp-content\/uploads\/2026\/01\/2400EJOMN00322-DARK-BROWN-DKS_601-100x100.png",100,100,true]},"uagb_author_info":{"display_name":"yaser olabi","author_link":"https:\/\/turkishtrade.co\/es\/author\/"},"uagb_comment_info":0,"uagb_excerpt":"Premium Materials: Expertly crafted with a genuine calfskin leather exterior and a luxurious goat leather interior. Superior Comfort: Equipped with a lightweight and highly durable EVA sole, ensuring all-day comfort and excellent grip. Distinctive Design: Features a classic loafer silhouette enhanced with sophisticated tassel accents and elegant brogue detailing. Versatile Sizing: Available in a comprehensive&hellip;","_links":{"self":[{"href":"https:\/\/turkishtrade.co\/es\/wp-json\/wp\/v2\/product\/5557","targetHints":{"allow":["GET"]}}],"collection":[{"href":"https:\/\/turkishtrade.co\/es\/wp-json\/wp\/v2\/product"}],"about":[{"href":"https:\/\/turkishtrade.co\/es\/wp-json\/wp\/v2\/types\/product"}],"wp:featuredmedia":[{"embeddable":true,"href":"https:\/\/turkishtrade.co\/es\/wp-json\/wp\/v2\/media\/3729"}],"wp:attachment":[{"href":"https:\/\/turkishtrade.co\/es\/wp-json\/wp\/v2\/media?parent=5557"}],"wp:term":[{"taxonomy":"product_brand","embeddable":true,"href":"https:\/\/turkishtrade.co\/es\/wp-json\/wp\/v2\/product_brand?post=5557"},{"taxonomy":"product_cat","embeddable":true,"href":"https:\/\/turkishtrade.co\/es\/wp-json\/wp\/v2\/product_cat?post=5557"},{"taxonomy":"product_tag","embeddable":true,"href":"https:\/\/turkishtrade.co\/es\/wp-json\/wp\/v2\/product_tag?post=5557"}],"curies":[{"name":"wp","href":"https:\/\/api.w.org\/{rel}","templated":true}]}}