{"id":5550,"date":"2026-01-14T12:13:57","date_gmt":"2026-01-14T12:13:57","guid":{"rendered":"https:\/\/turkishtrade.co\/product\/mens-navy-leather-derby-shoes-2\/"},"modified":"2026-04-09T19:31:03","modified_gmt":"2026-04-09T19:31:03","slug":"mens-navy-leather-derby-shoes-2","status":"publish","type":"product","link":"https:\/\/turkishtrade.co\/es\/shop\/mens-navy-leather-derby-shoes-2\/","title":{"rendered":"Zapatos Derby de hombre en piel de becerro azul marino con suela de EVA"},"content":{"rendered":"<p><strong>Zapatos Derby de piel azul marino para hombre<\/strong><\/p>\n<p>Descubra el ep\u00edtome del estilo sofisticado y el confort sin igual con nuestro exquisito <strong>Zapatos Derby de piel azul marino para hombre<\/strong>. Meticulosamente elaborados para el caballero moderno, estos zapatos combinan un dise\u00f1o cl\u00e1sico con caracter\u00edsticas contempor\u00e1neas, convirti\u00e9ndolos en un complemento indispensable para cualquier armario exigente. Estos zapatos Derby azul marino ofrecen el equilibrio perfecto entre elegancia y funcionalidad, ya sea para un evento informal de negocios, una salida de fin de semana o una ocasi\u00f3n especial.<\/p>\n<p><h3>Artesan\u00eda inigualable y materiales de primera calidad<\/h3>\n<\/p>\n<p>Cada par de nuestros <strong>Zapatos Derby de piel azul marino para hombre<\/strong> es un testimonio de artesan\u00eda superior. El exterior est\u00e1 confeccionado en piel de becerro de alta calidad, conocida por su textura flexible, su excepcional durabilidad y su lujoso brillo. Esta piel de primera calidad no s\u00f3lo garantiza una est\u00e9tica refinada, sino que tambi\u00e9n promete longevidad, adapt\u00e1ndose perfectamente al pie con el paso del tiempo.<\/p>\n<p>Como complemento al robusto exterior, el interior est\u00e1 suntuosamente forrado con suave piel de cabra, proporcionando un entorno incre\u00edblemente c\u00f3modo y transpirable para tus pies. Esta cuidada combinaci\u00f3n de materiales garantiza una experiencia superior desde el primer momento.<\/p>\n<p><h3>Comodidad y estilo a cada paso<\/h3>\n<\/p>\n<p>Dise\u00f1adas para ofrecer comodidad durante todo el d\u00eda, estas <strong>Zapatos Derby de piel azul marino para hombre<\/strong> cuentan con una suela de EVA ligera y flexible. La tecnolog\u00eda de la suela EVA absorbe los impactos, reduce la fatiga y ofrece un agarre excelente, garantizando unas zancadas estables y c\u00f3modas durante todo el d\u00eda. La cl\u00e1sica silueta Derby con cordones, caracterizada por su sistema de cordones abiertos, proporciona un look vers\u00e1til que puede pasar sin problemas de unos pantalones formales a unos elegantes chinos o vaqueros informales.<\/p>\n<p>El intenso tono azul marino a\u00f1ade un toque contempor\u00e1neo a un dise\u00f1o atemporal, convirti\u00e9ndolas en el accesorio ideal para su hogar. <strong>Zapatos Derby de piel azul marino para hombre<\/strong> para quienes aprecian la elegancia discreta.<\/p>\n<p><h3>Ideal para minoristas y pedidos al por mayor<\/h3>\n<\/p>\n<p>Para los minoristas y las empresas que desean ofrecer calzado de alta calidad, nuestros <strong>Zapatos Derby de piel azul marino para hombre<\/strong> est\u00e1n disponibles para la compra al por mayor. Mantenemos una cantidad m\u00ednima de pedido de 8 pares, atendiendo a sus necesidades de inventario con eficiencia. Nos dedicamos a proporcionar productos excepcionales que satisfagan las demandas del mercado, y estos vers\u00e1tiles zapatos Derby de cuero azul marino seguro que ser\u00e1n una opci\u00f3n popular entre su clientela.<\/p>\n<p>Con un plazo de entrega estimado de 12 d\u00edas m\u00e1s gastos de env\u00edo, puede planificar sus existencias con confianza. Eleve su colecci\u00f3n de calzado e impresione a sus clientes con estos elegantes y c\u00f3modos <strong>Zapatos Derby de piel azul marino para hombre<\/strong>.<\/p>","protected":false},"excerpt":{"rendered":"<ul>\n<li>Exterior de piel de becerro de primera calidad para un aspecto sofisticado.<\/li>\n<li>Forro interior de suave piel de cabra para mayor comodidad y transpirabilidad.<\/li>\n<li>Suela de EVA ligera y flexible para llevarlas todo el d\u00eda y ofrecer una excelente amortiguaci\u00f3n.<\/li>\n<li>Cl\u00e1sico dise\u00f1o Derby con cordones en un vers\u00e1til tono azul marino.<\/li>\n<li>Disponible en una amplia gama de tallas: 39, 40, 41, 42, 43, 44, 45.<\/li>\n<li>Cantidad m\u00ednima de pedido: 8 pares, ideal para socios mayoristas y minoristas.<\/li>\n<li>Plazo de entrega estimado: 12 d\u00edas m\u00e1s gastos de env\u00edo.<\/li>\n<\/ul>","protected":false},"featured_media":3725,"template":"","meta":{"_acf_changed":false,"_uag_custom_page_level_css":"","site-sidebar-layout":"default","site-content-layout":"","ast-site-content-layout":"default","site-content-style":"default","site-sidebar-style":"default","ast-global-header-display":"","ast-banner-title-visibility":"","ast-main-header-display":"","ast-hfb-above-header-display":"","ast-hfb-below-header-display":"","ast-hfb-mobile-header-display":"","site-post-title":"","ast-breadcrumbs-content":"","ast-featured-img":"","footer-sml-layout":"","ast-disable-related-posts":"","theme-transparent-header-meta":"","adv-header-id-meta":"","stick-header-meta":"","header-above-stick-meta":"","header-main-stick-meta":"","header-below-stick-meta":"","astra-migrate-meta-layouts":"default","ast-page-background-enabled":"default","ast-page-background-meta":{"desktop":{"background-color":"var(--ast-global-color-4)","background-image":"","background-repeat":"repeat","background-position":"center center","background-size":"auto","background-attachment":"scroll","background-type":"","background-media":"","overlay-type":"","overlay-color":"","overlay-opacity":"","overlay-gradient":""},"tablet":{"background-color":"","background-image":"","background-repeat":"repeat","background-position":"center center","background-size":"auto","background-attachment":"scroll","background-type":"","background-media":"","overlay-type":"","overlay-color":"","overlay-opacity":"","overlay-gradient":""},"mobile":{"background-color":"","background-image":"","background-repeat":"repeat","background-position":"center center","background-size":"auto","background-attachment":"scroll","background-type":"","background-media":"","overlay-type":"","overlay-color":"","overlay-opacity":"","overlay-gradient":""}},"ast-content-background-meta":{"desktop":{"background-color":"var(--ast-global-color-5)","background-image":"","background-repeat":"repeat","background-position":"center center","background-size":"auto","background-attachment":"scroll","background-type":"","background-media":"","overlay-type":"","overlay-color":"","overlay-opacity":"","overlay-gradient":""},"tablet":{"background-color":"var(--ast-global-color-5)","background-image":"","background-repeat":"repeat","background-position":"center center","background-size":"auto","background-attachment":"scroll","background-type":"","background-media":"","overlay-type":"","overlay-color":"","overlay-opacity":"","overlay-gradient":""},"mobile":{"background-color":"var(--ast-global-color-5)","background-image":"","background-repeat":"repeat","background-position":"center center","background-size":"auto","background-attachment":"scroll","background-type":"","background-media":"","overlay-type":"","overlay-color":"","overlay-opacity":"","overlay-gradient":""}}},"product_brand":[],"product_cat":[47,430,40],"product_tag":[629,513,566,213,809,290,438,959,189,958,310,198,397,281],"class_list":{"0":"post-5550","1":"product","2":"type-product","3":"status-publish","4":"has-post-thumbnail","6":"product_cat-classic","7":"product_cat-men","8":"product_cat-mens-shoes","9":"product_tag-bulk-order-shoes","10":"product_tag-business-casual-shoes","11":"product_tag-calfskin-shoes","12":"product_tag-casual-dress-shoes","13":"product_tag-classic-mens-footwear","14":"product_tag-comfortable-mens-shoes","15":"product_tag-eva-sole","16":"product_tag-formal-casual-shoes","17":"product_tag-goat-leather-lining","18":"product_tag-leather-lace-up-shoes","19":"product_tag-mens-derby-shoes","20":"product_tag-mens-fashion","21":"product_tag-navy-leather-shoes","22":"product_tag-wholesale-shoes","23":"desktop-align-center","24":"tablet-align-center","25":"mobile-align-center","27":"first","28":"instock","29":"shipping-taxable","30":"purchasable","31":"product-type-variable","32":"has-default-attributes"},"acf":[],"uagb_featured_image_src":{"full":["https:\/\/turkishtrade.co\/wp-content\/uploads\/2026\/01\/2400EJOMN00318-BLACK-C_872-4-USD.png",453,250,false],"thumbnail":["https:\/\/turkishtrade.co\/wp-content\/uploads\/2026\/01\/2400EJOMN00318-BLACK-C_872-4-USD-150x150.png",150,150,true],"medium":["https:\/\/turkishtrade.co\/wp-content\/uploads\/2026\/01\/2400EJOMN00318-BLACK-C_872-4-USD-300x166.png",300,166,true],"medium_large":["https:\/\/turkishtrade.co\/wp-content\/uploads\/2026\/01\/2400EJOMN00318-BLACK-C_872-4-USD.png",453,250,false],"large":["https:\/\/turkishtrade.co\/wp-content\/uploads\/2026\/01\/2400EJOMN00318-BLACK-C_872-4-USD.png",453,250,false],"1536x1536":["https:\/\/turkishtrade.co\/wp-content\/uploads\/2026\/01\/2400EJOMN00318-BLACK-C_872-4-USD.png",453,250,false],"2048x2048":["https:\/\/turkishtrade.co\/wp-content\/uploads\/2026\/01\/2400EJOMN00318-BLACK-C_872-4-USD.png",453,250,false],"trp-custom-language-flag":["https:\/\/turkishtrade.co\/wp-content\/uploads\/2026\/01\/2400EJOMN00318-BLACK-C_872-4-USD-18x10.png",18,10,true],"woocommerce_thumbnail":["https:\/\/turkishtrade.co\/wp-content\/uploads\/2026\/01\/2400EJOMN00318-BLACK-C_872-4-USD-400x250.png",400,250,true],"woocommerce_single":["https:\/\/turkishtrade.co\/wp-content\/uploads\/2026\/01\/2400EJOMN00318-BLACK-C_872-4-USD.png",453,250,false],"woocommerce_gallery_thumbnail":["https:\/\/turkishtrade.co\/wp-content\/uploads\/2026\/01\/2400EJOMN00318-BLACK-C_872-4-USD-100x100.png",100,100,true]},"uagb_author_info":{"display_name":"yaser olabi","author_link":"https:\/\/turkishtrade.co\/es\/author\/"},"uagb_comment_info":0,"uagb_excerpt":"Premium calfskin leather exterior for a sophisticated look. Soft goat leather interior lining for superior comfort and breathability. Lightweight and flexible EVA sole for all-day wear and excellent cushioning. Classic lace-up Derby design in a versatile navy blue hue. Available in a comprehensive range of sizes: 39, 40, 41, 42, 43, 44, 45. Minimum order&hellip;","_links":{"self":[{"href":"https:\/\/turkishtrade.co\/es\/wp-json\/wp\/v2\/product\/5550","targetHints":{"allow":["GET"]}}],"collection":[{"href":"https:\/\/turkishtrade.co\/es\/wp-json\/wp\/v2\/product"}],"about":[{"href":"https:\/\/turkishtrade.co\/es\/wp-json\/wp\/v2\/types\/product"}],"wp:featuredmedia":[{"embeddable":true,"href":"https:\/\/turkishtrade.co\/es\/wp-json\/wp\/v2\/media\/3725"}],"wp:attachment":[{"href":"https:\/\/turkishtrade.co\/es\/wp-json\/wp\/v2\/media?parent=5550"}],"wp:term":[{"taxonomy":"product_brand","embeddable":true,"href":"https:\/\/turkishtrade.co\/es\/wp-json\/wp\/v2\/product_brand?post=5550"},{"taxonomy":"product_cat","embeddable":true,"href":"https:\/\/turkishtrade.co\/es\/wp-json\/wp\/v2\/product_cat?post=5550"},{"taxonomy":"product_tag","embeddable":true,"href":"https:\/\/turkishtrade.co\/es\/wp-json\/wp\/v2\/product_tag?post=5550"}],"curies":[{"name":"wp","href":"https:\/\/api.w.org\/{rel}","templated":true}]}}