{"id":5544,"date":"2026-01-14T12:13:05","date_gmt":"2026-01-14T12:13:05","guid":{"rendered":"https:\/\/turkishtrade.co\/product\/men-blue-leather-loafer\/"},"modified":"2026-04-09T19:31:13","modified_gmt":"2026-04-09T19:31:13","slug":"mens-blue-leather-loafer","status":"publish","type":"product","link":"https:\/\/turkishtrade.co\/es\/shop\/mens-blue-leather-loafer\/","title":{"rendered":"Mocas\u00edn cl\u00e1sico de hombre en piel de becerro azul"},"content":{"rendered":"<p><strong>Mocas\u00edn de piel azul para hombre<\/strong><\/p>\n<p>Eleve su colecci\u00f3n de calzado con nuestros exquisitos <b>Mocas\u00edn cl\u00e1sico de hombre en piel de becerro azul<\/b>. Dise\u00f1ado para el caballero exigente, este mocas\u00edn combina a la perfecci\u00f3n el estilo atemporal con la comodidad moderna. Cada detalle de este <b>mocas\u00edn de cuero azul para hombre<\/b> est\u00e1 meticulosamente elaborado para garantizar una experiencia de uso superior y un aspecto sofisticado.<\/p>\n<p><h3>Confort y calidad incomparables<\/h3>\n<\/p>\n<p>Experimente la diferencia de los materiales genuinos. El exterior de este extraordinario zapato est\u00e1 hecho de piel de becerro de alta calidad, conocida por su textura suave, su tacto lujoso y su impresionante durabilidad. Esto garantiza <b>mocas\u00edn de cuero azul para hombre<\/b> no s\u00f3lo tendr\u00e1 un aspecto deslumbrante, sino que tambi\u00e9n resistir\u00e1 el paso del tiempo.<\/p>\n<p>En el interior, tus pies se acunar\u00e1n en el suave abrazo del forro de piel de cabra, que ofrece una transpirabilidad excepcional y un ajuste suave y c\u00f3modo que se amolda a tu pie con cada uso. La ligera suela de EVA proporciona una excelente amortiguaci\u00f3n y sujeci\u00f3n, haciendo que estos mocasines cl\u00e1sicos sean perfectos para un uso prolongado, tanto si te mueves por las calles de la ciudad como si disfrutas de un relajado fin de semana.<\/p>\n<p><h3>Estilo atemporal para cualquier ocasi\u00f3n<\/h3>\n<\/p>\n<p>El dise\u00f1o cl\u00e1sico de este <b>mocas\u00edn de cuero azul para hombre<\/b> lo convierte en un complemento incre\u00edblemente vers\u00e1til para cualquier armario. Su elegante tono azul a\u00f1ade un toque de sofisticaci\u00f3n \u00fanico sin comprometer su atractivo tradicional. Con un c\u00f3modo tac\u00f3n de 1 a 3 cm, es ideal para diversos entornos, desde ambientes de oficina elegantes e informales hasta salidas de fin de semana y eventos nocturnos.<\/p>\n<p>Comb\u00ednalos con unos pantalones chinos para un look informal elegante o con unos pantalones de sastrer\u00eda para un conjunto m\u00e1s refinado. No es solo un zapato; es una declaraci\u00f3n de estilo y una inversi\u00f3n en calidad duradera.<\/p>\n<p><h3>Artesan\u00eda y comodidad<\/h3>\n<\/p>\n<p>Cada par de estos <b>mocas\u00edn de cuero azul para hombre<\/b> refleja una artesan\u00eda y una atenci\u00f3n al detalle superiores, prometiendo un producto que no s\u00f3lo tiene un aspecto estupendo, sino que adem\u00e1s sienta de maravilla. Ofrecemos este calzado de primera calidad en tallas que van de la 39 a la 45, garantizando que cada cliente pueda encontrar su talla ideal. Para minoristas y empresas, estos excepcionales mocasines est\u00e1n disponibles para su compra al por mayor con un pedido m\u00ednimo de 8 pares.<\/p>\n<p>Con un eficaz plazo de entrega de 12 d\u00edas m\u00e1s gastos de env\u00edo, podr\u00e1 abastecerse r\u00e1pidamente de este codiciado <b>mocas\u00edn de cuero azul para hombre<\/b> y ofrezca a sus clientes un producto que adorar\u00e1n.<\/p>\n<p>Invierta en comodidad, calidad y estilo innegable con nuestros mocasines de piel de becerro azul.<\/p>","protected":false},"excerpt":{"rendered":"<ul>\n<li><b>Materiales de primera calidad:<\/b> Fabricado con un lujoso exterior de piel de becerro y un interior de piel de cabra flexible para ofrecer el m\u00e1ximo confort y durabilidad.<\/li>\n<li><b>Ligero y c\u00f3modo:<\/b> Incorpora una suela de EVA y un tac\u00f3n cl\u00e1sico de 1-3 cm de altura, que ofrece una comodidad excepcional para llevarlas todo el d\u00eda.<\/li>\n<li><b>Dise\u00f1o cl\u00e1sico:<\/b> Un mocas\u00edn atemporal en un elegante tono azul, perfecto tanto para ocasiones informales como elegantes.<\/li>\n<li><b>Tallas disponibles:<\/b> Se ofrece en una amplia gama del 39 al 45 para garantizar un ajuste perfecto.<\/li>\n<li><b>Disponibilidad a granel:<\/b> Pedido m\u00ednimo de 8 pares, con un plazo de entrega estimado de 12 d\u00edas m\u00e1s gastos de env\u00edo.<\/li>\n<\/ul>","protected":false},"featured_media":3722,"template":"","meta":{"_acf_changed":false,"_uag_custom_page_level_css":"","site-sidebar-layout":"default","site-content-layout":"","ast-site-content-layout":"default","site-content-style":"default","site-sidebar-style":"default","ast-global-header-display":"","ast-banner-title-visibility":"","ast-main-header-display":"","ast-hfb-above-header-display":"","ast-hfb-below-header-display":"","ast-hfb-mobile-header-display":"","site-post-title":"","ast-breadcrumbs-content":"","ast-featured-img":"","footer-sml-layout":"","ast-disable-related-posts":"","theme-transparent-header-meta":"","adv-header-id-meta":"","stick-header-meta":"","header-above-stick-meta":"","header-main-stick-meta":"","header-below-stick-meta":"","astra-migrate-meta-layouts":"default","ast-page-background-enabled":"default","ast-page-background-meta":{"desktop":{"background-color":"var(--ast-global-color-4)","background-image":"","background-repeat":"repeat","background-position":"center center","background-size":"auto","background-attachment":"scroll","background-type":"","background-media":"","overlay-type":"","overlay-color":"","overlay-opacity":"","overlay-gradient":""},"tablet":{"background-color":"","background-image":"","background-repeat":"repeat","background-position":"center center","background-size":"auto","background-attachment":"scroll","background-type":"","background-media":"","overlay-type":"","overlay-color":"","overlay-opacity":"","overlay-gradient":""},"mobile":{"background-color":"","background-image":"","background-repeat":"repeat","background-position":"center center","background-size":"auto","background-attachment":"scroll","background-type":"","background-media":"","overlay-type":"","overlay-color":"","overlay-opacity":"","overlay-gradient":""}},"ast-content-background-meta":{"desktop":{"background-color":"var(--ast-global-color-5)","background-image":"","background-repeat":"repeat","background-position":"center center","background-size":"auto","background-attachment":"scroll","background-type":"","background-media":"","overlay-type":"","overlay-color":"","overlay-opacity":"","overlay-gradient":""},"tablet":{"background-color":"var(--ast-global-color-5)","background-image":"","background-repeat":"repeat","background-position":"center center","background-size":"auto","background-attachment":"scroll","background-type":"","background-media":"","overlay-type":"","overlay-color":"","overlay-opacity":"","overlay-gradient":""},"mobile":{"background-color":"var(--ast-global-color-5)","background-image":"","background-repeat":"repeat","background-position":"center center","background-size":"auto","background-attachment":"scroll","background-type":"","background-media":"","overlay-type":"","overlay-color":"","overlay-opacity":"","overlay-gradient":""}}},"product_brand":[],"product_cat":[47,430,40],"product_tag":[635,957,566,512,145,220,438,556,215,843,186,374,955,184],"class_list":{"0":"post-5544","1":"product","2":"type-product","3":"status-publish","4":"has-post-thumbnail","6":"product_cat-classic","7":"product_cat-men","8":"product_cat-mens-shoes","9":"product_tag-blue-loafers","10":"product_tag-blue-slip-ons","11":"product_tag-calfskin-shoes","12":"product_tag-casual-loafers","13":"product_tag-classic-shoes","14":"product_tag-comfortable-loafers","15":"product_tag-eva-sole","16":"product_tag-goatskin-lining","17":"product_tag-leather-loafers","18":"product_tag-mens-classic-shoes","19":"product_tag-mens-loafers","20":"product_tag-premium-loafers","21":"product_tag-quality-loafers","22":"product_tag-slip-on-shoes","23":"desktop-align-center","24":"tablet-align-center","25":"mobile-align-center","27":"first","28":"instock","29":"shipping-taxable","30":"purchasable","31":"product-type-variable","32":"has-default-attributes"},"acf":[],"uagb_featured_image_src":{"full":["https:\/\/turkishtrade.co\/wp-content\/uploads\/2026\/01\/2400EJOMN00315-DARK-BLUE-Z_303.png",453,250,false],"thumbnail":["https:\/\/turkishtrade.co\/wp-content\/uploads\/2026\/01\/2400EJOMN00315-DARK-BLUE-Z_303-150x150.png",150,150,true],"medium":["https:\/\/turkishtrade.co\/wp-content\/uploads\/2026\/01\/2400EJOMN00315-DARK-BLUE-Z_303-300x166.png",300,166,true],"medium_large":["https:\/\/turkishtrade.co\/wp-content\/uploads\/2026\/01\/2400EJOMN00315-DARK-BLUE-Z_303.png",453,250,false],"large":["https:\/\/turkishtrade.co\/wp-content\/uploads\/2026\/01\/2400EJOMN00315-DARK-BLUE-Z_303.png",453,250,false],"1536x1536":["https:\/\/turkishtrade.co\/wp-content\/uploads\/2026\/01\/2400EJOMN00315-DARK-BLUE-Z_303.png",453,250,false],"2048x2048":["https:\/\/turkishtrade.co\/wp-content\/uploads\/2026\/01\/2400EJOMN00315-DARK-BLUE-Z_303.png",453,250,false],"trp-custom-language-flag":["https:\/\/turkishtrade.co\/wp-content\/uploads\/2026\/01\/2400EJOMN00315-DARK-BLUE-Z_303-18x10.png",18,10,true],"woocommerce_thumbnail":["https:\/\/turkishtrade.co\/wp-content\/uploads\/2026\/01\/2400EJOMN00315-DARK-BLUE-Z_303-400x250.png",400,250,true],"woocommerce_single":["https:\/\/turkishtrade.co\/wp-content\/uploads\/2026\/01\/2400EJOMN00315-DARK-BLUE-Z_303.png",453,250,false],"woocommerce_gallery_thumbnail":["https:\/\/turkishtrade.co\/wp-content\/uploads\/2026\/01\/2400EJOMN00315-DARK-BLUE-Z_303-100x100.png",100,100,true]},"uagb_author_info":{"display_name":"yaser olabi","author_link":"https:\/\/turkishtrade.co\/es\/author\/"},"uagb_comment_info":0,"uagb_excerpt":"Premium Materials: Crafted with a luxurious calfskin leather exterior and supple goatskin leather interior for ultimate comfort and durability. Lightweight &amp; Comfortable: Features an EVA sole and a classic 1-3 cm heel height, offering exceptional comfort for all-day wear. Classic Design: A timeless loafer style in an elegant blue hue, perfect for both casual and&hellip;","_links":{"self":[{"href":"https:\/\/turkishtrade.co\/es\/wp-json\/wp\/v2\/product\/5544","targetHints":{"allow":["GET"]}}],"collection":[{"href":"https:\/\/turkishtrade.co\/es\/wp-json\/wp\/v2\/product"}],"about":[{"href":"https:\/\/turkishtrade.co\/es\/wp-json\/wp\/v2\/types\/product"}],"wp:featuredmedia":[{"embeddable":true,"href":"https:\/\/turkishtrade.co\/es\/wp-json\/wp\/v2\/media\/3722"}],"wp:attachment":[{"href":"https:\/\/turkishtrade.co\/es\/wp-json\/wp\/v2\/media?parent=5544"}],"wp:term":[{"taxonomy":"product_brand","embeddable":true,"href":"https:\/\/turkishtrade.co\/es\/wp-json\/wp\/v2\/product_brand?post=5544"},{"taxonomy":"product_cat","embeddable":true,"href":"https:\/\/turkishtrade.co\/es\/wp-json\/wp\/v2\/product_cat?post=5544"},{"taxonomy":"product_tag","embeddable":true,"href":"https:\/\/turkishtrade.co\/es\/wp-json\/wp\/v2\/product_tag?post=5544"}],"curies":[{"name":"wp","href":"https:\/\/api.w.org\/{rel}","templated":true}]}}