{"id":5540,"date":"2026-01-14T12:12:34","date_gmt":"2026-01-14T12:12:34","guid":{"rendered":"https:\/\/turkishtrade.co\/product\/mens-blue-leather-loafers-4\/"},"modified":"2026-04-09T19:31:19","modified_gmt":"2026-04-09T19:31:19","slug":"mens-blue-leather-loafers-4","status":"publish","type":"product","link":"https:\/\/turkishtrade.co\/es\/shop\/mens-blue-leather-loafers-4\/","title":{"rendered":"Mocasines de piel azul de primera calidad para hombre con suela de EVA"},"content":{"rendered":"<p><strong>Mocasines de piel azul para hombre<\/strong><\/p>\n<p>Sum\u00e9rjase en un confort incomparable y un estilo sofisticado con nuestro exquisito <strong>Mocasines de piel azul para hombre<\/strong>. Dise\u00f1ados para el hombre moderno que valora tanto la elegancia como la practicidad, estos mocasines son un testimonio de artesan\u00eda superior y materiales de primera calidad. Cada par est\u00e1 meticulosamente fabricado para garantizar una combinaci\u00f3n perfecta de durabilidad, comodidad y una est\u00e9tica pulida, lo que los convierte en un complemento indispensable para cualquier armario.<\/p>\n<p><h3>Calidad y artesan\u00eda inigualables<\/h3>\n<\/p>\n<p>La elecci\u00f3n m\u00e1s exigente para el calzado, estas <strong>Mocasines de piel azul para hombre<\/strong> cuentan con una superficie exterior fabricada en lujosa piel de ternero, conocida por su textura flexible, su brillo natural y su notable resistencia. Esta piel de alta calidad no s\u00f3lo proporciona un aspecto elegante, sino que tambi\u00e9n garantiza un uso duradero. Como complemento al robusto exterior, el interior est\u00e1 forrado de suave piel de cabra transpirable, que ofrece una experiencia incre\u00edblemente c\u00f3moda desde el primer uso.<\/p>\n<p>Esta combinaci\u00f3n de pieles de primera calidad proporciona una transpirabilidad \u00f3ptima y un tacto suave en contacto con el pie, haciendo que estos <strong>Mocasines de piel azul para hombre<\/strong> un placer para llevar durante todo el d\u00eda.<\/p>\n<p><h3>Dise\u00f1ado para la comodidad y el estilo cotidianos<\/h3>\n<\/p>\n<p>Experimente la diferencia de una suela de EVA, que constituye la base ligera y flexible de estos excepcionales mocasines. La suela de EVA ofrece una amortiguaci\u00f3n y absorci\u00f3n de impactos superiores, reduciendo significativamente la fatiga del pie, tanto si se desplaza por las calles de la ciudad como si pasa el d\u00eda en la oficina. Con una altura de tac\u00f3n cl\u00e1sica que oscila entre 1 y 3 cm, estos mocasines mantienen un perfil atemporal adecuado tanto para salidas informales como para ocasiones m\u00e1s semiformales.<\/p>\n<p>El tono azul intenso de estas <strong>Mocasines de piel azul para hombre<\/strong> a\u00f1ade un toque de encanto distintivo que permite combinarlo con una amplia gama de atuendos, desde pantalones de sastrer\u00eda hasta elegantes chinos.<\/p>\n<p><h3>Ajuste perfecto para todo caballero<\/h3>\n<\/p>\n<p>Entendemos la importancia de un ajuste perfecto, por lo que nuestros <strong>Mocasines de piel azul para hombre<\/strong> est\u00e1n disponibles en una amplia gama de tallas de la UE, de la 39 a la 45. Este amplio tallaje asegura que cada caballero pueda encontrar su talla ideal, garantizando el m\u00e1ximo confort y apoyo. Tanto si quiere renovar su colecci\u00f3n personal de zapatos como si quiere hacer acopio de ellos para su negocio, estos mocasines son una elecci\u00f3n muy popular.<\/p>\n<p>Para las empresas, ofrecemos c\u00f3modas compras al por mayor con un pedido m\u00ednimo de s\u00f3lo 8 pares, entregados eficazmente en 12 d\u00edas m\u00e1s gastos de env\u00edo. Eleve su colecci\u00f3n de calzado con estos excepcionales <strong>Mocasines de piel azul para hombre<\/strong>, que encarnan la sofisticaci\u00f3n y el confort supremo.<\/p>","protected":false},"excerpt":{"rendered":"<ul>\n<li><b>Material exquisito:<\/b> Exterior confeccionado en piel de ternero de primera calidad, interior forrado en suave piel de cabra para el m\u00e1ximo confort.<\/li>\n<li><b>Suela confortable:<\/b> Suela de EVA ligera y flexible que proporciona amortiguaci\u00f3n durante todo el d\u00eda.<\/li>\n<li><b>Altura del tac\u00f3n cl\u00e1sica:<\/b> Sutil tac\u00f3n de 1-3 cm para una zancada c\u00f3moda y atemporal.<\/li>\n<li><b>Tallas vers\u00e1tiles:<\/b> Disponible en una amplia gama que va desde la talla 39 a la 45 de la UE.<\/li>\n<li><b>Disponibilidad a granel:<\/b> Pedido m\u00ednimo de 8 pares, ideal para minoristas y grandes pedidos.<\/li>\n<\/ul>","protected":false},"featured_media":3720,"template":"","meta":{"_acf_changed":false,"_uag_custom_page_level_css":"","site-sidebar-layout":"default","site-content-layout":"","ast-site-content-layout":"default","site-content-style":"default","site-sidebar-style":"default","ast-global-header-display":"","ast-banner-title-visibility":"","ast-main-header-display":"","ast-hfb-above-header-display":"","ast-hfb-below-header-display":"","ast-hfb-mobile-header-display":"","site-post-title":"","ast-breadcrumbs-content":"","ast-featured-img":"","footer-sml-layout":"","ast-disable-related-posts":"","theme-transparent-header-meta":"","adv-header-id-meta":"","stick-header-meta":"","header-above-stick-meta":"","header-main-stick-meta":"","header-below-stick-meta":"","astra-migrate-meta-layouts":"default","ast-page-background-enabled":"default","ast-page-background-meta":{"desktop":{"background-color":"var(--ast-global-color-4)","background-image":"","background-repeat":"repeat","background-position":"center center","background-size":"auto","background-attachment":"scroll","background-type":"","background-media":"","overlay-type":"","overlay-color":"","overlay-opacity":"","overlay-gradient":""},"tablet":{"background-color":"","background-image":"","background-repeat":"repeat","background-position":"center center","background-size":"auto","background-attachment":"scroll","background-type":"","background-media":"","overlay-type":"","overlay-color":"","overlay-opacity":"","overlay-gradient":""},"mobile":{"background-color":"","background-image":"","background-repeat":"repeat","background-position":"center center","background-size":"auto","background-attachment":"scroll","background-type":"","background-media":"","overlay-type":"","overlay-color":"","overlay-opacity":"","overlay-gradient":""}},"ast-content-background-meta":{"desktop":{"background-color":"var(--ast-global-color-5)","background-image":"","background-repeat":"repeat","background-position":"center center","background-size":"auto","background-attachment":"scroll","background-type":"","background-media":"","overlay-type":"","overlay-color":"","overlay-opacity":"","overlay-gradient":""},"tablet":{"background-color":"var(--ast-global-color-5)","background-image":"","background-repeat":"repeat","background-position":"center center","background-size":"auto","background-attachment":"scroll","background-type":"","background-media":"","overlay-type":"","overlay-color":"","overlay-opacity":"","overlay-gradient":""},"mobile":{"background-color":"var(--ast-global-color-5)","background-image":"","background-repeat":"repeat","background-position":"center center","background-size":"auto","background-attachment":"scroll","background-type":"","background-media":"","overlay-type":"","overlay-color":"","overlay-opacity":"","overlay-gradient":""}}},"product_brand":[],"product_cat":[47,430,40],"product_tag":[635,200,202,512,457,220,287,437,215,416,186,184],"class_list":{"0":"post-5540","1":"product","2":"type-product","3":"status-publish","4":"has-post-thumbnail","6":"product_cat-classic","7":"product_cat-men","8":"product_cat-mens-shoes","9":"product_tag-blue-loafers","10":"product_tag-business-casual","11":"product_tag-calf-leather","12":"product_tag-casual-loafers","13":"product_tag-classic-loafers","14":"product_tag-comfortable-loafers","15":"product_tag-eva-sole-shoes","16":"product_tag-goat-leather","17":"product_tag-leather-loafers","18":"product_tag-luxury-shoes","19":"product_tag-mens-loafers","20":"product_tag-slip-on-shoes","21":"desktop-align-center","22":"tablet-align-center","23":"mobile-align-center","25":"first","26":"instock","27":"shipping-taxable","28":"purchasable","29":"product-type-variable","30":"has-default-attributes"},"acf":[],"uagb_featured_image_src":{"full":["https:\/\/turkishtrade.co\/wp-content\/uploads\/2026\/01\/2400EJOMN00313-DARK-BLUE-DKS_74-1-usd.png",453,250,false],"thumbnail":["https:\/\/turkishtrade.co\/wp-content\/uploads\/2026\/01\/2400EJOMN00313-DARK-BLUE-DKS_74-1-usd-150x150.png",150,150,true],"medium":["https:\/\/turkishtrade.co\/wp-content\/uploads\/2026\/01\/2400EJOMN00313-DARK-BLUE-DKS_74-1-usd-300x166.png",300,166,true],"medium_large":["https:\/\/turkishtrade.co\/wp-content\/uploads\/2026\/01\/2400EJOMN00313-DARK-BLUE-DKS_74-1-usd.png",453,250,false],"large":["https:\/\/turkishtrade.co\/wp-content\/uploads\/2026\/01\/2400EJOMN00313-DARK-BLUE-DKS_74-1-usd.png",453,250,false],"1536x1536":["https:\/\/turkishtrade.co\/wp-content\/uploads\/2026\/01\/2400EJOMN00313-DARK-BLUE-DKS_74-1-usd.png",453,250,false],"2048x2048":["https:\/\/turkishtrade.co\/wp-content\/uploads\/2026\/01\/2400EJOMN00313-DARK-BLUE-DKS_74-1-usd.png",453,250,false],"trp-custom-language-flag":["https:\/\/turkishtrade.co\/wp-content\/uploads\/2026\/01\/2400EJOMN00313-DARK-BLUE-DKS_74-1-usd-18x10.png",18,10,true],"woocommerce_thumbnail":["https:\/\/turkishtrade.co\/wp-content\/uploads\/2026\/01\/2400EJOMN00313-DARK-BLUE-DKS_74-1-usd-400x250.png",400,250,true],"woocommerce_single":["https:\/\/turkishtrade.co\/wp-content\/uploads\/2026\/01\/2400EJOMN00313-DARK-BLUE-DKS_74-1-usd.png",453,250,false],"woocommerce_gallery_thumbnail":["https:\/\/turkishtrade.co\/wp-content\/uploads\/2026\/01\/2400EJOMN00313-DARK-BLUE-DKS_74-1-usd-100x100.png",100,100,true]},"uagb_author_info":{"display_name":"yaser olabi","author_link":"https:\/\/turkishtrade.co\/es\/author\/"},"uagb_comment_info":0,"uagb_excerpt":"Exquisite Material: Outer crafted from premium calf leather, inner lined with soft goat leather for ultimate comfort. Comfort-Focused Sole: Lightweight and flexible EVA sole provides all-day cushioning. Classic Heel Height: Subtle 1-3 cm heel for a timeless, comfortable stride. Versatile Sizing: Available in a wide range from EU sizes 39 to 45. Bulk Availability: Minimum&hellip;","_links":{"self":[{"href":"https:\/\/turkishtrade.co\/es\/wp-json\/wp\/v2\/product\/5540","targetHints":{"allow":["GET"]}}],"collection":[{"href":"https:\/\/turkishtrade.co\/es\/wp-json\/wp\/v2\/product"}],"about":[{"href":"https:\/\/turkishtrade.co\/es\/wp-json\/wp\/v2\/types\/product"}],"wp:featuredmedia":[{"embeddable":true,"href":"https:\/\/turkishtrade.co\/es\/wp-json\/wp\/v2\/media\/3720"}],"wp:attachment":[{"href":"https:\/\/turkishtrade.co\/es\/wp-json\/wp\/v2\/media?parent=5540"}],"wp:term":[{"taxonomy":"product_brand","embeddable":true,"href":"https:\/\/turkishtrade.co\/es\/wp-json\/wp\/v2\/product_brand?post=5540"},{"taxonomy":"product_cat","embeddable":true,"href":"https:\/\/turkishtrade.co\/es\/wp-json\/wp\/v2\/product_cat?post=5540"},{"taxonomy":"product_tag","embeddable":true,"href":"https:\/\/turkishtrade.co\/es\/wp-json\/wp\/v2\/product_tag?post=5540"}],"curies":[{"name":"wp","href":"https:\/\/api.w.org\/{rel}","templated":true}]}}