{"id":5537,"date":"2026-01-14T12:12:19","date_gmt":"2026-01-14T12:12:19","guid":{"rendered":"https:\/\/turkishtrade.co\/product\/men-s-calf-leather-loafers-2\/"},"modified":"2026-04-09T19:31:25","modified_gmt":"2026-04-09T19:31:25","slug":"mens-calf-leather-loafers-9","status":"publish","type":"product","link":"https:\/\/turkishtrade.co\/es\/shop\/mens-calf-leather-loafers-9\/","title":{"rendered":"Mocasines de hombre en piel de becerro de primera calidad - Estilo cl\u00e1sico"},"content":{"rendered":"<p><strong>Mocasines de hombre de piel de becerro<\/strong><\/p>\n<p>Ad\u00e9ntrese en una sofisticaci\u00f3n y un confort sin igual con nuestra exquisita colecci\u00f3n de <b>mocasines de hombre de piel de becerro<\/b>. Meticulosamente elaborados para el caballero moderno, estos zapatos slip-on de primera calidad combinan a la perfecci\u00f3n la elegancia cl\u00e1sica con la comodidad de uso diario. Cada par de nuestros <b>mocasines de hombre de piel de becerro<\/b> es un testimonio de artesan\u00eda superior, dise\u00f1ado para elevar su cociente de estilo, tanto si se dirige a una reuni\u00f3n informal de negocios como si disfruta de una relajada salida de fin de semana.<\/p>\n<p>No son s\u00f3lo zapatos; son una inversi\u00f3n en elegancia duradera para hombres exigentes.<\/p>\n<p><h3>Materiales inigualables para el m\u00e1ximo confort<\/h3>\n<\/p>\n<p>El exterior de estos excepcionales <b>mocasines de hombre de piel de becerro<\/b> est\u00e1 fabricado en piel de ternero flexible de alta calidad, famosa por su lujosa textura, su notable durabilidad y su capacidad para envejecer maravillosamente. Esta elecci\u00f3n de material garantiza un aspecto pulido que resiste el paso del tiempo. El interior, forrado en piel de cabra incre\u00edblemente suave y transpirable, complementa el rico exterior, proporcionando una experiencia incre\u00edblemente c\u00f3moda desde el momento en que te los pones.<\/p>\n<p>Esta construcci\u00f3n de doble piel garantiza una comodidad \u00f3ptima y ayuda a evacuar la humedad, manteniendo los pies frescos durante todo el d\u00eda. <b>mocasines de hombre de piel de becerro<\/b> para cualquier ocasi\u00f3n.<\/p>\n<p><h3>Dise\u00f1ado para ofrecer durabilidad y un estilo vers\u00e1til<\/h3>\n<\/p>\n<p>Experimenta una comodidad inigualable con la robusta y flexible suela de EVA. Dise\u00f1ada para ofrecer una amortiguaci\u00f3n ligera y un agarre excelente, la suela de EVA hace que estas <b>mocasines de hombre de piel de becerro<\/b> perfectos para un uso prolongado. La cl\u00e1sica silueta de mocas\u00edn, realzada por sutiles apliques met\u00e1licos, ofrece una est\u00e9tica refinada que combina sin esfuerzo con una amplia gama de atuendos, desde pantalones de sastrer\u00eda hasta elegantes vaqueros.<\/p>\n<p>Disponibles en negro atemporal y marr\u00f3n intenso, estas <b>mocasines de hombre de piel de becerro<\/b> ofrecen versatilidad para combinar con cualquier vestuario, encarnando verdaderamente el estilo vers\u00e1til para el hombre moderno.<\/p>\n<p><h3>Oportunidad mayorista y garant\u00eda de calidad<\/h3>\n<\/p>\n<p>Entendemos la importancia de un ajuste perfecto, por lo que nuestros <b>mocasines de hombre de piel de becerro<\/b> est\u00e1n disponibles en una amplia gama de tallas europeas, de la 39 a la 45. Tanto si desea mejorar su colecci\u00f3n personal como equipar a un equipo con calzado de alta calidad, nuestra opci\u00f3n de pedidos al por mayor se lo pone f\u00e1cil. Con un pedido m\u00ednimo de 8 pares, satisfacemos las necesidades de los mayoristas, ofreciendo precios competitivos y una entrega fiable en 12 d\u00edas m\u00e1s gastos de env\u00edo.<\/p>\n<p>Invierta en un par de nuestros <b>mocasines de hombre de piel de becerro<\/b> hoy mismo y descubra la fusi\u00f3n perfecta de lujo, comodidad y estilo duradero que s\u00f3lo puede ofrecer el verdadero calzado artesanal.<\/p>","protected":false},"excerpt":{"rendered":"<ul>\n<li>Confeccionado en lujosa piel de becerro en el exterior y suave piel de cabra en el interior.<\/li>\n<li>Incorpora una suela de EVA c\u00f3moda y duradera para llevarla todo el d\u00eda.<\/li>\n<li>Estilo cl\u00e1sico de mocas\u00edn con elegantes herrajes met\u00e1licos, perfecto para ocasiones informales o semiformales.<\/li>\n<li>Disponible en las tallas europeas 39-45.<\/li>\n<li>Disponible en los sofisticados colores negro y marr\u00f3n.<\/li>\n<li>Cantidad m\u00ednima de pedido: 8 pares.<\/li>\n<\/ul>","protected":false},"featured_media":3719,"template":"","meta":{"_acf_changed":false,"_uag_custom_page_level_css":"","site-sidebar-layout":"default","site-content-layout":"","ast-site-content-layout":"default","site-content-style":"default","site-sidebar-style":"default","ast-global-header-display":"","ast-banner-title-visibility":"","ast-main-header-display":"","ast-hfb-above-header-display":"","ast-hfb-below-header-display":"","ast-hfb-mobile-header-display":"","site-post-title":"","ast-breadcrumbs-content":"","ast-featured-img":"","footer-sml-layout":"","ast-disable-related-posts":"","theme-transparent-header-meta":"","adv-header-id-meta":"","stick-header-meta":"","header-above-stick-meta":"","header-main-stick-meta":"","header-below-stick-meta":"","astra-migrate-meta-layouts":"default","ast-page-background-enabled":"default","ast-page-background-meta":{"desktop":{"background-color":"var(--ast-global-color-4)","background-image":"","background-repeat":"repeat","background-position":"center center","background-size":"auto","background-attachment":"scroll","background-type":"","background-media":"","overlay-type":"","overlay-color":"","overlay-opacity":"","overlay-gradient":""},"tablet":{"background-color":"","background-image":"","background-repeat":"repeat","background-position":"center center","background-size":"auto","background-attachment":"scroll","background-type":"","background-media":"","overlay-type":"","overlay-color":"","overlay-opacity":"","overlay-gradient":""},"mobile":{"background-color":"","background-image":"","background-repeat":"repeat","background-position":"center center","background-size":"auto","background-attachment":"scroll","background-type":"","background-media":"","overlay-type":"","overlay-color":"","overlay-opacity":"","overlay-gradient":""}},"ast-content-background-meta":{"desktop":{"background-color":"var(--ast-global-color-5)","background-image":"","background-repeat":"repeat","background-position":"center center","background-size":"auto","background-attachment":"scroll","background-type":"","background-media":"","overlay-type":"","overlay-color":"","overlay-opacity":"","overlay-gradient":""},"tablet":{"background-color":"var(--ast-global-color-5)","background-image":"","background-repeat":"repeat","background-position":"center center","background-size":"auto","background-attachment":"scroll","background-type":"","background-media":"","overlay-type":"","overlay-color":"","overlay-opacity":"","overlay-gradient":""},"mobile":{"background-color":"var(--ast-global-color-5)","background-image":"","background-repeat":"repeat","background-position":"center center","background-size":"auto","background-attachment":"scroll","background-type":"","background-media":"","overlay-type":"","overlay-color":"","overlay-opacity":"","overlay-gradient":""}}},"product_brand":[],"product_cat":[47,430,40],"product_tag":[370,147,513,185,457,220,438,769,189,746,186,250],"class_list":{"0":"post-5537","1":"product","2":"type-product","3":"status-publish","4":"has-post-thumbnail","6":"product_cat-classic","7":"product_cat-men","8":"product_cat-mens-shoes","9":"product_tag-black-loafers","10":"product_tag-brown-loafers","11":"product_tag-business-casual-shoes","12":"product_tag-calf-leather-shoes","13":"product_tag-classic-loafers","14":"product_tag-comfortable-loafers","15":"product_tag-eva-sole","16":"product_tag-gentlemens-shoes","17":"product_tag-goat-leather-lining","18":"product_tag-leather-slip-ons","19":"product_tag-mens-loafers","20":"product_tag-premium-leather","21":"desktop-align-center","22":"tablet-align-center","23":"mobile-align-center","25":"first","26":"instock","27":"shipping-taxable","28":"purchasable","29":"product-type-variable","30":"has-default-attributes"},"acf":[],"uagb_featured_image_src":{"full":["https:\/\/turkishtrade.co\/wp-content\/uploads\/2026\/01\/2400EJOMN00312-BROWN-DKS_01.png",453,250,false],"thumbnail":["https:\/\/turkishtrade.co\/wp-content\/uploads\/2026\/01\/2400EJOMN00312-BROWN-DKS_01-150x150.png",150,150,true],"medium":["https:\/\/turkishtrade.co\/wp-content\/uploads\/2026\/01\/2400EJOMN00312-BROWN-DKS_01-300x166.png",300,166,true],"medium_large":["https:\/\/turkishtrade.co\/wp-content\/uploads\/2026\/01\/2400EJOMN00312-BROWN-DKS_01.png",453,250,false],"large":["https:\/\/turkishtrade.co\/wp-content\/uploads\/2026\/01\/2400EJOMN00312-BROWN-DKS_01.png",453,250,false],"1536x1536":["https:\/\/turkishtrade.co\/wp-content\/uploads\/2026\/01\/2400EJOMN00312-BROWN-DKS_01.png",453,250,false],"2048x2048":["https:\/\/turkishtrade.co\/wp-content\/uploads\/2026\/01\/2400EJOMN00312-BROWN-DKS_01.png",453,250,false],"trp-custom-language-flag":["https:\/\/turkishtrade.co\/wp-content\/uploads\/2026\/01\/2400EJOMN00312-BROWN-DKS_01-18x10.png",18,10,true],"woocommerce_thumbnail":["https:\/\/turkishtrade.co\/wp-content\/uploads\/2026\/01\/2400EJOMN00312-BROWN-DKS_01-400x250.png",400,250,true],"woocommerce_single":["https:\/\/turkishtrade.co\/wp-content\/uploads\/2026\/01\/2400EJOMN00312-BROWN-DKS_01.png",453,250,false],"woocommerce_gallery_thumbnail":["https:\/\/turkishtrade.co\/wp-content\/uploads\/2026\/01\/2400EJOMN00312-BROWN-DKS_01-100x100.png",100,100,true]},"uagb_author_info":{"display_name":"yaser olabi","author_link":"https:\/\/turkishtrade.co\/es\/author\/"},"uagb_comment_info":0,"uagb_excerpt":"Crafted from luxurious Calf Leather exterior and soft Goat Leather interior. Features a comfortable and durable EVA sole for all-day wear. Classic loafer style with elegant metal hardware, perfect for casual or semi-formal occasions. Available in European sizes 39-45. Available in sophisticated Black and rich Brown color options. Minimum order quantity: 8 pairs.","_links":{"self":[{"href":"https:\/\/turkishtrade.co\/es\/wp-json\/wp\/v2\/product\/5537","targetHints":{"allow":["GET"]}}],"collection":[{"href":"https:\/\/turkishtrade.co\/es\/wp-json\/wp\/v2\/product"}],"about":[{"href":"https:\/\/turkishtrade.co\/es\/wp-json\/wp\/v2\/types\/product"}],"wp:featuredmedia":[{"embeddable":true,"href":"https:\/\/turkishtrade.co\/es\/wp-json\/wp\/v2\/media\/3719"}],"wp:attachment":[{"href":"https:\/\/turkishtrade.co\/es\/wp-json\/wp\/v2\/media?parent=5537"}],"wp:term":[{"taxonomy":"product_brand","embeddable":true,"href":"https:\/\/turkishtrade.co\/es\/wp-json\/wp\/v2\/product_brand?post=5537"},{"taxonomy":"product_cat","embeddable":true,"href":"https:\/\/turkishtrade.co\/es\/wp-json\/wp\/v2\/product_cat?post=5537"},{"taxonomy":"product_tag","embeddable":true,"href":"https:\/\/turkishtrade.co\/es\/wp-json\/wp\/v2\/product_tag?post=5537"}],"curies":[{"name":"wp","href":"https:\/\/api.w.org\/{rel}","templated":true}]}}