{"id":5531,"date":"2026-01-14T12:11:36","date_gmt":"2026-01-14T12:11:36","guid":{"rendered":"https:\/\/turkishtrade.co\/product\/men-classic-leather-penny-loafers\/"},"modified":"2026-04-09T19:31:37","modified_gmt":"2026-04-09T19:31:37","slug":"mens-classic-leather-penny-loafers","status":"publish","type":"product","link":"https:\/\/turkishtrade.co\/es\/shop\/mens-classic-leather-penny-loafers\/","title":{"rendered":"Mocasines cl\u00e1sicos de piel para hombre"},"content":{"rendered":"<p><strong>Mocasines cl\u00e1sicos de piel para hombre<\/strong><\/p>\n<p>Disfrute de una comodidad inigualable y un estilo atemporal con nuestros <b>Mocasines cl\u00e1sicos de piel para hombre<\/b>. Elaborados por expertos para el hombre moderno, estos mocasines combinan el dise\u00f1o tradicional con la comodidad contempor\u00e1nea, convirti\u00e9ndolos en un complemento indispensable para cualquier armario exigente. Cada par de <b>Mocasines cl\u00e1sicos de piel para hombre<\/b> es un testimonio de artesan\u00eda superior, dise\u00f1ado para ofrecer elegancia y durabilidad.<\/p>\n<p>El exterior de estos excepcionales <b>Mocasines cl\u00e1sicos de piel para hombre<\/b> incorpora piel de becerro de alta calidad, famosa por su textura suave, resistencia y aspecto sofisticado. Esta piel de becerro de primera calidad no s\u00f3lo tiene un aspecto lujoso, sino que tambi\u00e9n se amolda a sus pies con el paso del tiempo, proporcionando un ajuste personalizado. Como complemento del robusto exterior, el interior est\u00e1 forrado con piel de cabra incre\u00edblemente suave.<\/p>\n<p>Esta cuidada elecci\u00f3n de material garantiza la transpirabilidad y un tacto afelpado sobre la piel, evitando molestias incluso despu\u00e9s de un uso prolongado.<\/p>\n<p>Debajo, la suela de EVA, ligera pero resistente, ofrece una excelente amortiguaci\u00f3n y flexibilidad. Este innovador material para la suela proporciona una tracci\u00f3n \u00f3ptima y un confort duradero, haciendo que estas <b>Mocasines cl\u00e1sicos de piel para hombre<\/b> perfectas para llevar a diario, ya sea por las calles de la ciudad o disfrutando de un relajado fin de semana. La baja altura del tac\u00f3n (1-3 cm, estilo mocas\u00edn cl\u00e1sico) contribuye a\u00fan m\u00e1s a su car\u00e1cter c\u00f3modo y f\u00e1cil de llevar.<\/p>\n<p><h3>Estilo atemporal y versatilidad<\/h3>\n<\/p>\n<p>La ic\u00f3nica silueta de los mocasines penny ofrece una est\u00e9tica vers\u00e1til que permite pasar sin problemas de salidas informales a eventos m\u00e1s elegantes e informales. Disponibles en negro cl\u00e1sico y en un intenso tono burdeos, estos <b>Mocasines cl\u00e1sicos de piel para hombre<\/b> pueden combinarse sin esfuerzo con cualquier prenda, desde pantalones de sastrer\u00eda y americanas hasta chinos y vaqueros. Encarnan una sofisticaci\u00f3n sin esfuerzo que nunca pasa de moda.<\/p>\n<p>Ofrecemos una amplia gama de tallas, de la 39 a la 45, que garantizan un ajuste perfecto para una gran variedad de clientes.<\/p>\n<p><h3>Oportunidad de venta al por mayor para las empresas<\/h3>\n<\/p>\n<p>Para los minoristas y las empresas que buscan calzado de alta calidad, nuestro <b>Mocasines cl\u00e1sicos de piel para hombre<\/b> est\u00e1n disponibles para su compra al por mayor. Con un pedido m\u00ednimo de s\u00f3lo 8 pares, podr\u00e1 abastecerse f\u00e1cilmente de estos mocasines superventas. Nos enorgullecemos de ofrecer un servicio eficiente, con un plazo de entrega t\u00edpico de 12 d\u00edas m\u00e1s gastos de env\u00edo, lo que garantiza que su pedido llegue puntualmente. Eleve su inventario con estos mocasines de piel cl\u00e1sicos, c\u00f3modos y codiciados.<\/p>","protected":false},"excerpt":{"rendered":"<ul>\n<li>Exquisita parte superior de piel de becerro para un aspecto y un tacto superiores<\/li>\n<li>El suave forro de piel de cabra garantiza la comodidad durante todo el d\u00eda<\/li>\n<li>Suela de EVA ligera y duradera para una excelente tracci\u00f3n y sujeci\u00f3n<\/li>\n<li>Dise\u00f1o de mocas\u00edn cl\u00e1sico adecuado para diversas ocasiones<\/li>\n<li>Disponible en los vers\u00e1tiles colores negro y burdeos.<\/li>\n<li>Tallas que van de la 39 a la 45 para adaptarse a la mayor\u00eda de los pies<\/li>\n<li>Cantidad m\u00ednima de pedido: 8 Pares (Ideal para la compra a granel y al por mayor)<\/li>\n<li>Plazo de entrega: 12 d\u00edas + gastos de env\u00edo<\/li>\n<\/ul>","protected":false},"featured_media":3715,"template":"","meta":{"_acf_changed":false,"_uag_custom_page_level_css":"","site-sidebar-layout":"default","site-content-layout":"","ast-site-content-layout":"default","site-content-style":"default","site-sidebar-style":"default","ast-global-header-display":"","ast-banner-title-visibility":"","ast-main-header-display":"","ast-hfb-above-header-display":"","ast-hfb-below-header-display":"","ast-hfb-mobile-header-display":"","site-post-title":"","ast-breadcrumbs-content":"","ast-featured-img":"","footer-sml-layout":"","ast-disable-related-posts":"","theme-transparent-header-meta":"","adv-header-id-meta":"","stick-header-meta":"","header-above-stick-meta":"","header-main-stick-meta":"","header-below-stick-meta":"","astra-migrate-meta-layouts":"default","ast-page-background-enabled":"default","ast-page-background-meta":{"desktop":{"background-color":"var(--ast-global-color-4)","background-image":"","background-repeat":"repeat","background-position":"center center","background-size":"auto","background-attachment":"scroll","background-type":"","background-media":"","overlay-type":"","overlay-color":"","overlay-opacity":"","overlay-gradient":""},"tablet":{"background-color":"","background-image":"","background-repeat":"repeat","background-position":"center center","background-size":"auto","background-attachment":"scroll","background-type":"","background-media":"","overlay-type":"","overlay-color":"","overlay-opacity":"","overlay-gradient":""},"mobile":{"background-color":"","background-image":"","background-repeat":"repeat","background-position":"center center","background-size":"auto","background-attachment":"scroll","background-type":"","background-media":"","overlay-type":"","overlay-color":"","overlay-opacity":"","overlay-gradient":""}},"ast-content-background-meta":{"desktop":{"background-color":"var(--ast-global-color-5)","background-image":"","background-repeat":"repeat","background-position":"center center","background-size":"auto","background-attachment":"scroll","background-type":"","background-media":"","overlay-type":"","overlay-color":"","overlay-opacity":"","overlay-gradient":""},"tablet":{"background-color":"var(--ast-global-color-5)","background-image":"","background-repeat":"repeat","background-position":"center center","background-size":"auto","background-attachment":"scroll","background-type":"","background-media":"","overlay-type":"","overlay-color":"","overlay-opacity":"","overlay-gradient":""},"mobile":{"background-color":"var(--ast-global-color-5)","background-image":"","background-repeat":"repeat","background-position":"center center","background-size":"auto","background-attachment":"scroll","background-type":"","background-media":"","overlay-type":"","overlay-color":"","overlay-opacity":"","overlay-gradient":""}}},"product_brand":[],"product_cat":[47,430,40],"product_tag":[370,954,859,566,449,457,220,438,556,215,762,186,279,955,281],"class_list":{"0":"post-5531","1":"product","2":"type-product","3":"status-publish","4":"has-post-thumbnail","6":"product_cat-classic","7":"product_cat-men","8":"product_cat-mens-shoes","9":"product_tag-black-loafers","10":"product_tag-bulk-loafers","11":"product_tag-burgundy-loafers","12":"product_tag-calfskin-shoes","13":"product_tag-casual-shoes","14":"product_tag-classic-loafers","15":"product_tag-comfortable-loafers","16":"product_tag-eva-sole","17":"product_tag-goatskin-lining","18":"product_tag-leather-loafers","19":"product_tag-loafer-shoes","20":"product_tag-mens-loafers","21":"product_tag-penny-loafers","22":"product_tag-quality-loafers","23":"product_tag-wholesale-shoes","24":"desktop-align-center","25":"tablet-align-center","26":"mobile-align-center","28":"first","29":"instock","30":"shipping-taxable","31":"purchasable","32":"product-type-variable","33":"has-default-attributes"},"acf":[],"uagb_featured_image_src":{"full":["https:\/\/turkishtrade.co\/wp-content\/uploads\/2026\/01\/2400EJOMN00310-BURGUNDY-801_1-2-USD.png",453,250,false],"thumbnail":["https:\/\/turkishtrade.co\/wp-content\/uploads\/2026\/01\/2400EJOMN00310-BURGUNDY-801_1-2-USD-150x150.png",150,150,true],"medium":["https:\/\/turkishtrade.co\/wp-content\/uploads\/2026\/01\/2400EJOMN00310-BURGUNDY-801_1-2-USD-300x166.png",300,166,true],"medium_large":["https:\/\/turkishtrade.co\/wp-content\/uploads\/2026\/01\/2400EJOMN00310-BURGUNDY-801_1-2-USD.png",453,250,false],"large":["https:\/\/turkishtrade.co\/wp-content\/uploads\/2026\/01\/2400EJOMN00310-BURGUNDY-801_1-2-USD.png",453,250,false],"1536x1536":["https:\/\/turkishtrade.co\/wp-content\/uploads\/2026\/01\/2400EJOMN00310-BURGUNDY-801_1-2-USD.png",453,250,false],"2048x2048":["https:\/\/turkishtrade.co\/wp-content\/uploads\/2026\/01\/2400EJOMN00310-BURGUNDY-801_1-2-USD.png",453,250,false],"trp-custom-language-flag":["https:\/\/turkishtrade.co\/wp-content\/uploads\/2026\/01\/2400EJOMN00310-BURGUNDY-801_1-2-USD-18x10.png",18,10,true],"woocommerce_thumbnail":["https:\/\/turkishtrade.co\/wp-content\/uploads\/2026\/01\/2400EJOMN00310-BURGUNDY-801_1-2-USD-400x250.png",400,250,true],"woocommerce_single":["https:\/\/turkishtrade.co\/wp-content\/uploads\/2026\/01\/2400EJOMN00310-BURGUNDY-801_1-2-USD.png",453,250,false],"woocommerce_gallery_thumbnail":["https:\/\/turkishtrade.co\/wp-content\/uploads\/2026\/01\/2400EJOMN00310-BURGUNDY-801_1-2-USD-100x100.png",100,100,true]},"uagb_author_info":{"display_name":"yaser olabi","author_link":"https:\/\/turkishtrade.co\/es\/author\/"},"uagb_comment_info":0,"uagb_excerpt":"Exquisite Calfskin Leather Upper for superior look and feel Soft Goatskin Leather Lining ensures all-day comfort Lightweight and durable EVA Sole for excellent traction and support Classic Penny Loafer design suitable for various occasions Available in versatile Black and rich Burgundy colors Sizes Ranging from 39 to 45 to fit most feet Minimum Order Quantity:&hellip;","_links":{"self":[{"href":"https:\/\/turkishtrade.co\/es\/wp-json\/wp\/v2\/product\/5531","targetHints":{"allow":["GET"]}}],"collection":[{"href":"https:\/\/turkishtrade.co\/es\/wp-json\/wp\/v2\/product"}],"about":[{"href":"https:\/\/turkishtrade.co\/es\/wp-json\/wp\/v2\/types\/product"}],"wp:featuredmedia":[{"embeddable":true,"href":"https:\/\/turkishtrade.co\/es\/wp-json\/wp\/v2\/media\/3715"}],"wp:attachment":[{"href":"https:\/\/turkishtrade.co\/es\/wp-json\/wp\/v2\/media?parent=5531"}],"wp:term":[{"taxonomy":"product_brand","embeddable":true,"href":"https:\/\/turkishtrade.co\/es\/wp-json\/wp\/v2\/product_brand?post=5531"},{"taxonomy":"product_cat","embeddable":true,"href":"https:\/\/turkishtrade.co\/es\/wp-json\/wp\/v2\/product_cat?post=5531"},{"taxonomy":"product_tag","embeddable":true,"href":"https:\/\/turkishtrade.co\/es\/wp-json\/wp\/v2\/product_tag?post=5531"}],"curies":[{"name":"wp","href":"https:\/\/api.w.org\/{rel}","templated":true}]}}