{"id":5526,"date":"2026-01-14T12:10:39","date_gmt":"2026-01-14T12:10:39","guid":{"rendered":"https:\/\/turkishtrade.co\/product\/mens-calf-leather-loafers-3\/"},"modified":"2026-04-09T19:31:47","modified_gmt":"2026-04-09T19:31:47","slug":"mens-calf-leather-loafers-3","status":"publish","type":"product","link":"https:\/\/turkishtrade.co\/es\/shop\/mens-calf-leather-loafers-3\/","title":{"rendered":"Mocasines cl\u00e1sicos de hombre en piel de becerro negra"},"content":{"rendered":"<p><strong>Mocasines de hombre de piel de becerro<\/strong><\/p>\n<p><h3>Eleve su estilo con los mocasines de piel de becerro para hombre de primera calidad<\/h3>\n<\/p>\n<p>Experimente una sofisticaci\u00f3n y un confort incomparables con nuestro exquisito <strong>mocasines de hombre de piel de becerro<\/strong>. Meticulosamente elaborados para satisfacer las exigencias del caballero moderno, estos mocasines combinan a la perfecci\u00f3n la elegancia atemporal con el dise\u00f1o contempor\u00e1neo. Perfectos tanto para ambientes informales de negocios como para eventos sociales refinados, estos... <strong>mocasines de hombre de piel de becerro<\/strong> son un complemento indispensable para cualquier armario exigente.<\/p>\n<p>Cada par refleja una artesan\u00eda superior, que garantiza no s\u00f3lo un aspecto elegante, sino tambi\u00e9n una durabilidad duradera. El elegante acabado en negro y los sutiles detalles texturizados en la pala y el tal\u00f3n aportan un toque distintivo que distingue a estos mocasines.<\/p>\n<p><h3>Calidad y comodidad inigualables<\/h3>\n<\/p>\n<p>El exterior de estos excepcionales <strong>mocasines de hombre de piel de becerro<\/strong> est\u00e1 confeccionado en aut\u00e9ntica piel de ternero de primera calidad, que ofrece una textura lujosa y un aspecto distinguido que s\u00f3lo mejora con el paso del tiempo. El tono negro intenso proporciona opciones de estilo vers\u00e1tiles, haciendo de estos mocasines una piedra angular de su colecci\u00f3n de calzado. El interior est\u00e1 forrado en suave piel de cabra, famosa por su incre\u00edble suavidad y transpirabilidad.<\/p>\n<p>Esta cuidada elecci\u00f3n de material garantiza el m\u00e1ximo confort, incluso durante un uso prolongado, evitando molestias y favoreciendo un entorno saludable para los pies. A diferencia de muchas otras opciones, nuestro <strong>mocasines de hombre de piel de becerro<\/strong> prioriza tu bienestar a cada paso.<\/p>\n<p><h3>Dise\u00f1ado para llevarlo todo el d\u00eda<\/h3>\n<\/p>\n<p>Para aumentar a\u00fan m\u00e1s el confort, estas elegantes <strong>mocasines de hombre de piel de becerro<\/strong> cuentan con una suela de EVA ligera pero incre\u00edblemente duradera. Esta avanzada tecnolog\u00eda de suela proporciona una excelente amortiguaci\u00f3n y absorci\u00f3n de impactos, haciendo que cada paso se sienta sin esfuerzo. Tanto si te mueves por las calles de la ciudad como si asistes a una larga conferencia, la suela de EVA ofrece una sujeci\u00f3n y una flexibilidad fiables.<\/p>\n<p>La altura cl\u00e1sica del tac\u00f3n, que oscila entre 1 y 3 cm, a\u00f1ade una sutil elevaci\u00f3n sin comprometer la estabilidad, manteniendo el sofisticado perfil que se espera de la alta calidad. <strong>mocasines de hombre de piel de becerro<\/strong>. Disponibles en una amplia gama de tallas, de la 39 a la 45, encontrar el ajuste perfecto es sencillo, garantizando la comodidad para una gran variedad de pies.<\/p>\n<p><h3>Perfecto para pedidos al por mayor<\/h3>\n<\/p>\n<p>Para minoristas, boutiques o aquellos que buscan proporcionar a sus equipos calzado de primera calidad, nuestros <strong>mocasines de hombre de piel de becerro<\/strong> est\u00e1n disponibles para la compra al por mayor. Ofrecemos una cantidad m\u00ednima de pedido de s\u00f3lo 8 pares, lo que garantiza la accesibilidad para empresas de diversas escalas. Cada pedido al por mayor se procesa con la misma atenci\u00f3n al detalle y control de calidad que las compras individuales.<\/p>\n<p>Espere un servicio eficaz con un plazo de entrega de aproximadamente 12 d\u00edas, m\u00e1s gastos de env\u00edo. Invierta en lo mejor <strong>mocasines de hombre de piel de becerro<\/strong> hoy mismo y ofrezca a sus clientes o a su equipo el lujo que se merecen con un producto que destila calidad y estilo.<\/p>","protected":false},"excerpt":{"rendered":"<ul>\n<li><strong>Artesan\u00eda superior:<\/strong> Superficie exterior de aut\u00e9ntica piel de becerro de alta calidad, que ofrece un aspecto refinado.<\/li>\n<li><strong>Confort de lujo:<\/strong> Forro interior de piel de cabra suave y transpirable para un tacto excepcional.<\/li>\n<li><strong>Ligero y de apoyo:<\/strong> Equipadas con una duradera suela de EVA para ofrecer amortiguaci\u00f3n y flexibilidad durante todo el d\u00eda.<\/li>\n<li><strong>Altura del tac\u00f3n cl\u00e1sica:<\/strong> Presenta un sutil tac\u00f3n de 1-3 cm, perfecto para un perfil sofisticado.<\/li>\n<li><strong>Tallas disponibles:<\/strong> Amplia gama de EU 39 a 45 para garantizar un ajuste perfecto.<\/li>\n<li><strong>Se aceptan pedidos al por mayor:<\/strong> Cantidad m\u00ednima de pedido de 8 pares disponible para minoristas y empresas.<\/li>\n<li><strong>Entrega eficaz:<\/strong> Su pedido se entregar\u00e1 en un plazo de 12 d\u00edas m\u00e1s el tiempo de env\u00edo est\u00e1ndar.<\/li>\n<\/ul>","protected":false},"featured_media":3712,"template":"","meta":{"_acf_changed":false,"_uag_custom_page_level_css":"","site-sidebar-layout":"default","site-content-layout":"","ast-site-content-layout":"default","site-content-style":"default","site-sidebar-style":"default","ast-global-header-display":"","ast-banner-title-visibility":"","ast-main-header-display":"","ast-hfb-above-header-display":"","ast-hfb-below-header-display":"","ast-hfb-mobile-header-display":"","site-post-title":"","ast-breadcrumbs-content":"","ast-featured-img":"","footer-sml-layout":"","ast-disable-related-posts":"","theme-transparent-header-meta":"","adv-header-id-meta":"","stick-header-meta":"","header-above-stick-meta":"","header-main-stick-meta":"","header-below-stick-meta":"","astra-migrate-meta-layouts":"default","ast-page-background-enabled":"default","ast-page-background-meta":{"desktop":{"background-color":"var(--ast-global-color-4)","background-image":"","background-repeat":"repeat","background-position":"center center","background-size":"auto","background-attachment":"scroll","background-type":"","background-media":"","overlay-type":"","overlay-color":"","overlay-opacity":"","overlay-gradient":""},"tablet":{"background-color":"","background-image":"","background-repeat":"repeat","background-position":"center center","background-size":"auto","background-attachment":"scroll","background-type":"","background-media":"","overlay-type":"","overlay-color":"","overlay-opacity":"","overlay-gradient":""},"mobile":{"background-color":"","background-image":"","background-repeat":"repeat","background-position":"center center","background-size":"auto","background-attachment":"scroll","background-type":"","background-media":"","overlay-type":"","overlay-color":"","overlay-opacity":"","overlay-gradient":""}},"ast-content-background-meta":{"desktop":{"background-color":"var(--ast-global-color-5)","background-image":"","background-repeat":"repeat","background-position":"center center","background-size":"auto","background-attachment":"scroll","background-type":"","background-media":"","overlay-type":"","overlay-color":"","overlay-opacity":"","overlay-gradient":""},"tablet":{"background-color":"var(--ast-global-color-5)","background-image":"","background-repeat":"repeat","background-position":"center center","background-size":"auto","background-attachment":"scroll","background-type":"","background-media":"","overlay-type":"","overlay-color":"","overlay-opacity":"","overlay-gradient":""},"mobile":{"background-color":"var(--ast-global-color-5)","background-image":"","background-repeat":"repeat","background-position":"center center","background-size":"auto","background-attachment":"scroll","background-type":"","background-media":"","overlay-type":"","overlay-color":"","overlay-opacity":"","overlay-gradient":""}}},"product_brand":[],"product_cat":[47,430,40],"product_tag":[814,674,512,457,220,737,544,438,952,189,951,198,914,184],"class_list":{"0":"post-5526","1":"product","2":"type-product","3":"status-publish","4":"has-post-thumbnail","6":"product_cat-classic","7":"product_cat-men","8":"product_cat-mens-shoes","9":"product_tag-black-leather-loafers","10":"product_tag-bulk-shoes","11":"product_tag-casual-loafers","12":"product_tag-classic-loafers","13":"product_tag-comfortable-loafers","14":"product_tag-dress-loafers","15":"product_tag-elegant-loafers","16":"product_tag-eva-sole","17":"product_tag-genuine-leather-shoes","18":"product_tag-goat-leather-lining","19":"product_tag-mens-calf-leather-loafers","20":"product_tag-mens-fashion","21":"product_tag-professional-shoes","22":"product_tag-slip-on-shoes","23":"desktop-align-center","24":"tablet-align-center","25":"mobile-align-center","27":"first","28":"instock","29":"shipping-taxable","30":"purchasable","31":"product-type-variable","32":"has-default-attributes"},"acf":[],"uagb_featured_image_src":{"full":["https:\/\/turkishtrade.co\/wp-content\/uploads\/2026\/01\/2400EJOMN00304-BLACK-X_7753-4-USD.png",453,250,false],"thumbnail":["https:\/\/turkishtrade.co\/wp-content\/uploads\/2026\/01\/2400EJOMN00304-BLACK-X_7753-4-USD.png",150,83,false],"medium":["https:\/\/turkishtrade.co\/wp-content\/uploads\/2026\/01\/2400EJOMN00304-BLACK-X_7753-4-USD.png",300,166,false],"medium_large":["https:\/\/turkishtrade.co\/wp-content\/uploads\/2026\/01\/2400EJOMN00304-BLACK-X_7753-4-USD.png",453,250,false],"large":["https:\/\/turkishtrade.co\/wp-content\/uploads\/2026\/01\/2400EJOMN00304-BLACK-X_7753-4-USD.png",453,250,false],"1536x1536":["https:\/\/turkishtrade.co\/wp-content\/uploads\/2026\/01\/2400EJOMN00304-BLACK-X_7753-4-USD.png",453,250,false],"2048x2048":["https:\/\/turkishtrade.co\/wp-content\/uploads\/2026\/01\/2400EJOMN00304-BLACK-X_7753-4-USD.png",453,250,false],"trp-custom-language-flag":["https:\/\/turkishtrade.co\/wp-content\/uploads\/2026\/01\/2400EJOMN00304-BLACK-X_7753-4-USD.png",18,10,false],"woocommerce_thumbnail":["https:\/\/turkishtrade.co\/wp-content\/uploads\/2026\/01\/2400EJOMN00304-BLACK-X_7753-4-USD-400x250.png",400,250,true],"woocommerce_single":["https:\/\/turkishtrade.co\/wp-content\/uploads\/2026\/01\/2400EJOMN00304-BLACK-X_7753-4-USD.png",453,250,false],"woocommerce_gallery_thumbnail":["https:\/\/turkishtrade.co\/wp-content\/uploads\/2026\/01\/2400EJOMN00304-BLACK-X_7753-4-USD-100x100.png",100,100,true]},"uagb_author_info":{"display_name":"yaser olabi","author_link":"https:\/\/turkishtrade.co\/es\/author\/"},"uagb_comment_info":0,"uagb_excerpt":"Superior Craftsmanship: Outer surface crafted from high-quality genuine calf leather, offering a refined look. Luxurious Comfort: Inner lining made from soft, breathable goat leather for an exceptional feel. Lightweight &amp; Supportive: Equipped with a durable EVA sole for all-day cushioning and flexibility. Classic Heel Height: Features a subtle 1-3 cm heel, perfect for a sophisticated&hellip;","_links":{"self":[{"href":"https:\/\/turkishtrade.co\/es\/wp-json\/wp\/v2\/product\/5526","targetHints":{"allow":["GET"]}}],"collection":[{"href":"https:\/\/turkishtrade.co\/es\/wp-json\/wp\/v2\/product"}],"about":[{"href":"https:\/\/turkishtrade.co\/es\/wp-json\/wp\/v2\/types\/product"}],"wp:featuredmedia":[{"embeddable":true,"href":"https:\/\/turkishtrade.co\/es\/wp-json\/wp\/v2\/media\/3712"}],"wp:attachment":[{"href":"https:\/\/turkishtrade.co\/es\/wp-json\/wp\/v2\/media?parent=5526"}],"wp:term":[{"taxonomy":"product_brand","embeddable":true,"href":"https:\/\/turkishtrade.co\/es\/wp-json\/wp\/v2\/product_brand?post=5526"},{"taxonomy":"product_cat","embeddable":true,"href":"https:\/\/turkishtrade.co\/es\/wp-json\/wp\/v2\/product_cat?post=5526"},{"taxonomy":"product_tag","embeddable":true,"href":"https:\/\/turkishtrade.co\/es\/wp-json\/wp\/v2\/product_tag?post=5526"}],"curies":[{"name":"wp","href":"https:\/\/api.w.org\/{rel}","templated":true}]}}