{"id":5516,"date":"2026-01-14T12:09:41","date_gmt":"2026-01-14T12:09:41","guid":{"rendered":"https:\/\/turkishtrade.co\/product\/men-classic-leather-loafers-3\/"},"modified":"2026-04-09T19:32:06","modified_gmt":"2026-04-09T19:32:06","slug":"mens-classic-leather-loafers-6","status":"publish","type":"product","link":"https:\/\/turkishtrade.co\/es\/shop\/mens-classic-leather-loafers-6\/","title":{"rendered":"Mocasines cl\u00e1sicos de piel con textura para hombre"},"content":{"rendered":"<p><strong>Mocasines cl\u00e1sicos de piel para hombre<\/strong><\/p>\n<p>Eleve su colecci\u00f3n de calzado con nuestros exquisitos <b>Mocasines cl\u00e1sicos de piel para hombre<\/b>, una fusi\u00f3n perfecta de elegancia atemporal y comodidad contempor\u00e1nea. Dise\u00f1ados para el caballero exigente, estos mocasines no son s\u00f3lo zapatos; son una declaraci\u00f3n de estilo sofisticado y calidad incomparable. Cada par de <b>Mocasines cl\u00e1sicos de piel para hombre<\/b> est\u00e1 meticulosamente confeccionado a mano para ofrecer tanto durabilidad como un uso lujoso, lo que lo convierte en un complemento esencial para cualquier armario.<\/p>\n<p>Confeccionadas en piel de ternero aut\u00e9ntica de primera calidad para el exterior, estas <b>Mocasines cl\u00e1sicos de piel para hombre<\/b> lucen una rica textura que a\u00f1ade un car\u00e1cter \u00fanico a su silueta cl\u00e1sica. El distintivo empeine texturizado, que recuerda sutiles dibujos de reptiles, crea un detalle llamativo que distingue a estos mocasines. En el interior, sus pies se acunar\u00e1n en la suavidad del forro de aut\u00e9ntica piel de cabra, que garantiza la transpirabilidad y un confort excepcional durante todo el d\u00eda.<\/p>\n<p>Esta combinaci\u00f3n de materiales superiores garantiza una experiencia deliciosa desde el momento en que te los pones.<\/p>\n<p><h3>Comodidad inigualable y estilo vers\u00e1til<\/h3>\n<\/p>\n<p>La base de estos notables <b>Mocasines cl\u00e1sicos de piel para hombre<\/b> es una suela de EVA ligera pero duradera. Este innovador material de suela proporciona una excelente amortiguaci\u00f3n y absorci\u00f3n de impactos, haciendo que cada paso sea un placer. Con una c\u00f3moda altura de tac\u00f3n de 1 a 3 cm, estos mocasines ofrecen el equilibrio ideal entre atractivo cl\u00e1sico y vestibilidad informal.<\/p>\n<p>Ya elijas el marr\u00f3n intenso, el sofisticado marr\u00f3n oscuro o el elegante azul, cada opci\u00f3n de color realza la versatilidad de estos zapatos, permiti\u00e9ndoles pasar sin problemas de la ropa de oficina a las salidas de fin de semana.<\/p>\n<p>Nuestra colecci\u00f3n de <b>Mocasines cl\u00e1sicos de piel para hombre<\/b> est\u00e1 disponible en una amplia gama de tallas de la UE, de la 39 a la 45, lo que garantiza un ajuste perfecto para una gran variedad de clientes. El dise\u00f1o slip-on es sin\u00f3nimo de comodidad, mientras que la robusta construcci\u00f3n promete longevidad. Estos <b>Mocasines cl\u00e1sicos de piel para hombre<\/b> son ideales para la compra al por mayor, con una cantidad m\u00ednima de pedido de 8 pares y un plazo de entrega fiable de 12 d\u00edas m\u00e1s gastos de env\u00edo.<\/p>\n<p>Invierta en estas excepcionales <b>Mocasines cl\u00e1sicos de piel para hombre<\/b> y experimente la mezcla definitiva de estilo, comodidad y artesan\u00eda duradera que s\u00f3lo puede ofrecer el calzado de piel aut\u00e9ntica. Elija calidad, elija estilo, elija nuestro <b>Mocasines cl\u00e1sicos de piel para hombre<\/b> para un look impecable en todo momento.<\/p>","protected":false},"excerpt":{"rendered":"<ul>\n<li><b>Material exterior:<\/b> Piel de becerro aut\u00e9ntica para mayor durabilidad y tacto de primera calidad<\/li>\n<li><b>Forro interior:<\/b> Suave piel de cabra para un confort y una transpirabilidad excepcionales<\/li>\n<li><b>Suela:<\/b> EVA ligera y flexible para una amortiguaci\u00f3n superior<\/li>\n<li><b>Altura del tac\u00f3n:<\/b> C\u00f3modo 1-3 cm para un estilo de mocas\u00edn cl\u00e1sico<\/li>\n<li><b>Tallas disponibles:<\/b> UE 39, 40, 41, 42, 43, 44, 45<\/li>\n<li><b>Pedido m\u00ednimo:<\/b> 8 Pares (disponibilidad a granel)<\/li>\n<li><b>Plazo de entrega:<\/b> 12 d\u00edas + gastos de env\u00edo<\/li>\n<\/ul>","protected":false},"featured_media":3707,"template":"","meta":{"_acf_changed":false,"_uag_custom_page_level_css":"","site-sidebar-layout":"default","site-content-layout":"","ast-site-content-layout":"default","site-content-style":"default","site-sidebar-style":"default","ast-global-header-display":"","ast-banner-title-visibility":"","ast-main-header-display":"","ast-hfb-above-header-display":"","ast-hfb-below-header-display":"","ast-hfb-mobile-header-display":"","site-post-title":"","ast-breadcrumbs-content":"","ast-featured-img":"","footer-sml-layout":"","ast-disable-related-posts":"","theme-transparent-header-meta":"","adv-header-id-meta":"","stick-header-meta":"","header-above-stick-meta":"","header-main-stick-meta":"","header-below-stick-meta":"","astra-migrate-meta-layouts":"default","ast-page-background-enabled":"default","ast-page-background-meta":{"desktop":{"background-color":"var(--ast-global-color-4)","background-image":"","background-repeat":"repeat","background-position":"center center","background-size":"auto","background-attachment":"scroll","background-type":"","background-media":"","overlay-type":"","overlay-color":"","overlay-opacity":"","overlay-gradient":""},"tablet":{"background-color":"","background-image":"","background-repeat":"repeat","background-position":"center center","background-size":"auto","background-attachment":"scroll","background-type":"","background-media":"","overlay-type":"","overlay-color":"","overlay-opacity":"","overlay-gradient":""},"mobile":{"background-color":"","background-image":"","background-repeat":"repeat","background-position":"center center","background-size":"auto","background-attachment":"scroll","background-type":"","background-media":"","overlay-type":"","overlay-color":"","overlay-opacity":"","overlay-gradient":""}},"ast-content-background-meta":{"desktop":{"background-color":"var(--ast-global-color-5)","background-image":"","background-repeat":"repeat","background-position":"center center","background-size":"auto","background-attachment":"scroll","background-type":"","background-media":"","overlay-type":"","overlay-color":"","overlay-opacity":"","overlay-gradient":""},"tablet":{"background-color":"var(--ast-global-color-5)","background-image":"","background-repeat":"repeat","background-position":"center center","background-size":"auto","background-attachment":"scroll","background-type":"","background-media":"","overlay-type":"","overlay-color":"","overlay-opacity":"","overlay-gradient":""},"mobile":{"background-color":"var(--ast-global-color-5)","background-image":"","background-repeat":"repeat","background-position":"center center","background-size":"auto","background-attachment":"scroll","background-type":"","background-media":"","overlay-type":"","overlay-color":"","overlay-opacity":"","overlay-gradient":""}}},"product_brand":[],"product_cat":[47,430,40],"product_tag":[200,566,512,457,950,944,438,769,189,215,198,186,362,184,721],"class_list":{"0":"post-5516","1":"product","2":"type-product","3":"status-publish","4":"has-post-thumbnail","6":"product_cat-classic","7":"product_cat-men","8":"product_cat-mens-shoes","9":"product_tag-business-casual","10":"product_tag-calfskin-shoes","11":"product_tag-casual-loafers","12":"product_tag-classic-loafers","13":"product_tag-comfort-loafers","14":"product_tag-dress-casual","15":"product_tag-eva-sole","16":"product_tag-gentlemens-shoes","17":"product_tag-goat-leather-lining","18":"product_tag-leather-loafers","19":"product_tag-mens-fashion","20":"product_tag-mens-loafers","21":"product_tag-premium-footwear","22":"product_tag-slip-on-shoes","23":"product_tag-textured-shoes","24":"desktop-align-center","25":"tablet-align-center","26":"mobile-align-center","28":"first","29":"instock","30":"shipping-taxable","31":"purchasable","32":"product-type-variable","33":"has-default-attributes"},"acf":[],"uagb_featured_image_src":{"full":["https:\/\/turkishtrade.co\/wp-content\/uploads\/2026\/01\/2400EJOMN00286-DARK-BROWN-Y_871.png",453,250,false],"thumbnail":["https:\/\/turkishtrade.co\/wp-content\/uploads\/2026\/01\/2400EJOMN00286-DARK-BROWN-Y_871-150x150.png",150,150,true],"medium":["https:\/\/turkishtrade.co\/wp-content\/uploads\/2026\/01\/2400EJOMN00286-DARK-BROWN-Y_871-300x166.png",300,166,true],"medium_large":["https:\/\/turkishtrade.co\/wp-content\/uploads\/2026\/01\/2400EJOMN00286-DARK-BROWN-Y_871.png",453,250,false],"large":["https:\/\/turkishtrade.co\/wp-content\/uploads\/2026\/01\/2400EJOMN00286-DARK-BROWN-Y_871.png",453,250,false],"1536x1536":["https:\/\/turkishtrade.co\/wp-content\/uploads\/2026\/01\/2400EJOMN00286-DARK-BROWN-Y_871.png",453,250,false],"2048x2048":["https:\/\/turkishtrade.co\/wp-content\/uploads\/2026\/01\/2400EJOMN00286-DARK-BROWN-Y_871.png",453,250,false],"trp-custom-language-flag":["https:\/\/turkishtrade.co\/wp-content\/uploads\/2026\/01\/2400EJOMN00286-DARK-BROWN-Y_871-18x10.png",18,10,true],"woocommerce_thumbnail":["https:\/\/turkishtrade.co\/wp-content\/uploads\/2026\/01\/2400EJOMN00286-DARK-BROWN-Y_871-400x250.png",400,250,true],"woocommerce_single":["https:\/\/turkishtrade.co\/wp-content\/uploads\/2026\/01\/2400EJOMN00286-DARK-BROWN-Y_871.png",453,250,false],"woocommerce_gallery_thumbnail":["https:\/\/turkishtrade.co\/wp-content\/uploads\/2026\/01\/2400EJOMN00286-DARK-BROWN-Y_871-100x100.png",100,100,true]},"uagb_author_info":{"display_name":"yaser olabi","author_link":"https:\/\/turkishtrade.co\/es\/author\/"},"uagb_comment_info":0,"uagb_excerpt":"Outer Material: Genuine Calfskin Leather for durability and premium feel Inner Lining: Soft Goat Leather for exceptional comfort and breathability Sole: Lightweight and flexible EVA for superior cushioning Heel Height: Comfortable 1-3 cm for classic loafer styling Available Sizes: EU 39, 40, 41, 42, 43, 44, 45 Minimum Order: 8 Pairs (bulk availability) Delivery Time:&hellip;","_links":{"self":[{"href":"https:\/\/turkishtrade.co\/es\/wp-json\/wp\/v2\/product\/5516","targetHints":{"allow":["GET"]}}],"collection":[{"href":"https:\/\/turkishtrade.co\/es\/wp-json\/wp\/v2\/product"}],"about":[{"href":"https:\/\/turkishtrade.co\/es\/wp-json\/wp\/v2\/types\/product"}],"wp:featuredmedia":[{"embeddable":true,"href":"https:\/\/turkishtrade.co\/es\/wp-json\/wp\/v2\/media\/3707"}],"wp:attachment":[{"href":"https:\/\/turkishtrade.co\/es\/wp-json\/wp\/v2\/media?parent=5516"}],"wp:term":[{"taxonomy":"product_brand","embeddable":true,"href":"https:\/\/turkishtrade.co\/es\/wp-json\/wp\/v2\/product_brand?post=5516"},{"taxonomy":"product_cat","embeddable":true,"href":"https:\/\/turkishtrade.co\/es\/wp-json\/wp\/v2\/product_cat?post=5516"},{"taxonomy":"product_tag","embeddable":true,"href":"https:\/\/turkishtrade.co\/es\/wp-json\/wp\/v2\/product_tag?post=5516"}],"curies":[{"name":"wp","href":"https:\/\/api.w.org\/{rel}","templated":true}]}}