{"id":5503,"date":"2026-01-14T12:08:12","date_gmt":"2026-01-14T12:08:12","guid":{"rendered":"https:\/\/turkishtrade.co\/product\/men-casual-leather-loafers\/"},"modified":"2026-04-09T19:32:31","modified_gmt":"2026-04-09T19:32:31","slug":"mens-casual-leather-loafers-4","status":"publish","type":"product","link":"https:\/\/turkishtrade.co\/es\/shop\/mens-casual-leather-loafers-4\/","title":{"rendered":"Mocasines de hombre en piel de becerro de primera calidad"},"content":{"rendered":"<p><strong>Mocasines de cuero para hombre<\/strong><\/p>\n<p>Descubra el ep\u00edtome del confort sofisticado con nuestro exquisito <b>Mocasines de cuero para hombre<\/b>. Dise\u00f1ados para el caballero moderno que valora tanto el estilo como la sustancia, estos mocasines son un testimonio de artesan\u00eda superior y dise\u00f1o atemporal. Cada par de estos mocasines <b>Mocasines de cuero para hombre<\/b> ofrece una mezcla inigualable de est\u00e9tica cl\u00e1sica y comodidad contempor\u00e1nea, lo que las convierte en un complemento esencial para cualquier armario exigente.<\/p>\n<p>Tanto si te vistes para una reuni\u00f3n de negocios, como para un evento informal o simplemente buscas un calzado refinado para el d\u00eda a d\u00eda, estas vers\u00e1tiles <b>Mocasines de cuero para hombre<\/b> cumplir en todos los frentes.<\/p>\n<p><h3>Artesan\u00eda inigualable y materiales de primera calidad<\/h3>\n<\/p>\n<p>El exterior de este lujoso coche, fabricado con una meticulosa atenci\u00f3n al detalle <b>Mocasines de cuero para hombre<\/b> incorpora la mejor piel de ternero. Esta elecci\u00f3n de material no solo proporciona un acabado rico y elegante en vers\u00e1tiles tonos marr\u00f3n y marr\u00f3n oscuro, sino que tambi\u00e9n garantiza una durabilidad excepcional y un tacto natural y transpirable que se amolda al pie con el paso del tiempo.<\/p>\n<p>La textura suave y flexible de la piel de becerro hace que estos <b>Mocasines de cuero para hombre<\/b> una experiencia t\u00e1ctil de aut\u00e9ntico lujo. Como complemento al robusto exterior, el interior est\u00e1 suntuosamente forrado con suave piel de cabra, famosa por su excepcional suavidad y transpirabilidad. Este forro interior garantiza un confort supremo, eliminando la humedad y proporcionando un ajuste como un guante que mantiene los pies c\u00f3modos durante todo el d\u00eda, mejorando realmente la experiencia de llevar estos zapatos. <b>Mocasines de cuero para hombre<\/b>.<\/p>\n<p><h3>Comodidad y estilo: El mocas\u00edn perfecto para todos los d\u00edas<\/h3>\n<\/p>\n<p>La base de estos destacados <b>Mocasines de cuero para hombre<\/b> reside en su ligera suela de EVA. Este innovador material ofrece una excelente amortiguaci\u00f3n y flexibilidad, asegurando que cada paso sea amortiguado y c\u00f3modo. El tac\u00f3n bajo, que oscila entre 1 y 3 cm, proporciona una sutil elevaci\u00f3n sin comprometer la estabilidad ni el relajado, aunque refinado, atractivo informal.<\/p>\n<p>El cl\u00e1sico dise\u00f1o slip-on se realza con un elegante detalle de hebilla met\u00e1lica, que a\u00f1ade un toque de sofisticaci\u00f3n que eleva estos mocasines m\u00e1s all\u00e1 de lo ordinario. Disponibles en una amplia gama de tallas de la UE, de la 39 a la 45, estos elegantes mocasines son la opci\u00f3n perfecta. <b>Mocasines de cuero para hombre<\/b> atienden a una amplia clientela, lo que garantiza un ajuste perfecto para muchos.<\/p>\n<p><h3>Ideal para pedidos al por mayor y minoristas<\/h3>\n<\/p>\n<p>Para los minoristas y las empresas, estas excepcionales <b>Mocasines de cuero para hombre<\/b> representan una excelente oportunidad para mejorar su oferta de productos. Ofrecemos una cantidad m\u00ednima de pedido de 8 pares, por lo que resulta c\u00f3modo y eficaz almacenar una variedad de tama\u00f1os y colores para satisfacer las demandas de sus clientes. Nuestra producci\u00f3n racionalizada y nuestro fiable proceso de env\u00edo garantizan un plazo de entrega de aproximadamente 12 d\u00edas m\u00e1s gastos de env\u00edo, lo que le permite reponer sus existencias r\u00e1pidamente.<\/p>\n<p>Invierta en calidad, comodidad y un estilo duradero que sus clientes apreciar\u00e1n sin duda. Estos <b>Mocasines de cuero para hombre<\/b> son algo m\u00e1s que un calzado: son una experiencia de confort refinado y elegancia atemporal, perfectas para el profesional o el individuo consciente del estilo que busca una calidad superior. <b>Mocasines de cuero para hombre<\/b>.<\/p>","protected":false},"excerpt":{"rendered":"<ul>\n<li>Parte superior de piel de becerro de primera calidad para una mayor durabilidad y estilo<\/li>\n<li>Lujoso forro de piel de cabra para mayor comodidad y transpirabilidad<\/li>\n<li>Suela ligera de EVA para pasos amortiguados y uso durante todo el d\u00eda<\/li>\n<li>Dise\u00f1o de mocas\u00edn cl\u00e1sico con elegante detalle de hebilla<\/li>\n<li>C\u00f3modo tac\u00f3n bajo (1-3 cm)<\/li>\n<li>Disponible en tallas EU: 39, 40, 41, 42, 43, 44, 45<\/li>\n<li>Cantidad m\u00ednima de pedido: 8 Pares<\/li>\n<li>Plazo de entrega: 12 d\u00edas + gastos de env\u00edo<\/li>\n<\/ul>","protected":false},"featured_media":3697,"template":"","meta":{"_acf_changed":false,"_uag_custom_page_level_css":"","site-sidebar-layout":"default","site-content-layout":"","ast-site-content-layout":"default","site-content-style":"default","site-sidebar-style":"default","ast-global-header-display":"","ast-banner-title-visibility":"","ast-main-header-display":"","ast-hfb-above-header-display":"","ast-hfb-below-header-display":"","ast-hfb-mobile-header-display":"","site-post-title":"","ast-breadcrumbs-content":"","ast-featured-img":"","footer-sml-layout":"","ast-disable-related-posts":"","theme-transparent-header-meta":"","adv-header-id-meta":"","stick-header-meta":"","header-above-stick-meta":"","header-main-stick-meta":"","header-below-stick-meta":"","astra-migrate-meta-layouts":"default","ast-page-background-enabled":"default","ast-page-background-meta":{"desktop":{"background-color":"var(--ast-global-color-4)","background-image":"","background-repeat":"repeat","background-position":"center center","background-size":"auto","background-attachment":"scroll","background-type":"","background-media":"","overlay-type":"","overlay-color":"","overlay-opacity":"","overlay-gradient":""},"tablet":{"background-color":"","background-image":"","background-repeat":"repeat","background-position":"center center","background-size":"auto","background-attachment":"scroll","background-type":"","background-media":"","overlay-type":"","overlay-color":"","overlay-opacity":"","overlay-gradient":""},"mobile":{"background-color":"","background-image":"","background-repeat":"repeat","background-position":"center center","background-size":"auto","background-attachment":"scroll","background-type":"","background-media":"","overlay-type":"","overlay-color":"","overlay-opacity":"","overlay-gradient":""}},"ast-content-background-meta":{"desktop":{"background-color":"var(--ast-global-color-5)","background-image":"","background-repeat":"repeat","background-position":"center center","background-size":"auto","background-attachment":"scroll","background-type":"","background-media":"","overlay-type":"","overlay-color":"","overlay-opacity":"","overlay-gradient":""},"tablet":{"background-color":"var(--ast-global-color-5)","background-image":"","background-repeat":"repeat","background-position":"center center","background-size":"auto","background-attachment":"scroll","background-type":"","background-media":"","overlay-type":"","overlay-color":"","overlay-opacity":"","overlay-gradient":""},"mobile":{"background-color":"var(--ast-global-color-5)","background-image":"","background-repeat":"repeat","background-position":"center center","background-size":"auto","background-attachment":"scroll","background-type":"","background-media":"","overlay-type":"","overlay-color":"","overlay-opacity":"","overlay-gradient":""}}},"product_brand":[],"product_cat":[47,430,40],"product_tag":[949,147,315,202,449,950,725,284,438,189,215,198,186,184,456],"class_list":{"0":"post-5503","1":"product","2":"type-product","3":"status-publish","4":"has-post-thumbnail","6":"product_cat-classic","7":"product_cat-men","8":"product_cat-mens-shoes","9":"product_tag-b2b-footwear","10":"product_tag-brown-loafers","11":"product_tag-buckle-loafers","12":"product_tag-calf-leather","13":"product_tag-casual-shoes","14":"product_tag-comfort-loafers","15":"product_tag-dark-brown-loafers","16":"product_tag-dress-shoes","17":"product_tag-eva-sole","18":"product_tag-goat-leather-lining","19":"product_tag-leather-loafers","20":"product_tag-mens-fashion","21":"product_tag-mens-loafers","22":"product_tag-slip-on-shoes","23":"product_tag-wholesale-loafers","24":"desktop-align-center","25":"tablet-align-center","26":"mobile-align-center","28":"first","29":"instock","30":"shipping-taxable","31":"purchasable","32":"product-type-variable","33":"has-default-attributes"},"acf":[],"uagb_featured_image_src":{"full":["https:\/\/turkishtrade.co\/wp-content\/uploads\/2026\/01\/2400EJOMN00282-DARK-BROWN-Y_871.png",453,250,false],"thumbnail":["https:\/\/turkishtrade.co\/wp-content\/uploads\/2026\/01\/2400EJOMN00282-DARK-BROWN-Y_871-150x150.png",150,150,true],"medium":["https:\/\/turkishtrade.co\/wp-content\/uploads\/2026\/01\/2400EJOMN00282-DARK-BROWN-Y_871-300x166.png",300,166,true],"medium_large":["https:\/\/turkishtrade.co\/wp-content\/uploads\/2026\/01\/2400EJOMN00282-DARK-BROWN-Y_871.png",453,250,false],"large":["https:\/\/turkishtrade.co\/wp-content\/uploads\/2026\/01\/2400EJOMN00282-DARK-BROWN-Y_871.png",453,250,false],"1536x1536":["https:\/\/turkishtrade.co\/wp-content\/uploads\/2026\/01\/2400EJOMN00282-DARK-BROWN-Y_871.png",453,250,false],"2048x2048":["https:\/\/turkishtrade.co\/wp-content\/uploads\/2026\/01\/2400EJOMN00282-DARK-BROWN-Y_871.png",453,250,false],"trp-custom-language-flag":["https:\/\/turkishtrade.co\/wp-content\/uploads\/2026\/01\/2400EJOMN00282-DARK-BROWN-Y_871-18x10.png",18,10,true],"woocommerce_thumbnail":["https:\/\/turkishtrade.co\/wp-content\/uploads\/2026\/01\/2400EJOMN00282-DARK-BROWN-Y_871-400x250.png",400,250,true],"woocommerce_single":["https:\/\/turkishtrade.co\/wp-content\/uploads\/2026\/01\/2400EJOMN00282-DARK-BROWN-Y_871.png",453,250,false],"woocommerce_gallery_thumbnail":["https:\/\/turkishtrade.co\/wp-content\/uploads\/2026\/01\/2400EJOMN00282-DARK-BROWN-Y_871-100x100.png",100,100,true]},"uagb_author_info":{"display_name":"yaser olabi","author_link":"https:\/\/turkishtrade.co\/es\/author\/"},"uagb_comment_info":0,"uagb_excerpt":"Premium Calf Leather Upper for superior durability and style Luxurious Goat Leather Lining for ultimate comfort and breathability Lightweight EVA Sole for cushioned steps and all-day wear Classic Loafer Design with elegant buckle detail Comfortable Low Heel (1-3 cm) Available in EU Sizes: 39, 40, 41, 42, 43, 44, 45 Minimum Order Quantity: 8 Pairs&hellip;","_links":{"self":[{"href":"https:\/\/turkishtrade.co\/es\/wp-json\/wp\/v2\/product\/5503","targetHints":{"allow":["GET"]}}],"collection":[{"href":"https:\/\/turkishtrade.co\/es\/wp-json\/wp\/v2\/product"}],"about":[{"href":"https:\/\/turkishtrade.co\/es\/wp-json\/wp\/v2\/types\/product"}],"wp:featuredmedia":[{"embeddable":true,"href":"https:\/\/turkishtrade.co\/es\/wp-json\/wp\/v2\/media\/3697"}],"wp:attachment":[{"href":"https:\/\/turkishtrade.co\/es\/wp-json\/wp\/v2\/media?parent=5503"}],"wp:term":[{"taxonomy":"product_brand","embeddable":true,"href":"https:\/\/turkishtrade.co\/es\/wp-json\/wp\/v2\/product_brand?post=5503"},{"taxonomy":"product_cat","embeddable":true,"href":"https:\/\/turkishtrade.co\/es\/wp-json\/wp\/v2\/product_cat?post=5503"},{"taxonomy":"product_tag","embeddable":true,"href":"https:\/\/turkishtrade.co\/es\/wp-json\/wp\/v2\/product_tag?post=5503"}],"curies":[{"name":"wp","href":"https:\/\/api.w.org\/{rel}","templated":true}]}}