{"id":5500,"date":"2026-01-14T12:07:52","date_gmt":"2026-01-14T12:07:52","guid":{"rendered":"https:\/\/turkishtrade.co\/product\/men-leather-cap-toe-derby-shoes\/"},"modified":"2026-04-09T19:32:36","modified_gmt":"2026-04-09T19:32:36","slug":"mens-leather-cap-toe-derby-shoes","status":"publish","type":"product","link":"https:\/\/turkishtrade.co\/es\/shop\/mens-leather-cap-toe-derby-shoes\/","title":{"rendered":"Zapatos de vestir Derby con puntera de piel de primera calidad para hombre"},"content":{"rendered":"<p><strong>Zapatos derby con puntera de piel para hombre<\/strong><\/p>\n<p>Ad\u00e9ntrese en una sofisticaci\u00f3n sin igual con nuestra exquisita colecci\u00f3n de <strong>Zapatos derby con puntera de piel para hombre<\/strong>. Meticulosamente dise\u00f1ados para el caballero exigente, estos zapatos combinan el estilo cl\u00e1sico con la comodidad moderna, convirti\u00e9ndolos en un complemento indispensable para cualquier armario. Tanto si asiste a una reuni\u00f3n formal de negocios como a una boda o a un refinado evento nocturno, estos zapatos de primera calidad son perfectos para cualquier ocasi\u00f3n. <strong>zapatos Derby con puntera de piel para hombre<\/strong> se asegurar\u00e1n de que causes una impresi\u00f3n duradera con su elegante silueta y su artesan\u00eda superior, encarnando verdaderamente la esencia del calzado formal de calidad.<\/p>\n<p><h3>Calidad inigualable y excelencia artesanal en zapatos Derby<\/h3>\n<\/p>\n<p>Cada par de nuestros <strong>Zapatos derby con puntera de piel para hombre<\/strong> es un testimonio de habilidad artesanal excepcional. La superficie exterior est\u00e1 hecha a mano con <strong>aut\u00e9ntica piel de becerro<\/strong>, famosa por su textura suave, durabilidad y aspecto lujoso. Esta piel de primera calidad no solo tiene un aspecto magn\u00edfico, sino que se amolda al pie con el paso del tiempo, ofreciendo un ajuste personalizado.<\/p>\n<p>Como complemento, el interior est\u00e1 forrado con un suntuoso y suave <strong>cuero de cabra<\/strong>, que proporcionan transpirabilidad y un tacto excepcionalmente c\u00f3modo sobre la piel. Esta construcci\u00f3n de doble piel garantiza tanto una protecci\u00f3n exterior robusta como una experiencia interior afelpada, estableciendo estas botas de primera calidad. <strong>zapatos Derby con puntera de piel para hombre<\/strong> como una opci\u00f3n superior.<\/p>\n<p><h3>Dise\u00f1ado para un confort \u00f3ptimo y un estilo duradero<\/h3>\n<\/p>\n<p>La comodidad es primordial sin renunciar al estilo. Nuestro <strong>Zapatos derby con puntera de piel para hombre<\/strong> ligero pero muy duradero <strong>Suela de EVA<\/strong>. Esta avanzada tecnolog\u00eda de suela proporciona una excelente absorci\u00f3n de impactos, flexibilidad y tracci\u00f3n, permitiendo un movimiento sin esfuerzo durante todo el d\u00eda.<\/p>\n<p>La cl\u00e1sica altura de tac\u00f3n de 1-3 cm ofrece una sutil elevaci\u00f3n y mantiene un perfil refinado, perfecto para entornos profesionales. El distinguido dise\u00f1o de puntera a\u00f1ade un toque de elegancia tradicional, haciendo que estos vers\u00e1tiles <strong>zapatos Derby con puntera de piel para hombre<\/strong> adecuados para complementar una amplia gama de atuendos, desde trajes elegantes hasta conjuntos elegantes e informales.<\/p>\n<p>Experimente la perfecta armon\u00eda de est\u00e9tica cl\u00e1sica y confort contempor\u00e1neo con estos excepcionales zapatos formales, aut\u00e9nticos referentes de <strong>zapatos Derby con puntera de piel para hombre<\/strong>.<\/p>\n<p><h3>Versatilidad para cada ocasi\u00f3n con sus zapatos Derby<\/h3>\n<\/p>\n<p>El atractivo atemporal de estos <strong>Zapatos derby con puntera de piel para hombre<\/strong> los hace incre\u00edblemente vers\u00e1tiles. Son la elecci\u00f3n por excelencia para el atuendo de negocios, ya que ofrecen un aspecto pulido y profesional. M\u00e1s all\u00e1 de la sala de juntas, se adaptan perfectamente a eventos semiformales, aportando un toque sofisticado.<\/p>\n<p>Invierte en un par de <strong>zapatos Derby con puntera de piel para hombre<\/strong> que no s\u00f3lo elevan su estilo, sino que tambi\u00e9n proporcionan comodidad y calidad duraderas. No son s\u00f3lo zapatos; son una extensi\u00f3n de su estilo personal, que refleja el aprecio por la calidad y la tradici\u00f3n. Tambi\u00e9n ofrecemos varios colores, como el negro cl\u00e1sico y el marr\u00f3n intenso, que combinan a la perfecci\u00f3n con sus preferencias y su vestuario, para que encuentre el zapato perfecto. <strong>zapatos Derby con puntera de piel para hombre<\/strong> para cualquier ocasi\u00f3n.<\/p>\n<p><h3>Oportunidades al por mayor y servicio fiable para zapatos Derby<\/h3>\n<\/p>\n<p>Para minoristas y empresas, ofrecemos estos productos de alta calidad <strong>Zapatos derby con puntera de piel para hombre<\/strong> con un pedido m\u00ednimo de 8 pares. Nuestro eficaz proceso de producci\u00f3n y env\u00edo garantiza que su pedido estar\u00e1 listo para el env\u00edo en un plazo de 12 d\u00edas, seguido de una entrega de carga est\u00e1ndar. Con tallas disponibles desde la UE 39 a la 45, puede atender a una amplia base de clientes, proporcion\u00e1ndoles calzado formal de primera calidad que resiste el paso del tiempo.<\/p>\n<p>Elija nuestro exquisito <strong>zapatos Derby con puntera de piel para hombre<\/strong> para una mezcla de lujo, confort y fiabilidad en su inventario.<\/p>","protected":false},"excerpt":{"rendered":"<ul>\n<li><strong>Artesan\u00eda de primera calidad:<\/strong> Fabricado a mano con materiales de primera calidad para ofrecer una calidad duradera.<\/li>\n<li><strong>Materiales de lujo:<\/strong> Exterior de aut\u00e9ntica piel de becerro, forro interior de suave piel de cabra.<\/li>\n<li><strong>Suela confortable:<\/strong> Incorpora una suela de EVA ligera y flexible para llevarlas todo el d\u00eda y ofrecer una tracci\u00f3n superior.<\/li>\n<li><strong>Estilo Derby cl\u00e1sico:<\/strong> Elegante dise\u00f1o de puntera, perfecto para conjuntos formales e informales.<\/li>\n<li><strong>Altura del tac\u00f3n vers\u00e1til:<\/strong> Tac\u00f3n est\u00e1ndar de 1-3 cm para un atractivo atemporal y una postura c\u00f3moda.<\/li>\n<li><strong>Tallas disponibles:<\/strong> Amplia gama desde EU 39 a 45 para garantizar un ajuste perfecto a diversos clientes.<\/li>\n<li><strong>Disponibilidad a granel:<\/strong> Cantidad m\u00ednima de pedido de 8 pares para compras eficientes al por mayor.<\/li>\n<li><strong>Entrega eficaz:<\/strong> Pedidos procesados y listos para su env\u00edo en 12 d\u00edas, m\u00e1s el tiempo de tr\u00e1nsito est\u00e1ndar de la carga.<\/li>\n<\/ul>","protected":false},"featured_media":3695,"template":"","meta":{"_acf_changed":false,"_uag_custom_page_level_css":"","site-sidebar-layout":"default","site-content-layout":"","ast-site-content-layout":"default","site-content-style":"default","site-sidebar-style":"default","ast-global-header-display":"","ast-banner-title-visibility":"","ast-main-header-display":"","ast-hfb-above-header-display":"","ast-hfb-below-header-display":"","ast-hfb-mobile-header-display":"","site-post-title":"","ast-breadcrumbs-content":"","ast-featured-img":"","footer-sml-layout":"","ast-disable-related-posts":"","theme-transparent-header-meta":"","adv-header-id-meta":"","stick-header-meta":"","header-above-stick-meta":"","header-main-stick-meta":"","header-below-stick-meta":"","astra-migrate-meta-layouts":"default","ast-page-background-enabled":"default","ast-page-background-meta":{"desktop":{"background-color":"var(--ast-global-color-4)","background-image":"","background-repeat":"repeat","background-position":"center center","background-size":"auto","background-attachment":"scroll","background-type":"","background-media":"","overlay-type":"","overlay-color":"","overlay-opacity":"","overlay-gradient":""},"tablet":{"background-color":"","background-image":"","background-repeat":"repeat","background-position":"center center","background-size":"auto","background-attachment":"scroll","background-type":"","background-media":"","overlay-type":"","overlay-color":"","overlay-opacity":"","overlay-gradient":""},"mobile":{"background-color":"","background-image":"","background-repeat":"repeat","background-position":"center center","background-size":"auto","background-attachment":"scroll","background-type":"","background-media":"","overlay-type":"","overlay-color":"","overlay-opacity":"","overlay-gradient":""}},"ast-content-background-meta":{"desktop":{"background-color":"var(--ast-global-color-5)","background-image":"","background-repeat":"repeat","background-position":"center center","background-size":"auto","background-attachment":"scroll","background-type":"","background-media":"","overlay-type":"","overlay-color":"","overlay-opacity":"","overlay-gradient":""},"tablet":{"background-color":"var(--ast-global-color-5)","background-image":"","background-repeat":"repeat","background-position":"center center","background-size":"auto","background-attachment":"scroll","background-type":"","background-media":"","overlay-type":"","overlay-color":"","overlay-opacity":"","overlay-gradient":""},"mobile":{"background-color":"var(--ast-global-color-5)","background-image":"","background-repeat":"repeat","background-position":"center center","background-size":"auto","background-attachment":"scroll","background-type":"","background-media":"","overlay-type":"","overlay-color":"","overlay-opacity":"","overlay-gradient":""}}},"product_brand":[],"product_cat":[47,430,40],"product_tag":[407,613,405,185,458,809,181,946,948,438,314,189,450,535,820,945,787,546,947],"class_list":{"0":"post-5500","1":"product","2":"type-product","3":"status-publish","4":"has-post-thumbnail","6":"product_cat-classic","7":"product_cat-men","8":"product_cat-mens-shoes","9":"product_tag-black-derby-shoes","10":"product_tag-brown-derby-shoes","11":"product_tag-business-shoes","12":"product_tag-calf-leather-shoes","13":"product_tag-cap-toe-shoes","14":"product_tag-classic-mens-footwear","15":"product_tag-comfortable-dress-shoes","16":"product_tag-derby-dress-shoes","17":"product_tag-eu-39-45-shoes","18":"product_tag-eva-sole","19":"product_tag-formal-mens-shoes","20":"product_tag-goat-leather-lining","21":"product_tag-handcrafted-shoes","22":"product_tag-leather-dress-shoes","23":"product_tag-mens-formal-wear","24":"product_tag-mens-leather-cap-toe-derby-shoes","25":"product_tag-premium-mens-shoes","26":"product_tag-stylish-mens-shoes","27":"product_tag-wholesale-derby-shoes","28":"desktop-align-center","29":"tablet-align-center","30":"mobile-align-center","32":"first","33":"instock","34":"shipping-taxable","35":"purchasable","36":"product-type-variable","37":"has-default-attributes"},"acf":[],"uagb_featured_image_src":{"full":["https:\/\/turkishtrade.co\/wp-content\/uploads\/2026\/01\/2400EJOMN00281-BROWN-Y_104.png",453,250,false],"thumbnail":["https:\/\/turkishtrade.co\/wp-content\/uploads\/2026\/01\/2400EJOMN00281-BROWN-Y_104-150x150.png",150,150,true],"medium":["https:\/\/turkishtrade.co\/wp-content\/uploads\/2026\/01\/2400EJOMN00281-BROWN-Y_104-300x166.png",300,166,true],"medium_large":["https:\/\/turkishtrade.co\/wp-content\/uploads\/2026\/01\/2400EJOMN00281-BROWN-Y_104.png",453,250,false],"large":["https:\/\/turkishtrade.co\/wp-content\/uploads\/2026\/01\/2400EJOMN00281-BROWN-Y_104.png",453,250,false],"1536x1536":["https:\/\/turkishtrade.co\/wp-content\/uploads\/2026\/01\/2400EJOMN00281-BROWN-Y_104.png",453,250,false],"2048x2048":["https:\/\/turkishtrade.co\/wp-content\/uploads\/2026\/01\/2400EJOMN00281-BROWN-Y_104.png",453,250,false],"trp-custom-language-flag":["https:\/\/turkishtrade.co\/wp-content\/uploads\/2026\/01\/2400EJOMN00281-BROWN-Y_104-18x10.png",18,10,true],"woocommerce_thumbnail":["https:\/\/turkishtrade.co\/wp-content\/uploads\/2026\/01\/2400EJOMN00281-BROWN-Y_104-400x250.png",400,250,true],"woocommerce_single":["https:\/\/turkishtrade.co\/wp-content\/uploads\/2026\/01\/2400EJOMN00281-BROWN-Y_104.png",453,250,false],"woocommerce_gallery_thumbnail":["https:\/\/turkishtrade.co\/wp-content\/uploads\/2026\/01\/2400EJOMN00281-BROWN-Y_104-100x100.png",100,100,true]},"uagb_author_info":{"display_name":"yaser olabi","author_link":"https:\/\/turkishtrade.co\/es\/author\/"},"uagb_comment_info":0,"uagb_excerpt":"Premium Craftsmanship: Expertly handcrafted with superior materials for enduring quality. Luxurious Materials: Outer surface crafted from genuine calf leather, inner lining from soft goat leather. Comfort-Focused Sole: Features a lightweight and flexible EVA sole for all-day wear and superior traction. Classic Derby Style: Elegant cap-toe design, perfect for both formal and smart-casual ensembles. Versatile Heel&hellip;","_links":{"self":[{"href":"https:\/\/turkishtrade.co\/es\/wp-json\/wp\/v2\/product\/5500","targetHints":{"allow":["GET"]}}],"collection":[{"href":"https:\/\/turkishtrade.co\/es\/wp-json\/wp\/v2\/product"}],"about":[{"href":"https:\/\/turkishtrade.co\/es\/wp-json\/wp\/v2\/types\/product"}],"wp:featuredmedia":[{"embeddable":true,"href":"https:\/\/turkishtrade.co\/es\/wp-json\/wp\/v2\/media\/3695"}],"wp:attachment":[{"href":"https:\/\/turkishtrade.co\/es\/wp-json\/wp\/v2\/media?parent=5500"}],"wp:term":[{"taxonomy":"product_brand","embeddable":true,"href":"https:\/\/turkishtrade.co\/es\/wp-json\/wp\/v2\/product_brand?post=5500"},{"taxonomy":"product_cat","embeddable":true,"href":"https:\/\/turkishtrade.co\/es\/wp-json\/wp\/v2\/product_cat?post=5500"},{"taxonomy":"product_tag","embeddable":true,"href":"https:\/\/turkishtrade.co\/es\/wp-json\/wp\/v2\/product_tag?post=5500"}],"curies":[{"name":"wp","href":"https:\/\/api.w.org\/{rel}","templated":true}]}}