{"id":5492,"date":"2026-01-14T12:06:50","date_gmt":"2026-01-14T12:06:50","guid":{"rendered":"https:\/\/turkishtrade.co\/product\/calf-leather-derby-shoes\/"},"modified":"2026-04-09T19:32:50","modified_gmt":"2026-04-09T19:32:50","slug":"calf-leather-derby-shoes","status":"publish","type":"product","link":"https:\/\/turkishtrade.co\/es\/shop\/calf-leather-derby-shoes\/","title":{"rendered":"Zapatos Derby de hombre en piel de becerro de primera calidad"},"content":{"rendered":"<p><strong>Zapatos Derby de piel de becerro<\/strong><\/p>\n<p>Sum\u00e9rjase en una sofisticaci\u00f3n y un confort incomparables con nuestra meticulosamente elaborada <b>Zapatos Derby de piel de becerro<\/b>. Dise\u00f1ados para el caballero moderno, estos zapatos combinan la elegancia atemporal con la comodidad contempor\u00e1nea, convirti\u00e9ndolos en un complemento esencial para cualquier armario exigente. Tanto si acude a una reuni\u00f3n de negocios como a un encuentro informal de fin de semana, estos zapatos de primera calidad son perfectos para cualquier ocasi\u00f3n. <b>zapatos derby de piel de becerro<\/b> est\u00e1n dise\u00f1ados para impresionar.<\/p>\n<h3>Materiales excepcionales y artesan\u00eda superior<\/h3>\n<p>Cada par de nuestros <b>zapatos derby de piel de becerro<\/b> es un testimonio de arte superior y materiales de calidad. La superficie exterior es de aut\u00e9ntica piel de ternero 100%, famosa por su textura suave, durabilidad y aspecto lujoso. Esta piel de becerro de primera calidad garantiza un acabado elegante y una gran resistencia, desarrollando una hermosa p\u00e1tina con el paso del tiempo. En el interior, sus pies experimentar\u00e1n el m\u00e1ximo confort con un forro completo de piel de cabra. La piel de cabra es famosa por su excepcional transpirabilidad y tacto suave, que ayuda a mantener los pies frescos y secos durante todo el d\u00eda. Esta cuidadosa selecci\u00f3n de materiales garantiza tanto la longevidad como una exquisita experiencia de uso para nuestros zapatos. <b>zapatos derby de piel de becerro<\/b>.<\/p>\n<h3>Comodidad inigualable con la tecnolog\u00eda de suela EVA<\/h3>\n<p>La comodidad es primordial, y nuestro <b>zapatos derby de piel de becerro<\/b> entregar. Con una suela de EVA ligera y flexible, estas zapatillas proporcionan una excelente amortiguaci\u00f3n y absorci\u00f3n de impactos a cada paso. La duradera suela de EVA garantiza un uso duradero a la vez que mantiene el calzado incre\u00edblemente ligero, reduciendo la fatiga del pie incluso tras periodos prolongados. Con una sutil altura de tac\u00f3n de 1-3 cm, estos cl\u00e1sicos <b>zapatos derby de piel de becerro<\/b> ofrecen una sujeci\u00f3n estable y un perfil refinado sin renunciar a la comodidad. Disponibles en una amplia gama de tallas, de la 39 a la 45, encontrar el ajuste perfecto nunca ha sido tan f\u00e1cil.<\/p>\n<h3>Estilo vers\u00e1til para cualquier ocasi\u00f3n<\/h3>\n<p>La cl\u00e1sica silueta derby, realzada por elegantes costuras moc-toe, hace que estos <b>zapatos derby de piel de becerro<\/b> incre\u00edblemente vers\u00e1tiles. Disponibles en negro sofisticado y marr\u00f3n intenso, complementan sin esfuerzo una amplia gama de conjuntos. Combine el negro <b>zapatos derby de piel de becerro<\/b> con un traje elegante para un look formal, o combina la opci\u00f3n marr\u00f3n con pantalones chinos para un conjunto elegante e informal. Su dise\u00f1o adaptable garantiza que siempre ir\u00e1s impecablemente vestido, sea cual sea la ocasi\u00f3n.<\/p>\n<h3>Oportunidades al por mayor y entrega fiable<\/h3>\n<p>Para minoristas y empresas, ofrecemos estos excepcionales <b>zapatos derby de piel de becerro<\/b> con un pedido m\u00ednimo de 8 pares. Benef\u00edciese de precios al por mayor competitivos y de un servicio fiable. La producci\u00f3n y la entrega suelen tardar unos 12 d\u00edas, m\u00e1s el tiempo de env\u00edo, lo que garantiza un proceso \u00e1gil para sus pedidos al por mayor. Invierta en calzado de calidad que sus clientes sabr\u00e1n apreciar.<\/p>","protected":false},"excerpt":{"rendered":"<ul>\n<li>Fabricado en piel de ternero de primera calidad para un exterior refinado y una elegancia duradera.<\/li>\n<li>Forro interior de piel de cabra suave y transpirable para un confort superior.<\/li>\n<li>Suela de EVA ligera y amortiguadora para amortiguaci\u00f3n y flexibilidad durante todo el d\u00eda.<\/li>\n<li>Cl\u00e1sica silueta derby con sutiles costuras moc-toe, disponible en sofisticado negro y rico marr\u00f3n.<\/li>\n<li>Amplia gama de tallas del 39 al 45 para garantizar el ajuste perfecto.<\/li>\n<li>Cantidad m\u00ednima de pedido disponible de 8 pares, ideal para compras al por mayor y socios minoristas.<\/li>\n<li>Producci\u00f3n y entrega fiables en un plazo aproximado de 12 d\u00edas, m\u00e1s el tiempo de env\u00edo.<\/li>\n<\/ul>","protected":false},"featured_media":3690,"template":"","meta":{"_acf_changed":false,"_uag_custom_page_level_css":"","site-sidebar-layout":"default","site-content-layout":"","ast-site-content-layout":"default","site-content-style":"default","site-sidebar-style":"default","ast-global-header-display":"","ast-banner-title-visibility":"","ast-main-header-display":"","ast-hfb-above-header-display":"","ast-hfb-below-header-display":"","ast-hfb-mobile-header-display":"","site-post-title":"","ast-breadcrumbs-content":"","ast-featured-img":"","footer-sml-layout":"","ast-disable-related-posts":"","theme-transparent-header-meta":"","adv-header-id-meta":"","stick-header-meta":"","header-above-stick-meta":"","header-main-stick-meta":"","header-below-stick-meta":"","astra-migrate-meta-layouts":"default","ast-page-background-enabled":"default","ast-page-background-meta":{"desktop":{"background-color":"var(--ast-global-color-4)","background-image":"","background-repeat":"repeat","background-position":"center center","background-size":"auto","background-attachment":"scroll","background-type":"","background-media":"","overlay-type":"","overlay-color":"","overlay-opacity":"","overlay-gradient":""},"tablet":{"background-color":"","background-image":"","background-repeat":"repeat","background-position":"center center","background-size":"auto","background-attachment":"scroll","background-type":"","background-media":"","overlay-type":"","overlay-color":"","overlay-opacity":"","overlay-gradient":""},"mobile":{"background-color":"","background-image":"","background-repeat":"repeat","background-position":"center center","background-size":"auto","background-attachment":"scroll","background-type":"","background-media":"","overlay-type":"","overlay-color":"","overlay-opacity":"","overlay-gradient":""}},"ast-content-background-meta":{"desktop":{"background-color":"var(--ast-global-color-5)","background-image":"","background-repeat":"repeat","background-position":"center center","background-size":"auto","background-attachment":"scroll","background-type":"","background-media":"","overlay-type":"","overlay-color":"","overlay-opacity":"","overlay-gradient":""},"tablet":{"background-color":"var(--ast-global-color-5)","background-image":"","background-repeat":"repeat","background-position":"center center","background-size":"auto","background-attachment":"scroll","background-type":"","background-media":"","overlay-type":"","overlay-color":"","overlay-opacity":"","overlay-gradient":""},"mobile":{"background-color":"var(--ast-global-color-5)","background-image":"","background-repeat":"repeat","background-position":"center center","background-size":"auto","background-attachment":"scroll","background-type":"","background-media":"","overlay-type":"","overlay-color":"","overlay-opacity":"","overlay-gradient":""}}},"product_brand":[],"product_cat":[47,430,40],"product_tag":[407,613,405,943,754,319,212,287,251,189,351,324,286,318,280,262],"class_list":{"0":"post-5492","1":"product","2":"type-product","3":"status-publish","4":"has-post-thumbnail","6":"product_cat-classic","7":"product_cat-men","8":"product_cat-mens-shoes","9":"product_tag-black-derby-shoes","10":"product_tag-brown-derby-shoes","11":"product_tag-business-shoes","12":"product_tag-calf-leather-derby-shoes","13":"product_tag-classic-mens-shoes","14":"product_tag-comfortable-leather-shoes","15":"product_tag-derby-shoes","16":"product_tag-eva-sole-shoes","17":"product_tag-formal-shoes","18":"product_tag-goat-leather-lining","19":"product_tag-leather-footwear","20":"product_tag-mens-dress-shoes","21":"product_tag-mens-leather-shoes","22":"product_tag-moc-toe-shoes","23":"product_tag-smart-casual-shoes","24":"product_tag-wholesale-mens-shoes","25":"desktop-align-center","26":"tablet-align-center","27":"mobile-align-center","29":"first","30":"instock","31":"shipping-taxable","32":"purchasable","33":"product-type-variable","34":"has-default-attributes"},"acf":[],"uagb_featured_image_src":{"full":["https:\/\/turkishtrade.co\/wp-content\/uploads\/2026\/01\/2400EJOMN00276-DARK-BROWN-DKS_622-1-usd.png",453,250,false],"thumbnail":["https:\/\/turkishtrade.co\/wp-content\/uploads\/2026\/01\/2400EJOMN00276-DARK-BROWN-DKS_622-1-usd-150x150.png",150,150,true],"medium":["https:\/\/turkishtrade.co\/wp-content\/uploads\/2026\/01\/2400EJOMN00276-DARK-BROWN-DKS_622-1-usd-300x166.png",300,166,true],"medium_large":["https:\/\/turkishtrade.co\/wp-content\/uploads\/2026\/01\/2400EJOMN00276-DARK-BROWN-DKS_622-1-usd.png",453,250,false],"large":["https:\/\/turkishtrade.co\/wp-content\/uploads\/2026\/01\/2400EJOMN00276-DARK-BROWN-DKS_622-1-usd.png",453,250,false],"1536x1536":["https:\/\/turkishtrade.co\/wp-content\/uploads\/2026\/01\/2400EJOMN00276-DARK-BROWN-DKS_622-1-usd.png",453,250,false],"2048x2048":["https:\/\/turkishtrade.co\/wp-content\/uploads\/2026\/01\/2400EJOMN00276-DARK-BROWN-DKS_622-1-usd.png",453,250,false],"trp-custom-language-flag":["https:\/\/turkishtrade.co\/wp-content\/uploads\/2026\/01\/2400EJOMN00276-DARK-BROWN-DKS_622-1-usd-18x10.png",18,10,true],"woocommerce_thumbnail":["https:\/\/turkishtrade.co\/wp-content\/uploads\/2026\/01\/2400EJOMN00276-DARK-BROWN-DKS_622-1-usd-400x250.png",400,250,true],"woocommerce_single":["https:\/\/turkishtrade.co\/wp-content\/uploads\/2026\/01\/2400EJOMN00276-DARK-BROWN-DKS_622-1-usd.png",453,250,false],"woocommerce_gallery_thumbnail":["https:\/\/turkishtrade.co\/wp-content\/uploads\/2026\/01\/2400EJOMN00276-DARK-BROWN-DKS_622-1-usd-100x100.png",100,100,true]},"uagb_author_info":{"display_name":"yaser olabi","author_link":"https:\/\/turkishtrade.co\/es\/author\/"},"uagb_comment_info":0,"uagb_excerpt":"Crafted from premium calf leather for a refined exterior and lasting elegance. Soft and breathable goat leather interior lining for superior comfort. Lightweight and shock-absorbing EVA sole for all-day cushioning and flexibility. Classic derby silhouette with subtle moc-toe stitching, available in sophisticated black and rich brown. Comprehensive size range from 39 to 45 to ensure&hellip;","_links":{"self":[{"href":"https:\/\/turkishtrade.co\/es\/wp-json\/wp\/v2\/product\/5492","targetHints":{"allow":["GET"]}}],"collection":[{"href":"https:\/\/turkishtrade.co\/es\/wp-json\/wp\/v2\/product"}],"about":[{"href":"https:\/\/turkishtrade.co\/es\/wp-json\/wp\/v2\/types\/product"}],"wp:featuredmedia":[{"embeddable":true,"href":"https:\/\/turkishtrade.co\/es\/wp-json\/wp\/v2\/media\/3690"}],"wp:attachment":[{"href":"https:\/\/turkishtrade.co\/es\/wp-json\/wp\/v2\/media?parent=5492"}],"wp:term":[{"taxonomy":"product_brand","embeddable":true,"href":"https:\/\/turkishtrade.co\/es\/wp-json\/wp\/v2\/product_brand?post=5492"},{"taxonomy":"product_cat","embeddable":true,"href":"https:\/\/turkishtrade.co\/es\/wp-json\/wp\/v2\/product_cat?post=5492"},{"taxonomy":"product_tag","embeddable":true,"href":"https:\/\/turkishtrade.co\/es\/wp-json\/wp\/v2\/product_tag?post=5492"}],"curies":[{"name":"wp","href":"https:\/\/api.w.org\/{rel}","templated":true}]}}