{"id":5486,"date":"2026-01-14T12:06:12","date_gmt":"2026-01-14T12:06:12","guid":{"rendered":"https:\/\/turkishtrade.co\/product\/men-classic-leather-loafers\/"},"modified":"2026-04-09T19:33:01","modified_gmt":"2026-04-09T19:33:01","slug":"mens-classic-leather-loafers-dress","status":"publish","type":"product","link":"https:\/\/turkishtrade.co\/es\/shop\/mens-classic-leather-loafers-dress\/","title":{"rendered":"Mocasines cl\u00e1sicos de piel para hombre con suela de EVA"},"content":{"rendered":"<p><strong>Mocasines cl\u00e1sicos de piel para hombre<\/strong><\/p>\n<p>Ad\u00e9ntrese en la elegancia atemporal y el confort incomparable de nuestra colecci\u00f3n de <strong>Mocasines cl\u00e1sicos de piel para hombre<\/strong>. Dise\u00f1ados para el caballero exigente, estos exquisitos zapatos combinan la artesan\u00eda tradicional con materiales modernos para crear un calzado elegante e incre\u00edblemente c\u00f3modo. Cada par de nuestros <strong>Mocasines cl\u00e1sicos de piel para hombre<\/strong> es un testimonio de calidad, que le garantiza una impresi\u00f3n duradera tanto en una reuni\u00f3n de negocios como en un encuentro social informal.<\/p>\n<p>Nuestra <strong>Mocasines cl\u00e1sicos de piel para hombre<\/strong> est\u00e1n fabricados meticulosamente con los mejores materiales. La superficie exterior es de aut\u00e9ntica piel de becerro de primera calidad, famosa por su suave textura, resistencia y elegante acabado. Esta piel de alta calidad no s\u00f3lo proporciona un aspecto sofisticado, sino que tambi\u00e9n garantiza la longevidad de sus mocasines. En el interior, sus pies estar\u00e1n acunados por un lujoso forro de piel de cabra, que ofrece una transpirabilidad excepcional y un tacto afelpado que se amolda a su pie con el paso del tiempo. Esta combinaci\u00f3n de materiales garantiza una experiencia de aut\u00e9ntico lujo a cada paso.<\/p>\n<h3>Comodidad y versatilidad inigualables<\/h3>\n<p>La comodidad es primordial, y estas <strong>Mocasines cl\u00e1sicos de piel para hombre<\/strong> no defraudan. La ligera suela de EVA ofrece una amortiguaci\u00f3n y flexibilidad superiores, reduciendo la fatiga del pie incluso tras largos periodos de uso. Su naturaleza duradera proporciona una excelente tracci\u00f3n, lo que hace que estos mocasines sean adecuados para diversos entornos. El dise\u00f1o cl\u00e1sico de mocas\u00edn, con detalles de cordones y sutiles perforaciones, hace que estos zapatos sean incre\u00edblemente vers\u00e1tiles. Son el complemento perfecto para un traje elegante en eventos formales, pero tambi\u00e9n se adaptan a chinos o vaqueros elegantes para un look informal pulido. Mejora tu colecci\u00f3n de calzado con estos zapatos adaptables y elegantes. <strong>Mocasines cl\u00e1sicos de piel para hombre<\/strong>.<\/p>\n<p>Entendemos la importancia de la calidad y la coherencia para nuestros socios mayoristas. Por eso, estos <strong>Mocasines cl\u00e1sicos de piel para hombre<\/strong> est\u00e1n disponibles para un pedido m\u00ednimo de 8 pares, con un plazo de entrega fiable de 12 d\u00edas m\u00e1s gastos de env\u00edo. Disponible en una amplia gama de tallas, de la 39 a la 45, puede satisfacer a una clientela amplia que busca mocasines cl\u00e1sicos de piel para hombre excepcionales. Invierta en un calzado que combina el atractivo cl\u00e1sico con la comodidad y durabilidad actuales. Nuestra <strong>Mocasines cl\u00e1sicos de piel para hombre<\/strong> representan el pin\u00e1culo del estilo y la calidad masculinos, prometiendo satisfacci\u00f3n con cada compra.<\/p>","protected":false},"excerpt":{"rendered":"<ul>\n<li>Mocasines cl\u00e1sicos de piel para hombre elaborados por expertos<\/li>\n<li>Superficie exterior de piel de becerro de primera calidad (Dana Derisi) para una durabilidad y un estilo superiores<\/li>\n<li>Lujoso forro interior de piel de cabra (Ke\u00e7i Derisi) para un confort excepcional<\/li>\n<li>Suela de EVA (Taban) ligera y flexible para llevarla todo el d\u00eda<\/li>\n<li>Disponible en una amplia gama de tallas: UE 39-45<\/li>\n<li>Ideal tanto para vestir sofisticadamente como para ocasiones elegantes e informales.<\/li>\n<li>Cantidad m\u00ednima de pedido: 8 pares (al por mayor)<\/li>\n<li>Plazo de entrega: 12 d\u00edas + gastos de env\u00edo<\/li>\n<\/ul>","protected":false},"featured_media":3686,"template":"","meta":{"_acf_changed":false,"_uag_custom_page_level_css":"","site-sidebar-layout":"default","site-content-layout":"","ast-site-content-layout":"default","site-content-style":"default","site-sidebar-style":"default","ast-global-header-display":"","ast-banner-title-visibility":"","ast-main-header-display":"","ast-hfb-above-header-display":"","ast-hfb-below-header-display":"","ast-hfb-mobile-header-display":"","site-post-title":"","ast-breadcrumbs-content":"","ast-featured-img":"","footer-sml-layout":"","ast-disable-related-posts":"","theme-transparent-header-meta":"default","adv-header-id-meta":"","stick-header-meta":"","header-above-stick-meta":"","header-main-stick-meta":"","header-below-stick-meta":"","astra-migrate-meta-layouts":"set","ast-page-background-enabled":"default","ast-page-background-meta":{"desktop":{"background-color":"var(--ast-global-color-4)","background-image":"","background-repeat":"repeat","background-position":"center center","background-size":"auto","background-attachment":"scroll","background-type":"","background-media":"","overlay-type":"","overlay-color":"","overlay-opacity":"","overlay-gradient":""},"tablet":{"background-color":"","background-image":"","background-repeat":"repeat","background-position":"center center","background-size":"auto","background-attachment":"scroll","background-type":"","background-media":"","overlay-type":"","overlay-color":"","overlay-opacity":"","overlay-gradient":""},"mobile":{"background-color":"","background-image":"","background-repeat":"repeat","background-position":"center center","background-size":"auto","background-attachment":"scroll","background-type":"","background-media":"","overlay-type":"","overlay-color":"","overlay-opacity":"","overlay-gradient":""}},"ast-content-background-meta":{"desktop":{"background-color":"var(--ast-global-color-5)","background-image":"","background-repeat":"repeat","background-position":"center center","background-size":"auto","background-attachment":"scroll","background-type":"","background-media":"","overlay-type":"","overlay-color":"","overlay-opacity":"","overlay-gradient":""},"tablet":{"background-color":"var(--ast-global-color-5)","background-image":"","background-repeat":"repeat","background-position":"center center","background-size":"auto","background-attachment":"scroll","background-type":"","background-media":"","overlay-type":"","overlay-color":"","overlay-opacity":"","overlay-gradient":""},"mobile":{"background-color":"var(--ast-global-color-5)","background-image":"","background-repeat":"repeat","background-position":"center center","background-size":"auto","background-attachment":"scroll","background-type":"","background-media":"","overlay-type":"","overlay-color":"","overlay-opacity":"","overlay-gradient":""}}},"product_brand":[],"product_cat":[47,430,40],"product_tag":[942,582,449,457,220,284,438,251,437,941,227,198,709,281],"class_list":{"0":"post-5486","1":"product","2":"type-product","3":"status-publish","4":"has-post-thumbnail","6":"product_cat-classic","7":"product_cat-men","8":"product_cat-mens-shoes","9":"product_tag-brogue-detail","10":"product_tag-calfskin","11":"product_tag-casual-shoes","12":"product_tag-classic-loafers","13":"product_tag-comfortable-loafers","14":"product_tag-dress-shoes","15":"product_tag-eva-sole","16":"product_tag-formal-shoes","17":"product_tag-goat-leather","18":"product_tag-lace-up-loafers","19":"product_tag-leather-shoes","20":"product_tag-mens-fashion","21":"product_tag-quality-footwear","22":"product_tag-wholesale-shoes","23":"desktop-align-center","24":"tablet-align-center","25":"mobile-align-center","27":"first","28":"instock","29":"shipping-taxable","30":"purchasable","31":"product-type-variable","32":"has-default-attributes"},"acf":[],"uagb_featured_image_src":{"full":["https:\/\/turkishtrade.co\/wp-content\/uploads\/2026\/01\/2400EJOMN00247-DARK-BROWN-Y_621-1-USD.png",453,250,false],"thumbnail":["https:\/\/turkishtrade.co\/wp-content\/uploads\/2026\/01\/2400EJOMN00247-DARK-BROWN-Y_621-1-USD-150x150.png",150,150,true],"medium":["https:\/\/turkishtrade.co\/wp-content\/uploads\/2026\/01\/2400EJOMN00247-DARK-BROWN-Y_621-1-USD-300x166.png",300,166,true],"medium_large":["https:\/\/turkishtrade.co\/wp-content\/uploads\/2026\/01\/2400EJOMN00247-DARK-BROWN-Y_621-1-USD.png",453,250,false],"large":["https:\/\/turkishtrade.co\/wp-content\/uploads\/2026\/01\/2400EJOMN00247-DARK-BROWN-Y_621-1-USD.png",453,250,false],"1536x1536":["https:\/\/turkishtrade.co\/wp-content\/uploads\/2026\/01\/2400EJOMN00247-DARK-BROWN-Y_621-1-USD.png",453,250,false],"2048x2048":["https:\/\/turkishtrade.co\/wp-content\/uploads\/2026\/01\/2400EJOMN00247-DARK-BROWN-Y_621-1-USD.png",453,250,false],"trp-custom-language-flag":["https:\/\/turkishtrade.co\/wp-content\/uploads\/2026\/01\/2400EJOMN00247-DARK-BROWN-Y_621-1-USD-18x10.png",18,10,true],"woocommerce_thumbnail":["https:\/\/turkishtrade.co\/wp-content\/uploads\/2026\/01\/2400EJOMN00247-DARK-BROWN-Y_621-1-USD-400x250.png",400,250,true],"woocommerce_single":["https:\/\/turkishtrade.co\/wp-content\/uploads\/2026\/01\/2400EJOMN00247-DARK-BROWN-Y_621-1-USD.png",453,250,false],"woocommerce_gallery_thumbnail":["https:\/\/turkishtrade.co\/wp-content\/uploads\/2026\/01\/2400EJOMN00247-DARK-BROWN-Y_621-1-USD-100x100.png",100,100,true]},"uagb_author_info":{"display_name":"yaser olabi","author_link":"https:\/\/turkishtrade.co\/es\/author\/"},"uagb_comment_info":0,"uagb_excerpt":"Expertly crafted Men's Classic Leather Loafers Premium Calfskin (Dana Derisi) outer surface for superior durability and style Luxurious Goat Leather (Ke\u00e7i Derisi) inner lining for exceptional comfort Lightweight and flexible EVA Sole (Taban) for all-day wear Available in a comprehensive size range: EU 39-45 Ideal for both sophisticated dress and smart-casual occasions Minimum order quantity:&hellip;","_links":{"self":[{"href":"https:\/\/turkishtrade.co\/es\/wp-json\/wp\/v2\/product\/5486","targetHints":{"allow":["GET"]}}],"collection":[{"href":"https:\/\/turkishtrade.co\/es\/wp-json\/wp\/v2\/product"}],"about":[{"href":"https:\/\/turkishtrade.co\/es\/wp-json\/wp\/v2\/types\/product"}],"wp:featuredmedia":[{"embeddable":true,"href":"https:\/\/turkishtrade.co\/es\/wp-json\/wp\/v2\/media\/3686"}],"wp:attachment":[{"href":"https:\/\/turkishtrade.co\/es\/wp-json\/wp\/v2\/media?parent=5486"}],"wp:term":[{"taxonomy":"product_brand","embeddable":true,"href":"https:\/\/turkishtrade.co\/es\/wp-json\/wp\/v2\/product_brand?post=5486"},{"taxonomy":"product_cat","embeddable":true,"href":"https:\/\/turkishtrade.co\/es\/wp-json\/wp\/v2\/product_cat?post=5486"},{"taxonomy":"product_tag","embeddable":true,"href":"https:\/\/turkishtrade.co\/es\/wp-json\/wp\/v2\/product_tag?post=5486"}],"curies":[{"name":"wp","href":"https:\/\/api.w.org\/{rel}","templated":true}]}}