{"id":5478,"date":"2026-01-14T12:05:11","date_gmt":"2026-01-14T12:05:11","guid":{"rendered":"https:\/\/turkishtrade.co\/product\/mens-brown-leather-derby-shoes-3\/"},"modified":"2026-04-09T19:33:12","modified_gmt":"2026-04-09T19:33:12","slug":"mens-brown-leather-derby-shoes-3","status":"publish","type":"product","link":"https:\/\/turkishtrade.co\/es\/shop\/mens-brown-leather-derby-shoes-3\/","title":{"rendered":"Zapatos derby cl\u00e1sicos de hombre en piel de becerro marr\u00f3n"},"content":{"rendered":"<p><strong>Zapatos Derby de piel marr\u00f3n para hombre<\/strong><\/p>\n<p>En <strong>Zapatos Derby de piel marr\u00f3n para hombre<\/strong> son el ep\u00edtome de la elegancia atemporal y la artesan\u00eda superior. Dise\u00f1ados para el caballero moderno que valora tanto el estilo como la comodidad, estos cl\u00e1sicos <strong>Zapatos Derby de piel marr\u00f3n para hombre<\/strong> son un complemento imprescindible en cualquier armario sofisticado. Cada par est\u00e1 meticulosamente fabricado para ofrecer una experiencia de uso inigualable, garantizando que cause una impresi\u00f3n duradera all\u00e1 donde vaya. No son s\u00f3lo zapatos; son una inversi\u00f3n en estilo duradero y calzado de calidad.<\/p>\n<h3>Artesan\u00eda inigualable y materiales de primera calidad<\/h3>\n<p>Experimente la diferencia que marca la aut\u00e9ntica calidad con nuestros exquisitos <strong>Zapatos Derby de piel marr\u00f3n para hombre<\/strong>. La superficie exterior est\u00e1 fabricada con piel de ternero de primera calidad, conocida por su textura flexible, su rico acabado y su excepcional durabilidad. Esta exquisita piel adquiere una hermosa p\u00e1tina con el paso del tiempo, a\u00f1adiendo un car\u00e1cter \u00fanico a su bolso. <strong>Zapatos Derby de piel marr\u00f3n para hombre<\/strong>. Como complemento a su robusto exterior, el interior est\u00e1 forrado con una piel de cabra incre\u00edblemente suave, que proporciona un tacto liso, transpirable y lujoso contra el pie. Esta combinaci\u00f3n de pieles de primera calidad garantiza el m\u00e1ximo confort y ayuda a regular la temperatura, manteniendo los pies frescos durante todo el d\u00eda. La atenci\u00f3n al detalle en las costuras y los acabados pone de relieve la habilidad artesanal empleada en la creaci\u00f3n de estos magn\u00edficos zapatos.<\/p>\n<p>&nbsp;<\/p>\n<h3>Invierta en estilo duradero con nuestros zapatos Derby<\/h3>\n<p>Elegir nuestra prima <strong>Zapatos Derby de piel marr\u00f3n para hombre<\/strong> significa optar por un producto que combina los valores tradicionales de la zapater\u00eda con la comodidad contempor\u00e1nea. La atemporal silueta Derby, junto con la rica piel de ternero marr\u00f3n, garantiza que estos zapatos seguir\u00e1n siendo un b\u00e1sico de estilo en los a\u00f1os venideros. Disponibles en una amplia gama de tallas, de la 39 a la 45, encontrar el zapato perfecto es muy sencillo. Para las empresas que desean disponer de calzado de alta calidad, estos exquisitos zapatos Derby son la opci\u00f3n perfecta. <strong>Zapatos Derby de piel marr\u00f3n para hombre<\/strong> est\u00e1n disponibles para la venta al por mayor, con un pedido m\u00ednimo de 8 pares. Eleve su colecci\u00f3n de calzado u ofrezca a sus clientes m\u00e1s exigentes lo mejor en estilo cl\u00e1sico y comodidad con estos excepcionales zapatos. <strong>Zapatos Derby de piel marr\u00f3n para hombre<\/strong>.<\/p>","protected":false},"excerpt":{"rendered":"<ul>\n<li><strong>Material de primera calidad:<\/strong> Lujoso exterior de piel de becerro e interior de suave piel de cabra para un confort y una transpirabilidad superiores.<\/li>\n<li><strong>Suela duradera:<\/strong> Suela de EVA ligera pero robusta para un uso duradero y una excelente amortiguaci\u00f3n.<\/li>\n<li><strong>Dise\u00f1o cl\u00e1sico:<\/strong> Elegante estilo Derby con cordones, perfecto para ocasiones formales e informales.<\/li>\n<li><strong>Tac\u00f3n c\u00f3modo:<\/strong> Presenta un c\u00f3modo tac\u00f3n de 1-3 cm de altura para llevarlo todo el d\u00eda sin fatiga.<\/li>\n<li><strong>Tallas disponibles:<\/strong> Amplia gama de 39 a 45 para garantizar un ajuste perfecto a cada caballero.<\/li>\n<li><strong>Disponibilidad a granel:<\/strong> Pedido m\u00ednimo de 8 pares, ideal para socios mayoristas y minoristas.<\/li>\n<\/ul>","protected":false},"featured_media":3680,"template":"","meta":{"_acf_changed":false,"_uag_custom_page_level_css":"","site-sidebar-layout":"default","site-content-layout":"","ast-site-content-layout":"default","site-content-style":"default","site-sidebar-style":"default","ast-global-header-display":"","ast-banner-title-visibility":"","ast-main-header-display":"","ast-hfb-above-header-display":"","ast-hfb-below-header-display":"","ast-hfb-mobile-header-display":"","site-post-title":"","ast-breadcrumbs-content":"","ast-featured-img":"","footer-sml-layout":"","ast-disable-related-posts":"","theme-transparent-header-meta":"default","adv-header-id-meta":"","stick-header-meta":"","header-above-stick-meta":"","header-main-stick-meta":"","header-below-stick-meta":"","astra-migrate-meta-layouts":"set","ast-page-background-enabled":"default","ast-page-background-meta":{"desktop":{"background-color":"var(--ast-global-color-4)","background-image":"","background-repeat":"repeat","background-position":"center center","background-size":"auto","background-attachment":"scroll","background-type":"","background-media":"","overlay-type":"","overlay-color":"","overlay-opacity":"","overlay-gradient":""},"tablet":{"background-color":"","background-image":"","background-repeat":"repeat","background-position":"center center","background-size":"auto","background-attachment":"scroll","background-type":"","background-media":"","overlay-type":"","overlay-color":"","overlay-opacity":"","overlay-gradient":""},"mobile":{"background-color":"","background-image":"","background-repeat":"repeat","background-position":"center center","background-size":"auto","background-attachment":"scroll","background-type":"","background-media":"","overlay-type":"","overlay-color":"","overlay-opacity":"","overlay-gradient":""}},"ast-content-background-meta":{"desktop":{"background-color":"var(--ast-global-color-5)","background-image":"","background-repeat":"repeat","background-position":"center center","background-size":"auto","background-attachment":"scroll","background-type":"","background-media":"","overlay-type":"","overlay-color":"","overlay-opacity":"","overlay-gradient":""},"tablet":{"background-color":"var(--ast-global-color-5)","background-image":"","background-repeat":"repeat","background-position":"center center","background-size":"auto","background-attachment":"scroll","background-type":"","background-media":"","overlay-type":"","overlay-color":"","overlay-opacity":"","overlay-gradient":""},"mobile":{"background-color":"var(--ast-global-color-5)","background-image":"","background-repeat":"repeat","background-position":"center center","background-size":"auto","background-attachment":"scroll","background-type":"","background-media":"","overlay-type":"","overlay-color":"","overlay-opacity":"","overlay-gradient":""}}},"product_brand":[],"product_cat":[47,430,40],"product_tag":[613,405,185,754,480,438,251,189,324,198,286,362,280,281],"class_list":{"0":"post-5478","1":"product","2":"type-product","3":"status-publish","4":"has-post-thumbnail","6":"product_cat-classic","7":"product_cat-men","8":"product_cat-mens-shoes","9":"product_tag-brown-derby-shoes","10":"product_tag-business-shoes","11":"product_tag-calf-leather-shoes","12":"product_tag-classic-mens-shoes","13":"product_tag-elegant-shoes","14":"product_tag-eva-sole","15":"product_tag-formal-shoes","16":"product_tag-goat-leather-lining","17":"product_tag-mens-dress-shoes","18":"product_tag-mens-fashion","19":"product_tag-mens-leather-shoes","20":"product_tag-premium-footwear","21":"product_tag-smart-casual-shoes","22":"product_tag-wholesale-shoes","23":"desktop-align-center","24":"tablet-align-center","25":"mobile-align-center","27":"first","28":"instock","29":"shipping-taxable","30":"purchasable","31":"product-type-variable","32":"has-default-attributes"},"acf":[],"uagb_featured_image_src":{"full":["https:\/\/turkishtrade.co\/wp-content\/uploads\/2026\/01\/2400EJOMN00126-BROWN-K_875.png",453,250,false],"thumbnail":["https:\/\/turkishtrade.co\/wp-content\/uploads\/2026\/01\/2400EJOMN00126-BROWN-K_875.png",150,83,false],"medium":["https:\/\/turkishtrade.co\/wp-content\/uploads\/2026\/01\/2400EJOMN00126-BROWN-K_875.png",300,166,false],"medium_large":["https:\/\/turkishtrade.co\/wp-content\/uploads\/2026\/01\/2400EJOMN00126-BROWN-K_875.png",453,250,false],"large":["https:\/\/turkishtrade.co\/wp-content\/uploads\/2026\/01\/2400EJOMN00126-BROWN-K_875.png",453,250,false],"1536x1536":["https:\/\/turkishtrade.co\/wp-content\/uploads\/2026\/01\/2400EJOMN00126-BROWN-K_875.png",453,250,false],"2048x2048":["https:\/\/turkishtrade.co\/wp-content\/uploads\/2026\/01\/2400EJOMN00126-BROWN-K_875.png",453,250,false],"trp-custom-language-flag":["https:\/\/turkishtrade.co\/wp-content\/uploads\/2026\/01\/2400EJOMN00126-BROWN-K_875.png",18,10,false],"woocommerce_thumbnail":["https:\/\/turkishtrade.co\/wp-content\/uploads\/2026\/01\/2400EJOMN00126-BROWN-K_875-400x250.png",400,250,true],"woocommerce_single":["https:\/\/turkishtrade.co\/wp-content\/uploads\/2026\/01\/2400EJOMN00126-BROWN-K_875.png",453,250,false],"woocommerce_gallery_thumbnail":["https:\/\/turkishtrade.co\/wp-content\/uploads\/2026\/01\/2400EJOMN00126-BROWN-K_875-100x100.png",100,100,true]},"uagb_author_info":{"display_name":"yaser olabi","author_link":"https:\/\/turkishtrade.co\/es\/author\/"},"uagb_comment_info":0,"uagb_excerpt":"Premium Material: Luxurious calf leather exterior and soft goat leather interior for superior comfort and breathability. Durable Sole: Lightweight yet robust EVA sole for long-lasting wear and excellent cushioning. Classic Design: Elegant lace-up Derby style perfect for both formal and smart-casual occasions. Comfortable Heel: Features a comfortable 1-3 cm heel height for all-day wear without&hellip;","_links":{"self":[{"href":"https:\/\/turkishtrade.co\/es\/wp-json\/wp\/v2\/product\/5478","targetHints":{"allow":["GET"]}}],"collection":[{"href":"https:\/\/turkishtrade.co\/es\/wp-json\/wp\/v2\/product"}],"about":[{"href":"https:\/\/turkishtrade.co\/es\/wp-json\/wp\/v2\/types\/product"}],"wp:featuredmedia":[{"embeddable":true,"href":"https:\/\/turkishtrade.co\/es\/wp-json\/wp\/v2\/media\/3680"}],"wp:attachment":[{"href":"https:\/\/turkishtrade.co\/es\/wp-json\/wp\/v2\/media?parent=5478"}],"wp:term":[{"taxonomy":"product_brand","embeddable":true,"href":"https:\/\/turkishtrade.co\/es\/wp-json\/wp\/v2\/product_brand?post=5478"},{"taxonomy":"product_cat","embeddable":true,"href":"https:\/\/turkishtrade.co\/es\/wp-json\/wp\/v2\/product_cat?post=5478"},{"taxonomy":"product_tag","embeddable":true,"href":"https:\/\/turkishtrade.co\/es\/wp-json\/wp\/v2\/product_tag?post=5478"}],"curies":[{"name":"wp","href":"https:\/\/api.w.org\/{rel}","templated":true}]}}