{"id":5476,"date":"2026-01-14T12:04:55","date_gmt":"2026-01-14T12:04:55","guid":{"rendered":"https:\/\/turkishtrade.co\/product\/men-s-leather-monk-strap-shoes\/"},"modified":"2026-04-09T19:33:14","modified_gmt":"2026-04-09T19:33:14","slug":"mens-leather-monk-strap-shoes-4","status":"publish","type":"product","link":"https:\/\/turkishtrade.co\/es\/shop\/mens-leather-monk-strap-shoes-4\/","title":{"rendered":"Zapatos monk strap de piel de becerro marr\u00f3n de primera calidad"},"content":{"rendered":"<p><strong>Zapatos Monk Strap de piel para hombre<\/strong><\/p>\n<p>Mejore su vestuario con nuestros <b>Zapatos Monk Strap de piel para hombre<\/b>, una mezcla perfecta de estilo cl\u00e1sico y comodidad moderna. Dise\u00f1ados para el individuo sofisticado, estos zapatos no son s\u00f3lo calzado; son una declaraci\u00f3n de elegancia y calidad. Cada par de estos excepcionales <b>zapatos monk strap para hombre<\/b> es un testimonio de artesan\u00eda superior, que le garantiza que saldr\u00e1 a la calle con confianza, ya sea para ocasiones formales o de negocios.<\/p>\n<h3>Artesan\u00eda inigualable y materiales de primera calidad<\/h3>\n<p>Nuestros zapatos monk strap est\u00e1n fabricados meticulosamente con los mejores materiales. La superficie exterior es de piel de ternero flexible, famosa por su textura suave, durabilidad y aspecto lujoso. Esta piel de becerro de alta calidad garantiza que sus <b>zapatos monk strap de piel para hombre<\/b> no s\u00f3lo tienen un aspecto exquisito, sino que tambi\u00e9n resisten el paso del tiempo, adquiriendo una rica p\u00e1tina con el uso. Como complemento al robusto exterior, el interior est\u00e1 forrado de suave piel de cabra, que proporciona un nivel de comodidad y transpirabilidad sin igual. Esta cuidada combinaci\u00f3n garantiza una agradable experiencia de uso durante todo el d\u00eda, haciendo que estos <b>zapatos monk strap de piel<\/b> un verdadero placer para los pies.<\/p>\n<h3>Dise\u00f1ado para la comodidad y el estilo<\/h3>\n<p>El distinguido dise\u00f1o de estos <b>zapatos monk strap de piel para hombre<\/b> cuenta con una hebilla \u00fanica cl\u00e1sica, que ofrece una est\u00e9tica elegante y minimalista que las distingue de las zapatillas de cordones tradicionales. El tono marr\u00f3n intenso a\u00f1ade versatilidad, lo que las convierte en la opci\u00f3n ideal para combinar con una amplia gama de atuendos, desde elegantes trajes de negocios hasta atuendos informales m\u00e1s relajados y elegantes. La suela Microlight est\u00e1 dise\u00f1ada para ofrecer una flexibilidad ligera y una tracci\u00f3n excelente, garantizando estabilidad y facilidad a cada paso. Con una c\u00f3moda altura de tac\u00f3n de 1 a 3 cm, estos zapatos proporcionan la elevaci\u00f3n justa sin renunciar a la comodidad.<\/p>\n<h3>Disponible para compradores exigentes<\/h3>\n<p>Experimente una comodidad sin igual con estos <b>zapatos monk strap de piel para hombre<\/b>, disponibles en una amplia gama de tallas, de la 39 a la 45, para garantizar un ajuste perfecto a cada caballero. Para minoristas y empresas que deseen ofrecer a su clientela calzado de primera calidad, ponemos a su disposici\u00f3n estos lujosos zapatos a un precio competitivo de USD por par, excluidas las botas. Aceptamos pedidos al por mayor con una cantidad m\u00ednima de 8 pares, para que le resulte m\u00e1s f\u00e1cil abastecerse de calzado de alta calidad y de gran demanda. Espere una entrega eficaz en un plazo de 12 d\u00edas m\u00e1s gastos de env\u00edo, garantizando su pedido de exquisitos <b>zapatos monk strap de piel para hombre<\/b> le llegue r\u00e1pidamente.<\/p>","protected":false},"excerpt":{"rendered":"<p>Experimente una comodidad superior y un estilo atemporal con nuestros exquisitos zapatos monk strap de piel para hombre, meticulosamente elaborados para el caballero exigente.<\/p>\n<ul>\n<li>Exterior de piel de becerro de primera calidad para una elegancia y durabilidad duraderas<\/li>\n<li>Interior de piel de cabra suave y transpirable para mayor comodidad<\/li>\n<li>Suela ligera Microlight para un uso flexible y f\u00e1cil<\/li>\n<li>Elegante dise\u00f1o de correa monje sencilla con una refinada hebilla<\/li>\n<li>Altura c\u00f3moda del tac\u00f3n de 1-3 cm<\/li>\n<li>Disponible en una amplia gama de Tallas: 39-45<\/li>\n<li>Disponibilidad a granel: Pedido m\u00ednimo de 8 pares<\/li>\n<li>Entrega eficaz: 12 d\u00edas + gastos de env\u00edo<\/li>\n<\/ul>","protected":false},"featured_media":3642,"template":"","meta":{"_acf_changed":false,"_uag_custom_page_level_css":"","site-sidebar-layout":"default","site-content-layout":"","ast-site-content-layout":"default","site-content-style":"default","site-sidebar-style":"default","ast-global-header-display":"","ast-banner-title-visibility":"","ast-main-header-display":"","ast-hfb-above-header-display":"","ast-hfb-below-header-display":"","ast-hfb-mobile-header-display":"","site-post-title":"","ast-breadcrumbs-content":"","ast-featured-img":"","footer-sml-layout":"","ast-disable-related-posts":"","theme-transparent-header-meta":"default","adv-header-id-meta":"","stick-header-meta":"","header-above-stick-meta":"","header-main-stick-meta":"","header-below-stick-meta":"","astra-migrate-meta-layouts":"set","ast-page-background-enabled":"default","ast-page-background-meta":{"desktop":{"background-color":"var(--ast-global-color-4)","background-image":"","background-repeat":"repeat","background-position":"center center","background-size":"auto","background-attachment":"scroll","background-type":"","background-media":"","overlay-type":"","overlay-color":"","overlay-opacity":"","overlay-gradient":""},"tablet":{"background-color":"","background-image":"","background-repeat":"repeat","background-position":"center center","background-size":"auto","background-attachment":"scroll","background-type":"","background-media":"","overlay-type":"","overlay-color":"","overlay-opacity":"","overlay-gradient":""},"mobile":{"background-color":"","background-image":"","background-repeat":"repeat","background-position":"center center","background-size":"auto","background-attachment":"scroll","background-type":"","background-media":"","overlay-type":"","overlay-color":"","overlay-opacity":"","overlay-gradient":""}},"ast-content-background-meta":{"desktop":{"background-color":"var(--ast-global-color-5)","background-image":"","background-repeat":"repeat","background-position":"center center","background-size":"auto","background-attachment":"scroll","background-type":"","background-media":"","overlay-type":"","overlay-color":"","overlay-opacity":"","overlay-gradient":""},"tablet":{"background-color":"var(--ast-global-color-5)","background-image":"","background-repeat":"repeat","background-position":"center center","background-size":"auto","background-attachment":"scroll","background-type":"","background-media":"","overlay-type":"","overlay-color":"","overlay-opacity":"","overlay-gradient":""},"mobile":{"background-color":"var(--ast-global-color-5)","background-image":"","background-repeat":"repeat","background-position":"center center","background-size":"auto","background-attachment":"scroll","background-type":"","background-media":"","overlay-type":"","overlay-color":"","overlay-opacity":"","overlay-gradient":""}}},"product_brand":[],"product_cat":[48,47,49,430,40],"product_tag":[218,405,185,454,251,189,351,324,466,261,787,858,281],"class_list":{"0":"post-5476","1":"product","2":"type-product","3":"status-publish","4":"has-post-thumbnail","6":"product_cat-casual","7":"product_cat-classic","8":"product_cat-loafer","9":"product_cat-men","10":"product_cat-mens-shoes","11":"product_tag-brown-shoes","12":"product_tag-business-shoes","13":"product_tag-calf-leather-shoes","14":"product_tag-elegant-footwear","15":"product_tag-formal-shoes","16":"product_tag-goat-leather-lining","17":"product_tag-leather-footwear","18":"product_tag-mens-dress-shoes","19":"product_tag-microlight-sole","20":"product_tag-monk-strap-shoes","21":"product_tag-premium-mens-shoes","22":"product_tag-single-monk","23":"product_tag-wholesale-shoes","24":"desktop-align-center","25":"tablet-align-center","26":"mobile-align-center","28":"first","29":"instock","30":"shipping-taxable","31":"purchasable","32":"product-type-variable","33":"has-default-attributes"},"acf":[],"uagb_featured_image_src":{"full":["https:\/\/turkishtrade.co\/wp-content\/uploads\/2026\/01\/2400EJOMN00423-BROWN-Y_12573.png",453,250,false],"thumbnail":["https:\/\/turkishtrade.co\/wp-content\/uploads\/2026\/01\/2400EJOMN00423-BROWN-Y_12573-150x150.png",150,150,true],"medium":["https:\/\/turkishtrade.co\/wp-content\/uploads\/2026\/01\/2400EJOMN00423-BROWN-Y_12573-300x166.png",300,166,true],"medium_large":["https:\/\/turkishtrade.co\/wp-content\/uploads\/2026\/01\/2400EJOMN00423-BROWN-Y_12573.png",453,250,false],"large":["https:\/\/turkishtrade.co\/wp-content\/uploads\/2026\/01\/2400EJOMN00423-BROWN-Y_12573.png",453,250,false],"1536x1536":["https:\/\/turkishtrade.co\/wp-content\/uploads\/2026\/01\/2400EJOMN00423-BROWN-Y_12573.png",453,250,false],"2048x2048":["https:\/\/turkishtrade.co\/wp-content\/uploads\/2026\/01\/2400EJOMN00423-BROWN-Y_12573.png",453,250,false],"trp-custom-language-flag":["https:\/\/turkishtrade.co\/wp-content\/uploads\/2026\/01\/2400EJOMN00423-BROWN-Y_12573-18x10.png",18,10,true],"woocommerce_thumbnail":["https:\/\/turkishtrade.co\/wp-content\/uploads\/2026\/01\/2400EJOMN00423-BROWN-Y_12573-400x250.png",400,250,true],"woocommerce_single":["https:\/\/turkishtrade.co\/wp-content\/uploads\/2026\/01\/2400EJOMN00423-BROWN-Y_12573.png",453,250,false],"woocommerce_gallery_thumbnail":["https:\/\/turkishtrade.co\/wp-content\/uploads\/2026\/01\/2400EJOMN00423-BROWN-Y_12573-100x100.png",100,100,true]},"uagb_author_info":{"display_name":"yaser olabi","author_link":"https:\/\/turkishtrade.co\/es\/author\/"},"uagb_comment_info":0,"uagb_excerpt":"Experience superior comfort and timeless style with our exquisite men's leather monk strap shoes, meticulously crafted for the discerning gentleman. Premium Calf Leather Exterior for lasting elegance and durability Soft, Breathable Goat Leather Interior for ultimate comfort Lightweight Microlight Sole for flexible and easy wear Stylish Single Monk Strap Design with a refined buckle Comfortable&hellip;","_links":{"self":[{"href":"https:\/\/turkishtrade.co\/es\/wp-json\/wp\/v2\/product\/5476","targetHints":{"allow":["GET"]}}],"collection":[{"href":"https:\/\/turkishtrade.co\/es\/wp-json\/wp\/v2\/product"}],"about":[{"href":"https:\/\/turkishtrade.co\/es\/wp-json\/wp\/v2\/types\/product"}],"wp:featuredmedia":[{"embeddable":true,"href":"https:\/\/turkishtrade.co\/es\/wp-json\/wp\/v2\/media\/3642"}],"wp:attachment":[{"href":"https:\/\/turkishtrade.co\/es\/wp-json\/wp\/v2\/media?parent=5476"}],"wp:term":[{"taxonomy":"product_brand","embeddable":true,"href":"https:\/\/turkishtrade.co\/es\/wp-json\/wp\/v2\/product_brand?post=5476"},{"taxonomy":"product_cat","embeddable":true,"href":"https:\/\/turkishtrade.co\/es\/wp-json\/wp\/v2\/product_cat?post=5476"},{"taxonomy":"product_tag","embeddable":true,"href":"https:\/\/turkishtrade.co\/es\/wp-json\/wp\/v2\/product_tag?post=5476"}],"curies":[{"name":"wp","href":"https:\/\/api.w.org\/{rel}","templated":true}]}}