{"id":5467,"date":"2026-01-14T12:03:42","date_gmt":"2026-01-14T12:03:42","guid":{"rendered":"https:\/\/turkishtrade.co\/product\/mens-black-patent-loafers\/"},"modified":"2026-04-09T19:33:28","modified_gmt":"2026-04-09T19:33:28","slug":"mens-black-patent-loafers","status":"publish","type":"product","link":"https:\/\/turkishtrade.co\/es\/shop\/mens-black-patent-loafers\/","title":{"rendered":"Mocasines de hombre de charol negro con broche dorado"},"content":{"rendered":"<p><strong>Mocasines de charol negro para hombre<\/strong><\/p>\n<p>Entre en un reino de elegancia incomparable con nuestro exquisito <b>Mocasines de charol negro para hombre<\/b>. Estos lujosos zapatos son algo m\u00e1s que calzado; son una declaraci\u00f3n de gusto refinado y estilo sofisticado, meticulosamente dise\u00f1ados para el caballero moderno. Perfectos para quienes aprecian los detalles m\u00e1s delicados, estos <b>Mocasines de charol negro para hombre<\/b> son un complemento imprescindible en cualquier armario exigente.<\/p>\n<h3>Artesan\u00eda y materiales incomparables<\/h3>\n<p>Cada par de nuestros <b>Mocasines de charol negro para hombre<\/b> es un testimonio de artesan\u00eda superior. El exterior luce un impresionante charol de becerro de alto brillo, famoso por su aspecto lujoso y su excepcional durabilidad. Esta piel de becerro de primera calidad garantiza un acabado elegante y pulido que capta la luz de maravilla, haciendo que estos mocasines sean ideales para eventos formales, reuniones de negocios o cualquier ocasi\u00f3n en la que causar una impresi\u00f3n duradera sea clave. El interior est\u00e1 forrado con piel de cabra incre\u00edblemente suave y flexible, que proporciona un entorno transpirable y c\u00f3modo para sus pies, incluso durante un uso prolongado. Esta cuidada combinaci\u00f3n de materiales garantiza tanto el atractivo est\u00e9tico como una comodidad suprema.<\/p>\n<h3>Dise\u00f1ado para la comodidad y el estilo<\/h3>\n<p>M\u00e1s all\u00e1 de su aspecto llamativo, estos <b>Mocasines de charol negro para hombre<\/b> est\u00e1n dise\u00f1adas para el confort. La ligera suela Microlight ofrece una excelente amortiguaci\u00f3n y flexibilidad, reduciendo la fatiga y haci\u00e9ndolas incre\u00edblemente agradables de llevar durante todo el d\u00eda. La sutil altura de 1-3 cm del tac\u00f3n proporciona una c\u00f3moda elevaci\u00f3n sin comprometer la estabilidad. Un distintivo broche dorado (hebilla) adorna la pala, a\u00f1adiendo un toque de sofisticaci\u00f3n cl\u00e1sica e inter\u00e9s visual que complementa a la perfecci\u00f3n el acabado charol. Estos mocasines combinan a la perfecci\u00f3n el dise\u00f1o tradicional con la elegancia contempor\u00e1nea, lo que los hace incre\u00edblemente vers\u00e1tiles.<\/p>\n<h3>Elegancia vers\u00e1til para cualquier ocasi\u00f3n<\/h3>\n<p>Tanto si asiste a un evento de etiqueta como a una gala de empresa o, simplemente, para ir elegante e informal, nuestros <b>Mocasines de charol negro para hombre<\/b> son la elecci\u00f3n perfecta. Su dise\u00f1o atemporal garantiza que combinen a la perfecci\u00f3n con un traje elegante, unos pantalones de sastrer\u00eda o incluso unos vaqueros de primera calidad para un look elegante y relajado. Disponibles en las tallas 39 a 45, garantizamos un ajuste perfecto para una amplia gama de clientes exigentes. Invierta en un par de estos lujosos <b>Mocasines de charol negro para hombre<\/b> y experimente la combinaci\u00f3n perfecta de estilo, comodidad y calidad duradera.<\/p>\n<h3>Ventaja mayorista y entrega fiable<\/h3>\n<p>Comprendemos las necesidades de nuestros clientes empresariales, y por eso estos productos premium <b>Mocasines de charol negro para hombre<\/b> est\u00e1n disponibles para su compra al por mayor. Con un pedido m\u00ednimo de s\u00f3lo 8 pares, podr\u00e1 abastecerse f\u00e1cilmente de este calzado popular y elegante. Nuestro eficiente proceso garantiza un plazo de entrega de aproximadamente 12 d\u00edas, m\u00e1s gastos de env\u00edo, lo que le permite planificar su inventario con confianza. As\u00f3ciese con nosotros para ofrecer a sus clientes lo mejor en calzado masculino, caracterizado por materiales exquisitos y un dise\u00f1o impecable.<\/p>","protected":false},"excerpt":{"rendered":"<ul>\n<li><b>Materiales de primera calidad:<\/b> Fabricado por expertos con un exterior de aut\u00e9ntica piel de ternero y un interior de piel de cabra suave y transpirable.<\/li>\n<li><b>Dise\u00f1o elegante:<\/b> Con un elegante acabado de charol y un sofisticado detalle dorado, es perfecto para ocasiones formales o elegantes.<\/li>\n<li><b>Comodidad y durabilidad:<\/b> Equipadas con una ligera suela Microlight para ofrecer comodidad durante todo el d\u00eda y un uso duradero.<\/li>\n<li><b>Tallas disponibles:<\/b> Se ofrece en una amplia gama de UE 39 a 45.<\/li>\n<li><b>Listo para la venta al por mayor:<\/b> Disponible para la compra al por mayor con un pedido m\u00ednimo de 8 pares.<\/li>\n<\/ul>","protected":false},"featured_media":3674,"template":"","meta":{"_acf_changed":false,"_uag_custom_page_level_css":"","site-sidebar-layout":"default","site-content-layout":"","ast-site-content-layout":"default","site-content-style":"default","site-sidebar-style":"default","ast-global-header-display":"","ast-banner-title-visibility":"","ast-main-header-display":"","ast-hfb-above-header-display":"","ast-hfb-below-header-display":"","ast-hfb-mobile-header-display":"","site-post-title":"","ast-breadcrumbs-content":"","ast-featured-img":"","footer-sml-layout":"","ast-disable-related-posts":"","theme-transparent-header-meta":"default","adv-header-id-meta":"","stick-header-meta":"","header-above-stick-meta":"","header-main-stick-meta":"","header-below-stick-meta":"","astra-migrate-meta-layouts":"set","ast-page-background-enabled":"default","ast-page-background-meta":{"desktop":{"background-color":"var(--ast-global-color-4)","background-image":"","background-repeat":"repeat","background-position":"center center","background-size":"auto","background-attachment":"scroll","background-type":"","background-media":"","overlay-type":"","overlay-color":"","overlay-opacity":"","overlay-gradient":""},"tablet":{"background-color":"","background-image":"","background-repeat":"repeat","background-position":"center center","background-size":"auto","background-attachment":"scroll","background-type":"","background-media":"","overlay-type":"","overlay-color":"","overlay-opacity":"","overlay-gradient":""},"mobile":{"background-color":"","background-image":"","background-repeat":"repeat","background-position":"center center","background-size":"auto","background-attachment":"scroll","background-type":"","background-media":"","overlay-type":"","overlay-color":"","overlay-opacity":"","overlay-gradient":""}},"ast-content-background-meta":{"desktop":{"background-color":"var(--ast-global-color-5)","background-image":"","background-repeat":"repeat","background-position":"center center","background-size":"auto","background-attachment":"scroll","background-type":"","background-media":"","overlay-type":"","overlay-color":"","overlay-opacity":"","overlay-gradient":""},"tablet":{"background-color":"var(--ast-global-color-5)","background-image":"","background-repeat":"repeat","background-position":"center center","background-size":"auto","background-attachment":"scroll","background-type":"","background-media":"","overlay-type":"","overlay-color":"","overlay-opacity":"","overlay-gradient":""},"mobile":{"background-color":"var(--ast-global-color-5)","background-image":"","background-repeat":"repeat","background-position":"center center","background-size":"auto","background-attachment":"scroll","background-type":"","background-media":"","overlay-type":"","overlay-color":"","overlay-opacity":"","overlay-gradient":""}}},"product_brand":[],"product_cat":[48,47,49,430,40],"product_tag":[295,405,202,544,251,437,938,217,198,186,466,657,280,281],"class_list":{"0":"post-5467","1":"product","2":"type-product","3":"status-publish","4":"has-post-thumbnail","6":"product_cat-casual","7":"product_cat-classic","8":"product_cat-loafer","9":"product_cat-men","10":"product_cat-mens-shoes","11":"product_tag-black-dress-shoes","12":"product_tag-business-shoes","13":"product_tag-calf-leather","14":"product_tag-elegant-loafers","15":"product_tag-formal-shoes","16":"product_tag-goat-leather","17":"product_tag-gold-buckle-loafers","18":"product_tag-luxury-footwear","19":"product_tag-mens-fashion","20":"product_tag-mens-loafers","21":"product_tag-microlight-sole","22":"product_tag-patent-leather-shoes","23":"product_tag-smart-casual-shoes","24":"product_tag-wholesale-shoes","25":"desktop-align-center","26":"tablet-align-center","27":"mobile-align-center","29":"first","30":"instock","31":"shipping-taxable","32":"purchasable","33":"product-type-variable","34":"has-default-attributes"},"acf":[],"uagb_featured_image_src":{"full":["https:\/\/turkishtrade.co\/wp-content\/uploads\/2026\/01\/2400EJOMN00191-BLACK-3SL_01.png",453,250,false],"thumbnail":["https:\/\/turkishtrade.co\/wp-content\/uploads\/2026\/01\/2400EJOMN00191-BLACK-3SL_01-150x150.png",150,150,true],"medium":["https:\/\/turkishtrade.co\/wp-content\/uploads\/2026\/01\/2400EJOMN00191-BLACK-3SL_01-300x166.png",300,166,true],"medium_large":["https:\/\/turkishtrade.co\/wp-content\/uploads\/2026\/01\/2400EJOMN00191-BLACK-3SL_01.png",453,250,false],"large":["https:\/\/turkishtrade.co\/wp-content\/uploads\/2026\/01\/2400EJOMN00191-BLACK-3SL_01.png",453,250,false],"1536x1536":["https:\/\/turkishtrade.co\/wp-content\/uploads\/2026\/01\/2400EJOMN00191-BLACK-3SL_01.png",453,250,false],"2048x2048":["https:\/\/turkishtrade.co\/wp-content\/uploads\/2026\/01\/2400EJOMN00191-BLACK-3SL_01.png",453,250,false],"trp-custom-language-flag":["https:\/\/turkishtrade.co\/wp-content\/uploads\/2026\/01\/2400EJOMN00191-BLACK-3SL_01-18x10.png",18,10,true],"woocommerce_thumbnail":["https:\/\/turkishtrade.co\/wp-content\/uploads\/2026\/01\/2400EJOMN00191-BLACK-3SL_01-400x250.png",400,250,true],"woocommerce_single":["https:\/\/turkishtrade.co\/wp-content\/uploads\/2026\/01\/2400EJOMN00191-BLACK-3SL_01.png",453,250,false],"woocommerce_gallery_thumbnail":["https:\/\/turkishtrade.co\/wp-content\/uploads\/2026\/01\/2400EJOMN00191-BLACK-3SL_01-100x100.png",100,100,true]},"uagb_author_info":{"display_name":"yaser olabi","author_link":"https:\/\/turkishtrade.co\/es\/author\/"},"uagb_comment_info":0,"uagb_excerpt":"Premium Materials: Expertly crafted with a genuine calf leather exterior and a soft, breathable goat leather interior. Elegant Design: Features a sleek patent finish and a sophisticated gold bit detail, perfect for formal or smart-casual occasions. Comfort &amp; Durability: Equipped with a lightweight Microlight sole for all-day comfort and lasting wear. Available Sizes: Offered in&hellip;","_links":{"self":[{"href":"https:\/\/turkishtrade.co\/es\/wp-json\/wp\/v2\/product\/5467","targetHints":{"allow":["GET"]}}],"collection":[{"href":"https:\/\/turkishtrade.co\/es\/wp-json\/wp\/v2\/product"}],"about":[{"href":"https:\/\/turkishtrade.co\/es\/wp-json\/wp\/v2\/types\/product"}],"wp:featuredmedia":[{"embeddable":true,"href":"https:\/\/turkishtrade.co\/es\/wp-json\/wp\/v2\/media\/3674"}],"wp:attachment":[{"href":"https:\/\/turkishtrade.co\/es\/wp-json\/wp\/v2\/media?parent=5467"}],"wp:term":[{"taxonomy":"product_brand","embeddable":true,"href":"https:\/\/turkishtrade.co\/es\/wp-json\/wp\/v2\/product_brand?post=5467"},{"taxonomy":"product_cat","embeddable":true,"href":"https:\/\/turkishtrade.co\/es\/wp-json\/wp\/v2\/product_cat?post=5467"},{"taxonomy":"product_tag","embeddable":true,"href":"https:\/\/turkishtrade.co\/es\/wp-json\/wp\/v2\/product_tag?post=5467"}],"curies":[{"name":"wp","href":"https:\/\/api.w.org\/{rel}","templated":true}]}}