{"id":5463,"date":"2026-01-14T12:03:05","date_gmt":"2026-01-14T12:03:05","guid":{"rendered":"https:\/\/turkishtrade.co\/product\/mens-black-leather-loafers-5\/"},"modified":"2026-04-09T19:33:33","modified_gmt":"2026-04-09T19:33:33","slug":"mens-black-leather-loafers-5","status":"publish","type":"product","link":"https:\/\/turkishtrade.co\/es\/shop\/mens-black-leather-loafers-5\/","title":{"rendered":"Elegantes mocasines de hombre en piel de becerro negra con suela ultraligera"},"content":{"rendered":"<p><strong>Mocasines de cuero negro para hombre<\/strong><\/p>\n<p>Eleve su colecci\u00f3n de calzado con nuestros exquisitos <b>Mocasines de cuero negro para hombre<\/b>, dise\u00f1ados para el caballero exigente que valora tanto el estilo como la comodidad. Estos zapatos slip-on premium son un testimonio de la artesan\u00eda superior y materiales de lujo, por lo que una adici\u00f3n indispensable a cualquier guardarropa. Tanto si asiste a un evento formal, como si va a la oficina o disfruta de una sofisticada salida nocturna, estos sofisticados <b>Mocasines de cuero negro para hombre<\/b> ofrecen una elegancia y versatilidad inigualables.<\/p>\n<p>El exterior de estas impresionantes piezas, fabricadas con una meticulosa atenci\u00f3n por el detalle, se ha convertido en una pieza \u00fanica. <b>Mocasines de cuero negro para hombre<\/b> est\u00e1 confeccionado en piel de ternero flexible de alta calidad, famosa por su acabado suave, su durabilidad y su rico aspecto. Esta elecci\u00f3n del material exterior garantiza un brillo sofisticado que realza su atractivo general. Como complemento al robusto exterior, el interior est\u00e1 forrado con suave piel de cabra transpirable, que proporciona un confort excepcional y una sensaci\u00f3n de lujo a cada paso. La combinaci\u00f3n de estas pieles de primera calidad garantiza un zapato que no s\u00f3lo tiene un aspecto magn\u00edfico, sino que adem\u00e1s resulta incre\u00edble de llevar durante todo el d\u00eda. No encontrar\u00e1 mejor calidad en otros <b>Mocasines de cuero negro para hombre<\/b>.<\/p>\n<h3>Experimente una comodidad inigualable con nuestros mocasines de piel negra de primera calidad para hombre<\/h3>\n<p>Experimenta el verdadero placer de caminar con la innovadora suela Microlight, una caracter\u00edstica clave de estas excepcionales <b>Mocasines de cuero negro para hombre<\/b>. La tecnolog\u00eda Microlight reduce significativamente el peso de la zapatilla sin comprometer la sujeci\u00f3n ni la durabilidad, ofreciendo una sensaci\u00f3n de ligereza notable. Esta suela avanzada proporciona un agarre y una flexibilidad excelentes, adapt\u00e1ndose al movimiento natural del pie. Adem\u00e1s, el tal\u00f3n bajo cuidadosamente dise\u00f1ado, que mide entre 1 y 3 cm, a\u00f1ade una sutil elevaci\u00f3n a la vez que mantiene una estabilidad y comodidad \u00f3ptimas, haciendo que estas particulares <b>Mocasines de cuero negro para hombre<\/b> perfectos para un uso prolongado. Descubra la diferencia que marca un dise\u00f1o cuidado en nuestra colecci\u00f3n de <b>Mocasines de cuero negro para hombre<\/b>.<\/p>\n<p>Estos cl\u00e1sicos <b>Mocasines de cuero negro para hombre<\/b> est\u00e1n disponibles en una amplia gama de tallas, de la 39 a la 45, lo que garantiza un ajuste perfecto para una gran variedad de clientes. Su dise\u00f1o atemporal, con una silueta elegante y detalles refinados, hace que estos <b>Mocasines de cuero negro para hombre<\/b> adecuados para diversas ocasiones, desde combinarse con trajes de sastrer\u00eda hasta realzar conjuntos informales elegantes. Para las empresas y los minoristas que deseen disponer de calzado de alta calidad, estas <b>Mocasines de cuero negro para hombre<\/b> est\u00e1n disponibles con un pedido m\u00ednimo de 8 pares. Ofrezca a su clientela un producto que combina a la perfecci\u00f3n la elegancia tradicional con la comodidad y durabilidad modernas, diferenciando su tienda con estos zapatos de primera calidad. <b>Mocasines de cuero negro para hombre<\/b>.<\/p>\n<p>Invierta en un par de nuestros sofisticados <b>Mocasines de cuero negro para hombre<\/b> y descubra la fusi\u00f3n perfecta de lujo, comodidad y estilo perdurable. Son algo m\u00e1s que zapatos: son una declaraci\u00f3n de clase y gusto refinado.<\/p>","protected":false},"excerpt":{"rendered":"<ul>\n<li>Exterior de piel de becerro de primera calidad para un aspecto elegante y pulido<\/li>\n<li>Lujoso forro interior de piel de cabra para una mayor comodidad y transpirabilidad<\/li>\n<li>Suela ultraligera Microlight para un agarre y una flexibilidad excelentes<\/li>\n<li>C\u00f3modo tac\u00f3n bajo (1-3 cm) para llevarlo todo el d\u00eda<\/li>\n<li>Disponible en las tallas europeas 39-45<\/li>\n<li>Cantidad m\u00ednima de pedido: 8 pares<\/li>\n<li>Entrega estimada: 12 d\u00edas + gastos de env\u00edo<\/li>\n<\/ul>","protected":false},"featured_media":3672,"template":"","meta":{"_acf_changed":false,"_uag_custom_page_level_css":"","site-sidebar-layout":"default","site-content-layout":"","ast-site-content-layout":"default","site-content-style":"default","site-sidebar-style":"default","ast-global-header-display":"","ast-banner-title-visibility":"","ast-main-header-display":"","ast-hfb-above-header-display":"","ast-hfb-below-header-display":"","ast-hfb-mobile-header-display":"","site-post-title":"","ast-breadcrumbs-content":"","ast-featured-img":"","footer-sml-layout":"","ast-disable-related-posts":"","theme-transparent-header-meta":"default","adv-header-id-meta":"","stick-header-meta":"","header-above-stick-meta":"","header-main-stick-meta":"","header-below-stick-meta":"","astra-migrate-meta-layouts":"set","ast-page-background-enabled":"default","ast-page-background-meta":{"desktop":{"background-color":"var(--ast-global-color-4)","background-image":"","background-repeat":"repeat","background-position":"center center","background-size":"auto","background-attachment":"scroll","background-type":"","background-media":"","overlay-type":"","overlay-color":"","overlay-opacity":"","overlay-gradient":""},"tablet":{"background-color":"","background-image":"","background-repeat":"repeat","background-position":"center center","background-size":"auto","background-attachment":"scroll","background-type":"","background-media":"","overlay-type":"","overlay-color":"","overlay-opacity":"","overlay-gradient":""},"mobile":{"background-color":"","background-image":"","background-repeat":"repeat","background-position":"center center","background-size":"auto","background-attachment":"scroll","background-type":"","background-media":"","overlay-type":"","overlay-color":"","overlay-opacity":"","overlay-gradient":""}},"ast-content-background-meta":{"desktop":{"background-color":"var(--ast-global-color-5)","background-image":"","background-repeat":"repeat","background-position":"center center","background-size":"auto","background-attachment":"scroll","background-type":"","background-media":"","overlay-type":"","overlay-color":"","overlay-opacity":"","overlay-gradient":""},"tablet":{"background-color":"var(--ast-global-color-5)","background-image":"","background-repeat":"repeat","background-position":"center center","background-size":"auto","background-attachment":"scroll","background-type":"","background-media":"","overlay-type":"","overlay-color":"","overlay-opacity":"","overlay-gradient":""},"mobile":{"background-color":"var(--ast-global-color-5)","background-image":"","background-repeat":"repeat","background-position":"center center","background-size":"auto","background-attachment":"scroll","background-type":"","background-media":"","overlay-type":"","overlay-color":"","overlay-opacity":"","overlay-gradient":""}}},"product_brand":[],"product_cat":[48,47,49,430,40],"product_tag":[814,513,185,457,220,935,189,384,324,186,466,936,184,456],"class_list":{"0":"post-5463","1":"product","2":"type-product","3":"status-publish","4":"has-post-thumbnail","6":"product_cat-casual","7":"product_cat-classic","8":"product_cat-loafer","9":"product_cat-men","10":"product_cat-mens-shoes","11":"product_tag-black-leather-loafers","12":"product_tag-business-casual-shoes","13":"product_tag-calf-leather-shoes","14":"product_tag-classic-loafers","15":"product_tag-comfortable-loafers","16":"product_tag-formal-shoes-men","17":"product_tag-goat-leather-lining","18":"product_tag-luxury-loafers","19":"product_tag-mens-dress-shoes","20":"product_tag-mens-loafers","21":"product_tag-microlight-sole","22":"product_tag-premium-mens-footwear","23":"product_tag-slip-on-shoes","24":"product_tag-wholesale-loafers","25":"desktop-align-center","26":"tablet-align-center","27":"mobile-align-center","29":"first","30":"instock","31":"shipping-taxable","32":"purchasable","33":"product-type-variable","34":"has-default-attributes"},"acf":[],"uagb_featured_image_src":{"full":["https:\/\/turkishtrade.co\/wp-content\/uploads\/2026\/01\/2400EJOMN00189-BLACK-1SL_01.png",453,250,false],"thumbnail":["https:\/\/turkishtrade.co\/wp-content\/uploads\/2026\/01\/2400EJOMN00189-BLACK-1SL_01-150x150.png",150,150,true],"medium":["https:\/\/turkishtrade.co\/wp-content\/uploads\/2026\/01\/2400EJOMN00189-BLACK-1SL_01-300x166.png",300,166,true],"medium_large":["https:\/\/turkishtrade.co\/wp-content\/uploads\/2026\/01\/2400EJOMN00189-BLACK-1SL_01.png",453,250,false],"large":["https:\/\/turkishtrade.co\/wp-content\/uploads\/2026\/01\/2400EJOMN00189-BLACK-1SL_01.png",453,250,false],"1536x1536":["https:\/\/turkishtrade.co\/wp-content\/uploads\/2026\/01\/2400EJOMN00189-BLACK-1SL_01.png",453,250,false],"2048x2048":["https:\/\/turkishtrade.co\/wp-content\/uploads\/2026\/01\/2400EJOMN00189-BLACK-1SL_01.png",453,250,false],"trp-custom-language-flag":["https:\/\/turkishtrade.co\/wp-content\/uploads\/2026\/01\/2400EJOMN00189-BLACK-1SL_01-18x10.png",18,10,true],"woocommerce_thumbnail":["https:\/\/turkishtrade.co\/wp-content\/uploads\/2026\/01\/2400EJOMN00189-BLACK-1SL_01-400x250.png",400,250,true],"woocommerce_single":["https:\/\/turkishtrade.co\/wp-content\/uploads\/2026\/01\/2400EJOMN00189-BLACK-1SL_01.png",453,250,false],"woocommerce_gallery_thumbnail":["https:\/\/turkishtrade.co\/wp-content\/uploads\/2026\/01\/2400EJOMN00189-BLACK-1SL_01-100x100.png",100,100,true]},"uagb_author_info":{"display_name":"yaser olabi","author_link":"https:\/\/turkishtrade.co\/es\/author\/"},"uagb_comment_info":0,"uagb_excerpt":"Premium calf leather exterior for a sleek, polished look Luxurious goat leather interior lining for superior comfort and breathability Ultra-lightweight Microlight sole for excellent grip and flexibility Comfortable low heel (1-3 cm) for all-day wear Available in European sizes 39-45 Minimum order quantity: 8 pairs Estimated delivery: 12 days + shipping","_links":{"self":[{"href":"https:\/\/turkishtrade.co\/es\/wp-json\/wp\/v2\/product\/5463","targetHints":{"allow":["GET"]}}],"collection":[{"href":"https:\/\/turkishtrade.co\/es\/wp-json\/wp\/v2\/product"}],"about":[{"href":"https:\/\/turkishtrade.co\/es\/wp-json\/wp\/v2\/types\/product"}],"wp:featuredmedia":[{"embeddable":true,"href":"https:\/\/turkishtrade.co\/es\/wp-json\/wp\/v2\/media\/3672"}],"wp:attachment":[{"href":"https:\/\/turkishtrade.co\/es\/wp-json\/wp\/v2\/media?parent=5463"}],"wp:term":[{"taxonomy":"product_brand","embeddable":true,"href":"https:\/\/turkishtrade.co\/es\/wp-json\/wp\/v2\/product_brand?post=5463"},{"taxonomy":"product_cat","embeddable":true,"href":"https:\/\/turkishtrade.co\/es\/wp-json\/wp\/v2\/product_cat?post=5463"},{"taxonomy":"product_tag","embeddable":true,"href":"https:\/\/turkishtrade.co\/es\/wp-json\/wp\/v2\/product_tag?post=5463"}],"curies":[{"name":"wp","href":"https:\/\/api.w.org\/{rel}","templated":true}]}}