{"id":5442,"date":"2026-01-14T11:59:51","date_gmt":"2026-01-14T11:59:51","guid":{"rendered":"https:\/\/turkishtrade.co\/product\/mens-leather-tassel-loafers-2\/"},"modified":"2026-04-09T19:34:07","modified_gmt":"2026-04-09T19:34:07","slug":"mens-leather-tassel-loafers-2","status":"publish","type":"product","link":"https:\/\/turkishtrade.co\/es\/shop\/mens-leather-tassel-loafers-2\/","title":{"rendered":"Mocasines de piel con borlas para hombre hechos a mano de primera calidad"},"content":{"rendered":"<p><strong>Mocasines de piel con borlas para hombre<\/strong><\/p>\n<p>Eleve su colecci\u00f3n de calzado con nuestra exquisita colecci\u00f3n de <strong>Mocasines de piel con borlas para hombre<\/strong>, dise\u00f1ados para el caballero exigente que aprecia tanto el estilo como la comodidad. Estos mocasines son un aut\u00e9ntico testimonio de dise\u00f1o atemporal y artesan\u00eda superior, perfectos para a\u00f1adir un toque de sofisticaci\u00f3n a conjuntos formales e informales. Disponibles en marr\u00f3n intenso y azul marino cl\u00e1sico, estos mocasines hechos a mano son algo m\u00e1s que zapatos: son una inversi\u00f3n en elegancia duradera.<\/p>\n<h3>Artesan\u00eda sin igual y materiales de primera calidad<\/h3>\n<p>Cada par de estos mocasines de primera calidad est\u00e1 meticulosamente elaborado por artesanos expertos, lo que garantiza una calidad y una atenci\u00f3n al detalle excepcionales. El exterior es de lujosa piel de becerro, conocida por su suave textura, durabilidad y capacidad para desarrollar una hermosa p\u00e1tina con el paso del tiempo. Esto hace que nuestros <strong>Mocasines de piel con borlas para hombre<\/strong> no s\u00f3lo elegantes, sino tambi\u00e9n duraderas. Como complemento al robusto exterior, el interior est\u00e1 forrado con piel de cabra incre\u00edblemente suave, que proporciona un entorno transpirable y c\u00f3modo para tus pies durante todo el d\u00eda. Esta combinaci\u00f3n garantiza una sensaci\u00f3n de lujo a cada paso.<\/p>\n<p>La base de este extraordinario calzado es la innovadora suela Microlight. Esta suela ligera pero duradera ofrece una excelente flexibilidad y sujeci\u00f3n, permitiendo un movimiento sin esfuerzo y reduciendo la fatiga. Con una sutil altura de tac\u00f3n de 1 a 3 cm, estos mocasines proporcionan la elevaci\u00f3n justa sin comprometer la comodidad, lo que los hace ideales para un uso prolongado. El elegante detalle de la borla en el empeine a\u00f1ade un toque cl\u00e1sico, encarnando una est\u00e9tica refinada que destaca.<\/p>\n<h3>Versatilidad y disponibilidad<\/h3>\n<p>Tanto si se dirige a una reuni\u00f3n de negocios, a un sofisticado evento nocturno o simplemente a disfrutar de un fin de semana de ocio, estas <strong>Mocasines de piel con borlas para hombre<\/strong> se adaptan a la perfecci\u00f3n a diversas ocasiones. Comb\u00ednalos con trajes de sastrer\u00eda para un look profesional y elegante, o con chinos o pantalones elegantes para un look informal. La versatilidad de estos mocasines los convierte en un complemento esencial del armario de cualquier hombre moderno.<\/p>\n<p>Ofrecemos estos exquisitos mocasines en una amplia gama de tallas, de la 39 a la 45, para garantizar un ajuste perfecto a una gran variedad de clientes. Para los minoristas y las empresas que buscan almacenar calzado masculino de alta calidad, estos mocasines est\u00e1n disponibles con una cantidad m\u00ednima de pedido de solo 8 pares, lo que los convierte en una excelente opci\u00f3n para la venta al por mayor. Con un precio competitivo de USD por par y un plazo de entrega estimado de 12 d\u00edas m\u00e1s gastos de env\u00edo, podr\u00e1 mejorar r\u00e1pida y eficazmente su oferta de productos con un art\u00edculo realmente distinguido.<\/p>\n<p>Invierta hoy mismo en un par de nuestros mocasines de piel con borlas para hombre hechos a mano y experimente la mezcla perfecta de tradici\u00f3n, calidad y estilo contempor\u00e1neo.<\/p>","protected":false},"excerpt":{"rendered":"<ul>\n<li>Fabricado a mano con piel de becerro de primera calidad en el exterior y suave piel de cabra en el interior.<\/li>\n<li>Incorpora una suela Microlight ligera y c\u00f3moda con un tac\u00f3n de 1-3 cm.<\/li>\n<li>Elegante detalle de borlas para un look cl\u00e1sico y refinado.<\/li>\n<li>Disponible en una amplia gama de tallas: 39, 40, 41, 42, 43, 44, 45.<\/li>\n<li>Cantidad m\u00ednima de pedido: 8 pares, ideal para mayoristas y minoristas.<\/li>\n<li>Precio: USD por par.<\/li>\n<\/ul>","protected":false},"featured_media":3660,"template":"","meta":{"_acf_changed":false,"_uag_custom_page_level_css":"","site-sidebar-layout":"default","site-content-layout":"","ast-site-content-layout":"default","site-content-style":"default","site-sidebar-style":"default","ast-global-header-display":"","ast-banner-title-visibility":"","ast-main-header-display":"","ast-hfb-above-header-display":"","ast-hfb-below-header-display":"","ast-hfb-mobile-header-display":"","site-post-title":"","ast-breadcrumbs-content":"","ast-featured-img":"","footer-sml-layout":"","ast-disable-related-posts":"","theme-transparent-header-meta":"default","adv-header-id-meta":"","stick-header-meta":"","header-above-stick-meta":"","header-main-stick-meta":"","header-below-stick-meta":"","astra-migrate-meta-layouts":"set","ast-page-background-enabled":"default","ast-page-background-meta":{"desktop":{"background-color":"var(--ast-global-color-4)","background-image":"","background-repeat":"repeat","background-position":"center center","background-size":"auto","background-attachment":"scroll","background-type":"","background-media":"","overlay-type":"","overlay-color":"","overlay-opacity":"","overlay-gradient":""},"tablet":{"background-color":"","background-image":"","background-repeat":"repeat","background-position":"center center","background-size":"auto","background-attachment":"scroll","background-type":"","background-media":"","overlay-type":"","overlay-color":"","overlay-opacity":"","overlay-gradient":""},"mobile":{"background-color":"","background-image":"","background-repeat":"repeat","background-position":"center center","background-size":"auto","background-attachment":"scroll","background-type":"","background-media":"","overlay-type":"","overlay-color":"","overlay-opacity":"","overlay-gradient":""}},"ast-content-background-meta":{"desktop":{"background-color":"var(--ast-global-color-5)","background-image":"","background-repeat":"repeat","background-position":"center center","background-size":"auto","background-attachment":"scroll","background-type":"","background-media":"","overlay-type":"","overlay-color":"","overlay-opacity":"","overlay-gradient":""},"tablet":{"background-color":"var(--ast-global-color-5)","background-image":"","background-repeat":"repeat","background-position":"center center","background-size":"auto","background-attachment":"scroll","background-type":"","background-media":"","overlay-type":"","overlay-color":"","overlay-opacity":"","overlay-gradient":""},"mobile":{"background-color":"var(--ast-global-color-5)","background-image":"","background-repeat":"repeat","background-position":"center center","background-size":"auto","background-attachment":"scroll","background-type":"","background-media":"","overlay-type":"","overlay-color":"","overlay-opacity":"","overlay-gradient":""}}},"product_brand":[],"product_cat":[48,47,49,430,40],"product_tag":[635,147,202,449,284,251,437,450,227,148,217,466,349],"class_list":{"0":"post-5442","1":"product","2":"type-product","3":"status-publish","4":"has-post-thumbnail","6":"product_cat-casual","7":"product_cat-classic","8":"product_cat-loafer","9":"product_cat-men","10":"product_cat-mens-shoes","11":"product_tag-blue-loafers","12":"product_tag-brown-loafers","13":"product_tag-calf-leather","14":"product_tag-casual-shoes","15":"product_tag-dress-shoes","16":"product_tag-formal-shoes","17":"product_tag-goat-leather","18":"product_tag-handcrafted-shoes","19":"product_tag-leather-shoes","20":"product_tag-loafers","21":"product_tag-luxury-footwear","22":"product_tag-microlight-sole","23":"product_tag-tassel-loafers","24":"desktop-align-center","25":"tablet-align-center","26":"mobile-align-center","28":"first","29":"instock","30":"shipping-taxable","31":"purchasable","32":"product-type-variable","33":"has-default-attributes"},"acf":[],"uagb_featured_image_src":{"full":["https:\/\/turkishtrade.co\/wp-content\/uploads\/2026\/01\/2400EJOMN00084-DARK-BLUE-K_0069.png",453,250,false],"thumbnail":["https:\/\/turkishtrade.co\/wp-content\/uploads\/2026\/01\/2400EJOMN00084-DARK-BLUE-K_0069-150x150.png",150,150,true],"medium":["https:\/\/turkishtrade.co\/wp-content\/uploads\/2026\/01\/2400EJOMN00084-DARK-BLUE-K_0069-300x166.png",300,166,true],"medium_large":["https:\/\/turkishtrade.co\/wp-content\/uploads\/2026\/01\/2400EJOMN00084-DARK-BLUE-K_0069.png",453,250,false],"large":["https:\/\/turkishtrade.co\/wp-content\/uploads\/2026\/01\/2400EJOMN00084-DARK-BLUE-K_0069.png",453,250,false],"1536x1536":["https:\/\/turkishtrade.co\/wp-content\/uploads\/2026\/01\/2400EJOMN00084-DARK-BLUE-K_0069.png",453,250,false],"2048x2048":["https:\/\/turkishtrade.co\/wp-content\/uploads\/2026\/01\/2400EJOMN00084-DARK-BLUE-K_0069.png",453,250,false],"trp-custom-language-flag":["https:\/\/turkishtrade.co\/wp-content\/uploads\/2026\/01\/2400EJOMN00084-DARK-BLUE-K_0069-18x10.png",18,10,true],"woocommerce_thumbnail":["https:\/\/turkishtrade.co\/wp-content\/uploads\/2026\/01\/2400EJOMN00084-DARK-BLUE-K_0069-400x250.png",400,250,true],"woocommerce_single":["https:\/\/turkishtrade.co\/wp-content\/uploads\/2026\/01\/2400EJOMN00084-DARK-BLUE-K_0069.png",453,250,false],"woocommerce_gallery_thumbnail":["https:\/\/turkishtrade.co\/wp-content\/uploads\/2026\/01\/2400EJOMN00084-DARK-BLUE-K_0069-100x100.png",100,100,true]},"uagb_author_info":{"display_name":"yaser olabi","author_link":"https:\/\/turkishtrade.co\/es\/author\/"},"uagb_comment_info":0,"uagb_excerpt":"Handcrafted from premium Calf Leather exterior and soft Goat Leather interior. Features a lightweight and comfortable Microlight sole with a 1-3 cm heel. Elegant tassel detailing for a classic and refined look. Available in a wide range of sizes: 39, 40, 41, 42, 43, 44, 45. Minimum order quantity: 8 pairs, ideal for wholesale and&hellip;","_links":{"self":[{"href":"https:\/\/turkishtrade.co\/es\/wp-json\/wp\/v2\/product\/5442","targetHints":{"allow":["GET"]}}],"collection":[{"href":"https:\/\/turkishtrade.co\/es\/wp-json\/wp\/v2\/product"}],"about":[{"href":"https:\/\/turkishtrade.co\/es\/wp-json\/wp\/v2\/types\/product"}],"wp:featuredmedia":[{"embeddable":true,"href":"https:\/\/turkishtrade.co\/es\/wp-json\/wp\/v2\/media\/3660"}],"wp:attachment":[{"href":"https:\/\/turkishtrade.co\/es\/wp-json\/wp\/v2\/media?parent=5442"}],"wp:term":[{"taxonomy":"product_brand","embeddable":true,"href":"https:\/\/turkishtrade.co\/es\/wp-json\/wp\/v2\/product_brand?post=5442"},{"taxonomy":"product_cat","embeddable":true,"href":"https:\/\/turkishtrade.co\/es\/wp-json\/wp\/v2\/product_cat?post=5442"},{"taxonomy":"product_tag","embeddable":true,"href":"https:\/\/turkishtrade.co\/es\/wp-json\/wp\/v2\/product_tag?post=5442"}],"curies":[{"name":"wp","href":"https:\/\/api.w.org\/{rel}","templated":true}]}}