{"id":5436,"date":"2026-01-14T11:58:32","date_gmt":"2026-01-14T11:58:32","guid":{"rendered":"https:\/\/turkishtrade.co\/product\/mens-black-leather-loafers-4\/"},"modified":"2026-04-09T19:34:15","modified_gmt":"2026-04-09T19:34:15","slug":"mens-black-leather-loafers-4","status":"publish","type":"product","link":"https:\/\/turkishtrade.co\/es\/shop\/mens-black-leather-loafers-4\/","title":{"rendered":"Mocasines de piel de becerro negra de primera calidad con puntera met\u00e1lica"},"content":{"rendered":"<p><strong>mocasines de cuero negro para hombre<\/strong><\/p>\n<p>Eleve su colecci\u00f3n de calzado con nuestros exquisitos <strong>mocasines de cuero negro para hombre<\/strong>, un b\u00e1sico atemporal para el caballero moderno. Dise\u00f1ados para ofrecer sofisticaci\u00f3n y una comodidad inigualable, estos zapatos de primera calidad <strong>mocasines de cuero negro para hombre<\/strong> son el ep\u00edtome del estilo, adecuados para un sinf\u00edn de ocasiones, desde reuniones de negocios hasta elegantes eventos nocturnos. Cada par se elabora meticulosamente para garantizar tanto su atractivo est\u00e9tico como su durabilidad, lo que los convierte en un complemento esencial para cualquier armario exigente. Experimente la diferencia que marca la verdadera artesan\u00eda con estas excepcionales gafas de sol. <strong>mocasines de cuero negro para hombre<\/strong>.<\/p>\n<h3>Artesan\u00eda inigualable y materiales de primera calidad<\/h3>\n<p>Nuestros mocasines de hombre de piel negra presentan una construcci\u00f3n superior con un exterior de aut\u00e9ntica piel de becerro para un aspecto pulido, una excelente resistencia y un ajuste c\u00f3modo que se amolda a tu pie. El suave forro de piel de cabra garantiza transpirabilidad y comodidad, mientras que la ligera suela Microlight y el sutil tac\u00f3n de 1 a 3 cm proporcionan apoyo y estabilidad sin sacrificar el estilo. Esta combinaci\u00f3n de materiales de primera calidad resalta la calidad y la atenci\u00f3n al detalle en cada par.<\/p>\n<h3>Dise\u00f1o sofisticado y versatilidad<\/h3>\n<p>Estos mocasines de piel negra para hombre son una declaraci\u00f3n de gusto refinado y elegancia contempor\u00e1nea, con un llamativo acabado en negro y un detalle met\u00e1lico que les confiere una sofisticaci\u00f3n moderna. La combinaci\u00f3n de charol brillante y un sutil panel de ante crea un inter\u00e9s visual que los hace lo suficientemente vers\u00e1tiles como para pasar de conjuntos formales a looks elegantes e informales. Disponibles en las tallas 39 a 45, encontrar el ajuste perfecto es f\u00e1cil.<\/p>\n<p>&nbsp;<\/p>\n<h3>Oportunidad al por mayor y servicio fiable<\/h3>\n<p>Para los minoristas y las empresas que desean ofrecer calzado de primera calidad, nuestros excepcionales <strong>mocasines de cuero negro para hombre<\/strong> est\u00e1n disponibles para su compra al por mayor. Mantenemos una conveniente cantidad m\u00ednima de pedido de s\u00f3lo 8 pares, lo que le permite abastecerse de manera eficiente en estos en la demanda <strong>mocasines de cuero negro para hombre<\/strong>. Nuestra eficiente producci\u00f3n y log\u00edstica garantizan un r\u00e1pido plazo de entrega de 12 d\u00edas m\u00e1s el env\u00edo est\u00e1ndar. A un precio al por mayor muy competitivo de s\u00f3lo USD por par, puede ofrecer a sus clientes con calidad de lujo <strong>mocasines de cuero negro para hombre<\/strong> sin la etiqueta de precio premium. Invierta en estos extraordinarios mocasines y ofrezca a su clientela un producto que combina a la perfecci\u00f3n estilo cl\u00e1sico, comodidad superior y calidad duradera.<\/p>","protected":false},"excerpt":{"rendered":"<ul>\n<li>Confeccionados en lujosa piel de ternero en el exterior y suave piel de cabra en el interior para el m\u00e1ximo confort.<\/li>\n<li>Incorpora una duradera suela Microlight y un c\u00f3modo tac\u00f3n de 1-3 cm para una sutil elevaci\u00f3n.<\/li>\n<li>Dise\u00f1o sofisticado con un distintivo detalle met\u00e1lico y una mezcla de texturas brillantes y mates.<\/li>\n<li>Disponible en una amplia gama de tallas: 39, 40, 41, 42, 43, 44, 45.<\/li>\n<li>Se aceptan pedidos al por mayor: Pedido m\u00ednimo de 8 pares.<\/li>\n<li>Entrega estimada: 12 d\u00edas m\u00e1s el tiempo de env\u00edo est\u00e1ndar.<\/li>\n<li>Precio al por mayor: USD por par (para estilos que no sean botas).<\/li>\n<\/ul>","protected":false},"featured_media":3656,"template":"","meta":{"_acf_changed":false,"_uag_custom_page_level_css":"","site-sidebar-layout":"default","site-content-layout":"","ast-site-content-layout":"default","site-content-style":"default","site-sidebar-style":"default","ast-global-header-display":"","ast-banner-title-visibility":"","ast-main-header-display":"","ast-hfb-above-header-display":"","ast-hfb-below-header-display":"","ast-hfb-mobile-header-display":"","site-post-title":"","ast-breadcrumbs-content":"","ast-featured-img":"","footer-sml-layout":"","ast-disable-related-posts":"","theme-transparent-header-meta":"default","adv-header-id-meta":"","stick-header-meta":"","header-above-stick-meta":"","header-main-stick-meta":"","header-below-stick-meta":"","astra-migrate-meta-layouts":"set","ast-page-background-enabled":"default","ast-page-background-meta":{"desktop":{"background-color":"var(--ast-global-color-4)","background-image":"","background-repeat":"repeat","background-position":"center center","background-size":"auto","background-attachment":"scroll","background-type":"","background-media":"","overlay-type":"","overlay-color":"","overlay-opacity":"","overlay-gradient":""},"tablet":{"background-color":"","background-image":"","background-repeat":"repeat","background-position":"center center","background-size":"auto","background-attachment":"scroll","background-type":"","background-media":"","overlay-type":"","overlay-color":"","overlay-opacity":"","overlay-gradient":""},"mobile":{"background-color":"","background-image":"","background-repeat":"repeat","background-position":"center center","background-size":"auto","background-attachment":"scroll","background-type":"","background-media":"","overlay-type":"","overlay-color":"","overlay-opacity":"","overlay-gradient":""}},"ast-content-background-meta":{"desktop":{"background-color":"var(--ast-global-color-5)","background-image":"","background-repeat":"repeat","background-position":"center center","background-size":"auto","background-attachment":"scroll","background-type":"","background-media":"","overlay-type":"","overlay-color":"","overlay-opacity":"","overlay-gradient":""},"tablet":{"background-color":"var(--ast-global-color-5)","background-image":"","background-repeat":"repeat","background-position":"center center","background-size":"auto","background-attachment":"scroll","background-type":"","background-media":"","overlay-type":"","overlay-color":"","overlay-opacity":"","overlay-gradient":""},"mobile":{"background-color":"var(--ast-global-color-5)","background-image":"","background-repeat":"repeat","background-position":"center center","background-size":"auto","background-attachment":"scroll","background-type":"","background-media":"","overlay-type":"","overlay-color":"","overlay-opacity":"","overlay-gradient":""}}},"product_brand":[],"product_cat":[48,47,49,430,40],"product_tag":[196,555,284,352,189,416,198,186,926,466,362,709,280,281],"class_list":{"0":"post-5436","1":"product","2":"type-product","3":"status-publish","4":"has-post-thumbnail","6":"product_cat-casual","7":"product_cat-classic","8":"product_cat-loafer","9":"product_cat-men","10":"product_cat-mens-shoes","11":"product_tag-black-leather-shoes","12":"product_tag-calfskin-loafers","13":"product_tag-dress-shoes","14":"product_tag-formal-loafers","15":"product_tag-goat-leather-lining","16":"product_tag-luxury-shoes","17":"product_tag-mens-fashion","18":"product_tag-mens-loafers","19":"product_tag-metal-bit-loafers","20":"product_tag-microlight-sole","21":"product_tag-premium-footwear","22":"product_tag-quality-footwear","23":"product_tag-smart-casual-shoes","24":"product_tag-wholesale-shoes","25":"desktop-align-center","26":"tablet-align-center","27":"mobile-align-center","29":"first","30":"instock","31":"shipping-taxable","32":"purchasable","33":"product-type-variable","34":"has-default-attributes"},"acf":[],"uagb_featured_image_src":{"full":["https:\/\/turkishtrade.co\/wp-content\/uploads\/2026\/01\/2400EJOMN00019-BLACK-SL_05.png",453,250,false],"thumbnail":["https:\/\/turkishtrade.co\/wp-content\/uploads\/2026\/01\/2400EJOMN00019-BLACK-SL_05-150x150.png",150,150,true],"medium":["https:\/\/turkishtrade.co\/wp-content\/uploads\/2026\/01\/2400EJOMN00019-BLACK-SL_05-300x166.png",300,166,true],"medium_large":["https:\/\/turkishtrade.co\/wp-content\/uploads\/2026\/01\/2400EJOMN00019-BLACK-SL_05.png",453,250,false],"large":["https:\/\/turkishtrade.co\/wp-content\/uploads\/2026\/01\/2400EJOMN00019-BLACK-SL_05.png",453,250,false],"1536x1536":["https:\/\/turkishtrade.co\/wp-content\/uploads\/2026\/01\/2400EJOMN00019-BLACK-SL_05.png",453,250,false],"2048x2048":["https:\/\/turkishtrade.co\/wp-content\/uploads\/2026\/01\/2400EJOMN00019-BLACK-SL_05.png",453,250,false],"trp-custom-language-flag":["https:\/\/turkishtrade.co\/wp-content\/uploads\/2026\/01\/2400EJOMN00019-BLACK-SL_05-18x10.png",18,10,true],"woocommerce_thumbnail":["https:\/\/turkishtrade.co\/wp-content\/uploads\/2026\/01\/2400EJOMN00019-BLACK-SL_05-400x250.png",400,250,true],"woocommerce_single":["https:\/\/turkishtrade.co\/wp-content\/uploads\/2026\/01\/2400EJOMN00019-BLACK-SL_05.png",453,250,false],"woocommerce_gallery_thumbnail":["https:\/\/turkishtrade.co\/wp-content\/uploads\/2026\/01\/2400EJOMN00019-BLACK-SL_05-100x100.png",100,100,true]},"uagb_author_info":{"display_name":"yaser olabi","author_link":"https:\/\/turkishtrade.co\/es\/author\/"},"uagb_comment_info":0,"uagb_excerpt":"Crafted from luxurious calf leather exterior and soft goat leather interior for ultimate comfort. Features a durable Microlight sole and a comfortable 1-3 cm heel for subtle elevation. Sophisticated design with a distinctive metal bit accent and a blend of glossy and matte textures. Available in a wide range of sizes: 39, 40, 41, 42,&hellip;","_links":{"self":[{"href":"https:\/\/turkishtrade.co\/es\/wp-json\/wp\/v2\/product\/5436","targetHints":{"allow":["GET"]}}],"collection":[{"href":"https:\/\/turkishtrade.co\/es\/wp-json\/wp\/v2\/product"}],"about":[{"href":"https:\/\/turkishtrade.co\/es\/wp-json\/wp\/v2\/types\/product"}],"wp:featuredmedia":[{"embeddable":true,"href":"https:\/\/turkishtrade.co\/es\/wp-json\/wp\/v2\/media\/3656"}],"wp:attachment":[{"href":"https:\/\/turkishtrade.co\/es\/wp-json\/wp\/v2\/media?parent=5436"}],"wp:term":[{"taxonomy":"product_brand","embeddable":true,"href":"https:\/\/turkishtrade.co\/es\/wp-json\/wp\/v2\/product_brand?post=5436"},{"taxonomy":"product_cat","embeddable":true,"href":"https:\/\/turkishtrade.co\/es\/wp-json\/wp\/v2\/product_cat?post=5436"},{"taxonomy":"product_tag","embeddable":true,"href":"https:\/\/turkishtrade.co\/es\/wp-json\/wp\/v2\/product_tag?post=5436"}],"curies":[{"name":"wp","href":"https:\/\/api.w.org\/{rel}","templated":true}]}}